{"id":10316,"date":"2021-08-31T14:09:29","date_gmt":"2021-08-31T12:09:29","guid":{"rendered":"https:\/\/conias.com\/?page_id=10316"},"modified":"2024-12-06T13:14:32","modified_gmt":"2024-12-06T12:14:32","slug":"conias-academy","status":"publish","type":"page","link":"https:\/\/conias.com\/en\/conias-academy\/","title":{"rendered":"CONIAS Academy"},"content":{"rendered":"<div id=\"pl-10316\"  class=\"panel-layout\" ><div id=\"pg-10316-0\"  class=\"panel-grid panel-no-style\" ><div id=\"pgc-10316-0-0\"  class=\"panel-grid-cell\" ><div id=\"panel-10316-0-0-0\" class=\"so-panel widget widget_sow-editor panel-first-child panel-last-child\" data-index=\"0\" ><div\n\t\t\t\n\t\t\tclass=\"so-widget-sow-editor so-widget-sow-editor-base\"\n\t\t\t\n\t\t>\n<div class=\"siteorigin-widget-tinymce textwidget\">\n\t<p>Our MBI CONIAS Academy qualifies risk analysts and managers to deal with political risks. Participants learn to identify and assess risks and to develop appropriate countermeasures in order to reduce or completely avoid risks. After completing our seminar, participants will be able to use their specific knowledge to create transparency for their company and mitigate risks along the entire supply chain.<\/p>\n<\/div>\n<\/div><\/div><\/div><div id=\"pgc-10316-0-1\"  class=\"panel-grid-cell\" ><div id=\"panel-10316-0-1-0\" class=\"so-panel widget widget_sow-image panel-first-child panel-last-child\" data-index=\"1\" ><div\n\t\t\t\n\t\t\tclass=\"so-widget-sow-image so-widget-sow-image-default-8b5b6f678277-10316\"\n\t\t\t\n\t\t>\n<div class=\"sow-image-container\">\n\t\t<img \n\tsrc=\"https:\/\/conias.com\/wp-content\/uploads\/2021\/08\/CONIAS-Academy-Logo.png\" width=\"1800\" height=\"540\" srcset=\"https:\/\/conias.com\/wp-content\/uploads\/2021\/08\/CONIAS-Academy-Logo.png 1800w, https:\/\/conias.com\/wp-content\/uploads\/2021\/08\/CONIAS-Academy-Logo-250x75.png 250w, https:\/\/conias.com\/wp-content\/uploads\/2021\/08\/CONIAS-Academy-Logo-700x210.png 700w, https:\/\/conias.com\/wp-content\/uploads\/2021\/08\/CONIAS-Academy-Logo-768x230.png 768w, https:\/\/conias.com\/wp-content\/uploads\/2021\/08\/CONIAS-Academy-Logo-1536x461.png 1536w, https:\/\/conias.com\/wp-content\/uploads\/2021\/08\/CONIAS-Academy-Logo-120x36.png 120w\" sizes=\"(max-width: 1800px) 100vw, 1800px\" title=\"CONIAS Academy Logo\" alt=\"\" \t\tclass=\"so-widget-image\"\/>\n\t<\/div>\n\n<\/div><\/div><\/div><\/div><div id=\"pg-10316-1\"  class=\"panel-grid panel-no-style\" ><div id=\"pgc-10316-1-0\"  class=\"panel-grid-cell\" ><div id=\"panel-10316-1-0-0\" class=\"so-panel widget widget_sow-editor panel-first-child panel-last-child\" data-index=\"2\" ><div\n\t\t\t\n\t\t\tclass=\"so-widget-sow-editor so-widget-sow-editor-base\"\n\t\t\t\n\t\t>\n<div class=\"siteorigin-widget-tinymce textwidget\">\n\t<p>The MBI CONIAS Academy is located in the heart of Heidelberg. The seminars are currently only available in German language. The skill set is taught in 3 modules that build on each other. After each module, participants receive a certificate of completion.<\/p>\n<\/div>\n<\/div><\/div><\/div><div id=\"pgc-10316-1-1\"  class=\"panel-grid-cell\" ><div id=\"panel-10316-1-1-0\" class=\"so-panel widget widget_sow-image panel-first-child panel-last-child\" data-index=\"3\" ><div\n\t\t\t\n\t\t\tclass=\"so-widget-sow-image so-widget-sow-image-default-8b5b6f678277-10316\"\n\t\t\t\n\t\t>\n<div class=\"sow-image-container\">\n\t\t<img \n\tsrc=\"https:\/\/conias.com\/wp-content\/uploads\/2022\/11\/Moduluebersicht-Englisch.png\" width=\"3508\" height=\"2480\" srcset=\"https:\/\/conias.com\/wp-content\/uploads\/2022\/11\/Moduluebersicht-Englisch.png 3508w, https:\/\/conias.com\/wp-content\/uploads\/2022\/11\/Moduluebersicht-Englisch-250x177.png 250w, https:\/\/conias.com\/wp-content\/uploads\/2022\/11\/Moduluebersicht-Englisch-700x495.png 700w, https:\/\/conias.com\/wp-content\/uploads\/2022\/11\/Moduluebersicht-Englisch-768x543.png 768w, https:\/\/conias.com\/wp-content\/uploads\/2022\/11\/Moduluebersicht-Englisch-1536x1086.png 1536w, https:\/\/conias.com\/wp-content\/uploads\/2022\/11\/Moduluebersicht-Englisch-2048x1448.png 2048w, https:\/\/conias.com\/wp-content\/uploads\/2022\/11\/Moduluebersicht-Englisch-120x85.png 120w\" sizes=\"(max-width: 3508px) 100vw, 3508px\" title=\"Modul\u00fcbersicht Englisch\" alt=\"\" \t\tclass=\"so-widget-image\"\/>\n\t<\/div>\n\n<\/div><\/div><\/div><\/div><div id=\"pg-10316-2\"  class=\"panel-grid panel-no-style\" ><div id=\"pgc-10316-2-0\"  class=\"panel-grid-cell\" ><div id=\"panel-10316-2-0-0\" class=\"so-panel widget widget_sow-editor panel-first-child\" data-index=\"4\" ><div class=\"panel-widget-style panel-widget-style-for-10316-2-0-0\" ><div\n\t\t\t\n\t\t\tclass=\"so-widget-sow-editor so-widget-sow-editor-base\"\n\t\t\t\n\t\t>\n<div class=\"siteorigin-widget-tinymce textwidget\">\n\t<h3 style=\"text-align: left;\"><em><b>Module I<br \/>\n<\/b><\/em><\/h3>\n<\/div>\n<\/div><\/div><\/div><div id=\"panel-10316-2-0-1\" class=\"so-panel widget widget_sow-editor panel-last-child\" data-index=\"5\" ><div class=\"panel-widget-style panel-widget-style-for-10316-2-0-1\" ><div\n\t\t\t\n\t\t\tclass=\"so-widget-sow-editor so-widget-sow-editor-base\"\n\t\t\t\n\t\t>\n<div class=\"siteorigin-widget-tinymce textwidget\">\n\t<div class=\"wp-block-ugb-heading ugb-heading ugb-ff3bffa ugb-main-block\">\n<div class=\"ugb-inner-block\">\n<div class=\"ugb-block-content\">\n<h3 class=\"ugb-heading__title\">Course Content:<\/h3>\n<ul>\n<li>How is political risk defined and why is the successful management of political risk becoming increasingly relevant? Introduction to holistic risk management.<\/li>\n<li>How can political risks be identified, assessed and managed? Learn different approaches that will enable you to be a Political Risk Analyst for your company.<\/li>\n<li>What are the concrete implications of political risks? Learn to assess the scope and likelihood of occurrence in a business, political, and social context.<\/li>\n<li>Which compliance fields deal with political risk? We will show you key implications and requirements of the new Supply Chain Act for your company.<\/li>\n<\/ul>\n<\/div>\n<\/div>\n<\/div>\n<p style=\"text-align: left;\"><a href=\"https:\/\/service-mbi-geodata.com\/s\/sZw5NozsAq25xWr\" target=\"_blank\" rel=\"noopener\"><b>One-Pager Module I (German)<\/b><\/a><\/p>\n<\/div>\n<\/div><\/div><\/div><\/div><\/div><div id=\"pg-10316-3\"  class=\"panel-grid panel-no-style\" ><div id=\"pgc-10316-3-0\"  class=\"panel-grid-cell\" ><div id=\"panel-10316-3-0-0\" class=\"so-panel widget widget_sow-editor panel-first-child\" data-index=\"6\" ><div class=\"panel-widget-style panel-widget-style-for-10316-3-0-0\" ><div\n\t\t\t\n\t\t\tclass=\"so-widget-sow-editor so-widget-sow-editor-base\"\n\t\t\t\n\t\t>\n<div class=\"siteorigin-widget-tinymce textwidget\">\n\t<h3 style=\"text-align: left;\"><em><b>Module II<br \/>\n<\/b><\/em><\/h3>\n<\/div>\n<\/div><\/div><\/div><div id=\"panel-10316-3-0-1\" class=\"so-panel widget widget_sow-editor panel-last-child\" data-index=\"7\" ><div class=\"panel-widget-style panel-widget-style-for-10316-3-0-1\" ><div\n\t\t\t\n\t\t\tclass=\"so-widget-sow-editor so-widget-sow-editor-base\"\n\t\t\t\n\t\t>\n<div class=\"siteorigin-widget-tinymce textwidget\">\n\t<div class=\"wp-block-ugb-heading ugb-heading ugb-ff3bffa ugb-main-block\">\n<div class=\"ugb-inner-block\">\n<div class=\"ugb-block-content\">\n<div class=\"ugb-inner-block\">\n<div class=\"ugb-block-content\">\n<h3 class=\"ugb-heading__title\">Course Content:<\/h3>\n<p>The world of political conflicts is complex and constantly changing. In view of the diversity of risks and associated issues, Module II is offered with different focus topics. Building on the basis of the introductory seminar Module I, you will be provided with specialized knowledge within the respective focal topics. The following focal topics can be selected:<\/p>\n<ul>\n<li><strong>Supply Chain Law:<\/strong> The German and European Supply Chain Act as a risk to corporate reputation (together with Funk Risk Consulting)<\/li>\n<li><strong>Intrastate conflicts: <\/strong>terrorism, kidnappings, roadblocks and other effects of diminishing state power \u2013 the risk of intrastate conflicts<\/li>\n<li><strong>Interstate conflicts:<\/strong> threats, trade barriers and sanctions \u2013 the economic impact of interstate conflicts<\/li>\n<li><strong>Country\/regional focus: <\/strong>China as a system competitor? Will the great Asian power become the winner of the Ukraine war and thus the largest economic power?<\/li>\n<\/ul>\n<\/div>\n<\/div>\n<\/div>\n<\/div>\n<\/div>\n<p style=\"text-align: left;\"><a href=\"https:\/\/service-mbi-geodata.com\/s\/pNCsW466aEJKwRf\" target=\"_blank\" rel=\"noopener\"><b>One-Pager Module II (German)<\/b><\/a><\/p>\n<\/div>\n<\/div><\/div><\/div><\/div><\/div><div id=\"pg-10316-4\"  class=\"panel-grid panel-no-style\" ><div id=\"pgc-10316-4-0\"  class=\"panel-grid-cell\" ><div id=\"panel-10316-4-0-0\" class=\"so-panel widget widget_sow-editor panel-first-child\" data-index=\"8\" ><div class=\"panel-widget-style panel-widget-style-for-10316-4-0-0\" ><div\n\t\t\t\n\t\t\tclass=\"so-widget-sow-editor so-widget-sow-editor-base\"\n\t\t\t\n\t\t>\n<div class=\"siteorigin-widget-tinymce textwidget\">\n\t<h3 style=\"text-align: left;\"><em><b>Module III<br \/>\n<\/b><\/em><\/h3>\n<\/div>\n<\/div><\/div><\/div><div id=\"panel-10316-4-0-1\" class=\"so-panel widget widget_sow-editor panel-last-child\" data-index=\"9\" ><div class=\"panel-widget-style panel-widget-style-for-10316-4-0-1\" ><div\n\t\t\t\n\t\t\tclass=\"so-widget-sow-editor so-widget-sow-editor-base\"\n\t\t\t\n\t\t>\n<div class=\"siteorigin-widget-tinymce textwidget\">\n\t<div class=\"wp-block-ugb-heading ugb-heading ugb-d6bb659 ugb-main-block\">\n<div class=\"ugb-inner-block\">\n<div class=\"ugb-block-content\">\n<h3 class=\"ugb-heading__title\">Course Content:<\/h3>\n<ul>\n<li>You analyze a current political risk together with our respective country experts.<\/li>\n<li>We teach you about new or improved indices for the analysis of political risks.<\/li>\n<li>You will learn to apply tools and methods from Modules I to II to a current case.<\/li>\n<li>Best Practice: Join established political risk analysts from academia, research as well as corporate risk consulting in discussion and exchange and build your network.<\/li>\n<li>One-day event with evening get-together for networking across module years<\/li>\n<\/ul>\n<\/div>\n<\/div>\n<\/div>\n<p style=\"text-align: left;\"><a href=\"https:\/\/service-mbi-geodata.com\/s\/kWizt3o9Fw7ZyJ9\" target=\"_blank\" rel=\"noopener\"><b>One-Pager Modul III (German)<\/b><\/a><\/p>\n<\/div>\n<\/div><\/div><\/div><\/div><\/div><div id=\"pg-10316-5\"  class=\"panel-grid panel-no-style\" ><div id=\"pgc-10316-5-0\"  class=\"panel-grid-cell\" ><div id=\"panel-10316-5-0-0\" class=\"so-panel widget widget_sow-editor panel-first-child panel-last-child\" data-index=\"10\" ><div\n\t\t\t\n\t\t\tclass=\"so-widget-sow-editor so-widget-sow-editor-base\"\n\t\t\t\n\t\t>\n<div class=\"siteorigin-widget-tinymce textwidget\">\n\t<p>You can find more information <a href=\"https:\/\/www.mbi-geodata.com\/en\/political-risk-index\/conias-academy\/\" target=\"_blank\" rel=\"noopener\"><b>here<\/b><\/a> or download the <a href=\"https:\/\/service-mbi-geodata.com\/s\/QCZgFeQpJLEAgBe\" target=\"_blank\" rel=\"noopener\"><b>Module overview<\/b><\/a>.<\/p>\n<p>&nbsp;<\/p>\n<\/div>\n<\/div><\/div><\/div><\/div><div id=\"pg-10316-6\"  class=\"panel-grid panel-no-style\" ><div id=\"pgc-10316-6-0\"  class=\"panel-grid-cell\" ><div id=\"panel-10316-6-0-0\" class=\"so-panel widget widget_sow-editor panel-first-child\" data-index=\"11\" ><div class=\"panel-widget-style panel-widget-style-for-10316-6-0-0\" ><div\n\t\t\t\n\t\t\tclass=\"so-widget-sow-editor so-widget-sow-editor-base\"\n\t\t\t\n\t\t>\n<div class=\"siteorigin-widget-tinymce textwidget\">\n\t<h3 style=\"text-align: left;\"><em><b>Registration<\/b><\/em><\/h3>\n<\/div>\n<\/div><\/div><\/div><div id=\"panel-10316-6-0-1\" class=\"so-panel widget widget_sow-editor panel-last-child\" data-index=\"12\" ><div class=\"panel-widget-style panel-widget-style-for-10316-6-0-1\" ><div\n\t\t\t\n\t\t\tclass=\"so-widget-sow-editor so-widget-sow-editor-base\"\n\t\t\t\n\t\t>\n<div class=\"siteorigin-widget-tinymce textwidget\">\n\t<div class=\"wp-block-ugb-heading ugb-heading ugb-d6bb659 ugb-main-block\">\n<div class=\"ugb-inner-block\">\n<div class=\"ugb-block-content\">\n<p>Here you can register for our MBI CONIAS Academy:<\/p>\n<\/div>\n<\/div>\n<\/div>\n<p style=\"text-align: left;\"><a href=\"https:\/\/www.mbi-geodata.com\/en\/political-risk-index\/conias-academy\/#registration-form\" target=\"_blank\" rel=\"noopener\"><b>Go to Registration<\/b><\/a><\/p>\n<\/div>\n<\/div><\/div><\/div><\/div><\/div><div id=\"pg-10316-7\"  class=\"panel-grid panel-no-style\" ><div id=\"pgc-10316-7-0\"  class=\"panel-grid-cell\" ><div id=\"panel-10316-7-0-0\" class=\"so-panel widget widget_media_video panel-first-child panel-last-child\" data-index=\"13\" ><h3 class=\"widget-title\"><\/h3> <div class=\"brlbs-cmpnt-container brlbs-cmpnt-content-blocker brlbs-cmpnt-with-individual-styles\" data-borlabs-cookie-content-blocker-id=\"default\" data-borlabs-cookie-content=\"PGlmcmFtZSB0aXRsZT0iRWFybHkgRGV0ZWN0aW9uIG9mIFBvbGl0aWNhbCBSaXNrOiBVbmRlcnN0YW5kaW5nIHRoZSBEeW5hbWljcyIgd2lkdGg9IjkwMCIgaGVpZ2h0PSI1MDYiIHNyYz0iaHR0cHM6Ly93d3cueW91dHViZS5jb20vZW1iZWQvel9IVkl5RDJ0NXc\/ZmVhdHVyZT1vZW1iZWQiIGZyYW1lYm9yZGVyPSIwIiBhbGxvdz0iYWNjZWxlcm9tZXRlcjsgYXV0b3BsYXk7IGNsaXBib2FyZC13cml0ZTsgZW5jcnlwdGVkLW1lZGlhOyBneXJvc2NvcGU7IHBpY3R1cmUtaW4tcGljdHVyZTsgd2ViLXNoYXJlIiByZWZlcnJlcnBvbGljeT0ic3RyaWN0LW9yaWdpbi13aGVuLWNyb3NzLW9yaWdpbiIgYWxsb3dmdWxsc2NyZWVuPjwvaWZyYW1lPg==\"><div class=\"brlbs-cmpnt-cb-preset-a\"> <p class=\"brlbs-cmpnt-cb-description\">You are currently seeing a placeholder content of <strong>Standard<\/strong>. To access the actual content, click on the button below. Please note that data will be passed on to third-party providers.<\/p> <div class=\"brlbs-cmpnt-cb-buttons\"> <a class=\"brlbs-cmpnt-cb-btn\" href=\"#\" data-borlabs-cookie-unblock role=\"button\">Unlock content<\/a> <a class=\"brlbs-cmpnt-cb-btn\" href=\"#\" data-borlabs-cookie-accept-service role=\"button\" style=\"display: none\">Accept required service and unblock content<\/a> <\/div> <a class=\"brlbs-cmpnt-cb-provider-toggle\" href=\"#\" data-borlabs-cookie-show-provider-information role=\"button\">More information<\/a> <\/div><\/div><\/div><\/div><\/div><\/div>","protected":false},"excerpt":{"rendered":"Our MBI CONIAS Academy qualifies risk analysts and managers to deal with political risks. Participants learn to identify and assess&#8230; <a class=\"view-article text-right\" style=\"font-weight: bold; text-align: right !important;\" href=\"https:\/\/conias.com\/en\/conias-academy\/\">View Article<\/a>","protected":false},"author":15,"featured_media":0,"parent":0,"menu_order":0,"comment_status":"closed","ping_status":"closed","template":"","meta":{"_acf_changed":false,"footnotes":""},"class_list":["post-10316","page","type-page","status-publish","hentry"],"acf":[],"yoast_head":"<!-- This site is optimized with the Yoast SEO plugin v27.3 - https:\/\/yoast.com\/product\/yoast-seo-wordpress\/ -->\n<title>CONIAS Academy<\/title>\n<meta name=\"description\" content=\"Our upcoming CONIAS Academy will qualify risk analysts and managers to deal with the challenges of the new Supply Chain Act.\" \/>\n<meta name=\"robots\" content=\"index, follow, max-snippet:-1, max-image-preview:large, max-video-preview:-1\" \/>\n<link rel=\"canonical\" href=\"https:\/\/conias.com\/en\/conias-academy\/\" \/>\n<meta property=\"og:locale\" content=\"en_US\" \/>\n<meta property=\"og:type\" content=\"article\" \/>\n<meta property=\"og:title\" content=\"CONIAS Academy\" \/>\n<meta property=\"og:description\" content=\"Our upcoming CONIAS Academy will qualify risk analysts and managers to deal with the challenges of the new Supply Chain Act.\" \/>\n<meta property=\"og:url\" content=\"https:\/\/conias.com\/en\/conias-academy\/\" \/>\n<meta property=\"og:site_name\" content=\"CONIAS Risk Intelligence a MBI Product\" \/>\n<meta property=\"article:modified_time\" content=\"2024-12-06T12:14:32+00:00\" \/>\n<meta name=\"twitter:card\" content=\"summary_large_image\" \/>\n<meta name=\"twitter:label1\" content=\"Est. reading time\" \/>\n\t<meta name=\"twitter:data1\" content=\"4 minutes\" \/>\n<script type=\"application\/ld+json\" class=\"yoast-schema-graph\">{\"@context\":\"https:\\\/\\\/schema.org\",\"@graph\":[{\"@type\":\"WebPage\",\"@id\":\"https:\\\/\\\/conias.com\\\/en\\\/conias-academy\\\/\",\"url\":\"https:\\\/\\\/conias.com\\\/en\\\/conias-academy\\\/\",\"name\":\"CONIAS Academy\",\"isPartOf\":{\"@id\":\"https:\\\/\\\/conias.com\\\/en\\\/#website\"},\"datePublished\":\"2021-08-31T12:09:29+00:00\",\"dateModified\":\"2024-12-06T12:14:32+00:00\",\"description\":\"Our upcoming CONIAS Academy will qualify risk analysts and managers to deal with the challenges of the new Supply Chain Act.\",\"breadcrumb\":{\"@id\":\"https:\\\/\\\/conias.com\\\/en\\\/conias-academy\\\/#breadcrumb\"},\"inLanguage\":\"en-US\",\"potentialAction\":[{\"@type\":\"ReadAction\",\"target\":[\"https:\\\/\\\/conias.com\\\/en\\\/conias-academy\\\/\"]}]},{\"@type\":\"BreadcrumbList\",\"@id\":\"https:\\\/\\\/conias.com\\\/en\\\/conias-academy\\\/#breadcrumb\",\"itemListElement\":[{\"@type\":\"ListItem\",\"position\":1,\"name\":\"Home\",\"item\":\"https:\\\/\\\/conias.com\\\/en\\\/\"},{\"@type\":\"ListItem\",\"position\":2,\"name\":\"CONIAS Academy\"}]},{\"@type\":\"WebSite\",\"@id\":\"https:\\\/\\\/conias.com\\\/en\\\/#website\",\"url\":\"https:\\\/\\\/conias.com\\\/en\\\/\",\"name\":\"CONIAS Risk Intelligence a MBI Product\",\"description\":\"Wir unterst\u00fctzen Sie dabei, politische Risiken f\u00fcr Standort-, Logistik- &amp; Investitionssicherheit fr\u00fchzeitig zu erkennen &amp; Anpassungstrategien zu entwickeln.\",\"potentialAction\":[{\"@type\":\"SearchAction\",\"target\":{\"@type\":\"EntryPoint\",\"urlTemplate\":\"https:\\\/\\\/conias.com\\\/en\\\/?s={search_term_string}\"},\"query-input\":{\"@type\":\"PropertyValueSpecification\",\"valueRequired\":true,\"valueName\":\"search_term_string\"}}],\"inLanguage\":\"en-US\"}]}<\/script>\n<!-- \/ Yoast SEO plugin. -->","yoast_head_json":{"title":"CONIAS Academy","description":"Our upcoming CONIAS Academy will qualify risk analysts and managers to deal with the challenges of the new Supply Chain Act.","robots":{"index":"index","follow":"follow","max-snippet":"max-snippet:-1","max-image-preview":"max-image-preview:large","max-video-preview":"max-video-preview:-1"},"canonical":"https:\/\/conias.com\/en\/conias-academy\/","og_locale":"en_US","og_type":"article","og_title":"CONIAS Academy","og_description":"Our upcoming CONIAS Academy will qualify risk analysts and managers to deal with the challenges of the new Supply Chain Act.","og_url":"https:\/\/conias.com\/en\/conias-academy\/","og_site_name":"CONIAS Risk Intelligence a MBI Product","article_modified_time":"2024-12-06T12:14:32+00:00","twitter_card":"summary_large_image","twitter_misc":{"Est. reading time":"4 minutes"},"schema":{"@context":"https:\/\/schema.org","@graph":[{"@type":"WebPage","@id":"https:\/\/conias.com\/en\/conias-academy\/","url":"https:\/\/conias.com\/en\/conias-academy\/","name":"CONIAS Academy","isPartOf":{"@id":"https:\/\/conias.com\/en\/#website"},"datePublished":"2021-08-31T12:09:29+00:00","dateModified":"2024-12-06T12:14:32+00:00","description":"Our upcoming CONIAS Academy will qualify risk analysts and managers to deal with the challenges of the new Supply Chain Act.","breadcrumb":{"@id":"https:\/\/conias.com\/en\/conias-academy\/#breadcrumb"},"inLanguage":"en-US","potentialAction":[{"@type":"ReadAction","target":["https:\/\/conias.com\/en\/conias-academy\/"]}]},{"@type":"BreadcrumbList","@id":"https:\/\/conias.com\/en\/conias-academy\/#breadcrumb","itemListElement":[{"@type":"ListItem","position":1,"name":"Home","item":"https:\/\/conias.com\/en\/"},{"@type":"ListItem","position":2,"name":"CONIAS Academy"}]},{"@type":"WebSite","@id":"https:\/\/conias.com\/en\/#website","url":"https:\/\/conias.com\/en\/","name":"CONIAS Risk Intelligence a MBI Product","description":"Wir unterst\u00fctzen Sie dabei, politische Risiken f\u00fcr Standort-, Logistik- &amp; Investitionssicherheit fr\u00fchzeitig zu erkennen &amp; Anpassungstrategien zu entwickeln.","potentialAction":[{"@type":"SearchAction","target":{"@type":"EntryPoint","urlTemplate":"https:\/\/conias.com\/en\/?s={search_term_string}"},"query-input":{"@type":"PropertyValueSpecification","valueRequired":true,"valueName":"search_term_string"}}],"inLanguage":"en-US"}]}},"_links":{"self":[{"href":"https:\/\/conias.com\/en\/wp-json\/wp\/v2\/pages\/10316","targetHints":{"allow":["GET"]}}],"collection":[{"href":"https:\/\/conias.com\/en\/wp-json\/wp\/v2\/pages"}],"about":[{"href":"https:\/\/conias.com\/en\/wp-json\/wp\/v2\/types\/page"}],"author":[{"embeddable":true,"href":"https:\/\/conias.com\/en\/wp-json\/wp\/v2\/users\/15"}],"replies":[{"embeddable":true,"href":"https:\/\/conias.com\/en\/wp-json\/wp\/v2\/comments?post=10316"}],"version-history":[{"count":20,"href":"https:\/\/conias.com\/en\/wp-json\/wp\/v2\/pages\/10316\/revisions"}],"predecessor-version":[{"id":14162,"href":"https:\/\/conias.com\/en\/wp-json\/wp\/v2\/pages\/10316\/revisions\/14162"}],"wp:attachment":[{"href":"https:\/\/conias.com\/en\/wp-json\/wp\/v2\/media?parent=10316"}],"curies":[{"name":"wp","href":"https:\/\/api.w.org\/{rel}","templated":true}]}}