{"id":13,"date":"2017-12-13T15:01:42","date_gmt":"2017-12-13T15:01:42","guid":{"rendered":"http:\/\/testwww.conias.com\/\/?page_id=13"},"modified":"2023-05-17T10:46:40","modified_gmt":"2023-05-17T08:46:40","slug":"reasons-for-conias","status":"publish","type":"page","link":"https:\/\/conias.com\/en\/reasons-for-conias\/","title":{"rendered":"Reasons for Conias"},"content":{"rendered":"<div id=\"pl-13\"  class=\"panel-layout\" ><div id=\"pg-13-0\"  class=\"panel-grid panel-no-style\" ><div id=\"pgc-13-0-0\"  class=\"panel-grid-cell\" ><div id=\"panel-13-0-0-0\" class=\"so-panel widget widget_sow-editor panel-first-child panel-last-child\" data-index=\"0\" ><div\n\t\t\t\n\t\t\tclass=\"so-widget-sow-editor so-widget-sow-editor-base\"\n\t\t\t\n\t\t>\n<div class=\"siteorigin-widget-tinymce textwidget\">\n\t<\/div>\n<\/div><\/div><\/div><\/div><div id=\"pg-13-1\"  class=\"panel-grid panel-no-style\" ><div id=\"pgc-13-1-0\"  class=\"panel-grid-cell\" ><div id=\"panel-13-1-0-0\" class=\"so-panel widget widget_sow-editor panel-first-child\" data-index=\"1\" ><div\n\t\t\t\n\t\t\tclass=\"so-widget-sow-editor so-widget-sow-editor-base\"\n\t\t\t\n\t\t>\n<div class=\"siteorigin-widget-tinymce textwidget\">\n\t<h3 style=\"text-align: center;\">Scientific Methodology<\/h3>\n<p style=\"text-align: left;\">\u00a0<\/p>\n<\/div>\n<\/div><\/div><div id=\"panel-13-1-0-1\" class=\"so-panel widget widget_sow-image panel-last-child\" data-index=\"2\" ><div\n\t\t\t\n\t\t\tclass=\"so-widget-sow-image so-widget-sow-image-default-c67d20f9f743-13\"\n\t\t\t\n\t\t>\n<div class=\"sow-image-container\">\n\t\t<img \n\tsrc=\"https:\/\/conias.com\/wp-content\/uploads\/2017\/12\/intensitaet.jpg\" width=\"900\" height=\"350\" srcset=\"https:\/\/conias.com\/wp-content\/uploads\/2017\/12\/intensitaet.jpg 900w, https:\/\/conias.com\/wp-content\/uploads\/2017\/12\/intensitaet-250x97.jpg 250w, https:\/\/conias.com\/wp-content\/uploads\/2017\/12\/intensitaet-768x299.jpg 768w, https:\/\/conias.com\/wp-content\/uploads\/2017\/12\/intensitaet-700x272.jpg 700w, https:\/\/conias.com\/wp-content\/uploads\/2017\/12\/intensitaet-120x47.jpg 120w\" sizes=\"(max-width: 900px) 100vw, 900px\" alt=\"\" \t\tclass=\"so-widget-image\"\/>\n\t<\/div>\n\n<\/div><\/div><\/div><div id=\"pgc-13-1-1\"  class=\"panel-grid-cell\" ><div id=\"panel-13-1-1-0\" class=\"so-panel widget widget_sow-editor panel-first-child\" data-index=\"3\" ><div\n\t\t\t\n\t\t\tclass=\"so-widget-sow-editor so-widget-sow-editor-base\"\n\t\t\t\n\t\t>\n<div class=\"siteorigin-widget-tinymce textwidget\">\n\t<h3 style=\"text-align: center;\">Empirical Data<\/h3>\n<\/div>\n<\/div><\/div><div id=\"panel-13-1-1-1\" class=\"so-panel widget widget_sow-image panel-last-child\" data-index=\"4\" ><div\n\t\t\t\n\t\t\tclass=\"so-widget-sow-image so-widget-sow-image-default-c67d20f9f743-13\"\n\t\t\t\n\t\t>\n<div class=\"sow-image-container\">\n\t\t<img \n\tsrc=\"https:\/\/conias.com\/wp-content\/uploads\/2017\/12\/Grafik-conflicts-as-social-systems-fundamentals-e1513762011574.png\" width=\"965\" height=\"447\" srcset=\"https:\/\/conias.com\/wp-content\/uploads\/2017\/12\/Grafik-conflicts-as-social-systems-fundamentals-e1513762011574.png 965w, https:\/\/conias.com\/wp-content\/uploads\/2017\/12\/Grafik-conflicts-as-social-systems-fundamentals-e1513762011574-250x116.png 250w, https:\/\/conias.com\/wp-content\/uploads\/2017\/12\/Grafik-conflicts-as-social-systems-fundamentals-e1513762011574-768x356.png 768w, https:\/\/conias.com\/wp-content\/uploads\/2017\/12\/Grafik-conflicts-as-social-systems-fundamentals-e1513762011574-700x324.png 700w, https:\/\/conias.com\/wp-content\/uploads\/2017\/12\/Grafik-conflicts-as-social-systems-fundamentals-e1513762011574-120x56.png 120w\" sizes=\"(max-width: 965px) 100vw, 965px\" title=\"Grafik-conflicts-as-social-systems-fundamentals\" alt=\"\" \t\tclass=\"so-widget-image\"\/>\n\t<\/div>\n\n<\/div><\/div><\/div><div id=\"pgc-13-1-2\"  class=\"panel-grid-cell\" ><div id=\"panel-13-1-2-0\" class=\"so-panel widget widget_sow-editor panel-first-child\" data-index=\"5\" ><div\n\t\t\t\n\t\t\tclass=\"so-widget-sow-editor so-widget-sow-editor-base\"\n\t\t\t\n\t\t>\n<div class=\"siteorigin-widget-tinymce textwidget\">\n\t<h3 style=\"text-align: center;\">Digital Processing<\/h3>\n<\/div>\n<\/div><\/div><div id=\"panel-13-1-2-1\" class=\"so-panel widget widget_sow-image panel-last-child\" data-index=\"6\" ><div\n\t\t\t\n\t\t\tclass=\"so-widget-sow-image so-widget-sow-image-default-c67d20f9f743-13\"\n\t\t\t\n\t\t>\n<div class=\"sow-image-container\">\n\t\t<img \n\tsrc=\"https:\/\/conias.com\/wp-content\/uploads\/2017\/12\/verstaendlicher-aufbau-e1513758720406.jpg\" width=\"513\" height=\"239\" srcset=\"https:\/\/conias.com\/wp-content\/uploads\/2017\/12\/verstaendlicher-aufbau-e1513758720406.jpg 513w, https:\/\/conias.com\/wp-content\/uploads\/2017\/12\/verstaendlicher-aufbau-e1513758720406-250x116.jpg 250w, https:\/\/conias.com\/wp-content\/uploads\/2017\/12\/verstaendlicher-aufbau-e1513758720406-120x56.jpg 120w\" sizes=\"(max-width: 513px) 100vw, 513px\" title=\"verstaendlicher-aufbau\" alt=\"\" \t\tclass=\"so-widget-image\"\/>\n\t<\/div>\n\n<\/div><\/div><\/div><\/div><div id=\"pg-13-2\"  class=\"panel-grid panel-no-style\" ><div id=\"pgc-13-2-0\"  class=\"panel-grid-cell\" ><div id=\"panel-13-2-0-0\" class=\"so-panel widget widget_sow-editor panel-first-child panel-last-child\" data-index=\"7\" ><div\n\t\t\t\n\t\t\tclass=\"so-widget-sow-editor so-widget-sow-editor-base\"\n\t\t\t\n\t\t>\n<div class=\"siteorigin-widget-tinymce textwidget\">\n\t<ul class=\"teaser-list\">\n<li class=\"teaser-list--entry\" style=\"text-align: left;\">Complete Range of Country Risks<\/li>\n<li class=\"teaser-list--entry\" style=\"text-align: left;\">Approach Based upon 20 Years of Research<\/li>\n<li class=\"teaser-list--entry\" style=\"text-align: left;\">Dynamic Assessments<\/li>\n<\/ul>\n<p style=\"text-align: left;\">CONIAS Risk Intelligence is a spin-off from the University of Heidelberg, where for the last 20 years, frequencies and dynamics of political conflict have been systematically gathered and analyzed in a database. This foundation provides a unique quantitative methodological approach, which allows the integration and georeferenced localization of different types of inter and intra-state conflicts into a distinct dataset.<\/p>\n<\/div>\n<\/div><\/div><\/div><div id=\"pgc-13-2-1\"  class=\"panel-grid-cell\" ><div id=\"panel-13-2-1-0\" class=\"so-panel widget widget_sow-editor panel-first-child panel-last-child\" data-index=\"8\" ><div\n\t\t\t\n\t\t\tclass=\"so-widget-sow-editor so-widget-sow-editor-base\"\n\t\t\t\n\t\t>\n<div class=\"siteorigin-widget-tinymce textwidget\">\n\t<ul>\n<li>Database since 1945<\/li>\n<li>Empirical Data Sets<\/li>\n<li>Georeferenced Events<\/li>\n<\/ul>\n<p>CONIAS Risk Intelligence provides detailed and reliable data across continents and countries. Our transparent and comprehensible database sets new standards concerning objectivity and geographical comparability.<\/p>\n<\/div>\n<\/div><\/div><\/div><div id=\"pgc-13-2-2\"  class=\"panel-grid-cell\" ><div id=\"panel-13-2-2-0\" class=\"so-panel widget widget_sow-editor panel-first-child panel-last-child\" data-index=\"9\" ><div\n\t\t\t\n\t\t\tclass=\"so-widget-sow-editor so-widget-sow-editor-base\"\n\t\t\t\n\t\t>\n<div class=\"siteorigin-widget-tinymce textwidget\">\n\t<ul>\n<li>Digital Solutions<\/li>\n<li>User-friendly Visualizations<\/li>\n<li>Customizable<\/li>\n<\/ul>\n<p>We enable organizations and their decision makers to enhance the reliability of their risk assessments and risk minimization efforts. Our customers particularly benefit from our systematically digitized assessments. Our services are meaningful, customizable, and intuitively accessible.<\/p>\n<p>\u00a0<\/p>\n<\/div>\n<\/div><\/div><\/div><\/div><div id=\"pg-13-3\"  class=\"panel-grid panel-no-style\" ><div id=\"pgc-13-3-0\"  class=\"panel-grid-cell\" ><div id=\"panel-13-3-0-0\" class=\"so-panel widget widget_sow-editor panel-first-child panel-last-child\" data-index=\"10\" ><div\n\t\t\t\n\t\t\tclass=\"so-widget-sow-editor so-widget-sow-editor-base\"\n\t\t\t\n\t\t>\n<div class=\"siteorigin-widget-tinymce textwidget\">\n\t<h3>Dynamics of violent political conflicts 1945 - 2021*<\/h3>\n<p>Whether for site selections, investment decisions, risk evaluations, procurement, or the opening of new markets, with CONIAS Risk Intelligence you gain a reliable partner.<\/p>\n<ul class=\"teaser-list\">\n<li class=\"teaser-list--entry\">Significant increase in violent conflicts since the beginning of the measurements<\/li>\n<li class=\"teaser-list--entry\">Economization of political conflicts<\/li>\n<li class=\"teaser-list--entry\">Major threat to a globalized production and supply chain<\/li>\n<\/ul>\n<p>*The sharp increase in data values for intrastate violent conflicts from 2020 onwards is also due to the inclusion of new data sources as well as an enhancement of the underlying understanding of security.<\/p>\n<\/div>\n<\/div><\/div><\/div><div id=\"pgc-13-3-1\"  class=\"panel-grid-cell\" ><div id=\"panel-13-3-1-0\" class=\"so-panel widget widget_sow-image panel-first-child panel-last-child\" data-index=\"11\" ><div\n\t\t\t\n\t\t\tclass=\"so-widget-sow-image so-widget-sow-image-default-8b5b6f678277-13\"\n\t\t\t\n\t\t>\n<div class=\"sow-image-container\">\n\t\t<img \n\tsrc=\"https:\/\/conias.com\/wp-content\/uploads\/2023\/04\/Number-and-development-of-violent-political-conflicts-since-1945.jpg\" width=\"1248\" height=\"687\" srcset=\"https:\/\/conias.com\/wp-content\/uploads\/2023\/04\/Number-and-development-of-violent-political-conflicts-since-1945.jpg 1248w, https:\/\/conias.com\/wp-content\/uploads\/2023\/04\/Number-and-development-of-violent-political-conflicts-since-1945-250x138.jpg 250w, https:\/\/conias.com\/wp-content\/uploads\/2023\/04\/Number-and-development-of-violent-political-conflicts-since-1945-700x385.jpg 700w, https:\/\/conias.com\/wp-content\/uploads\/2023\/04\/Number-and-development-of-violent-political-conflicts-since-1945-768x423.jpg 768w, https:\/\/conias.com\/wp-content\/uploads\/2023\/04\/Number-and-development-of-violent-political-conflicts-since-1945-120x66.jpg 120w\" sizes=\"(max-width: 1248px) 100vw, 1248px\" title=\"Number and development of violent political conflicts since 1945\" alt=\"Graph showing the number and development of violent political conflicts since 1945\" \t\tclass=\"so-widget-image\"\/>\n\t<\/div>\n\n<\/div><\/div><\/div><\/div><\/div>","protected":false},"excerpt":{"rendered":"Scientific Methodology \u00a0 Empirical Data Digital Processing","protected":false},"author":1,"featured_media":0,"parent":0,"menu_order":0,"comment_status":"closed","ping_status":"closed","template":"","meta":{"_acf_changed":false,"footnotes":""},"class_list":["post-13","page","type-page","status-publish","hentry"],"acf":[],"yoast_head":"<!-- This site is optimized with the Yoast SEO plugin v27.3 - https:\/\/yoast.com\/product\/yoast-seo-wordpress\/ -->\n<title>Reasons for Conias - CONIAS Risk Intelligence a MBI Product<\/title>\n<meta name=\"robots\" content=\"index, follow, max-snippet:-1, max-image-preview:large, max-video-preview:-1\" \/>\n<link rel=\"canonical\" href=\"https:\/\/conias.com\/en\/reasons-for-conias\/\" \/>\n<meta property=\"og:locale\" content=\"en_US\" \/>\n<meta property=\"og:type\" content=\"article\" \/>\n<meta property=\"og:title\" content=\"Reasons for Conias - CONIAS Risk Intelligence a MBI Product\" \/>\n<meta property=\"og:description\" content=\"Scientific Methodology \u00a0 Empirical Data Digital Processing\" \/>\n<meta property=\"og:url\" content=\"https:\/\/conias.com\/en\/reasons-for-conias\/\" \/>\n<meta property=\"og:site_name\" content=\"CONIAS Risk Intelligence a MBI Product\" \/>\n<meta property=\"article:modified_time\" content=\"2023-05-17T08:46:40+00:00\" \/>\n<meta name=\"twitter:card\" content=\"summary_large_image\" \/>\n<meta name=\"twitter:label1\" content=\"Est. reading time\" \/>\n\t<meta name=\"twitter:data1\" content=\"2 minutes\" \/>\n<script type=\"application\/ld+json\" class=\"yoast-schema-graph\">{\"@context\":\"https:\\\/\\\/schema.org\",\"@graph\":[{\"@type\":\"WebPage\",\"@id\":\"https:\\\/\\\/conias.com\\\/en\\\/reasons-for-conias\\\/\",\"url\":\"https:\\\/\\\/conias.com\\\/en\\\/reasons-for-conias\\\/\",\"name\":\"Reasons for Conias - CONIAS Risk Intelligence a MBI Product\",\"isPartOf\":{\"@id\":\"https:\\\/\\\/conias.com\\\/en\\\/#website\"},\"datePublished\":\"2017-12-13T15:01:42+00:00\",\"dateModified\":\"2023-05-17T08:46:40+00:00\",\"breadcrumb\":{\"@id\":\"https:\\\/\\\/conias.com\\\/en\\\/reasons-for-conias\\\/#breadcrumb\"},\"inLanguage\":\"en-US\",\"potentialAction\":[{\"@type\":\"ReadAction\",\"target\":[\"https:\\\/\\\/conias.com\\\/en\\\/reasons-for-conias\\\/\"]}]},{\"@type\":\"BreadcrumbList\",\"@id\":\"https:\\\/\\\/conias.com\\\/en\\\/reasons-for-conias\\\/#breadcrumb\",\"itemListElement\":[{\"@type\":\"ListItem\",\"position\":1,\"name\":\"Home\",\"item\":\"https:\\\/\\\/conias.com\\\/en\\\/\"},{\"@type\":\"ListItem\",\"position\":2,\"name\":\"Reasons for Conias\"}]},{\"@type\":\"WebSite\",\"@id\":\"https:\\\/\\\/conias.com\\\/en\\\/#website\",\"url\":\"https:\\\/\\\/conias.com\\\/en\\\/\",\"name\":\"CONIAS Risk Intelligence a MBI Product\",\"description\":\"Wir unterst\u00fctzen Sie dabei, politische Risiken f\u00fcr Standort-, Logistik- &amp; Investitionssicherheit fr\u00fchzeitig zu erkennen &amp; Anpassungstrategien zu entwickeln.\",\"potentialAction\":[{\"@type\":\"SearchAction\",\"target\":{\"@type\":\"EntryPoint\",\"urlTemplate\":\"https:\\\/\\\/conias.com\\\/en\\\/?s={search_term_string}\"},\"query-input\":{\"@type\":\"PropertyValueSpecification\",\"valueRequired\":true,\"valueName\":\"search_term_string\"}}],\"inLanguage\":\"en-US\"}]}<\/script>\n<!-- \/ Yoast SEO plugin. -->","yoast_head_json":{"title":"Reasons for Conias - CONIAS Risk Intelligence a MBI Product","robots":{"index":"index","follow":"follow","max-snippet":"max-snippet:-1","max-image-preview":"max-image-preview:large","max-video-preview":"max-video-preview:-1"},"canonical":"https:\/\/conias.com\/en\/reasons-for-conias\/","og_locale":"en_US","og_type":"article","og_title":"Reasons for Conias - CONIAS Risk Intelligence a MBI Product","og_description":"Scientific Methodology \u00a0 Empirical Data Digital Processing","og_url":"https:\/\/conias.com\/en\/reasons-for-conias\/","og_site_name":"CONIAS Risk Intelligence a MBI Product","article_modified_time":"2023-05-17T08:46:40+00:00","twitter_card":"summary_large_image","twitter_misc":{"Est. reading time":"2 minutes"},"schema":{"@context":"https:\/\/schema.org","@graph":[{"@type":"WebPage","@id":"https:\/\/conias.com\/en\/reasons-for-conias\/","url":"https:\/\/conias.com\/en\/reasons-for-conias\/","name":"Reasons for Conias - CONIAS Risk Intelligence a MBI Product","isPartOf":{"@id":"https:\/\/conias.com\/en\/#website"},"datePublished":"2017-12-13T15:01:42+00:00","dateModified":"2023-05-17T08:46:40+00:00","breadcrumb":{"@id":"https:\/\/conias.com\/en\/reasons-for-conias\/#breadcrumb"},"inLanguage":"en-US","potentialAction":[{"@type":"ReadAction","target":["https:\/\/conias.com\/en\/reasons-for-conias\/"]}]},{"@type":"BreadcrumbList","@id":"https:\/\/conias.com\/en\/reasons-for-conias\/#breadcrumb","itemListElement":[{"@type":"ListItem","position":1,"name":"Home","item":"https:\/\/conias.com\/en\/"},{"@type":"ListItem","position":2,"name":"Reasons for Conias"}]},{"@type":"WebSite","@id":"https:\/\/conias.com\/en\/#website","url":"https:\/\/conias.com\/en\/","name":"CONIAS Risk Intelligence a MBI Product","description":"Wir unterst\u00fctzen Sie dabei, politische Risiken f\u00fcr Standort-, Logistik- &amp; Investitionssicherheit fr\u00fchzeitig zu erkennen &amp; Anpassungstrategien zu entwickeln.","potentialAction":[{"@type":"SearchAction","target":{"@type":"EntryPoint","urlTemplate":"https:\/\/conias.com\/en\/?s={search_term_string}"},"query-input":{"@type":"PropertyValueSpecification","valueRequired":true,"valueName":"search_term_string"}}],"inLanguage":"en-US"}]}},"_links":{"self":[{"href":"https:\/\/conias.com\/en\/wp-json\/wp\/v2\/pages\/13","targetHints":{"allow":["GET"]}}],"collection":[{"href":"https:\/\/conias.com\/en\/wp-json\/wp\/v2\/pages"}],"about":[{"href":"https:\/\/conias.com\/en\/wp-json\/wp\/v2\/types\/page"}],"author":[{"embeddable":true,"href":"https:\/\/conias.com\/en\/wp-json\/wp\/v2\/users\/1"}],"replies":[{"embeddable":true,"href":"https:\/\/conias.com\/en\/wp-json\/wp\/v2\/comments?post=13"}],"version-history":[{"count":33,"href":"https:\/\/conias.com\/en\/wp-json\/wp\/v2\/pages\/13\/revisions"}],"predecessor-version":[{"id":13705,"href":"https:\/\/conias.com\/en\/wp-json\/wp\/v2\/pages\/13\/revisions\/13705"}],"wp:attachment":[{"href":"https:\/\/conias.com\/en\/wp-json\/wp\/v2\/media?parent=13"}],"curies":[{"name":"wp","href":"https:\/\/api.w.org\/{rel}","templated":true}]}}