{"id":13240,"date":"2023-03-10T14:03:40","date_gmt":"2023-03-10T13:03:40","guid":{"rendered":"https:\/\/conias.com\/?page_id=13240"},"modified":"2023-03-17T11:20:06","modified_gmt":"2023-03-17T10:20:06","slug":"advantages-of-conias-political-risk-data","status":"publish","type":"page","link":"https:\/\/conias.com\/en\/advantages-of-conias-political-risk-data\/","title":{"rendered":"Advantages of CONIAS Political Risk Data"},"content":{"rendered":"\n<p>Companies worldwide rely on CONIAS political risk data to minimize risks to their business. Why? Here are just 3 benefits that make CONIAS data unique.<\/p>\n\n\n\n<div class=\"wp-block-stackable-columns stk-block-columns stk-block stk-48cbb1f stk-block-background\" data-block-id=\"48cbb1f\"><style>.stk-48cbb1f{background-color:#badef6 !important;margin-top:40px !important}.stk-48cbb1f:before{background-color:#badef6 !important}<\/style><div class=\"stk-row stk-inner-blocks stk-block-content stk-content-align stk-48cbb1f-column\">\n<div class=\"wp-block-stackable-column stk-block-column stk-block-column--v3 stk-column stk-block-column--v2 stk-block stk-5edca37\" data-block-id=\"5edca37\"><style>.stk-5edca37-container{background-color:transparent !important;box-shadow:0px 10px 31px 0px rgba(0,0,0,0.1) !important}.stk-5edca37-container:before{background-color:transparent !important}@media screen and (min-width:768px){.stk-5edca37{flex:1 1 calc(52.3% - var(--stk-column-gap,0px) * 1 \/ 2 ) !important}}<\/style><div class=\"stk-column-wrapper stk-block-column__content stk-container stk-5edca37-container stk-hover-parent\"><div class=\"stk-block-content stk-inner-blocks stk-5edca37-inner-blocks\">\n<h2 class=\"has-x-large-font-size wp-block-heading\" style=\"font-style:normal;font-weight:700\">reliable:<\/h2>\n\n\n\n<h2 class=\"has-x-large-font-size wp-block-heading\" style=\"font-style:normal;font-weight:700\">accurate and reliable forecasts<\/h2>\n\n\n\n<div class=\"wp-block-stackable-icon stk-block-icon has-text-align-center stk-block stk-9dd10b6\" data-block-id=\"9dd10b6\"><style>.stk-9dd10b6 .stk--svg-wrapper .stk--inner-svg svg:last-child{height:100px !important;width:100px !important}.stk-9dd10b6 .stk--svg-wrapper .stk--inner-svg svg:last-child,.stk-9dd10b6 .stk--svg-wrapper .stk--inner-svg svg:last-child :is(g,path,rect,polygon,ellipse){fill:#000000 !important}<\/style><span class=\"stk--svg-wrapper\"><div class=\"stk--inner-svg\"><svg style=\"height:0;width:0\"><defs><linearGradient id=\"linear-gradient-9dd10b6\" x1=\"0\" x2=\"100%\" y1=\"0\" y2=\"0\"><stop offset=\"0%\" style=\"stop-opacity:1;stop-color:var(--linear-gradient-9-dd-10-b-6-color-1)\"><\/stop><stop offset=\"100%\" style=\"stop-opacity:1;stop-color:var(--linear-gradient-9-dd-10-b-6-color-2)\"><\/stop><\/linearGradient><\/defs><\/svg><svg aria-hidden=\"true\" focusable=\"false\" data-prefix=\"fas\" data-icon=\"search\" class=\"svg-inline--fa fa-search fa-w-16\" xmlns=\"http:\/\/www.w3.org\/2000\/svg\" viewBox=\"0 0 512 512\" width=\"32\" height=\"32\"><path fill=\"currentColor\" d=\"M505 442.7L405.3 343c-4.5-4.5-10.6-7-17-7H372c27.6-35.3 44-79.7 44-128C416 93.1 322.9 0 208 0S0 93.1 0 208s93.1 208 208 208c48.3 0 92.7-16.4 128-44v16.3c0 6.4 2.5 12.5 7 17l99.7 99.7c9.4 9.4 24.6 9.4 33.9 0l28.3-28.3c9.4-9.4 9.4-24.6.1-34zM208 336c-70.7 0-128-57.2-128-128 0-70.7 57.2-128 128-128 70.7 0 128 57.2 128 128 0 70.7-57.2 128-128 128z\"><\/path><\/svg><\/div><\/span><\/div>\n<\/div><\/div><\/div>\n\n\n\n<div class=\"wp-block-stackable-column stk-block-column stk-block-column--v3 stk-column stk-block-column--v2 stk-block stk-15a3725\" data-block-id=\"15a3725\"><style>.stk-15a3725{padding-top:12px !important;padding-right:50px !important;padding-bottom:12px !important;padding-left:124px !important}@media screen and (min-width:768px){.stk-15a3725{flex:1 1 calc(47.7% - var(--stk-column-gap,0px) * 1 \/ 2 ) !important}}<\/style><div class=\"stk-column-wrapper stk-block-column__content stk-container stk-15a3725-container stk--no-background stk--no-padding\"><div class=\"stk-block-content stk-inner-blocks stk-15a3725-inner-blocks\">\n<p class=\"has-black-color has-text-color\">We observe the development of conflicts in the world starting from the period of 1945 and can draw upon an extensive database of almost 80 years. Part of the data collection was carried out at the University of Heidelberg as a research project. This unique dataset makes it possible to identify patterns in historical data and thus make reliable and accurate predictions for the future.<\/p>\n\n\n\n<div style=\"height:15px\" aria-hidden=\"true\" class=\"wp-block-spacer\"><\/div>\n\n\n\n<div class=\"wp-block-buttons is-layout-flex wp-block-buttons-is-layout-flex\">\n<div class=\"wp-block-button\"><a class=\"wp-block-button__link wp-element-button\" href=\"https:\/\/conias.com\/en\/data-collection\/\" style=\"border-radius:0px\">to the CONIAS Methodology<\/a><\/div>\n<\/div>\n<\/div><\/div><\/div>\n<\/div><\/div>\n\n\n\n<div class=\"wp-block-stackable-columns stk-block-columns stk-block stk-bc492e7 stk-block-background\" data-block-id=\"bc492e7\"><style>.stk-bc492e7{background-color:#badef6 !important}.stk-bc492e7:before{background-color:#badef6 !important}<\/style><div class=\"stk-row stk-inner-blocks stk-block-content stk-content-align stk-bc492e7-column\">\n<div class=\"wp-block-stackable-column stk-block-column stk-block-column--v3 stk-column stk-block-column--v2 stk-block stk-79c63c2\" data-block-id=\"79c63c2\"><style>.stk-79c63c2{padding-top:12px !important;padding-right:124px !important;padding-bottom:12px !important;padding-left:50px !important}@media screen and (min-width:768px){.stk-79c63c2{flex:1 1 calc(47.7% - var(--stk-column-gap,0px) * 1 \/ 2 ) !important}}<\/style><div class=\"stk-column-wrapper stk-block-column__content stk-container stk-79c63c2-container stk--no-background stk--no-padding\"><div class=\"stk-block-content stk-inner-blocks stk-79c63c2-inner-blocks\">\n<p class=\"has-black-color has-text-color\">You have to manage the day-to-day business of your company and simply cannot keep track of all political conflicts in different countries of the world in their full complexity around the clock? Luckily, you don&#8217;t have to, as our experts will take over this task for you. We provide you with the relevant data you need for your decision-making process in a condensed form, visualized clearly and available at any time.<\/p>\n<\/div><\/div><\/div>\n\n\n\n<div class=\"wp-block-stackable-column stk-block-column stk-block-column--v3 stk-column stk-block-column--v2 stk-block stk-9aef9cd\" data-block-id=\"9aef9cd\"><style>.stk-9aef9cd-container{background-color:transparent !important;box-shadow:0px 10px 31px 0px rgba(0,0,0,0.1) !important}.stk-9aef9cd-container:before{background-color:transparent !important}@media screen and (min-width:768px){.stk-9aef9cd{flex:1 1 calc(52.3% - var(--stk-column-gap,0px) * 1 \/ 2 ) !important}}<\/style><div class=\"stk-column-wrapper stk-block-column__content stk-container stk-9aef9cd-container stk-hover-parent\"><div class=\"stk-block-content stk-inner-blocks stk-9aef9cd-inner-blocks\">\n<h2 class=\"has-x-large-font-size wp-block-heading\" style=\"font-style:normal;font-weight:700\">simple: <\/h2>\n\n\n\n<h2 class=\"has-x-large-font-size wp-block-heading\" style=\"font-style:normal;font-weight:700\">complex information compressed by experts &amp; immediately available<\/h2>\n\n\n\n<div class=\"wp-block-stackable-icon stk-block-icon has-text-align-center stk-block stk-857e3db\" data-block-id=\"857e3db\"><style>.stk-857e3db .stk--svg-wrapper .stk--inner-svg svg:last-child{height:100px !important;width:100px !important}.stk-857e3db .stk--svg-wrapper .stk--inner-svg svg:last-child,.stk-857e3db .stk--svg-wrapper .stk--inner-svg svg:last-child :is(g,path,rect,polygon,ellipse){fill:#000000 !important}<\/style><span class=\"stk--svg-wrapper\"><div class=\"stk--inner-svg\"><svg style=\"height:0;width:0\"><defs><linearGradient id=\"linear-gradient-857e3db\" x1=\"0\" x2=\"100%\" y1=\"0\" y2=\"0\"><stop offset=\"0%\" style=\"stop-opacity:1;stop-color:var(--linear-gradient-857-e-3-db-color-1)\"><\/stop><stop offset=\"100%\" style=\"stop-opacity:1;stop-color:var(--linear-gradient-857-e-3-db-color-2)\"><\/stop><\/linearGradient><\/defs><\/svg><svg aria-hidden=\"true\" focusable=\"false\" data-prefix=\"fas\" data-icon=\"feather-alt\" class=\"svg-inline--fa fa-feather-alt fa-w-16\" xmlns=\"http:\/\/www.w3.org\/2000\/svg\" viewBox=\"0 0 512 512\" width=\"32\" height=\"32\"><path fill=\"currentColor\" d=\"M512 0C460.22 3.56 96.44 38.2 71.01 287.61c-3.09 26.66-4.84 53.44-5.99 80.24l178.87-178.69c6.25-6.25 16.4-6.25 22.65 0s6.25 16.38 0 22.63L7.04 471.03c-9.38 9.37-9.38 24.57 0 33.94 9.38 9.37 24.59 9.37 33.98 0l57.13-57.07c42.09-.14 84.15-2.53 125.96-7.36 53.48-5.44 97.02-26.47 132.58-56.54H255.74l146.79-48.88c11.25-14.89 21.37-30.71 30.45-47.12h-81.14l106.54-53.21C500.29 132.86 510.19 26.26 512 0z\"><\/path><\/svg><\/div><\/span><\/div>\n<\/div><\/div><\/div>\n<\/div><\/div>\n\n\n\n<div class=\"wp-block-stackable-columns stk-block-columns stk-block stk-6d59644 stk-block-background\" data-block-id=\"6d59644\"><style>.stk-6d59644{background-color:#badef6 !important}.stk-6d59644:before{background-color:#badef6 !important}<\/style><div class=\"stk-row stk-inner-blocks stk-block-content stk-content-align stk-6d59644-column\">\n<div class=\"wp-block-stackable-column stk-block-column stk-block-column--v3 stk-column stk-block-column--v2 stk-block stk-a7cfd91\" data-block-id=\"a7cfd91\"><style>.stk-a7cfd91-container{background-color:transparent !important;box-shadow:0px 10px 31px 0px rgba(0,0,0,0.1) !important}.stk-a7cfd91-container:before{background-color:transparent !important}@media screen and (min-width:768px){.stk-a7cfd91{flex:1 1 calc(52.3% - var(--stk-column-gap,0px) * 1 \/ 2 ) !important}}<\/style><div class=\"stk-column-wrapper stk-block-column__content stk-container stk-a7cfd91-container stk-hover-parent\"><div class=\"stk-block-content stk-inner-blocks stk-a7cfd91-inner-blocks\">\n<h2 class=\"has-x-large-font-size wp-block-heading\" style=\"font-style:normal;font-weight:700\">worldwide: <\/h2>\n\n\n\n<h2 class=\"has-x-large-font-size wp-block-heading\" style=\"font-style:normal;font-weight:700\">our indices make political risks comparable all over the world<\/h2>\n\n\n\n<div class=\"wp-block-stackable-icon stk-block-icon has-text-align-center stk-block stk-4f0df05\" data-block-id=\"4f0df05\"><style>.stk-4f0df05 .stk--svg-wrapper .stk--inner-svg svg:last-child{height:100px !important;width:100px !important}.stk-4f0df05 .stk--svg-wrapper .stk--inner-svg svg:last-child,.stk-4f0df05 .stk--svg-wrapper .stk--inner-svg svg:last-child :is(g,path,rect,polygon,ellipse){fill:#000000 !important}<\/style><span class=\"stk--svg-wrapper\"><div class=\"stk--inner-svg\"><svg style=\"height:0;width:0\"><defs><linearGradient id=\"linear-gradient-4f0df05\" x1=\"0\" x2=\"100%\" y1=\"0\" y2=\"0\"><stop offset=\"0%\" style=\"stop-opacity:1;stop-color:var(--linear-gradient-4-f-0-df-05-color-1)\"><\/stop><stop offset=\"100%\" style=\"stop-opacity:1;stop-color:var(--linear-gradient-4-f-0-df-05-color-2)\"><\/stop><\/linearGradient><\/defs><\/svg><svg aria-hidden=\"true\" focusable=\"false\" data-prefix=\"fas\" data-icon=\"globe-americas\" class=\"svg-inline--fa fa-globe-americas fa-w-16\" xmlns=\"http:\/\/www.w3.org\/2000\/svg\" viewBox=\"0 0 496 512\" width=\"32\" height=\"32\"><path fill=\"currentColor\" d=\"M248 8C111.03 8 0 119.03 0 256s111.03 248 248 248 248-111.03 248-248S384.97 8 248 8zm82.29 357.6c-3.9 3.88-7.99 7.95-11.31 11.28-2.99 3-5.1 6.7-6.17 10.71-1.51 5.66-2.73 11.38-4.77 16.87l-17.39 46.85c-13.76 3-28 4.69-42.65 4.69v-27.38c1.69-12.62-7.64-36.26-22.63-51.25-6-6-9.37-14.14-9.37-22.63v-32.01c0-11.64-6.27-22.34-16.46-27.97-14.37-7.95-34.81-19.06-48.81-26.11-11.48-5.78-22.1-13.14-31.65-21.75l-.8-.72a114.792 114.792 0 0 1-18.06-20.74c-9.38-13.77-24.66-36.42-34.59-51.14 20.47-45.5 57.36-82.04 103.2-101.89l24.01 12.01C203.48 89.74 216 82.01 216 70.11v-11.3c7.99-1.29 16.12-2.11 24.39-2.42l28.3 28.3c6.25 6.25 6.25 16.38 0 22.63L264 112l-10.34 10.34c-3.12 3.12-3.12 8.19 0 11.31l4.69 4.69c3.12 3.12 3.12 8.19 0 11.31l-8 8a8.008 8.008 0 0 1-5.66 2.34h-8.99c-2.08 0-4.08.81-5.58 2.27l-9.92 9.65a8.008 8.008 0 0 0-1.58 9.31l15.59 31.19c2.66 5.32-1.21 11.58-7.15 11.58h-5.64c-1.93 0-3.79-.7-5.24-1.96l-9.28-8.06a16.017 16.017 0 0 0-15.55-3.1l-31.17 10.39a11.95 11.95 0 0 0-8.17 11.34c0 4.53 2.56 8.66 6.61 10.69l11.08 5.54c9.41 4.71 19.79 7.16 30.31 7.16s22.59 27.29 32 32h66.75c8.49 0 16.62 3.37 22.63 9.37l13.69 13.69a30.503 30.503 0 0 1 8.93 21.57 46.536 46.536 0 0 1-13.72 32.98zM417 274.25c-5.79-1.45-10.84-5-14.15-9.97l-17.98-26.97a23.97 23.97 0 0 1 0-26.62l19.59-29.38c2.32-3.47 5.5-6.29 9.24-8.15l12.98-6.49C440.2 193.59 448 223.87 448 256c0 8.67-.74 17.16-1.82 25.54L417 274.25z\"><\/path><\/svg><\/div><\/span><\/div>\n<\/div><\/div><\/div>\n\n\n\n<div class=\"wp-block-stackable-column stk-block-column stk-block-column--v3 stk-column stk-block-column--v2 stk-block stk-59843fb\" data-block-id=\"59843fb\"><style>.stk-59843fb{padding-top:12px !important;padding-right:50px !important;padding-bottom:12px !important;padding-left:124px !important}@media screen and (min-width:768px){.stk-59843fb{flex:1 1 calc(47.7% - var(--stk-column-gap,0px) * 1 \/ 2 ) !important}}<\/style><div class=\"stk-column-wrapper stk-block-column__content stk-container stk-59843fb-container stk--no-background stk--no-padding\"><div class=\"stk-block-content stk-inner-blocks stk-59843fb-inner-blocks\">\n<p class=\"has-black-color has-text-color\">In order to be able to adequately compare different risks in different locations in the world, it is necessary to start with a valid risk assessment. This assessment must be consistent in order to enable any meaningful weighing at all. Our indices are calculated consistently and comparably on the same basis worldwide, which is what makes a fair comparison possible in the first place.<\/p>\n\n\n\n<div style=\"height:15px\" aria-hidden=\"true\" class=\"wp-block-spacer\"><\/div>\n\n\n\n<div class=\"wp-block-buttons is-layout-flex wp-block-buttons-is-layout-flex\">\n<div class=\"wp-block-button\"><a class=\"wp-block-button__link wp-element-button\" href=\"https:\/\/conias.com\/en\/supply-chain-security\/\" style=\"border-radius:0px\">Assessment of long-term risks<\/a><\/div>\n\n\n\n<div class=\"wp-block-button\"><a class=\"wp-block-button__link wp-element-button\" href=\"https:\/\/conias.com\/en\/self-explaining-political-risk-data\/\" style=\"border-radius:0px\">Assessment of short-term risks<\/a><\/div>\n<\/div>\n<\/div><\/div><\/div>\n<\/div><\/div>\n","protected":false},"excerpt":{"rendered":"Companies worldwide rely on CONIAS political risk data to minimize risks to their business. Why? Here are just 3 benefits&#8230; <a class=\"view-article text-right\" style=\"font-weight: bold; text-align: right !important;\" href=\"https:\/\/conias.com\/en\/advantages-of-conias-political-risk-data\/\">View Article<\/a>","protected":false},"author":16,"featured_media":0,"parent":0,"menu_order":0,"comment_status":"closed","ping_status":"closed","template":"","meta":{"_acf_changed":false,"footnotes":""},"class_list":["post-13240","page","type-page","status-publish","hentry"],"acf":[],"yoast_head":"<!-- This site is optimized with the Yoast SEO plugin v27.4 - https:\/\/yoast.com\/product\/yoast-seo-wordpress\/ -->\n<title>Advantages of CONIAS Political Risk Data<\/title>\n<meta name=\"description\" content=\"Why you can make good &amp; informed decisions with political risk data from CONIAS | 3 Advantages: reliable, simple, worldwide.\" \/>\n<meta name=\"robots\" content=\"index, follow, max-snippet:-1, max-image-preview:large, max-video-preview:-1\" \/>\n<link rel=\"canonical\" href=\"https:\/\/conias.com\/en\/advantages-of-conias-political-risk-data\/\" \/>\n<meta property=\"og:locale\" content=\"en_US\" \/>\n<meta property=\"og:type\" content=\"article\" \/>\n<meta property=\"og:title\" content=\"Advantages of CONIAS Political Risk Data\" \/>\n<meta property=\"og:description\" content=\"Why you can make good &amp; informed decisions with political risk data from CONIAS | 3 Advantages: reliable, simple, worldwide.\" \/>\n<meta property=\"og:url\" content=\"https:\/\/conias.com\/en\/advantages-of-conias-political-risk-data\/\" \/>\n<meta property=\"og:site_name\" content=\"CONIAS Risk Intelligence a MBI Product\" \/>\n<meta property=\"article:modified_time\" content=\"2023-03-17T10:20:06+00:00\" \/>\n<meta name=\"twitter:card\" content=\"summary_large_image\" \/>\n<meta name=\"twitter:label1\" content=\"Est. reading time\" \/>\n\t<meta name=\"twitter:data1\" content=\"3 minutes\" \/>\n<script type=\"application\/ld+json\" class=\"yoast-schema-graph\">{\"@context\":\"https:\\\/\\\/schema.org\",\"@graph\":[{\"@type\":\"WebPage\",\"@id\":\"https:\\\/\\\/conias.com\\\/en\\\/advantages-of-conias-political-risk-data\\\/\",\"url\":\"https:\\\/\\\/conias.com\\\/en\\\/advantages-of-conias-political-risk-data\\\/\",\"name\":\"Advantages of CONIAS Political Risk Data\",\"isPartOf\":{\"@id\":\"https:\\\/\\\/conias.com\\\/en\\\/#website\"},\"datePublished\":\"2023-03-10T13:03:40+00:00\",\"dateModified\":\"2023-03-17T10:20:06+00:00\",\"description\":\"Why you can make good & informed decisions with political risk data from CONIAS | 3 Advantages: reliable, simple, worldwide.\",\"breadcrumb\":{\"@id\":\"https:\\\/\\\/conias.com\\\/en\\\/advantages-of-conias-political-risk-data\\\/#breadcrumb\"},\"inLanguage\":\"en-US\",\"potentialAction\":[{\"@type\":\"ReadAction\",\"target\":[\"https:\\\/\\\/conias.com\\\/en\\\/advantages-of-conias-political-risk-data\\\/\"]}]},{\"@type\":\"BreadcrumbList\",\"@id\":\"https:\\\/\\\/conias.com\\\/en\\\/advantages-of-conias-political-risk-data\\\/#breadcrumb\",\"itemListElement\":[{\"@type\":\"ListItem\",\"position\":1,\"name\":\"Home\",\"item\":\"https:\\\/\\\/conias.com\\\/en\\\/\"},{\"@type\":\"ListItem\",\"position\":2,\"name\":\"Advantages of CONIAS Political Risk Data\"}]},{\"@type\":\"WebSite\",\"@id\":\"https:\\\/\\\/conias.com\\\/en\\\/#website\",\"url\":\"https:\\\/\\\/conias.com\\\/en\\\/\",\"name\":\"CONIAS Risk Intelligence a MBI Product\",\"description\":\"Wir unterst\u00fctzen Sie dabei, politische Risiken f\u00fcr Standort-, Logistik- &amp; Investitionssicherheit fr\u00fchzeitig zu erkennen &amp; Anpassungstrategien zu entwickeln.\",\"potentialAction\":[{\"@type\":\"SearchAction\",\"target\":{\"@type\":\"EntryPoint\",\"urlTemplate\":\"https:\\\/\\\/conias.com\\\/en\\\/?s={search_term_string}\"},\"query-input\":{\"@type\":\"PropertyValueSpecification\",\"valueRequired\":true,\"valueName\":\"search_term_string\"}}],\"inLanguage\":\"en-US\"}]}<\/script>\n<!-- \/ Yoast SEO plugin. -->","yoast_head_json":{"title":"Advantages of CONIAS Political Risk Data","description":"Why you can make good & informed decisions with political risk data from CONIAS | 3 Advantages: reliable, simple, worldwide.","robots":{"index":"index","follow":"follow","max-snippet":"max-snippet:-1","max-image-preview":"max-image-preview:large","max-video-preview":"max-video-preview:-1"},"canonical":"https:\/\/conias.com\/en\/advantages-of-conias-political-risk-data\/","og_locale":"en_US","og_type":"article","og_title":"Advantages of CONIAS Political Risk Data","og_description":"Why you can make good & informed decisions with political risk data from CONIAS | 3 Advantages: reliable, simple, worldwide.","og_url":"https:\/\/conias.com\/en\/advantages-of-conias-political-risk-data\/","og_site_name":"CONIAS Risk Intelligence a MBI Product","article_modified_time":"2023-03-17T10:20:06+00:00","twitter_card":"summary_large_image","twitter_misc":{"Est. reading time":"3 minutes"},"schema":{"@context":"https:\/\/schema.org","@graph":[{"@type":"WebPage","@id":"https:\/\/conias.com\/en\/advantages-of-conias-political-risk-data\/","url":"https:\/\/conias.com\/en\/advantages-of-conias-political-risk-data\/","name":"Advantages of CONIAS Political Risk Data","isPartOf":{"@id":"https:\/\/conias.com\/en\/#website"},"datePublished":"2023-03-10T13:03:40+00:00","dateModified":"2023-03-17T10:20:06+00:00","description":"Why you can make good & informed decisions with political risk data from CONIAS | 3 Advantages: reliable, simple, worldwide.","breadcrumb":{"@id":"https:\/\/conias.com\/en\/advantages-of-conias-political-risk-data\/#breadcrumb"},"inLanguage":"en-US","potentialAction":[{"@type":"ReadAction","target":["https:\/\/conias.com\/en\/advantages-of-conias-political-risk-data\/"]}]},{"@type":"BreadcrumbList","@id":"https:\/\/conias.com\/en\/advantages-of-conias-political-risk-data\/#breadcrumb","itemListElement":[{"@type":"ListItem","position":1,"name":"Home","item":"https:\/\/conias.com\/en\/"},{"@type":"ListItem","position":2,"name":"Advantages of CONIAS Political Risk Data"}]},{"@type":"WebSite","@id":"https:\/\/conias.com\/en\/#website","url":"https:\/\/conias.com\/en\/","name":"CONIAS Risk Intelligence a MBI Product","description":"Wir unterst\u00fctzen Sie dabei, politische Risiken f\u00fcr Standort-, Logistik- &amp; Investitionssicherheit fr\u00fchzeitig zu erkennen &amp; Anpassungstrategien zu entwickeln.","potentialAction":[{"@type":"SearchAction","target":{"@type":"EntryPoint","urlTemplate":"https:\/\/conias.com\/en\/?s={search_term_string}"},"query-input":{"@type":"PropertyValueSpecification","valueRequired":true,"valueName":"search_term_string"}}],"inLanguage":"en-US"}]}},"_links":{"self":[{"href":"https:\/\/conias.com\/en\/wp-json\/wp\/v2\/pages\/13240","targetHints":{"allow":["GET"]}}],"collection":[{"href":"https:\/\/conias.com\/en\/wp-json\/wp\/v2\/pages"}],"about":[{"href":"https:\/\/conias.com\/en\/wp-json\/wp\/v2\/types\/page"}],"author":[{"embeddable":true,"href":"https:\/\/conias.com\/en\/wp-json\/wp\/v2\/users\/16"}],"replies":[{"embeddable":true,"href":"https:\/\/conias.com\/en\/wp-json\/wp\/v2\/comments?post=13240"}],"version-history":[{"count":4,"href":"https:\/\/conias.com\/en\/wp-json\/wp\/v2\/pages\/13240\/revisions"}],"predecessor-version":[{"id":13330,"href":"https:\/\/conias.com\/en\/wp-json\/wp\/v2\/pages\/13240\/revisions\/13330"}],"wp:attachment":[{"href":"https:\/\/conias.com\/en\/wp-json\/wp\/v2\/media?parent=13240"}],"curies":[{"name":"wp","href":"https:\/\/api.w.org\/{rel}","templated":true}]}}