{"id":1441,"date":"2018-02-09T11:07:47","date_gmt":"2018-02-09T11:07:47","guid":{"rendered":"https:\/\/conias.com\/workshop\/"},"modified":"2018-02-14T09:41:41","modified_gmt":"2018-02-14T09:41:41","slug":"workshop","status":"publish","type":"page","link":"https:\/\/conias.com\/en\/workshop\/","title":{"rendered":"Workshop"},"content":{"rendered":"<div id=\"pl-1441\"  class=\"panel-layout\" >\n<div id=\"pg-1441-0\"  class=\"panel-grid panel-no-style\"  data-style=\"{&quot;background_display&quot;:&quot;tile&quot;,&quot;cell_alignment&quot;:&quot;flex-start&quot;}\"  data-ratio=\"1\"  data-ratio-direction=\"right\" >\n<div id=\"pgc-1441-0-0\"  class=\"panel-grid-cell\"  data-weight=\"1\" >\n<div id=\"panel-1441-0-0-0\" class=\"so-panel widget widget_sow-editor panel-first-child panel-last-child\" data-index=\"0\" data-style=\"{&quot;background_image_attachment&quot;:false,&quot;background_display&quot;:&quot;tile&quot;}\" >\n<div class=\"so-widget-sow-editor so-widget-sow-editor-base\">\n<div class=\"siteorigin-widget-tinymce textwidget\">\n\t<a name=\"_GoBack\"><\/a> Political risk management is a fairly new area for many companies. We offer workshops and advisory services in order for you to learn more about your specific customer needs and for us to counsel you in the most optimal way.<\/p>\n<\/div>\n<\/div>\n<\/div>\n<\/div>\n<\/div>\n<div id=\"pg-1441-1\"  class=\"panel-grid panel-no-style\"  data-style=\"{&quot;background_display&quot;:&quot;tile&quot;,&quot;cell_alignment&quot;:&quot;flex-start&quot;}\"  data-ratio=\"1\"  data-ratio-direction=\"right\" >\n<div id=\"pgc-1441-1-0\"  class=\"panel-grid-cell\"  data-weight=\"0.5\" >\n<div id=\"panel-1441-1-0-0\" class=\"so-panel widget widget_sow-editor panel-first-child panel-last-child\" data-index=\"1\" data-style=\"{&quot;background_image_attachment&quot;:false,&quot;background_display&quot;:&quot;tile&quot;}\" >\n<div class=\"so-widget-sow-editor so-widget-sow-editor-base\">\n<div class=\"siteorigin-widget-tinymce textwidget\">\n<p>How we can support you:<\/p>\n<ul>\n<li>Project-related e.g. with the choice of your location or sourcing strategies<\/li>\n<li>Process-oriented e.g. with optimizations or introductions<\/li>\n<\/ul>\n<p>Ask for a free <a href=\"https:\/\/conias.com\/workshop-form\/\">appointment<\/a> with us today.<\/p>\n<\/div>\n<\/div>\n<\/div>\n<\/div>\n<div id=\"pgc-1441-1-1\"  class=\"panel-grid-cell\"  data-weight=\"0.5\" >\n<div id=\"panel-1441-1-1-0\" class=\"so-panel widget widget_sow-image panel-first-child panel-last-child\" data-index=\"2\" data-style=\"{&quot;background_display&quot;:&quot;tile&quot;}\" ><div\n\t\t\t\n\t\t\tclass=\"so-widget-sow-image so-widget-sow-image-default-8b5b6f678277\"\n\t\t\t\n\t\t>\n<div class=\"sow-image-container\">\n\t\t<img \n\tsrc=\"https:\/\/conias.com\/wp-content\/uploads\/2018\/02\/workshop-e1518605130895.jpg\" width=\"501\" height=\"344\" srcset=\"https:\/\/conias.com\/wp-content\/uploads\/2018\/02\/workshop-e1518605130895.jpg 501w, https:\/\/conias.com\/wp-content\/uploads\/2018\/02\/workshop-e1518605130895-250x172.jpg 250w, https:\/\/conias.com\/wp-content\/uploads\/2018\/02\/workshop-e1518605130895-120x82.jpg 120w\" sizes=\"(max-width: 501px) 100vw, 501px\" title=\"workshop\" alt=\"\" \t\tclass=\"so-widget-image\"\/>\n\t<\/div>\n\n<\/div><\/div>\n<\/div>\n<\/div>\n<\/div>\n","protected":false},"excerpt":{"rendered":"Political risk management is a fairly new area for many companies. We offer workshops and advisory services in order for&#8230; <a class=\"view-article text-right\" style=\"font-weight: bold; text-align: right !important;\" href=\"https:\/\/conias.com\/en\/workshop\/\">View Article<\/a>","protected":false},"author":1,"featured_media":0,"parent":0,"menu_order":0,"comment_status":"closed","ping_status":"closed","template":"","meta":{"_acf_changed":false,"footnotes":""},"class_list":["post-1441","page","type-page","status-publish","hentry"],"acf":[],"yoast_head":"<!-- This site is optimized with the Yoast SEO plugin v27.3 - https:\/\/yoast.com\/product\/yoast-seo-wordpress\/ -->\n<title>Workshop - CONIAS Risk Intelligence a MBI Product<\/title>\n<meta name=\"robots\" content=\"index, follow, max-snippet:-1, max-image-preview:large, max-video-preview:-1\" \/>\n<link rel=\"canonical\" href=\"https:\/\/conias.com\/en\/workshop\/\" \/>\n<meta property=\"og:locale\" content=\"en_US\" \/>\n<meta property=\"og:type\" content=\"article\" \/>\n<meta property=\"og:title\" content=\"Workshop - CONIAS Risk Intelligence a MBI Product\" \/>\n<meta property=\"og:description\" content=\"Political risk management is a fairly new area for many companies. We offer workshops and advisory services in order for... View Article\" \/>\n<meta property=\"og:url\" content=\"https:\/\/conias.com\/en\/workshop\/\" \/>\n<meta property=\"og:site_name\" content=\"CONIAS Risk Intelligence a MBI Product\" \/>\n<meta property=\"article:modified_time\" content=\"2018-02-14T09:41:41+00:00\" \/>\n<meta name=\"twitter:card\" content=\"summary_large_image\" \/>\n<script type=\"application\/ld+json\" class=\"yoast-schema-graph\">{\"@context\":\"https:\\\/\\\/schema.org\",\"@graph\":[{\"@type\":\"WebPage\",\"@id\":\"https:\\\/\\\/conias.com\\\/en\\\/workshop\\\/\",\"url\":\"https:\\\/\\\/conias.com\\\/en\\\/workshop\\\/\",\"name\":\"Workshop - CONIAS Risk Intelligence a MBI Product\",\"isPartOf\":{\"@id\":\"https:\\\/\\\/conias.com\\\/en\\\/#website\"},\"datePublished\":\"2018-02-09T11:07:47+00:00\",\"dateModified\":\"2018-02-14T09:41:41+00:00\",\"breadcrumb\":{\"@id\":\"https:\\\/\\\/conias.com\\\/en\\\/workshop\\\/#breadcrumb\"},\"inLanguage\":\"en-US\",\"potentialAction\":[{\"@type\":\"ReadAction\",\"target\":[\"https:\\\/\\\/conias.com\\\/en\\\/workshop\\\/\"]}]},{\"@type\":\"BreadcrumbList\",\"@id\":\"https:\\\/\\\/conias.com\\\/en\\\/workshop\\\/#breadcrumb\",\"itemListElement\":[{\"@type\":\"ListItem\",\"position\":1,\"name\":\"Home\",\"item\":\"https:\\\/\\\/conias.com\\\/en\\\/\"},{\"@type\":\"ListItem\",\"position\":2,\"name\":\"Workshop\"}]},{\"@type\":\"WebSite\",\"@id\":\"https:\\\/\\\/conias.com\\\/en\\\/#website\",\"url\":\"https:\\\/\\\/conias.com\\\/en\\\/\",\"name\":\"CONIAS Risk Intelligence a MBI Product\",\"description\":\"Wir unterst\u00fctzen Sie dabei, politische Risiken f\u00fcr Standort-, Logistik- &amp; Investitionssicherheit fr\u00fchzeitig zu erkennen &amp; Anpassungstrategien zu entwickeln.\",\"potentialAction\":[{\"@type\":\"SearchAction\",\"target\":{\"@type\":\"EntryPoint\",\"urlTemplate\":\"https:\\\/\\\/conias.com\\\/en\\\/?s={search_term_string}\"},\"query-input\":{\"@type\":\"PropertyValueSpecification\",\"valueRequired\":true,\"valueName\":\"search_term_string\"}}],\"inLanguage\":\"en-US\"}]}<\/script>\n<!-- \/ Yoast SEO plugin. -->","yoast_head_json":{"title":"Workshop - CONIAS Risk Intelligence a MBI Product","robots":{"index":"index","follow":"follow","max-snippet":"max-snippet:-1","max-image-preview":"max-image-preview:large","max-video-preview":"max-video-preview:-1"},"canonical":"https:\/\/conias.com\/en\/workshop\/","og_locale":"en_US","og_type":"article","og_title":"Workshop - CONIAS Risk Intelligence a MBI Product","og_description":"Political risk management is a fairly new area for many companies. We offer workshops and advisory services in order for... View Article","og_url":"https:\/\/conias.com\/en\/workshop\/","og_site_name":"CONIAS Risk Intelligence a MBI Product","article_modified_time":"2018-02-14T09:41:41+00:00","twitter_card":"summary_large_image","schema":{"@context":"https:\/\/schema.org","@graph":[{"@type":"WebPage","@id":"https:\/\/conias.com\/en\/workshop\/","url":"https:\/\/conias.com\/en\/workshop\/","name":"Workshop - CONIAS Risk Intelligence a MBI Product","isPartOf":{"@id":"https:\/\/conias.com\/en\/#website"},"datePublished":"2018-02-09T11:07:47+00:00","dateModified":"2018-02-14T09:41:41+00:00","breadcrumb":{"@id":"https:\/\/conias.com\/en\/workshop\/#breadcrumb"},"inLanguage":"en-US","potentialAction":[{"@type":"ReadAction","target":["https:\/\/conias.com\/en\/workshop\/"]}]},{"@type":"BreadcrumbList","@id":"https:\/\/conias.com\/en\/workshop\/#breadcrumb","itemListElement":[{"@type":"ListItem","position":1,"name":"Home","item":"https:\/\/conias.com\/en\/"},{"@type":"ListItem","position":2,"name":"Workshop"}]},{"@type":"WebSite","@id":"https:\/\/conias.com\/en\/#website","url":"https:\/\/conias.com\/en\/","name":"CONIAS Risk Intelligence a MBI Product","description":"Wir unterst\u00fctzen Sie dabei, politische Risiken f\u00fcr Standort-, Logistik- &amp; Investitionssicherheit fr\u00fchzeitig zu erkennen &amp; Anpassungstrategien zu entwickeln.","potentialAction":[{"@type":"SearchAction","target":{"@type":"EntryPoint","urlTemplate":"https:\/\/conias.com\/en\/?s={search_term_string}"},"query-input":{"@type":"PropertyValueSpecification","valueRequired":true,"valueName":"search_term_string"}}],"inLanguage":"en-US"}]}},"_links":{"self":[{"href":"https:\/\/conias.com\/en\/wp-json\/wp\/v2\/pages\/1441","targetHints":{"allow":["GET"]}}],"collection":[{"href":"https:\/\/conias.com\/en\/wp-json\/wp\/v2\/pages"}],"about":[{"href":"https:\/\/conias.com\/en\/wp-json\/wp\/v2\/types\/page"}],"author":[{"embeddable":true,"href":"https:\/\/conias.com\/en\/wp-json\/wp\/v2\/users\/1"}],"replies":[{"embeddable":true,"href":"https:\/\/conias.com\/en\/wp-json\/wp\/v2\/comments?post=1441"}],"version-history":[{"count":3,"href":"https:\/\/conias.com\/en\/wp-json\/wp\/v2\/pages\/1441\/revisions"}],"predecessor-version":[{"id":1445,"href":"https:\/\/conias.com\/en\/wp-json\/wp\/v2\/pages\/1441\/revisions\/1445"}],"wp:attachment":[{"href":"https:\/\/conias.com\/en\/wp-json\/wp\/v2\/media?parent=1441"}],"curies":[{"name":"wp","href":"https:\/\/api.w.org\/{rel}","templated":true}]}}