{"id":152,"date":"2017-12-14T13:12:21","date_gmt":"2017-12-14T13:12:21","guid":{"rendered":"http:\/\/testwww.conias.com\/\/?page_id=152"},"modified":"2023-03-03T12:45:57","modified_gmt":"2023-03-03T11:45:57","slug":"approach","status":"publish","type":"page","link":"https:\/\/conias.com\/en\/approach\/","title":{"rendered":"CONIAS Approach"},"content":{"rendered":"<div id=\"pl-152\"  class=\"panel-layout\" ><div id=\"pg-152-0\"  class=\"panel-grid panel-no-style\" ><div id=\"pgc-152-0-0\"  class=\"panel-grid-cell\" ><div id=\"panel-152-0-0-0\" class=\"so-panel widget widget_sow-editor panel-first-child panel-last-child\" data-index=\"0\" ><div\n\t\t\t\n\t\t\tclass=\"so-widget-sow-editor so-widget-sow-editor-base\"\n\t\t\t\n\t\t>\n<div class=\"siteorigin-widget-tinymce textwidget\">\n\t<p class=\"main-content--textblock\">In many respects the CONIAS approach contributes high added value to existing methods of analysis for <a href=\"https:\/\/conias.com\/en\/humanitarian-consequences\/\">political conflicts<\/a>. Due to the acquisition of events as social systems within a dynamic model, the whole spectrum of conflict activities can be mapped.<\/p>\n<p class=\"main-content--textblock\">The classification of the specific risk is ensured by the application of clearly conceptualized indicators, which in turn are based on the actions and communications of the involved conflict actors, combining qualitative with quantitative research strategies. Via a conceptual differentiation and standardization of data processing, the greatest possible degree of accuracy, comprehensibility and reliability of information can be reached. During the process, the conflict measures, all actions and communications that an actor executes within a political conflict are individually captured within the framework of a measure-catalog. This catalog contains over 200 categories of measures, including judicial, military and protest-related actions, allowing for a broad and differentiated mapping of events.<\/p>\n<\/div>\n<\/div><\/div><\/div><div id=\"pgc-152-0-1\"  class=\"panel-grid-cell\" ><div id=\"panel-152-0-1-0\" class=\"so-panel widget widget_sow-image panel-first-child panel-last-child\" data-index=\"1\" ><div\n\t\t\t\n\t\t\tclass=\"so-widget-sow-image so-widget-sow-image-default-8b5b6f678277-152\"\n\t\t\t\n\t\t>\n<div class=\"sow-image-container\">\n\t\t<img \n\tsrc=\"https:\/\/conias.com\/wp-content\/uploads\/2017\/12\/Grafik-CONIAS-Approach.jpg\" width=\"1240\" height=\"877\" srcset=\"https:\/\/conias.com\/wp-content\/uploads\/2017\/12\/Grafik-CONIAS-Approach.jpg 1240w, https:\/\/conias.com\/wp-content\/uploads\/2017\/12\/Grafik-CONIAS-Approach-250x177.jpg 250w, https:\/\/conias.com\/wp-content\/uploads\/2017\/12\/Grafik-CONIAS-Approach-768x543.jpg 768w, https:\/\/conias.com\/wp-content\/uploads\/2017\/12\/Grafik-CONIAS-Approach-700x495.jpg 700w, https:\/\/conias.com\/wp-content\/uploads\/2017\/12\/Grafik-CONIAS-Approach-120x85.jpg 120w\" sizes=\"(max-width: 1240px) 100vw, 1240px\" title=\"CONIAS Approach\" alt=\"CONIAS Approach\" \t\tclass=\"so-widget-image\"\/>\n\t<\/div>\n\n<\/div><\/div><\/div><\/div><div id=\"pg-152-1\"  class=\"panel-grid panel-no-style\" ><div id=\"pgc-152-1-0\"  class=\"panel-grid-cell\" ><div id=\"panel-152-1-0-0\" class=\"so-panel widget widget_sow-editor panel-first-child panel-last-child\" data-index=\"2\" ><div\n\t\t\t\n\t\t\tclass=\"so-widget-sow-editor so-widget-sow-editor-base\"\n\t\t\t\n\t\t>\n<div class=\"siteorigin-widget-tinymce textwidget\">\n\t<p class=\"main-content--textblock\">Together with the high degree of abstraction of the basic concept, it facilitates a systematic coverage of all types of conflicts. The CONIAS-approach thus integrates inter-, intra- and sub-state as well as transnational conflicts in their non-, low- and highly violent manifestations (no island-solution with multiple specific databases for each type of conflict). Based on this comprehensive, diversified and standardized concept, visualizations of complete conflict courses are made possible for the first time, which in turn increases the quality of prognoses of conflict trends. Objectivity and continuous availability as opposed to subjective, people-based expert-opinions, guarantees a reliable risk assessment. Our work is guided by the following principles:<\/p>\n<\/div>\n<\/div><\/div><\/div><\/div><div id=\"pg-152-2\"  class=\"panel-grid panel-no-style\" ><div id=\"pgc-152-2-0\"  class=\"panel-grid-cell\" ><div id=\"panel-152-2-0-0\" class=\"so-panel widget widget_sow-editor panel-first-child panel-last-child\" data-index=\"3\" ><div\n\t\t\t\n\t\t\tclass=\"so-widget-sow-editor so-widget-sow-editor-base\"\n\t\t\t\n\t\t>\n<div class=\"siteorigin-widget-tinymce textwidget\">\n\t<p>&nbsp;<\/p>\n<h3>1. Empirical evidence instead of expert-opinions and assumptions<\/h3>\n<p class=\"main-content--textblock\">Different from other existing solutions, our risk assessments are based on a standardized methodology with a constant analysis procedure. This coherent approach enables us to deliver accurate and reliable assessments across time and space. Simultaneously, it is this methodology, which has been developed for over 20 years at the\u00a0<a href=\"https:\/\/www.uni-heidelberg.de\/index_e.html\" target=\"_blank\" rel=\"noopener\">University of Heidelberg<\/a>\u00a0that makes us independent from the personal opinions of experts. Instead of trusting changeable expertise, that lead to differing conclusions depending on the personal context, at CONIAS the facts speak for themselves:<\/p>\n<p class=\"main-content--textblock\">When CONIAS detects a heightened risk or raises the intensity of a conflict, it is always backed by a related third party information, which makes the process comprehensible and transparent. With our catalog of measures we capture the date, duration, actor, addressee, and type of the exercised action. In cases of violent actions, we also take the number of fatalities, deployed personnel, refugees as well as the magnitude of destruction and type of weapons used into account.<\/p>\n<h3>2. All data is comprehensible due to obligatory referencing<\/h3>\n<p>\"The first casualty of War is Truth\" \u2013 scarcely anybody would disagree with this statement. This is why CONIAS especially emphasizes its <a href=\"http:\/\/conias.com\/en\/datengewinnung.html\">source selection<\/a>. Only trustworthy and approved newspapers, journals, internet-news and other online media is used. Naturally, each recorded information is referenced with the corresponding source. This way, all statements stay verifiable.<\/p>\n<h3>3. We make our information transparent<\/h3>\n<p>As a paying customer, you can inspect all coding, including the corresponding analyses. This way, you gain full transparency within your risk assessment.<\/p>\n<\/div>\n<\/div><\/div><\/div><\/div><\/div>","protected":false},"excerpt":{"rendered":"In many respects the CONIAS approach contributes high added value to existing methods of analysis for political conflicts. Due to&#8230; <a class=\"view-article text-right\" style=\"font-weight: bold; text-align: right !important;\" href=\"https:\/\/conias.com\/en\/approach\/\">View Article<\/a>","protected":false},"author":1,"featured_media":0,"parent":0,"menu_order":0,"comment_status":"closed","ping_status":"closed","template":"","meta":{"_acf_changed":false,"footnotes":""},"class_list":["post-152","page","type-page","status-publish","hentry"],"acf":[],"yoast_head":"<!-- This site is optimized with the Yoast SEO plugin v27.3 - https:\/\/yoast.com\/product\/yoast-seo-wordpress\/ -->\n<title>CONIAS Approach in Conflicts - CONIAS Risk Intelligence a MBI Product<\/title>\n<meta name=\"description\" content=\"The CONIAS approach contributes high added value to existing methods of analysis for political conflicts. Due to the acquisition of events as social systems within a dynamic model, the whole spectrum of conflict activities can be mapped.\" \/>\n<meta name=\"robots\" content=\"index, follow, max-snippet:-1, max-image-preview:large, max-video-preview:-1\" \/>\n<link rel=\"canonical\" href=\"https:\/\/conias.com\/en\/approach\/\" \/>\n<meta property=\"og:locale\" content=\"en_US\" \/>\n<meta property=\"og:type\" content=\"article\" \/>\n<meta property=\"og:title\" content=\"CONIAS Approach in Conflicts - CONIAS Risk Intelligence a MBI Product\" \/>\n<meta property=\"og:description\" content=\"The CONIAS approach contributes high added value to existing methods of analysis for political conflicts. Due to the acquisition of events as social systems within a dynamic model, the whole spectrum of conflict activities can be mapped.\" \/>\n<meta property=\"og:url\" content=\"https:\/\/conias.com\/en\/approach\/\" \/>\n<meta property=\"og:site_name\" content=\"CONIAS Risk Intelligence a MBI Product\" \/>\n<meta property=\"article:modified_time\" content=\"2023-03-03T11:45:57+00:00\" \/>\n<meta name=\"twitter:card\" content=\"summary_large_image\" \/>\n<meta name=\"twitter:label1\" content=\"Est. reading time\" \/>\n\t<meta name=\"twitter:data1\" content=\"3 minutes\" \/>\n<script type=\"application\/ld+json\" class=\"yoast-schema-graph\">{\"@context\":\"https:\\\/\\\/schema.org\",\"@graph\":[{\"@type\":\"WebPage\",\"@id\":\"https:\\\/\\\/conias.com\\\/en\\\/approach\\\/\",\"url\":\"https:\\\/\\\/conias.com\\\/en\\\/approach\\\/\",\"name\":\"CONIAS Approach in Conflicts - CONIAS Risk Intelligence a MBI Product\",\"isPartOf\":{\"@id\":\"https:\\\/\\\/conias.com\\\/en\\\/#website\"},\"datePublished\":\"2017-12-14T13:12:21+00:00\",\"dateModified\":\"2023-03-03T11:45:57+00:00\",\"description\":\"The CONIAS approach contributes high added value to existing methods of analysis for political conflicts. Due to the acquisition of events as social systems within a dynamic model, the whole spectrum of conflict activities can be mapped.\",\"breadcrumb\":{\"@id\":\"https:\\\/\\\/conias.com\\\/en\\\/approach\\\/#breadcrumb\"},\"inLanguage\":\"en-US\",\"potentialAction\":[{\"@type\":\"ReadAction\",\"target\":[\"https:\\\/\\\/conias.com\\\/en\\\/approach\\\/\"]}]},{\"@type\":\"BreadcrumbList\",\"@id\":\"https:\\\/\\\/conias.com\\\/en\\\/approach\\\/#breadcrumb\",\"itemListElement\":[{\"@type\":\"ListItem\",\"position\":1,\"name\":\"Home\",\"item\":\"https:\\\/\\\/conias.com\\\/en\\\/\"},{\"@type\":\"ListItem\",\"position\":2,\"name\":\"CONIAS Approach\"}]},{\"@type\":\"WebSite\",\"@id\":\"https:\\\/\\\/conias.com\\\/en\\\/#website\",\"url\":\"https:\\\/\\\/conias.com\\\/en\\\/\",\"name\":\"CONIAS Risk Intelligence a MBI Product\",\"description\":\"Wir unterst\u00fctzen Sie dabei, politische Risiken f\u00fcr Standort-, Logistik- &amp; Investitionssicherheit fr\u00fchzeitig zu erkennen &amp; Anpassungstrategien zu entwickeln.\",\"potentialAction\":[{\"@type\":\"SearchAction\",\"target\":{\"@type\":\"EntryPoint\",\"urlTemplate\":\"https:\\\/\\\/conias.com\\\/en\\\/?s={search_term_string}\"},\"query-input\":{\"@type\":\"PropertyValueSpecification\",\"valueRequired\":true,\"valueName\":\"search_term_string\"}}],\"inLanguage\":\"en-US\"}]}<\/script>\n<!-- \/ Yoast SEO plugin. -->","yoast_head_json":{"title":"CONIAS Approach in Conflicts - CONIAS Risk Intelligence a MBI Product","description":"The CONIAS approach contributes high added value to existing methods of analysis for political conflicts. Due to the acquisition of events as social systems within a dynamic model, the whole spectrum of conflict activities can be mapped.","robots":{"index":"index","follow":"follow","max-snippet":"max-snippet:-1","max-image-preview":"max-image-preview:large","max-video-preview":"max-video-preview:-1"},"canonical":"https:\/\/conias.com\/en\/approach\/","og_locale":"en_US","og_type":"article","og_title":"CONIAS Approach in Conflicts - CONIAS Risk Intelligence a MBI Product","og_description":"The CONIAS approach contributes high added value to existing methods of analysis for political conflicts. Due to the acquisition of events as social systems within a dynamic model, the whole spectrum of conflict activities can be mapped.","og_url":"https:\/\/conias.com\/en\/approach\/","og_site_name":"CONIAS Risk Intelligence a MBI Product","article_modified_time":"2023-03-03T11:45:57+00:00","twitter_card":"summary_large_image","twitter_misc":{"Est. reading time":"3 minutes"},"schema":{"@context":"https:\/\/schema.org","@graph":[{"@type":"WebPage","@id":"https:\/\/conias.com\/en\/approach\/","url":"https:\/\/conias.com\/en\/approach\/","name":"CONIAS Approach in Conflicts - CONIAS Risk Intelligence a MBI Product","isPartOf":{"@id":"https:\/\/conias.com\/en\/#website"},"datePublished":"2017-12-14T13:12:21+00:00","dateModified":"2023-03-03T11:45:57+00:00","description":"The CONIAS approach contributes high added value to existing methods of analysis for political conflicts. Due to the acquisition of events as social systems within a dynamic model, the whole spectrum of conflict activities can be mapped.","breadcrumb":{"@id":"https:\/\/conias.com\/en\/approach\/#breadcrumb"},"inLanguage":"en-US","potentialAction":[{"@type":"ReadAction","target":["https:\/\/conias.com\/en\/approach\/"]}]},{"@type":"BreadcrumbList","@id":"https:\/\/conias.com\/en\/approach\/#breadcrumb","itemListElement":[{"@type":"ListItem","position":1,"name":"Home","item":"https:\/\/conias.com\/en\/"},{"@type":"ListItem","position":2,"name":"CONIAS Approach"}]},{"@type":"WebSite","@id":"https:\/\/conias.com\/en\/#website","url":"https:\/\/conias.com\/en\/","name":"CONIAS Risk Intelligence a MBI Product","description":"Wir unterst\u00fctzen Sie dabei, politische Risiken f\u00fcr Standort-, Logistik- &amp; Investitionssicherheit fr\u00fchzeitig zu erkennen &amp; Anpassungstrategien zu entwickeln.","potentialAction":[{"@type":"SearchAction","target":{"@type":"EntryPoint","urlTemplate":"https:\/\/conias.com\/en\/?s={search_term_string}"},"query-input":{"@type":"PropertyValueSpecification","valueRequired":true,"valueName":"search_term_string"}}],"inLanguage":"en-US"}]}},"_links":{"self":[{"href":"https:\/\/conias.com\/en\/wp-json\/wp\/v2\/pages\/152","targetHints":{"allow":["GET"]}}],"collection":[{"href":"https:\/\/conias.com\/en\/wp-json\/wp\/v2\/pages"}],"about":[{"href":"https:\/\/conias.com\/en\/wp-json\/wp\/v2\/types\/page"}],"author":[{"embeddable":true,"href":"https:\/\/conias.com\/en\/wp-json\/wp\/v2\/users\/1"}],"replies":[{"embeddable":true,"href":"https:\/\/conias.com\/en\/wp-json\/wp\/v2\/comments?post=152"}],"version-history":[{"count":24,"href":"https:\/\/conias.com\/en\/wp-json\/wp\/v2\/pages\/152\/revisions"}],"predecessor-version":[{"id":13192,"href":"https:\/\/conias.com\/en\/wp-json\/wp\/v2\/pages\/152\/revisions\/13192"}],"wp:attachment":[{"href":"https:\/\/conias.com\/en\/wp-json\/wp\/v2\/media?parent=152"}],"curies":[{"name":"wp","href":"https:\/\/api.w.org\/{rel}","templated":true}]}}