{"id":166,"date":"2017-12-14T13:43:33","date_gmt":"2017-12-14T13:43:33","guid":{"rendered":"http:\/\/testwww.conias.com\/\/?page_id=166"},"modified":"2018-02-08T15:38:30","modified_gmt":"2018-02-08T15:38:30","slug":"risk-rating","status":"publish","type":"page","link":"https:\/\/conias.com\/en\/risk-rating\/","title":{"rendered":"Risk Rating"},"content":{"rendered":"<div id=\"pl-166\"  class=\"panel-layout\" ><div id=\"pg-166-0\"  class=\"panel-grid panel-no-style\" ><div id=\"pgc-166-0-0\"  class=\"panel-grid-cell\" ><div id=\"panel-166-0-0-0\" class=\"so-panel widget widget_sow-editor panel-first-child panel-last-child\" data-index=\"0\" ><div\n\t\t\t\n\t\t\tclass=\"so-widget-sow-editor so-widget-sow-editor-base\"\n\t\t\t\n\t\t>\n<div class=\"siteorigin-widget-tinymce textwidget\">\n\t<p>The assignment of the risk value within a geographic unit follows from the corresponding intensities of the prevailing conflicts in said region. If for instance, two distinct conflicts in a region are conducted with an intensity of three, a risk value of five for the area can be reached through aggregation.<\/p>\n<p>At present, we distinguish between the following risk ranges:<\/p>\n<\/div>\n<\/div><\/div><\/div><\/div><div id=\"pg-166-1\"  class=\"panel-grid panel-no-style\" ><div id=\"pgc-166-1-0\"  class=\"panel-grid-cell\" ><div id=\"panel-166-1-0-0\" class=\"so-panel widget widget_sow-editor panel-first-child panel-last-child\" data-index=\"1\" ><div\n\t\t\t\n\t\t\tclass=\"so-widget-sow-editor so-widget-sow-editor-base\"\n\t\t\t\n\t\t>\n<div class=\"siteorigin-widget-tinymce textwidget\">\n\t<h2 style=\"text-align: center;\">Risk value 0 &lt; 2<\/h2>\n<\/div>\n<\/div><\/div><\/div><\/div><div id=\"pg-166-2\"  class=\"panel-grid panel-no-style\" ><div id=\"pgc-166-2-0\"  class=\"panel-grid-cell\" ><div id=\"panel-166-2-0-0\" class=\"so-panel widget widget_sow-editor panel-first-child panel-last-child\" data-index=\"2\" ><div\n\t\t\t\n\t\t\tclass=\"so-widget-sow-editor so-widget-sow-editor-base\"\n\t\t\t\n\t\t>\n<div class=\"siteorigin-widget-tinymce textwidget\">\n\t<table>\n<tbody>\n<tr>\n<td valign=\"top\"><b>Description:<\/b><\/td>\n<td>Political conflicts are carried out without the use of force and mostly inside established regulatory and legal procedures.<\/td>\n<\/tr>\n<tr>\n<td valign=\"top\"><b>Examples:<\/b><\/td>\n<td><i>7\/2017, Toronto, Canada<\/i>\u00a0\u2013 100 indigenous protesters march against the mistreatment of indigenous people.<br \/>\n<i>7\/2017, Saxony, Germany<\/i>\u2013 During his visit in Dresden, Federal Minister of Justice, Heiko Maas, was met with loud protests from AFD supporters.<\/td>\n<\/tr>\n<tr>\n<td valign=\"top\"><b>Exposure:<\/b><\/td>\n<td>No interferences in the affected region.<\/td>\n<\/tr>\n<\/tbody>\n<\/table>\n<\/div>\n<\/div><\/div><\/div><div id=\"pgc-166-2-1\"  class=\"panel-grid-cell\" ><div id=\"panel-166-2-1-0\" class=\"so-panel widget widget_sow-image panel-first-child panel-last-child\" data-index=\"3\" ><div\n\t\t\t\n\t\t\tclass=\"so-widget-sow-image so-widget-sow-image-default-8b5b6f678277-166\"\n\t\t\t\n\t\t>\n<div class=\"sow-image-container\">\n\t\t<img \n\tsrc=\"https:\/\/conias.com\/wp-content\/uploads\/2017\/12\/RiskLevel1.jpg\" width=\"1300\" height=\"600\" srcset=\"https:\/\/conias.com\/wp-content\/uploads\/2017\/12\/RiskLevel1.jpg 1300w, https:\/\/conias.com\/wp-content\/uploads\/2017\/12\/RiskLevel1-250x115.jpg 250w, https:\/\/conias.com\/wp-content\/uploads\/2017\/12\/RiskLevel1-768x354.jpg 768w, https:\/\/conias.com\/wp-content\/uploads\/2017\/12\/RiskLevel1-700x323.jpg 700w, https:\/\/conias.com\/wp-content\/uploads\/2017\/12\/RiskLevel1-120x55.jpg 120w\" sizes=\"(max-width: 1300px) 100vw, 1300px\" alt=\"\" \t\tclass=\"so-widget-image\"\/>\n\t<\/div>\n\n<\/div><\/div><\/div><\/div><div id=\"pg-166-3\"  class=\"panel-grid panel-no-style\" ><div id=\"pgc-166-3-0\"  class=\"panel-grid-cell\" ><div id=\"panel-166-3-0-0\" class=\"so-panel widget widget_sow-editor panel-first-child panel-last-child\" data-index=\"4\" ><div\n\t\t\t\n\t\t\tclass=\"so-widget-sow-editor so-widget-sow-editor-base\"\n\t\t\t\n\t\t>\n<div class=\"siteorigin-widget-tinymce textwidget\">\n\t<h2 style=\"text-align: center;\">Risk value 2 &lt; 3<\/h2>\n<\/div>\n<\/div><\/div><\/div><\/div><div id=\"pg-166-4\"  class=\"panel-grid panel-no-style\" ><div id=\"pgc-166-4-0\"  class=\"panel-grid-cell\" ><div id=\"panel-166-4-0-0\" class=\"so-panel widget widget_sow-image panel-first-child panel-last-child\" data-index=\"5\" ><div\n\t\t\t\n\t\t\tclass=\"so-widget-sow-image so-widget-sow-image-default-8b5b6f678277-166\"\n\t\t\t\n\t\t>\n<div class=\"sow-image-container\">\n\t\t<img \n\tsrc=\"https:\/\/conias.com\/wp-content\/uploads\/2017\/12\/RiskLevel2-1.jpg\" width=\"1300\" height=\"600\" srcset=\"https:\/\/conias.com\/wp-content\/uploads\/2017\/12\/RiskLevel2-1.jpg 1300w, https:\/\/conias.com\/wp-content\/uploads\/2017\/12\/RiskLevel2-1-250x115.jpg 250w, https:\/\/conias.com\/wp-content\/uploads\/2017\/12\/RiskLevel2-1-768x354.jpg 768w, https:\/\/conias.com\/wp-content\/uploads\/2017\/12\/RiskLevel2-1-700x323.jpg 700w, https:\/\/conias.com\/wp-content\/uploads\/2017\/12\/RiskLevel2-1-120x55.jpg 120w\" sizes=\"(max-width: 1300px) 100vw, 1300px\" title=\"RiskLevel2 (1)\" alt=\"\" \t\tclass=\"so-widget-image\"\/>\n\t<\/div>\n\n<\/div><\/div><\/div><div id=\"pgc-166-4-1\"  class=\"panel-grid-cell\" ><div id=\"panel-166-4-1-0\" class=\"so-panel widget widget_sow-editor panel-first-child panel-last-child\" data-index=\"6\" ><div\n\t\t\t\n\t\t\tclass=\"so-widget-sow-editor so-widget-sow-editor-base\"\n\t\t\t\n\t\t>\n<div class=\"siteorigin-widget-tinymce textwidget\">\n\t<table>\n<tbody>\n<tr>\n<td valign=\"top\"><b>Description:<\/b><\/td>\n<td>Political conflicts are carried out non-violently. Actors might threaten to depart from regulated procedures or to use violence. Large-scale manifestations of political dissent are often met with coercive measures by the state.<\/td>\n<\/tr>\n<tr>\n<td valign=\"top\"><b>Examples:<\/b><\/td>\n<td><i>2\/2017, Bucharest, Romania<\/i>\u00a0\u2013 250,000 protesters fill streets of Bucharest marching against new corruption law.<br \/> <i>8\/2017, Hokkaido, Japan<\/i>\u00a0\u2013 North Korea fires missile over Japan.<\/td>\n<\/tr>\n<tr>\n<td valign=\"top\"><b>Exposure:<\/b><\/td>\n<td>No or little interferences in the affected region but the security situation could escalate.<\/td>\n<\/tr>\n<\/tbody>\n<\/table>\n<\/div>\n<\/div><\/div><\/div><\/div><div id=\"pg-166-5\"  class=\"panel-grid panel-no-style\" ><div id=\"pgc-166-5-0\"  class=\"panel-grid-cell\" ><div id=\"panel-166-5-0-0\" class=\"so-panel widget widget_sow-editor panel-first-child panel-last-child\" data-index=\"7\" ><div\n\t\t\t\n\t\t\tclass=\"so-widget-sow-editor so-widget-sow-editor-base\"\n\t\t\t\n\t\t>\n<div class=\"siteorigin-widget-tinymce textwidget\">\n\t<h2 style=\"text-align: center;\">Risk value 3 &lt; 4,5<\/h2>\n<\/div>\n<\/div><\/div><\/div><\/div><div id=\"pg-166-6\"  class=\"panel-grid panel-no-style\" ><div id=\"pgc-166-6-0\"  class=\"panel-grid-cell\" ><div id=\"panel-166-6-0-0\" class=\"so-panel widget widget_sow-editor panel-first-child panel-last-child\" data-index=\"8\" ><div\n\t\t\t\n\t\t\tclass=\"so-widget-sow-editor so-widget-sow-editor-base\"\n\t\t\t\n\t\t>\n<div class=\"siteorigin-widget-tinymce textwidget\">\n\t<table>\n<tbody>\n<tr>\n<td valign=\"top\"><b>Description:<\/b><\/td>\n<td>Violence occurred in the affected region.<\/td>\n<\/tr>\n<tr>\n<td valign=\"top\"><b>Examples:<\/b><\/td>\n<td><i>1\/2017, Washington D.C., United States<\/i>\u00a0\u2013 One man shot during clashes at pro-Trump event.<br \/>\n<i>7\/2017, Guerrero, Mexico<\/i>\u00a0\u2013 Seven policemen killed by armed men in ambush.<\/td>\n<\/tr>\n<tr>\n<td valign=\"top\"><b>Exposure:<\/b><\/td>\n<td>Occurrences of violence, assaults on employees, kidnappings, roadblocks and damage to the infrastructure are possible.<\/td>\n<\/tr>\n<\/tbody>\n<\/table>\n<\/div>\n<\/div><\/div><\/div><div id=\"pgc-166-6-1\"  class=\"panel-grid-cell\" ><div id=\"panel-166-6-1-0\" class=\"so-panel widget widget_sow-image panel-first-child panel-last-child\" data-index=\"9\" ><div\n\t\t\t\n\t\t\tclass=\"so-widget-sow-image so-widget-sow-image-default-8b5b6f678277-166\"\n\t\t\t\n\t\t>\n<div class=\"sow-image-container\">\n\t\t<img \n\tsrc=\"https:\/\/conias.com\/wp-content\/uploads\/2017\/12\/RiskLevel3-1.jpg\" width=\"1300\" height=\"600\" srcset=\"https:\/\/conias.com\/wp-content\/uploads\/2017\/12\/RiskLevel3-1.jpg 1300w, https:\/\/conias.com\/wp-content\/uploads\/2017\/12\/RiskLevel3-1-250x115.jpg 250w, https:\/\/conias.com\/wp-content\/uploads\/2017\/12\/RiskLevel3-1-768x354.jpg 768w, https:\/\/conias.com\/wp-content\/uploads\/2017\/12\/RiskLevel3-1-700x323.jpg 700w, https:\/\/conias.com\/wp-content\/uploads\/2017\/12\/RiskLevel3-1-120x55.jpg 120w\" sizes=\"(max-width: 1300px) 100vw, 1300px\" title=\"RiskLevel3\" alt=\"\" \t\tclass=\"so-widget-image\"\/>\n\t<\/div>\n\n<\/div><\/div><\/div><\/div><div id=\"pg-166-7\"  class=\"panel-grid panel-no-style\" ><div id=\"pgc-166-7-0\"  class=\"panel-grid-cell\" ><div id=\"panel-166-7-0-0\" class=\"so-panel widget widget_sow-editor panel-first-child panel-last-child\" data-index=\"10\" ><div\n\t\t\t\n\t\t\tclass=\"so-widget-sow-editor so-widget-sow-editor-base\"\n\t\t\t\n\t\t>\n<div class=\"siteorigin-widget-tinymce textwidget\">\n\t<h2 style=\"text-align: center;\">Risk value 4,5 &lt; 8<\/h2>\n<\/div>\n<\/div><\/div><\/div><\/div><div id=\"pg-166-8\"  class=\"panel-grid panel-no-style\" ><div id=\"pgc-166-8-0\"  class=\"panel-grid-cell\" ><div id=\"panel-166-8-0-0\" class=\"so-panel widget widget_sow-image panel-first-child panel-last-child\" data-index=\"11\" ><div\n\t\t\t\n\t\t\tclass=\"so-widget-sow-image so-widget-sow-image-default-8b5b6f678277-166\"\n\t\t\t\n\t\t>\n<div class=\"sow-image-container\">\n\t\t<img \n\tsrc=\"https:\/\/conias.com\/wp-content\/uploads\/2017\/12\/RiskLevel4.jpg\" width=\"1300\" height=\"600\" srcset=\"https:\/\/conias.com\/wp-content\/uploads\/2017\/12\/RiskLevel4.jpg 1300w, https:\/\/conias.com\/wp-content\/uploads\/2017\/12\/RiskLevel4-250x115.jpg 250w, https:\/\/conias.com\/wp-content\/uploads\/2017\/12\/RiskLevel4-768x354.jpg 768w, https:\/\/conias.com\/wp-content\/uploads\/2017\/12\/RiskLevel4-700x323.jpg 700w, https:\/\/conias.com\/wp-content\/uploads\/2017\/12\/RiskLevel4-120x55.jpg 120w\" sizes=\"(max-width: 1300px) 100vw, 1300px\" alt=\"\" \t\tclass=\"so-widget-image\"\/>\n\t<\/div>\n\n<\/div><\/div><\/div><div id=\"pgc-166-8-1\"  class=\"panel-grid-cell\" ><div id=\"panel-166-8-1-0\" class=\"so-panel widget widget_sow-editor panel-first-child panel-last-child\" data-index=\"12\" ><div\n\t\t\t\n\t\t\tclass=\"so-widget-sow-editor so-widget-sow-editor-base\"\n\t\t\t\n\t\t>\n<div class=\"siteorigin-widget-tinymce textwidget\">\n\t<table>\n<tbody>\n<tr>\n<td valign=\"top\"><b>Description:<\/b><\/td>\n<td>The region is increasingly affected by violent conflicts. Use of heavy weapons is possible. Grave conflict consequences like a higher death toll are given.<\/td>\n<\/tr>\n<tr>\n<td valign=\"top\"><b>Examples:<\/b><\/td>\n<td><i>7\/2017, Donetsk, Ukraine<\/i>\u00a0\u2013 Militants launch several attacks on positions of the Armed Forces of Ukraine using light and heavy weapons.<br \/>\n<i>7\/2017, South Kivu, DR Congo\u00a0<\/i>\u2013 Several distinct conflicts lead to an increased risk level in South Kivu. Mayi-Mayi and FNL attacks leave dozens killed<\/td>\n<\/tr>\n<tr>\n<td valign=\"top\"><b>Exposure:<\/b><\/td>\n<td>Occurrence of increased and possibly systematic violence, assaults on employees, kidnappings, roadblocks and damage to the infrastructure are likely.<\/td>\n<\/tr>\n<\/tbody>\n<\/table>\n<\/div>\n<\/div><\/div><\/div><\/div><div id=\"pg-166-9\"  class=\"panel-grid panel-no-style\" ><div id=\"pgc-166-9-0\"  class=\"panel-grid-cell\" ><div id=\"panel-166-9-0-0\" class=\"so-panel widget widget_sow-editor panel-first-child panel-last-child\" data-index=\"13\" ><div\n\t\t\t\n\t\t\tclass=\"so-widget-sow-editor so-widget-sow-editor-base\"\n\t\t\t\n\t\t>\n<div class=\"siteorigin-widget-tinymce textwidget\">\n\t<h2 style=\"text-align: center;\">Risk value 8 &lt; 10<\/h2>\n<\/div>\n<\/div><\/div><\/div><\/div><div id=\"pg-166-10\"  class=\"panel-grid panel-no-style\" ><div id=\"pgc-166-10-0\"  class=\"panel-grid-cell\" ><div id=\"panel-166-10-0-0\" class=\"so-panel widget widget_sow-editor panel-first-child panel-last-child\" data-index=\"14\" ><div\n\t\t\t\n\t\t\tclass=\"so-widget-sow-editor so-widget-sow-editor-base\"\n\t\t\t\n\t\t>\n<div class=\"siteorigin-widget-tinymce textwidget\">\n\t<table>\n<tbody>\n<tr>\n<td valign=\"top\"><b>Description:<\/b><\/td>\n<td>The region is in a state of war. Conflicts are carried out violently most likely with heavy weapons leading to increased destruction of infrastructure and a higher death toll.<\/td>\n<\/tr>\n<tr>\n<td valign=\"top\"><b>Examples:<\/b><\/td>\n<td><i>7\/2017, Mindanao, Philippines<\/i>\u00a0\u2013 Major military operation against Abu Sayyaf kills 22 islamists.<br \/>\n<i>4\/2017, Nangahar, Afghanistan<\/i>\u00a0\u2013 MOAB kills more than 92 ISIS militants<\/td>\n<\/tr>\n<tr>\n<td valign=\"top\"><b>Exposure:<\/b><\/td>\n<td>Highly violent confrontations are almost unavoidable. Highest danger to employees and sites.<\/td>\n<\/tr>\n<\/tbody>\n<\/table>\n<\/div>\n<\/div><\/div><\/div><div id=\"pgc-166-10-1\"  class=\"panel-grid-cell\" ><div id=\"panel-166-10-1-0\" class=\"so-panel widget widget_sow-image panel-first-child panel-last-child\" data-index=\"15\" ><div\n\t\t\t\n\t\t\tclass=\"so-widget-sow-image so-widget-sow-image-default-8b5b6f678277-166\"\n\t\t\t\n\t\t>\n<div class=\"sow-image-container\">\n\t\t<img \n\tsrc=\"https:\/\/conias.com\/wp-content\/uploads\/2017\/12\/RiskLevel5.jpg\" width=\"1300\" height=\"600\" srcset=\"https:\/\/conias.com\/wp-content\/uploads\/2017\/12\/RiskLevel5.jpg 1300w, https:\/\/conias.com\/wp-content\/uploads\/2017\/12\/RiskLevel5-250x115.jpg 250w, https:\/\/conias.com\/wp-content\/uploads\/2017\/12\/RiskLevel5-768x354.jpg 768w, https:\/\/conias.com\/wp-content\/uploads\/2017\/12\/RiskLevel5-700x323.jpg 700w, https:\/\/conias.com\/wp-content\/uploads\/2017\/12\/RiskLevel5-120x55.jpg 120w\" sizes=\"(max-width: 1300px) 100vw, 1300px\" alt=\"\" \t\tclass=\"so-widget-image\"\/>\n\t<\/div>\n\n<\/div><\/div><\/div><\/div><\/div>","protected":false},"excerpt":{"rendered":"The assignment of the risk value within a geographic unit follows from the corresponding intensities of the prevailing conflicts in&#8230; <a class=\"view-article text-right\" style=\"font-weight: bold; text-align: right !important;\" href=\"https:\/\/conias.com\/en\/risk-rating\/\">View Article<\/a>","protected":false},"author":1,"featured_media":0,"parent":0,"menu_order":0,"comment_status":"closed","ping_status":"closed","template":"","meta":{"_acf_changed":false,"footnotes":""},"class_list":["post-166","page","type-page","status-publish","hentry"],"acf":[],"yoast_head":"<!-- This site is optimized with the Yoast SEO plugin v27.5 - https:\/\/yoast.com\/product\/yoast-seo-wordpress\/ -->\n<title>Risk Rating - CONIAS Risk Intelligence a MBI Product<\/title>\n<meta name=\"robots\" content=\"index, follow, max-snippet:-1, max-image-preview:large, max-video-preview:-1\" \/>\n<link rel=\"canonical\" href=\"https:\/\/conias.com\/en\/risk-rating\/\" \/>\n<meta property=\"og:locale\" content=\"en_US\" \/>\n<meta property=\"og:type\" content=\"article\" \/>\n<meta property=\"og:title\" content=\"Risk Rating - CONIAS Risk Intelligence a MBI Product\" \/>\n<meta property=\"og:description\" content=\"The assignment of the risk value within a geographic unit follows from the corresponding intensities of the prevailing conflicts in... View Article\" \/>\n<meta property=\"og:url\" content=\"https:\/\/conias.com\/en\/risk-rating\/\" \/>\n<meta property=\"og:site_name\" content=\"CONIAS Risk Intelligence a MBI Product\" \/>\n<meta property=\"article:modified_time\" content=\"2018-02-08T15:38:30+00:00\" \/>\n<meta name=\"twitter:card\" content=\"summary_large_image\" \/>\n<meta name=\"twitter:label1\" content=\"Est. reading time\" \/>\n\t<meta name=\"twitter:data1\" content=\"2 minutes\" \/>\n<script type=\"application\/ld+json\" class=\"yoast-schema-graph\">{\"@context\":\"https:\\\/\\\/schema.org\",\"@graph\":[{\"@type\":\"WebPage\",\"@id\":\"https:\\\/\\\/conias.com\\\/en\\\/risk-rating\\\/\",\"url\":\"https:\\\/\\\/conias.com\\\/en\\\/risk-rating\\\/\",\"name\":\"Risk Rating - CONIAS Risk Intelligence a MBI Product\",\"isPartOf\":{\"@id\":\"https:\\\/\\\/conias.com\\\/en\\\/#website\"},\"datePublished\":\"2017-12-14T13:43:33+00:00\",\"dateModified\":\"2018-02-08T15:38:30+00:00\",\"breadcrumb\":{\"@id\":\"https:\\\/\\\/conias.com\\\/en\\\/risk-rating\\\/#breadcrumb\"},\"inLanguage\":\"en-US\",\"potentialAction\":[{\"@type\":\"ReadAction\",\"target\":[\"https:\\\/\\\/conias.com\\\/en\\\/risk-rating\\\/\"]}]},{\"@type\":\"BreadcrumbList\",\"@id\":\"https:\\\/\\\/conias.com\\\/en\\\/risk-rating\\\/#breadcrumb\",\"itemListElement\":[{\"@type\":\"ListItem\",\"position\":1,\"name\":\"Home\",\"item\":\"https:\\\/\\\/conias.com\\\/en\\\/\"},{\"@type\":\"ListItem\",\"position\":2,\"name\":\"Risk Rating\"}]},{\"@type\":\"WebSite\",\"@id\":\"https:\\\/\\\/conias.com\\\/en\\\/#website\",\"url\":\"https:\\\/\\\/conias.com\\\/en\\\/\",\"name\":\"CONIAS Risk Intelligence a MBI Product\",\"description\":\"Wir unterst\u00fctzen Sie dabei, politische Risiken f\u00fcr Standort-, Logistik- &amp; Investitionssicherheit fr\u00fchzeitig zu erkennen &amp; Anpassungstrategien zu entwickeln.\",\"potentialAction\":[{\"@type\":\"SearchAction\",\"target\":{\"@type\":\"EntryPoint\",\"urlTemplate\":\"https:\\\/\\\/conias.com\\\/en\\\/?s={search_term_string}\"},\"query-input\":{\"@type\":\"PropertyValueSpecification\",\"valueRequired\":true,\"valueName\":\"search_term_string\"}}],\"inLanguage\":\"en-US\"}]}<\/script>\n<!-- \/ Yoast SEO plugin. -->","yoast_head_json":{"title":"Risk Rating - CONIAS Risk Intelligence a MBI Product","robots":{"index":"index","follow":"follow","max-snippet":"max-snippet:-1","max-image-preview":"max-image-preview:large","max-video-preview":"max-video-preview:-1"},"canonical":"https:\/\/conias.com\/en\/risk-rating\/","og_locale":"en_US","og_type":"article","og_title":"Risk Rating - CONIAS Risk Intelligence a MBI Product","og_description":"The assignment of the risk value within a geographic unit follows from the corresponding intensities of the prevailing conflicts in... View Article","og_url":"https:\/\/conias.com\/en\/risk-rating\/","og_site_name":"CONIAS Risk Intelligence a MBI Product","article_modified_time":"2018-02-08T15:38:30+00:00","twitter_card":"summary_large_image","twitter_misc":{"Est. reading time":"2 minutes"},"schema":{"@context":"https:\/\/schema.org","@graph":[{"@type":"WebPage","@id":"https:\/\/conias.com\/en\/risk-rating\/","url":"https:\/\/conias.com\/en\/risk-rating\/","name":"Risk Rating - CONIAS Risk Intelligence a MBI Product","isPartOf":{"@id":"https:\/\/conias.com\/en\/#website"},"datePublished":"2017-12-14T13:43:33+00:00","dateModified":"2018-02-08T15:38:30+00:00","breadcrumb":{"@id":"https:\/\/conias.com\/en\/risk-rating\/#breadcrumb"},"inLanguage":"en-US","potentialAction":[{"@type":"ReadAction","target":["https:\/\/conias.com\/en\/risk-rating\/"]}]},{"@type":"BreadcrumbList","@id":"https:\/\/conias.com\/en\/risk-rating\/#breadcrumb","itemListElement":[{"@type":"ListItem","position":1,"name":"Home","item":"https:\/\/conias.com\/en\/"},{"@type":"ListItem","position":2,"name":"Risk Rating"}]},{"@type":"WebSite","@id":"https:\/\/conias.com\/en\/#website","url":"https:\/\/conias.com\/en\/","name":"CONIAS Risk Intelligence a MBI Product","description":"Wir unterst\u00fctzen Sie dabei, politische Risiken f\u00fcr Standort-, Logistik- &amp; Investitionssicherheit fr\u00fchzeitig zu erkennen &amp; Anpassungstrategien zu entwickeln.","potentialAction":[{"@type":"SearchAction","target":{"@type":"EntryPoint","urlTemplate":"https:\/\/conias.com\/en\/?s={search_term_string}"},"query-input":{"@type":"PropertyValueSpecification","valueRequired":true,"valueName":"search_term_string"}}],"inLanguage":"en-US"}]}},"_links":{"self":[{"href":"https:\/\/conias.com\/en\/wp-json\/wp\/v2\/pages\/166","targetHints":{"allow":["GET"]}}],"collection":[{"href":"https:\/\/conias.com\/en\/wp-json\/wp\/v2\/pages"}],"about":[{"href":"https:\/\/conias.com\/en\/wp-json\/wp\/v2\/types\/page"}],"author":[{"embeddable":true,"href":"https:\/\/conias.com\/en\/wp-json\/wp\/v2\/users\/1"}],"replies":[{"embeddable":true,"href":"https:\/\/conias.com\/en\/wp-json\/wp\/v2\/comments?post=166"}],"version-history":[{"count":30,"href":"https:\/\/conias.com\/en\/wp-json\/wp\/v2\/pages\/166\/revisions"}],"predecessor-version":[{"id":1325,"href":"https:\/\/conias.com\/en\/wp-json\/wp\/v2\/pages\/166\/revisions\/1325"}],"wp:attachment":[{"href":"https:\/\/conias.com\/en\/wp-json\/wp\/v2\/media?parent=166"}],"curies":[{"name":"wp","href":"https:\/\/api.w.org\/{rel}","templated":true}]}}