{"id":19,"date":"2017-12-13T15:02:17","date_gmt":"2017-12-13T15:02:17","guid":{"rendered":"http:\/\/testwww.conias.com\/\/?page_id=19"},"modified":"2021-11-26T14:09:37","modified_gmt":"2021-11-26T13:09:37","slug":"contact","status":"publish","type":"page","link":"https:\/\/conias.com\/en\/contact\/","title":{"rendered":"Get in touch with us"},"content":{"rendered":"<div id=\"pl-19\"  class=\"panel-layout\" ><div id=\"pg-19-0\"  class=\"panel-grid panel-no-style\" ><div id=\"pgc-19-0-0\"  class=\"panel-grid-cell\" ><div id=\"panel-19-0-0-0\" class=\"so-panel widget widget_sow-editor panel-first-child panel-last-child\" data-index=\"0\" ><div\n\t\t\t\n\t\t\tclass=\"so-widget-sow-editor so-widget-sow-editor-base\"\n\t\t\t\n\t\t>\n<div class=\"siteorigin-widget-tinymce textwidget\">\n\t<h3 style=\"text-align: center;\"><em><strong>Please send us a message or give us a call - we are looking forward to the exchange!<\/strong><\/em><\/h3>\n<\/div>\n<\/div><\/div><\/div><\/div><div id=\"pg-19-1\"  class=\"panel-grid panel-no-style\" ><div id=\"pgc-19-1-0\"  class=\"panel-grid-cell\" ><div id=\"panel-19-1-0-0\" class=\"so-panel widget widget_sow-editor panel-first-child panel-last-child\" data-index=\"1\" ><div class=\"panel-widget-style panel-widget-style-for-19-1-0-0\" ><div\n\t\t\t\n\t\t\tclass=\"so-widget-sow-editor so-widget-sow-editor-base\"\n\t\t\t\n\t\t>\n<div class=\"siteorigin-widget-tinymce textwidget\">\n\t<p>\/&gt;<\/p>\n<p style=\"text-align: center;\"><img loading=\"lazy\" decoding=\"async\" class=\"alignnone wp-image-10954 size-medium\" src=\"https:\/\/conias.com\/wp-content\/uploads\/2021\/11\/Logo-250x58.jpg\" alt=\"\" width=\"250\" height=\"58\" srcset=\"https:\/\/conias.com\/wp-content\/uploads\/2021\/11\/Logo-250x58.jpg 250w, https:\/\/conias.com\/wp-content\/uploads\/2021\/11\/Logo-120x28.jpg 120w, https:\/\/conias.com\/wp-content\/uploads\/2021\/11\/Logo.jpg 650w\" sizes=\"auto, (max-width: 250px) 100vw, 250px\" \/><\/p>\n<p style=\"text-align: center;\">Michael Bauer International GmbH<br \/>\nGreschbachstr. 12<br \/>\n76229 Karlsruhe<\/p>\n<p style=\"text-align: center;\"><i class=\"fa fa-phone\" aria-hidden=\"true\"><\/i><a href=\" +49 (0)721-1618566\">\u00a0 +49 (0)721-1618566<\/a><br \/>\n<i class=\"fa fa-envelope\" aria-hidden=\"true\"><\/i><a href=\"mailto:info@mbi-geodata.com\">\u00a0 info@mbi-geodata.com<\/a><\/p>\n<div class=\"social-wrapper text-center\">\n<ul class=\"social\" style=\"font-size: 120%;\">\n<li><\/li>\n<li><\/li>\n<li><\/li>\n<li><\/li>\n<\/ul>\n<p><!--\/.social --><\/p>\n<\/div>\n<p>&nbsp;<\/p>\n<div style=\"width: 80%; margin-right: auto; margin-left: auto; text-align: justify;\">We are at all times at your disposal for your questions on political risks and our work. Feel free to visit us at <a href=\"https:\/\/mbi-geodata.com\" target=\"_blank\" rel=\"noopener\">Michael Bauer International GmbH<\/a> or schedule an <a href=\"mailto:info@mbi-geodata.com\">appointment<\/a> today. We are looking forward to meeting you in person!<\/div>\n<\/div>\n<\/div><\/div><\/div><\/div><div id=\"pgc-19-1-1\"  class=\"panel-grid-cell\" ><div id=\"panel-19-1-1-0\" class=\"so-panel widget widget_sow-editor panel-first-child panel-last-child\" data-index=\"2\" ><div class=\"panel-widget-style panel-widget-style-for-19-1-1-0\" ><div\n\t\t\t\n\t\t\tclass=\"so-widget-sow-editor so-widget-sow-editor-base\"\n\t\t\t\n\t\t>\n<div class=\"siteorigin-widget-tinymce textwidget\">\n\t\n<div class=\"wpcf7 no-js\" id=\"wpcf7-f10952-o1\" lang=\"de-DE\" dir=\"ltr\" data-wpcf7-id=\"10952\">\n<div class=\"screen-reader-response\"><p role=\"status\" aria-live=\"polite\" aria-atomic=\"true\"><\/p> <ul><\/ul><\/div>\n<form action=\"\/en\/wp-json\/wp\/v2\/pages\/19#wpcf7-f10952-o1\" method=\"post\" class=\"wpcf7-form init\" aria-label=\"Kontaktformular\" novalidate=\"novalidate\" data-status=\"init\">\n<fieldset class=\"hidden-fields-container\"><input type=\"hidden\" name=\"_wpcf7\" value=\"10952\" \/><input type=\"hidden\" name=\"_wpcf7_version\" value=\"6.1.5\" \/><input type=\"hidden\" name=\"_wpcf7_locale\" value=\"de_DE\" \/><input type=\"hidden\" name=\"_wpcf7_unit_tag\" value=\"wpcf7-f10952-o1\" \/><input type=\"hidden\" name=\"_wpcf7_container_post\" value=\"0\" \/><input type=\"hidden\" name=\"_wpcf7_posted_data_hash\" value=\"\" \/><input type=\"hidden\" name=\"__swss_pow__\" value=\"\" \/><input type=\"hidden\" name=\"nlang\" value=\"en\" \/>\n<\/fieldset>\n<p><label> Name*<br \/>\n<span class=\"wpcf7-form-control-wrap\" data-name=\"your-name\"><input size=\"40\" maxlength=\"400\" class=\"wpcf7-form-control wpcf7-text wpcf7-validates-as-required\" aria-required=\"true\" aria-invalid=\"false\" value=\"\" type=\"text\" name=\"your-name\" \/><\/span> <\/label>\n<\/p>\n<p><label> Email Address*<br \/>\n<span class=\"wpcf7-form-control-wrap\" data-name=\"your-email\"><input size=\"40\" maxlength=\"400\" class=\"wpcf7-form-control wpcf7-email wpcf7-validates-as-required wpcf7-text wpcf7-validates-as-email\" aria-required=\"true\" aria-invalid=\"false\" value=\"\" type=\"email\" name=\"your-email\" \/><\/span> <\/label>\n<\/p>\n<p><label> Company<br \/>\n<span class=\"wpcf7-form-control-wrap\" data-name=\"your-company\"><input size=\"40\" maxlength=\"400\" class=\"wpcf7-form-control wpcf7-text\" aria-invalid=\"false\" value=\"\" type=\"text\" name=\"your-company\" \/><\/span> <\/label>\n<\/p>\n<p><label> Subject*<br \/>\n<span class=\"wpcf7-form-control-wrap\" data-name=\"your-subject\"><input size=\"40\" maxlength=\"400\" class=\"wpcf7-form-control wpcf7-text wpcf7-validates-as-required\" aria-required=\"true\" aria-invalid=\"false\" value=\"\" type=\"text\" name=\"your-subject\" \/><\/span> <\/label>\n<\/p>\n<p><label> Message*<br \/>\n<span class=\"wpcf7-form-control-wrap\" data-name=\"your-message\"><textarea cols=\"40\" rows=\"10\" maxlength=\"2000\" class=\"wpcf7-form-control wpcf7-textarea\" aria-invalid=\"false\" name=\"your-message\"><\/textarea><\/span> <\/label>\n<\/p>\n<p><input class=\"wpcf7-form-control wpcf7-submit has-spinner\" type=\"submit\" value=\"Send\" \/>\n<\/p>\n<p>*Required\n<\/p><div class=\"wpcf7-response-output\" aria-hidden=\"true\"><\/div>\n<\/form>\n<\/div>\n\n<\/div>\n<\/div><\/div><\/div><\/div><\/div><div id=\"pg-19-2\"  class=\"panel-grid panel-no-style\" ><div id=\"pgc-19-2-0\"  class=\"panel-grid-cell\" ><div id=\"panel-19-2-0-0\" class=\"so-panel widget widget_sow-editor panel-first-child\" data-index=\"3\" ><div\n\t\t\t\n\t\t\tclass=\"so-widget-sow-editor so-widget-sow-editor-base\"\n\t\t\t\n\t\t>\n<div class=\"siteorigin-widget-tinymce textwidget\">\n\t<hr \/>\n<p style=\"text-align: center;\">You travel, trade and invest internationally and want to know more about political risks? Subscribe to our <a href=\"https:\/\/conias.com\/en\/newsletter\/\">Newsletter<\/a> today!<\/p>\n<\/div>\n<\/div><\/div><div id=\"panel-19-2-0-1\" class=\"widget_text so-panel widget widget_custom_html panel-last-child\" data-index=\"4\" ><div class=\"widget_text panel-widget-style panel-widget-style-for-19-2-0-1\" ><div class=\"textwidget custom-html-widget\"><\/div><\/div><\/div><\/div><\/div><\/div>","protected":false},"excerpt":{"rendered":"Please send us a message or give us a call &#8211; we are looking forward to the exchange! \/&gt; Michael&#8230; <a class=\"view-article text-right\" style=\"font-weight: bold; text-align: right !important;\" href=\"https:\/\/conias.com\/en\/contact\/\">View Article<\/a>","protected":false},"author":1,"featured_media":0,"parent":0,"menu_order":0,"comment_status":"closed","ping_status":"closed","template":"","meta":{"_acf_changed":false,"footnotes":""},"class_list":["post-19","page","type-page","status-publish","hentry"],"acf":[],"yoast_head":"<!-- This site is optimized with the Yoast SEO plugin v27.5 - https:\/\/yoast.com\/product\/yoast-seo-wordpress\/ -->\n<title>Get in touch with us - CONIAS Risk Intelligence a MBI Product<\/title>\n<meta name=\"robots\" content=\"index, follow, max-snippet:-1, max-image-preview:large, max-video-preview:-1\" \/>\n<link rel=\"canonical\" href=\"https:\/\/conias.com\/en\/contact\/\" \/>\n<meta property=\"og:locale\" content=\"en_US\" \/>\n<meta property=\"og:type\" content=\"article\" \/>\n<meta property=\"og:title\" content=\"Get in touch with us - CONIAS Risk Intelligence a MBI Product\" \/>\n<meta property=\"og:description\" content=\"Please send us a message or give us a call - we are looking forward to the exchange! \/&gt; Michael... View Article\" \/>\n<meta property=\"og:url\" content=\"https:\/\/conias.com\/en\/contact\/\" \/>\n<meta property=\"og:site_name\" content=\"CONIAS Risk Intelligence a MBI Product\" \/>\n<meta property=\"article:modified_time\" content=\"2021-11-26T13:09:37+00:00\" \/>\n<meta property=\"og:image\" content=\"https:\/\/conias.com\/wp-content\/uploads\/2021\/11\/Logo-250x58.jpg\" \/>\n<meta name=\"twitter:card\" content=\"summary_large_image\" \/>\n<meta name=\"twitter:label1\" content=\"Est. reading time\" \/>\n\t<meta name=\"twitter:data1\" content=\"1 minute\" \/>\n<script type=\"application\/ld+json\" class=\"yoast-schema-graph\">{\"@context\":\"https:\\\/\\\/schema.org\",\"@graph\":[{\"@type\":\"WebPage\",\"@id\":\"https:\\\/\\\/conias.com\\\/en\\\/contact\\\/\",\"url\":\"https:\\\/\\\/conias.com\\\/en\\\/contact\\\/\",\"name\":\"Get in touch with us - CONIAS Risk Intelligence a MBI Product\",\"isPartOf\":{\"@id\":\"https:\\\/\\\/conias.com\\\/en\\\/#website\"},\"primaryImageOfPage\":{\"@id\":\"https:\\\/\\\/conias.com\\\/en\\\/contact\\\/#primaryimage\"},\"image\":{\"@id\":\"https:\\\/\\\/conias.com\\\/en\\\/contact\\\/#primaryimage\"},\"thumbnailUrl\":\"https:\\\/\\\/conias.com\\\/wp-content\\\/uploads\\\/2021\\\/11\\\/Logo-250x58.jpg\",\"datePublished\":\"2017-12-13T15:02:17+00:00\",\"dateModified\":\"2021-11-26T13:09:37+00:00\",\"breadcrumb\":{\"@id\":\"https:\\\/\\\/conias.com\\\/en\\\/contact\\\/#breadcrumb\"},\"inLanguage\":\"en-US\",\"potentialAction\":[{\"@type\":\"ReadAction\",\"target\":[\"https:\\\/\\\/conias.com\\\/en\\\/contact\\\/\"]}]},{\"@type\":\"ImageObject\",\"inLanguage\":\"en-US\",\"@id\":\"https:\\\/\\\/conias.com\\\/en\\\/contact\\\/#primaryimage\",\"url\":\"https:\\\/\\\/conias.com\\\/wp-content\\\/uploads\\\/2021\\\/11\\\/Logo-250x58.jpg\",\"contentUrl\":\"https:\\\/\\\/conias.com\\\/wp-content\\\/uploads\\\/2021\\\/11\\\/Logo-250x58.jpg\"},{\"@type\":\"BreadcrumbList\",\"@id\":\"https:\\\/\\\/conias.com\\\/en\\\/contact\\\/#breadcrumb\",\"itemListElement\":[{\"@type\":\"ListItem\",\"position\":1,\"name\":\"Home\",\"item\":\"https:\\\/\\\/conias.com\\\/en\\\/\"},{\"@type\":\"ListItem\",\"position\":2,\"name\":\"Get in touch with us\"}]},{\"@type\":\"WebSite\",\"@id\":\"https:\\\/\\\/conias.com\\\/en\\\/#website\",\"url\":\"https:\\\/\\\/conias.com\\\/en\\\/\",\"name\":\"CONIAS Risk Intelligence a MBI Product\",\"description\":\"Wir unterst\u00fctzen Sie dabei, politische Risiken f\u00fcr Standort-, Logistik- &amp; Investitionssicherheit fr\u00fchzeitig zu erkennen &amp; Anpassungstrategien zu entwickeln.\",\"potentialAction\":[{\"@type\":\"SearchAction\",\"target\":{\"@type\":\"EntryPoint\",\"urlTemplate\":\"https:\\\/\\\/conias.com\\\/en\\\/?s={search_term_string}\"},\"query-input\":{\"@type\":\"PropertyValueSpecification\",\"valueRequired\":true,\"valueName\":\"search_term_string\"}}],\"inLanguage\":\"en-US\"}]}<\/script>\n<!-- \/ Yoast SEO plugin. -->","yoast_head_json":{"title":"Get in touch with us - CONIAS Risk Intelligence a MBI Product","robots":{"index":"index","follow":"follow","max-snippet":"max-snippet:-1","max-image-preview":"max-image-preview:large","max-video-preview":"max-video-preview:-1"},"canonical":"https:\/\/conias.com\/en\/contact\/","og_locale":"en_US","og_type":"article","og_title":"Get in touch with us - CONIAS Risk Intelligence a MBI Product","og_description":"Please send us a message or give us a call - we are looking forward to the exchange! \/&gt; Michael... View Article","og_url":"https:\/\/conias.com\/en\/contact\/","og_site_name":"CONIAS Risk Intelligence a MBI Product","article_modified_time":"2021-11-26T13:09:37+00:00","og_image":[{"url":"https:\/\/conias.com\/wp-content\/uploads\/2021\/11\/Logo-250x58.jpg","type":"","width":"","height":""}],"twitter_card":"summary_large_image","twitter_misc":{"Est. reading time":"1 minute"},"schema":{"@context":"https:\/\/schema.org","@graph":[{"@type":"WebPage","@id":"https:\/\/conias.com\/en\/contact\/","url":"https:\/\/conias.com\/en\/contact\/","name":"Get in touch with us - CONIAS Risk Intelligence a MBI Product","isPartOf":{"@id":"https:\/\/conias.com\/en\/#website"},"primaryImageOfPage":{"@id":"https:\/\/conias.com\/en\/contact\/#primaryimage"},"image":{"@id":"https:\/\/conias.com\/en\/contact\/#primaryimage"},"thumbnailUrl":"https:\/\/conias.com\/wp-content\/uploads\/2021\/11\/Logo-250x58.jpg","datePublished":"2017-12-13T15:02:17+00:00","dateModified":"2021-11-26T13:09:37+00:00","breadcrumb":{"@id":"https:\/\/conias.com\/en\/contact\/#breadcrumb"},"inLanguage":"en-US","potentialAction":[{"@type":"ReadAction","target":["https:\/\/conias.com\/en\/contact\/"]}]},{"@type":"ImageObject","inLanguage":"en-US","@id":"https:\/\/conias.com\/en\/contact\/#primaryimage","url":"https:\/\/conias.com\/wp-content\/uploads\/2021\/11\/Logo-250x58.jpg","contentUrl":"https:\/\/conias.com\/wp-content\/uploads\/2021\/11\/Logo-250x58.jpg"},{"@type":"BreadcrumbList","@id":"https:\/\/conias.com\/en\/contact\/#breadcrumb","itemListElement":[{"@type":"ListItem","position":1,"name":"Home","item":"https:\/\/conias.com\/en\/"},{"@type":"ListItem","position":2,"name":"Get in touch with us"}]},{"@type":"WebSite","@id":"https:\/\/conias.com\/en\/#website","url":"https:\/\/conias.com\/en\/","name":"CONIAS Risk Intelligence a MBI Product","description":"Wir unterst\u00fctzen Sie dabei, politische Risiken f\u00fcr Standort-, Logistik- &amp; Investitionssicherheit fr\u00fchzeitig zu erkennen &amp; Anpassungstrategien zu entwickeln.","potentialAction":[{"@type":"SearchAction","target":{"@type":"EntryPoint","urlTemplate":"https:\/\/conias.com\/en\/?s={search_term_string}"},"query-input":{"@type":"PropertyValueSpecification","valueRequired":true,"valueName":"search_term_string"}}],"inLanguage":"en-US"}]}},"_links":{"self":[{"href":"https:\/\/conias.com\/en\/wp-json\/wp\/v2\/pages\/19","targetHints":{"allow":["GET"]}}],"collection":[{"href":"https:\/\/conias.com\/en\/wp-json\/wp\/v2\/pages"}],"about":[{"href":"https:\/\/conias.com\/en\/wp-json\/wp\/v2\/types\/page"}],"author":[{"embeddable":true,"href":"https:\/\/conias.com\/en\/wp-json\/wp\/v2\/users\/1"}],"replies":[{"embeddable":true,"href":"https:\/\/conias.com\/en\/wp-json\/wp\/v2\/comments?post=19"}],"version-history":[{"count":41,"href":"https:\/\/conias.com\/en\/wp-json\/wp\/v2\/pages\/19\/revisions"}],"predecessor-version":[{"id":10967,"href":"https:\/\/conias.com\/en\/wp-json\/wp\/v2\/pages\/19\/revisions\/10967"}],"wp:attachment":[{"href":"https:\/\/conias.com\/en\/wp-json\/wp\/v2\/media?parent=19"}],"curies":[{"name":"wp","href":"https:\/\/api.w.org\/{rel}","templated":true}]}}