{"id":232,"date":"2017-12-16T11:19:33","date_gmt":"2017-12-16T11:19:33","guid":{"rendered":"http:\/\/testwww.conias.com\/\/?page_id=232"},"modified":"2023-02-27T13:35:22","modified_gmt":"2023-02-27T12:35:22","slug":"data-collection","status":"publish","type":"page","link":"https:\/\/conias.com\/en\/data-collection\/","title":{"rendered":"Data Collection"},"content":{"rendered":"<div id=\"pl-232\"  class=\"panel-layout\" ><div id=\"pg-232-0\"  class=\"panel-grid panel-no-style\" ><div id=\"pgc-232-0-0\"  class=\"panel-grid-cell\" ><div id=\"panel-232-0-0-0\" class=\"so-panel widget widget_sow-editor panel-first-child panel-last-child\" data-index=\"0\" ><div\n\t\t\t\n\t\t\tclass=\"so-widget-sow-editor so-widget-sow-editor-base\"\n\t\t\t\n\t\t>\n<div class=\"siteorigin-widget-tinymce textwidget\">\n\t<h3>3 billion articles as an information base<\/h3>\n<p>An accurate and reliable analysis of political risks does not \u2013 contrary to the widely shared assumptions \u2013 require secret information from intelligence services, but detailed and dependable sources of information. Via co-operations with information providers and the application of a specifically developed software, more than three billion articles p.a. or 40,000 sources, including newspapers, online journals, blogs and social media are searched for relevant information by the CONIAS algorithms. These include, for example, the Armed Conflict Location &amp; Event Data Project <b><a href=\"http:\/\/www.acleddata.com\" target=\"_blank\" rel=\"noopener\">(ACLED)<\/a><\/b>. After this phase, ca. 250,000 relevant articles p.a. remain, which are subsequently evaluated and converted into approximately 180,000 measures p.a., which then enter the database. Several measures even have two or more referenced source articles. As a result of this process, CONIAS currently monitors approximately 1100 ongoing political conflicts worldwide. <\/p>\n<\/div>\n<\/div><\/div><\/div><div id=\"pgc-232-0-1\"  class=\"panel-grid-cell\" ><div id=\"panel-232-0-1-0\" class=\"so-panel widget widget_sow-image panel-first-child panel-last-child\" data-index=\"1\" ><div\n\t\t\t\n\t\t\tclass=\"so-widget-sow-image so-widget-sow-image-default-8b5b6f678277-232\"\n\t\t\t\n\t\t>\n<div class=\"sow-image-container\">\n\t\t<img \n\tsrc=\"https:\/\/conias.com\/wp-content\/uploads\/2023\/02\/data_collection_funnel.jpg\" width=\"800\" height=\"665\" srcset=\"https:\/\/conias.com\/wp-content\/uploads\/2023\/02\/data_collection_funnel.jpg 800w, https:\/\/conias.com\/wp-content\/uploads\/2023\/02\/data_collection_funnel-250x208.jpg 250w, https:\/\/conias.com\/wp-content\/uploads\/2023\/02\/data_collection_funnel-700x582.jpg 700w, https:\/\/conias.com\/wp-content\/uploads\/2023\/02\/data_collection_funnel-768x638.jpg 768w, https:\/\/conias.com\/wp-content\/uploads\/2023\/02\/data_collection_funnel-120x100.jpg 120w\" sizes=\"(max-width: 800px) 100vw, 800px\" alt=\"the data collection Process of CONIAS is shown as a funnel.\" \t\tclass=\"so-widget-image\"\/>\n\t<\/div>\n\n<\/div><\/div><\/div><\/div><div id=\"pg-232-1\"  class=\"panel-grid panel-no-style\" ><div id=\"pgc-232-1-0\"  class=\"panel-grid-cell\" ><div id=\"panel-232-1-0-0\" class=\"so-panel widget widget_sow-editor panel-first-child panel-last-child\" data-index=\"2\" ><div\n\t\t\t\n\t\t\tclass=\"so-widget-sow-editor so-widget-sow-editor-base\"\n\t\t\t\n\t\t>\n<div class=\"siteorigin-widget-tinymce textwidget\">\n\t<p>During the process, continuous checks are carried out by coders, regional scientific cooperation partners and editors to ensure the quality of the information obtained. Experience and advanced software technology coupled with a large network of professional co-operation partners, enables us to quickly update our data by simultaneously applying meticulous care. These updates are executed routinely on a monthly basis. However, in special periods of crisis, a daily risk-update can be supplied.<\/p>\n<\/div>\n<\/div><\/div><\/div><\/div><\/div>","protected":false},"excerpt":{"rendered":"3 billion articles as an information base An accurate and reliable analysis of political risks does not \u2013 contrary to&#8230; <a class=\"view-article text-right\" style=\"font-weight: bold; text-align: right !important;\" href=\"https:\/\/conias.com\/en\/data-collection\/\">View Article<\/a>","protected":false},"author":1,"featured_media":0,"parent":0,"menu_order":0,"comment_status":"closed","ping_status":"closed","template":"","meta":{"_acf_changed":false,"footnotes":""},"class_list":["post-232","page","type-page","status-publish","hentry"],"acf":[],"yoast_head":"<!-- This site is optimized with the Yoast SEO plugin v27.3 - https:\/\/yoast.com\/product\/yoast-seo-wordpress\/ -->\n<title>Data Collection - Conias Risk Intelligence<\/title>\n<meta name=\"description\" content=\"The collection of sensitive data for conflicts and security is time consuming and requires particular diligence. Based on our 20 years of experience and the latest specifically developed software, we managed to reduce the time requirement compared to previous methods by 80 % and increased the quality.\" \/>\n<meta name=\"robots\" content=\"index, follow, max-snippet:-1, max-image-preview:large, max-video-preview:-1\" \/>\n<link rel=\"canonical\" href=\"https:\/\/conias.com\/en\/data-collection\/\" \/>\n<meta property=\"og:locale\" content=\"en_US\" \/>\n<meta property=\"og:type\" content=\"article\" \/>\n<meta property=\"og:title\" content=\"Data Collection - Conias Risk Intelligence\" \/>\n<meta property=\"og:description\" content=\"The collection of sensitive data for conflicts and security is time consuming and requires particular diligence. Based on our 20 years of experience and the latest specifically developed software, we managed to reduce the time requirement compared to previous methods by 80 % and increased the quality.\" \/>\n<meta property=\"og:url\" content=\"https:\/\/conias.com\/en\/data-collection\/\" \/>\n<meta property=\"og:site_name\" content=\"CONIAS Risk Intelligence a MBI Product\" \/>\n<meta property=\"article:modified_time\" content=\"2023-02-27T12:35:22+00:00\" \/>\n<meta name=\"twitter:card\" content=\"summary_large_image\" \/>\n<meta name=\"twitter:label1\" content=\"Est. reading time\" \/>\n\t<meta name=\"twitter:data1\" content=\"3 minutes\" \/>\n<script type=\"application\/ld+json\" class=\"yoast-schema-graph\">{\"@context\":\"https:\\\/\\\/schema.org\",\"@graph\":[{\"@type\":\"WebPage\",\"@id\":\"https:\\\/\\\/conias.com\\\/en\\\/data-collection\\\/\",\"url\":\"https:\\\/\\\/conias.com\\\/en\\\/data-collection\\\/\",\"name\":\"Data Collection - Conias Risk Intelligence\",\"isPartOf\":{\"@id\":\"https:\\\/\\\/conias.com\\\/en\\\/#website\"},\"datePublished\":\"2017-12-16T11:19:33+00:00\",\"dateModified\":\"2023-02-27T12:35:22+00:00\",\"description\":\"The collection of sensitive data for conflicts and security is time consuming and requires particular diligence. Based on our 20 years of experience and the latest specifically developed software, we managed to reduce the time requirement compared to previous methods by 80 % and increased the quality.\",\"breadcrumb\":{\"@id\":\"https:\\\/\\\/conias.com\\\/en\\\/data-collection\\\/#breadcrumb\"},\"inLanguage\":\"en-US\",\"potentialAction\":[{\"@type\":\"ReadAction\",\"target\":[\"https:\\\/\\\/conias.com\\\/en\\\/data-collection\\\/\"]}]},{\"@type\":\"BreadcrumbList\",\"@id\":\"https:\\\/\\\/conias.com\\\/en\\\/data-collection\\\/#breadcrumb\",\"itemListElement\":[{\"@type\":\"ListItem\",\"position\":1,\"name\":\"Home\",\"item\":\"https:\\\/\\\/conias.com\\\/en\\\/\"},{\"@type\":\"ListItem\",\"position\":2,\"name\":\"Data Collection\"}]},{\"@type\":\"WebSite\",\"@id\":\"https:\\\/\\\/conias.com\\\/en\\\/#website\",\"url\":\"https:\\\/\\\/conias.com\\\/en\\\/\",\"name\":\"CONIAS Risk Intelligence a MBI Product\",\"description\":\"Wir unterst\u00fctzen Sie dabei, politische Risiken f\u00fcr Standort-, Logistik- &amp; Investitionssicherheit fr\u00fchzeitig zu erkennen &amp; Anpassungstrategien zu entwickeln.\",\"potentialAction\":[{\"@type\":\"SearchAction\",\"target\":{\"@type\":\"EntryPoint\",\"urlTemplate\":\"https:\\\/\\\/conias.com\\\/en\\\/?s={search_term_string}\"},\"query-input\":{\"@type\":\"PropertyValueSpecification\",\"valueRequired\":true,\"valueName\":\"search_term_string\"}}],\"inLanguage\":\"en-US\"}]}<\/script>\n<!-- \/ Yoast SEO plugin. -->","yoast_head_json":{"title":"Data Collection - Conias Risk Intelligence","description":"The collection of sensitive data for conflicts and security is time consuming and requires particular diligence. Based on our 20 years of experience and the latest specifically developed software, we managed to reduce the time requirement compared to previous methods by 80 % and increased the quality.","robots":{"index":"index","follow":"follow","max-snippet":"max-snippet:-1","max-image-preview":"max-image-preview:large","max-video-preview":"max-video-preview:-1"},"canonical":"https:\/\/conias.com\/en\/data-collection\/","og_locale":"en_US","og_type":"article","og_title":"Data Collection - Conias Risk Intelligence","og_description":"The collection of sensitive data for conflicts and security is time consuming and requires particular diligence. Based on our 20 years of experience and the latest specifically developed software, we managed to reduce the time requirement compared to previous methods by 80 % and increased the quality.","og_url":"https:\/\/conias.com\/en\/data-collection\/","og_site_name":"CONIAS Risk Intelligence a MBI Product","article_modified_time":"2023-02-27T12:35:22+00:00","twitter_card":"summary_large_image","twitter_misc":{"Est. reading time":"3 minutes"},"schema":{"@context":"https:\/\/schema.org","@graph":[{"@type":"WebPage","@id":"https:\/\/conias.com\/en\/data-collection\/","url":"https:\/\/conias.com\/en\/data-collection\/","name":"Data Collection - Conias Risk Intelligence","isPartOf":{"@id":"https:\/\/conias.com\/en\/#website"},"datePublished":"2017-12-16T11:19:33+00:00","dateModified":"2023-02-27T12:35:22+00:00","description":"The collection of sensitive data for conflicts and security is time consuming and requires particular diligence. Based on our 20 years of experience and the latest specifically developed software, we managed to reduce the time requirement compared to previous methods by 80 % and increased the quality.","breadcrumb":{"@id":"https:\/\/conias.com\/en\/data-collection\/#breadcrumb"},"inLanguage":"en-US","potentialAction":[{"@type":"ReadAction","target":["https:\/\/conias.com\/en\/data-collection\/"]}]},{"@type":"BreadcrumbList","@id":"https:\/\/conias.com\/en\/data-collection\/#breadcrumb","itemListElement":[{"@type":"ListItem","position":1,"name":"Home","item":"https:\/\/conias.com\/en\/"},{"@type":"ListItem","position":2,"name":"Data Collection"}]},{"@type":"WebSite","@id":"https:\/\/conias.com\/en\/#website","url":"https:\/\/conias.com\/en\/","name":"CONIAS Risk Intelligence a MBI Product","description":"Wir unterst\u00fctzen Sie dabei, politische Risiken f\u00fcr Standort-, Logistik- &amp; Investitionssicherheit fr\u00fchzeitig zu erkennen &amp; Anpassungstrategien zu entwickeln.","potentialAction":[{"@type":"SearchAction","target":{"@type":"EntryPoint","urlTemplate":"https:\/\/conias.com\/en\/?s={search_term_string}"},"query-input":{"@type":"PropertyValueSpecification","valueRequired":true,"valueName":"search_term_string"}}],"inLanguage":"en-US"}]}},"_links":{"self":[{"href":"https:\/\/conias.com\/en\/wp-json\/wp\/v2\/pages\/232","targetHints":{"allow":["GET"]}}],"collection":[{"href":"https:\/\/conias.com\/en\/wp-json\/wp\/v2\/pages"}],"about":[{"href":"https:\/\/conias.com\/en\/wp-json\/wp\/v2\/types\/page"}],"author":[{"embeddable":true,"href":"https:\/\/conias.com\/en\/wp-json\/wp\/v2\/users\/1"}],"replies":[{"embeddable":true,"href":"https:\/\/conias.com\/en\/wp-json\/wp\/v2\/comments?post=232"}],"version-history":[{"count":10,"href":"https:\/\/conias.com\/en\/wp-json\/wp\/v2\/pages\/232\/revisions"}],"predecessor-version":[{"id":13162,"href":"https:\/\/conias.com\/en\/wp-json\/wp\/v2\/pages\/232\/revisions\/13162"}],"wp:attachment":[{"href":"https:\/\/conias.com\/en\/wp-json\/wp\/v2\/media?parent=232"}],"curies":[{"name":"wp","href":"https:\/\/api.w.org\/{rel}","templated":true}]}}