{"id":239,"date":"2017-12-16T12:15:02","date_gmt":"2017-12-16T12:15:02","guid":{"rendered":"http:\/\/testwww.conias.com\/\/?page_id=239"},"modified":"2018-01-24T11:06:07","modified_gmt":"2018-01-24T11:06:07","slug":"fundamentals","status":"publish","type":"page","link":"https:\/\/conias.com\/en\/fundamentals\/","title":{"rendered":"Fundamentals"},"content":{"rendered":"<div id=\"pl-239\"  class=\"panel-layout\" ><div id=\"pg-239-0\"  class=\"panel-grid panel-no-style\" ><div id=\"pgc-239-0-0\"  class=\"panel-grid-cell\" ><div id=\"panel-239-0-0-0\" class=\"so-panel widget widget_sow-editor panel-first-child panel-last-child\" data-index=\"0\" ><div\n\t\t\t\n\t\t\tclass=\"so-widget-sow-editor so-widget-sow-editor-base\"\n\t\t\t\n\t\t>\n<div class=\"siteorigin-widget-tinymce textwidget\">\n\t<h3>Conflicts as social systems<\/h3>\n<p class=\"main-content--textblock\">The CONIAS approach conceives conflicts as social communications. These communications can manifest from announcements, threats, sanctions, but also from combat operations with light or heavy weaponry, bomb explosions or targeted assassinations. Also negotiations, arbitrations, mediations, peace agreements and other treaties are counted as part of the conflict communication. All in all the CONIAS catalog differentiates between 200 measures in four groups and twelve categories.<\/p>\n<p class=\"main-content--textblock\">Each communication has its author and its addressee. This could be a state, a non-state actor, a private organization or in special cases even a particular person. The actors can be differentiated according to their role within a conflict; direct actors, those who want the conflict item for themselves and communicate it, supporters, who support one or multiple directly involved actors with financial, military or political aid and lastly arbitrators and mediators. The latter do not have an interest in the conflict item, but want to end the violence or find a solution to the conflict (for more detail see Schwank 2012).<\/p>\n<\/div>\n<\/div><\/div><\/div><div id=\"pgc-239-0-1\"  class=\"panel-grid-cell\" ><div id=\"panel-239-0-1-0\" class=\"so-panel widget widget_sow-image panel-first-child panel-last-child\" data-index=\"1\" ><div\n\t\t\t\n\t\t\tclass=\"so-widget-sow-image so-widget-sow-image-default-8b5b6f678277-239\"\n\t\t\t\n\t\t>\n<div class=\"sow-image-container\">\n\t\t<img \n\tsrc=\"https:\/\/conias.com\/wp-content\/uploads\/2017\/12\/Grafik-conflicts-as-social-systems-fundamentals-e1513762011574.png\" width=\"965\" height=\"447\" srcset=\"https:\/\/conias.com\/wp-content\/uploads\/2017\/12\/Grafik-conflicts-as-social-systems-fundamentals-e1513762011574.png 965w, https:\/\/conias.com\/wp-content\/uploads\/2017\/12\/Grafik-conflicts-as-social-systems-fundamentals-e1513762011574-250x116.png 250w, https:\/\/conias.com\/wp-content\/uploads\/2017\/12\/Grafik-conflicts-as-social-systems-fundamentals-e1513762011574-768x356.png 768w, https:\/\/conias.com\/wp-content\/uploads\/2017\/12\/Grafik-conflicts-as-social-systems-fundamentals-e1513762011574-700x324.png 700w, https:\/\/conias.com\/wp-content\/uploads\/2017\/12\/Grafik-conflicts-as-social-systems-fundamentals-e1513762011574-120x56.png 120w\" sizes=\"(max-width: 965px) 100vw, 965px\" title=\"Grafik-conflicts-as-social-systems-fundamentals\" alt=\"\" \t\tclass=\"so-widget-image\"\/>\n\t<\/div>\n\n<\/div><\/div><\/div><\/div><div id=\"pg-239-1\"  class=\"panel-grid panel-no-style\" ><div id=\"pgc-239-1-0\"  class=\"panel-grid-cell\" ><div id=\"panel-239-1-0-0\" class=\"so-panel widget widget_sow-editor panel-first-child\" data-index=\"2\" ><div\n\t\t\t\n\t\t\tclass=\"so-widget-sow-editor so-widget-sow-editor-base\"\n\t\t\t\n\t\t>\n<div class=\"siteorigin-widget-tinymce textwidget\">\n\t<h3>Dynamic mapping in time and space<\/h3>\n<p>The contemporary analysis of political country risks does not only require a detailed description of the current threats, but also seeks answers to the questions when and where risks occur. The CONIAS approach solves this problem by accurately capturing the communication between the actors in its geographic and temporal dimensions and evaluating its intensity. A further novel development by CONIAS Risk Intelligence is that the geographic space of actions can be mapped in detail due to the usage of precise geo-referential data. As a result, the risk, which arises from political conflicts, can be measured and calculated more accurately than before.<\/p>\n<\/div>\n<\/div><\/div><div id=\"panel-239-1-0-1\" class=\"so-panel widget widget_sow-image panel-last-child\" data-index=\"3\" ><div\n\t\t\t\n\t\t\tclass=\"so-widget-sow-image so-widget-sow-image-default-c67d20f9f743-239\"\n\t\t\t\n\t\t><\/div><\/div><\/div><div id=\"pgc-239-1-1\"  class=\"panel-grid-cell\" ><div id=\"panel-239-1-1-0\" class=\"so-panel widget widget_sow-editor panel-first-child panel-last-child\" data-index=\"4\" ><div\n\t\t\t\n\t\t\tclass=\"so-widget-sow-editor so-widget-sow-editor-base\"\n\t\t\t\n\t\t>\n<div class=\"siteorigin-widget-tinymce textwidget\">\n\t<h3>Definition of a political conflict<\/h3>\n<p class=\"main-content--textblock\">Political conflicts are part of the everyday political life \u2013 especially in democracies. CONIAS however, wants to capture only those conflicts that have the potential to become a threat or do in fact lead to a reduction of the physical security. The following criteria within a social system have to be fulfilled to count as a political conflict according to the CONIAS approach:<\/p>\n<ul>\n<li>\n<p class=\"main-content--textblock\"><strong>Dissent in a political topic:\u00a0<\/strong>At the beginning of every political confrontation is a dissent: one of the involved parties is unsatisfied with an existing or upcoming regulation and communicates this. It is crucial that this \u2018no\u2019 is connected with a politically relevant issue that is a societally relevant topic. The CONIAS approach specifies ten possible conflict items, including a residual category.<\/p>\n<\/li>\n<li>\n<p class=\"main-content--textblock\"><strong>Assertiveness of the actors:\u00a0<\/strong>The above-mentioned political conflicts only count as relevant for CONIAS, if the involved actors are assertive or appear as such. Assertive actors, or those who appear that way, are actors who are able to damage the opponent in a manner so that they have to react.<\/p>\n<\/li>\n<li>\n<p class=\"main-content--textblock\"><strong>Conduct at the fringes or outside established regulatory procedures:\u00a0<\/strong>Many political conflicts between assertive actors are standardized. For example through parliaments, judicial institutions or other established regulatory procedures, such as wage disputes. For CONIAS however, only those political conflicts matter, which are either conducted outside established procedures or are likely to transgress them.<\/p>\n<\/li>\n<\/ul>\n<\/div>\n<\/div><\/div><\/div><\/div><div id=\"pg-239-2\"  class=\"panel-grid panel-no-style\" ><div id=\"pgc-239-2-0\"  class=\"panel-grid-cell\" ><div id=\"panel-239-2-0-0\" class=\"so-panel widget widget_sow-editor panel-first-child\" data-index=\"5\" ><div\n\t\t\t\n\t\t\tclass=\"so-widget-sow-editor so-widget-sow-editor-base\"\n\t\t\t\n\t\t>\n<div class=\"siteorigin-widget-tinymce textwidget\">\n\t<h3 style=\"text-align: center;\">Assessment of the intensity for a specific space of time<\/h3>\n<\/div>\n<\/div><\/div><div id=\"panel-239-2-0-1\" class=\"so-panel widget widget_sow-image\" data-index=\"6\" ><div\n\t\t\t\n\t\t\tclass=\"so-widget-sow-image so-widget-sow-image-default-c67d20f9f743-239\"\n\t\t\t\n\t\t>\n<div class=\"sow-image-container\">\n\t\t<img \n\tsrc=\"https:\/\/conias.com\/wp-content\/uploads\/2017\/12\/intensitaet.jpg\" width=\"900\" height=\"350\" srcset=\"https:\/\/conias.com\/wp-content\/uploads\/2017\/12\/intensitaet.jpg 900w, https:\/\/conias.com\/wp-content\/uploads\/2017\/12\/intensitaet-250x97.jpg 250w, https:\/\/conias.com\/wp-content\/uploads\/2017\/12\/intensitaet-768x299.jpg 768w, https:\/\/conias.com\/wp-content\/uploads\/2017\/12\/intensitaet-700x272.jpg 700w, https:\/\/conias.com\/wp-content\/uploads\/2017\/12\/intensitaet-120x47.jpg 120w\" sizes=\"(max-width: 900px) 100vw, 900px\" alt=\"\" \t\tclass=\"so-widget-image\"\/>\n\t<\/div>\n\n<\/div><\/div><div id=\"panel-239-2-0-2\" class=\"so-panel widget widget_sow-editor panel-last-child\" data-index=\"7\" ><div\n\t\t\t\n\t\t\tclass=\"so-widget-sow-editor so-widget-sow-editor-base\"\n\t\t\t\n\t\t>\n<div class=\"siteorigin-widget-tinymce textwidget\">\n\t<h3 style=\"text-align: center;\">CONIAS distinguishes five conflict levels in total that a conflict can reach<\/h3>\n<ul>\n<li>\n<p class=\"main-content--textblock\"><strong>Dispute:<\/strong>\u00a0the social system in question fulfills the basic definition of a political conflict. That means that a conflict of interest about a societally relevant conflict item between assertive actors is present. The conflict is conducted outside or at the fringes of established regulatory procedures.<\/p>\n<\/li>\n<li>\n<p class=\"main-content--textblock\"><strong>Non-violent crisis:\u00a0<\/strong>the most important signifier here is that the conflict is conducted without violence, but at least one actor presented the prospect of using violence (for example with the deployment of troops or maneuvers close to a border), threatened to use force or calls for it.<\/p>\n<\/li>\n<li>\n<p class=\"main-content--textblock\"><strong>Violent crisis:<\/strong>\u00a0this conflict level is virtually a transition between nonviolence and war. Within this conflict phase mostly singular actions are observable such as riots during demonstrations, bombings, targeted assassinations or actions alike that aim at inciting fear and terror. Moreover, skirmishes at the border or raids on villages are typical for this level. All in all however, the extent of the combat operations and the magnitude of the destruction stay on a low level.<\/p>\n<\/li>\n<li>\n<p class=\"main-content--textblock\"><strong>Limited war:<\/strong>\u00a0Within the level of limited war, systematic and extensive combat operations already occur. However, the violent conflict events mostly locate within a single or few regions. The extent of the combat operations and the magnitude of the destruction reach a medium to high level.<\/p>\n<\/li>\n<li>\n<p class=\"main-content--textblock\"><strong>War:\u00a0<\/strong>War signifies an involvement of the entire society of a region or country in the hostilities. Physical security is no longer present. The extent of the combat operations as well as the magnitude of the destruction are on a high or very high level.<\/p>\n<\/li>\n<\/ul>\n<\/div>\n<\/div><\/div><\/div><\/div><div id=\"pg-239-3\"  class=\"panel-grid panel-no-style\" ><div id=\"pgc-239-3-0\"  class=\"panel-grid-cell\" ><div id=\"panel-239-3-0-0\" class=\"so-panel widget widget_sow-editor panel-first-child panel-last-child\" data-index=\"8\" ><div\n\t\t\t\n\t\t\tclass=\"so-widget-sow-editor so-widget-sow-editor-base\"\n\t\t\t\n\t\t>\n<div class=\"siteorigin-widget-tinymce textwidget\">\n\t<h3>To evaluate the extent of violence, the following indicators are used:<\/h3>\n<ul>\n<li>Scope of the deployed personnel<\/li>\n<li>Type and application of the weaponry<\/li>\n<li>Number of casualties<\/li>\n<li>Number of refugees<\/li>\n<li>Extent of the damages to the infrastructure<\/li>\n<\/ul>\n<\/div>\n<\/div><\/div><\/div><div id=\"pgc-239-3-1\"  class=\"panel-grid-cell\" ><div id=\"panel-239-3-1-0\" class=\"so-panel widget widget_sow-editor panel-first-child panel-last-child\" data-index=\"9\" ><div\n\t\t\t\n\t\t\tclass=\"so-widget-sow-editor so-widget-sow-editor-base\"\n\t\t\t\n\t\t>\n<div class=\"siteorigin-widget-tinymce textwidget\">\n\t<h3>Temporal and spatial capture of the conflict intensity<\/h3>\n<ul>\n<li>\n<p class=\"main-content--textblock\">Up till 2010, the captured intensity of the continuous data collection relates to the entire state territory, where a conflict was conducted. The duration or phases of intensity was related to the first and last day where the most violent measure was adopted.<\/p>\n<\/li>\n<li>\n<p class=\"main-content--textblock\">As of 2011, the intensities are mapped for each first tier administrative division of the respective country and on a monthly basis.<\/p>\n<\/li>\n<\/ul>\n<\/div>\n<\/div><\/div><\/div><\/div><div id=\"pg-239-4\"  class=\"panel-grid panel-no-style\" ><div id=\"pgc-239-4-0\"  class=\"panel-grid-cell\" ><div id=\"panel-239-4-0-0\" class=\"so-panel widget widget_sow-editor panel-first-child\" data-index=\"10\" ><div\n\t\t\t\n\t\t\tclass=\"so-widget-sow-editor so-widget-sow-editor-base\"\n\t\t\t\n\t\t>\n<div class=\"siteorigin-widget-tinymce textwidget\">\n\t<h3>Geo-referenced localization of the conflict output<\/h3>\n<p>CONIAS Risk Intelligence uses the first subnational administrative unit of states as the foundation for the localization of the intensity of political conflicts. That way, nuanced situation maps of conflicts can be issued, the dynamics of conflicts can be captured and secure areas can be determined.<\/p>\n<p>\u00a0<\/p>\n<\/div>\n<\/div><\/div><div id=\"panel-239-4-0-1\" class=\"so-panel widget widget_sow-image\" data-index=\"11\" ><div\n\t\t\t\n\t\t\tclass=\"so-widget-sow-image so-widget-sow-image-default-c67d20f9f743-239\"\n\t\t\t\n\t\t>\n<div class=\"sow-image-container\">\n\t\t<img \n\tsrc=\"https:\/\/conias.com\/wp-content\/uploads\/2017\/12\/Georeferentielle-Verortung-des-Konfliktaustrags.jpg\" width=\"1386\" height=\"1958\" srcset=\"https:\/\/conias.com\/wp-content\/uploads\/2017\/12\/Georeferentielle-Verortung-des-Konfliktaustrags.jpg 1386w, https:\/\/conias.com\/wp-content\/uploads\/2017\/12\/Georeferentielle-Verortung-des-Konfliktaustrags-250x353.jpg 250w, https:\/\/conias.com\/wp-content\/uploads\/2017\/12\/Georeferentielle-Verortung-des-Konfliktaustrags-768x1085.jpg 768w, https:\/\/conias.com\/wp-content\/uploads\/2017\/12\/Georeferentielle-Verortung-des-Konfliktaustrags-700x989.jpg 700w, https:\/\/conias.com\/wp-content\/uploads\/2017\/12\/Georeferentielle-Verortung-des-Konfliktaustrags-120x170.jpg 120w\" sizes=\"(max-width: 1386px) 100vw, 1386px\" alt=\"\" \t\tclass=\"so-widget-image\"\/>\n\t<\/div>\n\n<\/div><\/div><div id=\"panel-239-4-0-2\" class=\"so-panel widget widget_sow-editor\" data-index=\"12\" ><div\n\t\t\t\n\t\t\tclass=\"so-widget-sow-editor so-widget-sow-editor-base\"\n\t\t\t\n\t\t>\n<div class=\"siteorigin-widget-tinymce textwidget\">\n\t<p>The second tier for the assessment of the geographic dimension of the political conflict output is the individual measure of the conflict output. The location information is precisely captured, connected with the exact date and type of measure and jointly evaluated.<\/p>\n<\/div>\n<\/div><\/div><div id=\"panel-239-4-0-3\" class=\"so-panel widget widget_sow-image\" data-index=\"13\" ><div\n\t\t\t\n\t\t\tclass=\"so-widget-sow-image so-widget-sow-image-default-c67d20f9f743-239\"\n\t\t\t\n\t\t>\n<div class=\"sow-image-container\">\n\t\t<img \n\tsrc=\"https:\/\/conias.com\/wp-content\/uploads\/2017\/12\/Massnahmen.jpg\" width=\"1200\" height=\"849\" srcset=\"https:\/\/conias.com\/wp-content\/uploads\/2017\/12\/Massnahmen.jpg 1200w, https:\/\/conias.com\/wp-content\/uploads\/2017\/12\/Massnahmen-250x177.jpg 250w, https:\/\/conias.com\/wp-content\/uploads\/2017\/12\/Massnahmen-768x543.jpg 768w, https:\/\/conias.com\/wp-content\/uploads\/2017\/12\/Massnahmen-700x495.jpg 700w, https:\/\/conias.com\/wp-content\/uploads\/2017\/12\/Massnahmen-120x85.jpg 120w\" sizes=\"(max-width: 1200px) 100vw, 1200px\" alt=\"\" \t\tclass=\"so-widget-image\"\/>\n\t<\/div>\n\n<\/div><\/div><div id=\"panel-239-4-0-4\" class=\"so-panel widget widget_sow-editor panel-last-child\" data-index=\"14\" ><div\n\t\t\t\n\t\t\tclass=\"so-widget-sow-editor so-widget-sow-editor-base\"\n\t\t\t\n\t\t>\n<div class=\"siteorigin-widget-tinymce textwidget\">\n\t<h3>The contested commodities within a conflict<\/h3>\n<p class=\"main-content--textblock\">Despite being the goal of many qualitative studies in the area of conflict research, the determination of the factual causes of conflicts are difficult to identify, due to the long history and complexity of political conflicts. Undoubtedly possible however, is the determination of the contested commodities within a conflict: what is the conflict item?<\/p>\n<p class=\"main-content--textblock\">The CONIAS approach distinguishes between ten distinct conflict items. A conflict can address multiples of these items. For the duration of a conflict, the number and type of conflict items can change.<\/p>\n<ul>\n<li><strong>Ideology \/ System<\/strong><\/li>\n<li><strong>Secession<\/strong><\/li>\n<li><strong>International Power<\/strong><\/li>\n<li><strong>Territory<\/strong><\/li>\n<li><strong>National Power<\/strong><\/li>\n<li><strong>Resources<\/strong><\/li>\n<li><strong>Autonomy<\/strong><\/li>\n<li><strong>Decolonialization<\/strong><\/li>\n<li><strong>Regional Predominance<\/strong><\/li>\n<li><strong>Others<\/strong><\/li>\n<\/ul>\n<h3>Distinction between different conflicts within a state \/ region<\/h3>\n<p class=\"main-content--textblock\">The CONIAS approach aims at the identification, analysis and ultimately also the prognosis of conflict dynamics. The analysis level \u2018war of state disintegration in EX-Yugoslavia\u2019 for example, does provide for an overview, but inhibits a detailed insight into the different developments of the region.<\/p>\n<p class=\"main-content--textblock\">In order to demarcate conflicts from one another three constituent elements of; a political conflict, the addressed topic, the actors and the adopted measures are used. Only if these elements are congruent, one can consider it as the same political conflict.<\/p>\n<\/div>\n<\/div><\/div><\/div><\/div><\/div>","protected":false},"excerpt":{"rendered":"Conflicts as social systems The CONIAS approach conceives conflicts as social communications. These communications can manifest from announcements, threats, sanctions,&#8230; <a class=\"view-article text-right\" style=\"font-weight: bold; text-align: right !important;\" href=\"https:\/\/conias.com\/en\/fundamentals\/\">View Article<\/a>","protected":false},"author":1,"featured_media":0,"parent":0,"menu_order":0,"comment_status":"closed","ping_status":"closed","template":"","meta":{"_acf_changed":false,"footnotes":""},"class_list":["post-239","page","type-page","status-publish","hentry"],"acf":[],"yoast_head":"<!-- This site is optimized with the Yoast SEO plugin v27.4 - https:\/\/yoast.com\/product\/yoast-seo-wordpress\/ -->\n<title>Fundamentals - CONIAS Risk Intelligence a MBI Product<\/title>\n<meta name=\"robots\" content=\"index, follow, max-snippet:-1, max-image-preview:large, max-video-preview:-1\" \/>\n<link rel=\"canonical\" href=\"https:\/\/conias.com\/en\/fundamentals\/\" \/>\n<meta property=\"og:locale\" content=\"en_US\" \/>\n<meta property=\"og:type\" content=\"article\" \/>\n<meta property=\"og:title\" content=\"Fundamentals - CONIAS Risk Intelligence a MBI Product\" \/>\n<meta property=\"og:description\" content=\"Conflicts as social systems The CONIAS approach conceives conflicts as social communications. These communications can manifest from announcements, threats, sanctions,... View Article\" \/>\n<meta property=\"og:url\" content=\"https:\/\/conias.com\/en\/fundamentals\/\" \/>\n<meta property=\"og:site_name\" content=\"CONIAS Risk Intelligence a MBI Product\" \/>\n<meta property=\"article:modified_time\" content=\"2018-01-24T11:06:07+00:00\" \/>\n<meta name=\"twitter:card\" content=\"summary_large_image\" \/>\n<meta name=\"twitter:label1\" content=\"Est. reading time\" \/>\n\t<meta name=\"twitter:data1\" content=\"6 minutes\" \/>\n<script type=\"application\/ld+json\" class=\"yoast-schema-graph\">{\"@context\":\"https:\\\/\\\/schema.org\",\"@graph\":[{\"@type\":\"WebPage\",\"@id\":\"https:\\\/\\\/conias.com\\\/en\\\/fundamentals\\\/\",\"url\":\"https:\\\/\\\/conias.com\\\/en\\\/fundamentals\\\/\",\"name\":\"Fundamentals - CONIAS Risk Intelligence a MBI Product\",\"isPartOf\":{\"@id\":\"https:\\\/\\\/conias.com\\\/en\\\/#website\"},\"datePublished\":\"2017-12-16T12:15:02+00:00\",\"dateModified\":\"2018-01-24T11:06:07+00:00\",\"breadcrumb\":{\"@id\":\"https:\\\/\\\/conias.com\\\/en\\\/fundamentals\\\/#breadcrumb\"},\"inLanguage\":\"en-US\",\"potentialAction\":[{\"@type\":\"ReadAction\",\"target\":[\"https:\\\/\\\/conias.com\\\/en\\\/fundamentals\\\/\"]}]},{\"@type\":\"BreadcrumbList\",\"@id\":\"https:\\\/\\\/conias.com\\\/en\\\/fundamentals\\\/#breadcrumb\",\"itemListElement\":[{\"@type\":\"ListItem\",\"position\":1,\"name\":\"Home\",\"item\":\"https:\\\/\\\/conias.com\\\/en\\\/\"},{\"@type\":\"ListItem\",\"position\":2,\"name\":\"Fundamentals\"}]},{\"@type\":\"WebSite\",\"@id\":\"https:\\\/\\\/conias.com\\\/en\\\/#website\",\"url\":\"https:\\\/\\\/conias.com\\\/en\\\/\",\"name\":\"CONIAS Risk Intelligence a MBI Product\",\"description\":\"Wir unterst\u00fctzen Sie dabei, politische Risiken f\u00fcr Standort-, Logistik- &amp; Investitionssicherheit fr\u00fchzeitig zu erkennen &amp; Anpassungstrategien zu entwickeln.\",\"potentialAction\":[{\"@type\":\"SearchAction\",\"target\":{\"@type\":\"EntryPoint\",\"urlTemplate\":\"https:\\\/\\\/conias.com\\\/en\\\/?s={search_term_string}\"},\"query-input\":{\"@type\":\"PropertyValueSpecification\",\"valueRequired\":true,\"valueName\":\"search_term_string\"}}],\"inLanguage\":\"en-US\"}]}<\/script>\n<!-- \/ Yoast SEO plugin. -->","yoast_head_json":{"title":"Fundamentals - CONIAS Risk Intelligence a MBI Product","robots":{"index":"index","follow":"follow","max-snippet":"max-snippet:-1","max-image-preview":"max-image-preview:large","max-video-preview":"max-video-preview:-1"},"canonical":"https:\/\/conias.com\/en\/fundamentals\/","og_locale":"en_US","og_type":"article","og_title":"Fundamentals - CONIAS Risk Intelligence a MBI Product","og_description":"Conflicts as social systems The CONIAS approach conceives conflicts as social communications. These communications can manifest from announcements, threats, sanctions,... View Article","og_url":"https:\/\/conias.com\/en\/fundamentals\/","og_site_name":"CONIAS Risk Intelligence a MBI Product","article_modified_time":"2018-01-24T11:06:07+00:00","twitter_card":"summary_large_image","twitter_misc":{"Est. reading time":"6 minutes"},"schema":{"@context":"https:\/\/schema.org","@graph":[{"@type":"WebPage","@id":"https:\/\/conias.com\/en\/fundamentals\/","url":"https:\/\/conias.com\/en\/fundamentals\/","name":"Fundamentals - CONIAS Risk Intelligence a MBI Product","isPartOf":{"@id":"https:\/\/conias.com\/en\/#website"},"datePublished":"2017-12-16T12:15:02+00:00","dateModified":"2018-01-24T11:06:07+00:00","breadcrumb":{"@id":"https:\/\/conias.com\/en\/fundamentals\/#breadcrumb"},"inLanguage":"en-US","potentialAction":[{"@type":"ReadAction","target":["https:\/\/conias.com\/en\/fundamentals\/"]}]},{"@type":"BreadcrumbList","@id":"https:\/\/conias.com\/en\/fundamentals\/#breadcrumb","itemListElement":[{"@type":"ListItem","position":1,"name":"Home","item":"https:\/\/conias.com\/en\/"},{"@type":"ListItem","position":2,"name":"Fundamentals"}]},{"@type":"WebSite","@id":"https:\/\/conias.com\/en\/#website","url":"https:\/\/conias.com\/en\/","name":"CONIAS Risk Intelligence a MBI Product","description":"Wir unterst\u00fctzen Sie dabei, politische Risiken f\u00fcr Standort-, Logistik- &amp; Investitionssicherheit fr\u00fchzeitig zu erkennen &amp; Anpassungstrategien zu entwickeln.","potentialAction":[{"@type":"SearchAction","target":{"@type":"EntryPoint","urlTemplate":"https:\/\/conias.com\/en\/?s={search_term_string}"},"query-input":{"@type":"PropertyValueSpecification","valueRequired":true,"valueName":"search_term_string"}}],"inLanguage":"en-US"}]}},"_links":{"self":[{"href":"https:\/\/conias.com\/en\/wp-json\/wp\/v2\/pages\/239","targetHints":{"allow":["GET"]}}],"collection":[{"href":"https:\/\/conias.com\/en\/wp-json\/wp\/v2\/pages"}],"about":[{"href":"https:\/\/conias.com\/en\/wp-json\/wp\/v2\/types\/page"}],"author":[{"embeddable":true,"href":"https:\/\/conias.com\/en\/wp-json\/wp\/v2\/users\/1"}],"replies":[{"embeddable":true,"href":"https:\/\/conias.com\/en\/wp-json\/wp\/v2\/comments?post=239"}],"version-history":[{"count":17,"href":"https:\/\/conias.com\/en\/wp-json\/wp\/v2\/pages\/239\/revisions"}],"predecessor-version":[{"id":993,"href":"https:\/\/conias.com\/en\/wp-json\/wp\/v2\/pages\/239\/revisions\/993"}],"wp:attachment":[{"href":"https:\/\/conias.com\/en\/wp-json\/wp\/v2\/media?parent=239"}],"curies":[{"name":"wp","href":"https:\/\/api.w.org\/{rel}","templated":true}]}}