{"id":2647,"date":"2018-06-22T15:21:53","date_gmt":"2018-06-22T15:21:53","guid":{"rendered":"https:\/\/conias.com\/?page_id=2647"},"modified":"2018-08-22T13:23:50","modified_gmt":"2018-08-22T13:23:50","slug":"risk-report-saudi-arabia","status":"publish","type":"page","link":"https:\/\/conias.com\/en\/risk-report\/risk-report-saudi-arabia\/","title":{"rendered":"Risk Report Saudi Arabia"},"content":{"rendered":"<div class=\"media col-md-3\">\n<figure class=\"pull-left\"><img decoding=\"async\" class=\"media-object img-rounded img-responsive\" style=\"border: 1px solid grey;\" src=\"https:\/\/conias.com\/wp-content\/uploads\/2018\/02\/Saudi-Arabia.png\" alt=\"Risk Report Saudi Arabia\" title=\"Risk Report Saudi Arabia\" \/><\/figure>\n<\/div>\n<div class=\"col-md-6\">\n<p class=\"main-content--textblock\">Saudi Arabia \u2013 at present the world\u2019s biggest oil exporter and with a high political influence in the Golf region \u2013 is undergoing a process of change. The reform project \u201cVision 2030\u201d proposed by the new crown prince Mohammad bin Salman is aimed at diversifying the country\u2019s economy, strengthening the fields of education and research and attracting more foreign investors and tourists. Within the population as well as in the extended royal house, opposition against this encompassing reform project has been growing.<br \/>\nThe future of Saudi Arabia therefore depends on the successful realization of these reform plans. The scenarios illustrate how a reform failure might affect the liberalization of the country, as well as its relations with neighboring states. However, a moderate implementation could be also possible, at the end of which there would be an improvement of the human rights situation and a political and economic environment that is profitable for investors as well.<\/p>\n<p><strong>Author:<\/strong> <a href=\"https:\/\/fr.linkedin.com\/in\/rouven-stubbe-41407a130\" target=\"_blank\" rel=\"noopener\">Rouven Stubbe<\/a><br \/>\n<strong>Publication Date:<\/strong> February 2018<\/p>\n<p class=\"main-content--textblock\">You enjoyed reading our report yet feel that it raised much more questions? You have a specific concern in mind that hasn\u2019t been addressed yet? You would like to have a more in-depth exchange with our country experts on their scenarios and further specify recommendations for actions? <a href=\"https:\/\/conias.com\/en\/contact\/\" rel=\"noopener\" target=\"_blank\">Contact us today<\/a> and benefit from the expertise and many years of international consulting experience of our <a href=\"https:\/\/conias.com\/en\/teams\/\" rel=\"noopener\" target=\"_blank\">team<\/a> and our <a href=\"https:\/\/conias.com\/en\/partners\/\" rel=\"noopener\" target=\"_blank\">partners<\/a>.<\/p>\n<\/div>\n<div class=\"col-md-3 text-center\">\t<a class=\"paoc-popup-click paoc-popup-cust-1166 paoc-popup-button paoc-popup-btn \" href=\"javascript:void(0);\">Download<\/a>\r\n\n<\/div>\n<\/div>\n","protected":false},"excerpt":{"rendered":"Saudi Arabia \u2013 at present the world\u2019s biggest oil exporter and with a high political influence in the Golf region&#8230; <a class=\"view-article text-right\" style=\"font-weight: bold; text-align: right !important;\" href=\"https:\/\/conias.com\/en\/risk-report\/risk-report-saudi-arabia\/\">View Article<\/a>","protected":false},"author":3,"featured_media":0,"parent":1095,"menu_order":0,"comment_status":"closed","ping_status":"closed","template":"","meta":{"_acf_changed":false,"footnotes":""},"class_list":["post-2647","page","type-page","status-publish","hentry"],"acf":[],"yoast_head":"<!-- This site is optimized with the Yoast SEO plugin v27.5 - https:\/\/yoast.com\/product\/yoast-seo-wordpress\/ -->\n<title>Risk Report Saudi Arabia - CONIAS Risk Intelligence a MBI Product<\/title>\n<meta name=\"robots\" content=\"index, follow, max-snippet:-1, max-image-preview:large, max-video-preview:-1\" \/>\n<link rel=\"canonical\" href=\"https:\/\/conias.com\/en\/risk-report\/risk-report-saudi-arabia\/\" \/>\n<meta property=\"og:locale\" content=\"en_US\" \/>\n<meta property=\"og:type\" content=\"article\" \/>\n<meta property=\"og:title\" content=\"Risk Report Saudi Arabia - CONIAS Risk Intelligence a MBI Product\" \/>\n<meta property=\"og:description\" content=\"Saudi Arabia \u2013 at present the world\u2019s biggest oil exporter and with a high political influence in the Golf region... View Article\" \/>\n<meta property=\"og:url\" content=\"https:\/\/conias.com\/en\/risk-report\/risk-report-saudi-arabia\/\" \/>\n<meta property=\"og:site_name\" content=\"CONIAS Risk Intelligence a MBI Product\" \/>\n<meta property=\"article:modified_time\" content=\"2018-08-22T13:23:50+00:00\" \/>\n<meta property=\"og:image\" content=\"https:\/\/conias.com\/wp-content\/uploads\/2018\/02\/Saudi-Arabia.png\" \/>\n<meta name=\"twitter:card\" content=\"summary_large_image\" \/>\n<meta name=\"twitter:label1\" content=\"Est. reading time\" \/>\n\t<meta name=\"twitter:data1\" content=\"1 minute\" \/>\n<script type=\"application\/ld+json\" class=\"yoast-schema-graph\">{\"@context\":\"https:\\\/\\\/schema.org\",\"@graph\":[{\"@type\":\"WebPage\",\"@id\":\"https:\\\/\\\/conias.com\\\/en\\\/risk-report\\\/risk-report-saudi-arabia\\\/\",\"url\":\"https:\\\/\\\/conias.com\\\/en\\\/risk-report\\\/risk-report-saudi-arabia\\\/\",\"name\":\"Risk Report Saudi Arabia - CONIAS Risk Intelligence a MBI Product\",\"isPartOf\":{\"@id\":\"https:\\\/\\\/conias.com\\\/en\\\/#website\"},\"primaryImageOfPage\":{\"@id\":\"https:\\\/\\\/conias.com\\\/en\\\/risk-report\\\/risk-report-saudi-arabia\\\/#primaryimage\"},\"image\":{\"@id\":\"https:\\\/\\\/conias.com\\\/en\\\/risk-report\\\/risk-report-saudi-arabia\\\/#primaryimage\"},\"thumbnailUrl\":\"https:\\\/\\\/conias.com\\\/wp-content\\\/uploads\\\/2018\\\/02\\\/Saudi-Arabia.png\",\"datePublished\":\"2018-06-22T15:21:53+00:00\",\"dateModified\":\"2018-08-22T13:23:50+00:00\",\"breadcrumb\":{\"@id\":\"https:\\\/\\\/conias.com\\\/en\\\/risk-report\\\/risk-report-saudi-arabia\\\/#breadcrumb\"},\"inLanguage\":\"en-US\",\"potentialAction\":[{\"@type\":\"ReadAction\",\"target\":[\"https:\\\/\\\/conias.com\\\/en\\\/risk-report\\\/risk-report-saudi-arabia\\\/\"]}]},{\"@type\":\"ImageObject\",\"inLanguage\":\"en-US\",\"@id\":\"https:\\\/\\\/conias.com\\\/en\\\/risk-report\\\/risk-report-saudi-arabia\\\/#primaryimage\",\"url\":\"https:\\\/\\\/conias.com\\\/wp-content\\\/uploads\\\/2018\\\/02\\\/Saudi-Arabia.png\",\"contentUrl\":\"https:\\\/\\\/conias.com\\\/wp-content\\\/uploads\\\/2018\\\/02\\\/Saudi-Arabia.png\"},{\"@type\":\"BreadcrumbList\",\"@id\":\"https:\\\/\\\/conias.com\\\/en\\\/risk-report\\\/risk-report-saudi-arabia\\\/#breadcrumb\",\"itemListElement\":[{\"@type\":\"ListItem\",\"position\":1,\"name\":\"Home\",\"item\":\"https:\\\/\\\/conias.com\\\/en\\\/\"},{\"@type\":\"ListItem\",\"position\":2,\"name\":\"Risk Reports\",\"item\":\"https:\\\/\\\/conias.com\\\/en\\\/risk-report\\\/\"},{\"@type\":\"ListItem\",\"position\":3,\"name\":\"Risk Report Saudi Arabia\"}]},{\"@type\":\"WebSite\",\"@id\":\"https:\\\/\\\/conias.com\\\/en\\\/#website\",\"url\":\"https:\\\/\\\/conias.com\\\/en\\\/\",\"name\":\"CONIAS Risk Intelligence a MBI Product\",\"description\":\"Wir unterst\u00fctzen Sie dabei, politische Risiken f\u00fcr Standort-, Logistik- &amp; Investitionssicherheit fr\u00fchzeitig zu erkennen &amp; Anpassungstrategien zu entwickeln.\",\"potentialAction\":[{\"@type\":\"SearchAction\",\"target\":{\"@type\":\"EntryPoint\",\"urlTemplate\":\"https:\\\/\\\/conias.com\\\/en\\\/?s={search_term_string}\"},\"query-input\":{\"@type\":\"PropertyValueSpecification\",\"valueRequired\":true,\"valueName\":\"search_term_string\"}}],\"inLanguage\":\"en-US\"}]}<\/script>\n<!-- \/ Yoast SEO plugin. -->","yoast_head_json":{"title":"Risk Report Saudi Arabia - CONIAS Risk Intelligence a MBI Product","robots":{"index":"index","follow":"follow","max-snippet":"max-snippet:-1","max-image-preview":"max-image-preview:large","max-video-preview":"max-video-preview:-1"},"canonical":"https:\/\/conias.com\/en\/risk-report\/risk-report-saudi-arabia\/","og_locale":"en_US","og_type":"article","og_title":"Risk Report Saudi Arabia - CONIAS Risk Intelligence a MBI Product","og_description":"Saudi Arabia \u2013 at present the world\u2019s biggest oil exporter and with a high political influence in the Golf region... View Article","og_url":"https:\/\/conias.com\/en\/risk-report\/risk-report-saudi-arabia\/","og_site_name":"CONIAS Risk Intelligence a MBI Product","article_modified_time":"2018-08-22T13:23:50+00:00","og_image":[{"url":"https:\/\/conias.com\/wp-content\/uploads\/2018\/02\/Saudi-Arabia.png","type":"","width":"","height":""}],"twitter_card":"summary_large_image","twitter_misc":{"Est. reading time":"1 minute"},"schema":{"@context":"https:\/\/schema.org","@graph":[{"@type":"WebPage","@id":"https:\/\/conias.com\/en\/risk-report\/risk-report-saudi-arabia\/","url":"https:\/\/conias.com\/en\/risk-report\/risk-report-saudi-arabia\/","name":"Risk Report Saudi Arabia - CONIAS Risk Intelligence a MBI Product","isPartOf":{"@id":"https:\/\/conias.com\/en\/#website"},"primaryImageOfPage":{"@id":"https:\/\/conias.com\/en\/risk-report\/risk-report-saudi-arabia\/#primaryimage"},"image":{"@id":"https:\/\/conias.com\/en\/risk-report\/risk-report-saudi-arabia\/#primaryimage"},"thumbnailUrl":"https:\/\/conias.com\/wp-content\/uploads\/2018\/02\/Saudi-Arabia.png","datePublished":"2018-06-22T15:21:53+00:00","dateModified":"2018-08-22T13:23:50+00:00","breadcrumb":{"@id":"https:\/\/conias.com\/en\/risk-report\/risk-report-saudi-arabia\/#breadcrumb"},"inLanguage":"en-US","potentialAction":[{"@type":"ReadAction","target":["https:\/\/conias.com\/en\/risk-report\/risk-report-saudi-arabia\/"]}]},{"@type":"ImageObject","inLanguage":"en-US","@id":"https:\/\/conias.com\/en\/risk-report\/risk-report-saudi-arabia\/#primaryimage","url":"https:\/\/conias.com\/wp-content\/uploads\/2018\/02\/Saudi-Arabia.png","contentUrl":"https:\/\/conias.com\/wp-content\/uploads\/2018\/02\/Saudi-Arabia.png"},{"@type":"BreadcrumbList","@id":"https:\/\/conias.com\/en\/risk-report\/risk-report-saudi-arabia\/#breadcrumb","itemListElement":[{"@type":"ListItem","position":1,"name":"Home","item":"https:\/\/conias.com\/en\/"},{"@type":"ListItem","position":2,"name":"Risk Reports","item":"https:\/\/conias.com\/en\/risk-report\/"},{"@type":"ListItem","position":3,"name":"Risk Report Saudi Arabia"}]},{"@type":"WebSite","@id":"https:\/\/conias.com\/en\/#website","url":"https:\/\/conias.com\/en\/","name":"CONIAS Risk Intelligence a MBI Product","description":"Wir unterst\u00fctzen Sie dabei, politische Risiken f\u00fcr Standort-, Logistik- &amp; Investitionssicherheit fr\u00fchzeitig zu erkennen &amp; Anpassungstrategien zu entwickeln.","potentialAction":[{"@type":"SearchAction","target":{"@type":"EntryPoint","urlTemplate":"https:\/\/conias.com\/en\/?s={search_term_string}"},"query-input":{"@type":"PropertyValueSpecification","valueRequired":true,"valueName":"search_term_string"}}],"inLanguage":"en-US"}]}},"_links":{"self":[{"href":"https:\/\/conias.com\/en\/wp-json\/wp\/v2\/pages\/2647","targetHints":{"allow":["GET"]}}],"collection":[{"href":"https:\/\/conias.com\/en\/wp-json\/wp\/v2\/pages"}],"about":[{"href":"https:\/\/conias.com\/en\/wp-json\/wp\/v2\/types\/page"}],"author":[{"embeddable":true,"href":"https:\/\/conias.com\/en\/wp-json\/wp\/v2\/users\/3"}],"replies":[{"embeddable":true,"href":"https:\/\/conias.com\/en\/wp-json\/wp\/v2\/comments?post=2647"}],"version-history":[{"count":7,"href":"https:\/\/conias.com\/en\/wp-json\/wp\/v2\/pages\/2647\/revisions"}],"predecessor-version":[{"id":4206,"href":"https:\/\/conias.com\/en\/wp-json\/wp\/v2\/pages\/2647\/revisions\/4206"}],"up":[{"embeddable":true,"href":"https:\/\/conias.com\/en\/wp-json\/wp\/v2\/pages\/1095"}],"wp:attachment":[{"href":"https:\/\/conias.com\/en\/wp-json\/wp\/v2\/media?parent=2647"}],"curies":[{"name":"wp","href":"https:\/\/api.w.org\/{rel}","templated":true}]}}