{"id":271,"date":"2017-12-17T22:44:40","date_gmt":"2017-12-17T22:44:40","guid":{"rendered":"http:\/\/testwww.conias.com\/\/?page_id=271"},"modified":"2018-03-02T13:04:30","modified_gmt":"2018-03-02T13:04:30","slug":"awards-and-grants","status":"publish","type":"page","link":"https:\/\/conias.com\/en\/awards-and-grants\/","title":{"rendered":"Awards and Grants"},"content":{"rendered":"<div id=\"pl-271\"  class=\"panel-layout\" ><div id=\"pg-271-0\"  class=\"panel-grid panel-has-style\" ><div class=\"wow fadeInLeft panel-row-style panel-row-style-for-271-0\" ><div id=\"pgc-271-0-0\"  class=\"panel-grid-cell\" ><div id=\"panel-271-0-0-0\" class=\"so-panel widget widget_sow-image panel-first-child panel-last-child\" data-index=\"0\" ><div\n\t\t\t\n\t\t\tclass=\"so-widget-sow-image so-widget-sow-image-default-c67d20f9f743-271\"\n\t\t\t\n\t\t>\n<div class=\"sow-image-container\">\n\t\t<img \n\tsrc=\"https:\/\/conias.com\/wp-content\/uploads\/2018\/01\/innopreis17.png\" width=\"339\" height=\"134\" srcset=\"https:\/\/conias.com\/wp-content\/uploads\/2018\/01\/innopreis17.png 339w, https:\/\/conias.com\/wp-content\/uploads\/2018\/01\/innopreis17-250x99.png 250w, https:\/\/conias.com\/wp-content\/uploads\/2018\/01\/innopreis17-120x47.png 120w\" sizes=\"(max-width: 339px) 100vw, 339px\" alt=\"\" \t\tclass=\"so-widget-image\"\/>\n\t<\/div>\n\n<\/div><\/div><\/div><div id=\"pgc-271-0-1\"  class=\"panel-grid-cell\" ><div id=\"panel-271-0-1-0\" class=\"so-panel widget widget_sow-editor panel-first-child panel-last-child\" data-index=\"1\" ><div\n\t\t\t\n\t\t\tclass=\"so-widget-sow-editor so-widget-sow-editor-base\"\n\t\t\t\n\t\t>\n<div class=\"siteorigin-widget-tinymce textwidget\">\n\t<p>We are proud to have received a recognition by the prize committee of this year\u2019s \u201cDr.-Rudolf-Eberle-Preis\u201d, the Innovation Award of the State of Baden-W\u00fcrttemberg. With our digital reporting system for political risks, we managed to secure the second place in the startup-category of the statewide competition. The award ceremony took place on the 28th of November in the \u201cHouse of Economy\u201d in Stuttgart under the auspices of Frau Dr. Hoffmeister-Kraut, state minister for economic affairs. We are thankful for the honor and the inspiring ceremony.<\/p>\n<\/div>\n<\/div><\/div><\/div><\/div><\/div><div id=\"pg-271-1\"  class=\"panel-grid panel-has-style\" ><div class=\"wow fadeInLeft panel-row-style panel-row-style-for-271-1\" ><div id=\"pgc-271-1-0\"  class=\"panel-grid-cell\" ><div id=\"panel-271-1-0-0\" class=\"so-panel widget widget_sow-image panel-first-child panel-last-child\" data-index=\"2\" ><div\n\t\t\t\n\t\t\tclass=\"so-widget-sow-image so-widget-sow-image-default-c67d20f9f743-271\"\n\t\t\t\n\t\t>\n<div class=\"sow-image-container\">\n\t\t<img \n\tsrc=\"https:\/\/conias.com\/wp-content\/uploads\/2018\/01\/vrbank.png\" width=\"2000\" height=\"1375\" srcset=\"https:\/\/conias.com\/wp-content\/uploads\/2018\/01\/vrbank.png 2000w, https:\/\/conias.com\/wp-content\/uploads\/2018\/01\/vrbank-250x172.png 250w, https:\/\/conias.com\/wp-content\/uploads\/2018\/01\/vrbank-768x528.png 768w, https:\/\/conias.com\/wp-content\/uploads\/2018\/01\/vrbank-700x481.png 700w, https:\/\/conias.com\/wp-content\/uploads\/2018\/01\/vrbank-120x83.png 120w\" sizes=\"(max-width: 2000px) 100vw, 2000px\" alt=\"\" \t\tclass=\"so-widget-image\"\/>\n\t<\/div>\n\n<\/div><\/div><\/div><div id=\"pgc-271-1-1\"  class=\"panel-grid-cell\" ><div id=\"panel-271-1-1-0\" class=\"so-panel widget widget_sow-editor panel-first-child panel-last-child\" data-index=\"3\" ><div\n\t\t\t\n\t\t\tclass=\"so-widget-sow-editor so-widget-sow-editor-base\"\n\t\t\t\n\t\t>\n<div class=\"siteorigin-widget-tinymce textwidget\">\n\t<p>We were very pleased to receive the advancement prize of the Genossenschaftlichen FinanzGruppe Volks- und Raiffeisenbanken, which is endowed with 10.000\u20ac. CONIAS is again rewarded for its innovative software solutions that help decision-makers reliably identifying political risks worldwide. The award ceremony was held in presence of 1500 guests at the \"VR-Mittelstandstag 2017\", which took place at the Festival Hall in Baden-Baden on the 22nd of June.<\/p>\n<\/div>\n<\/div><\/div><\/div><\/div><\/div><div id=\"pg-271-2\"  class=\"panel-grid panel-has-style\" ><div class=\"wow fadeInLeft panel-row-style panel-row-style-for-271-2\" ><div id=\"pgc-271-2-0\"  class=\"panel-grid-cell\" ><div id=\"panel-271-2-0-0\" class=\"so-panel widget widget_sow-image panel-first-child panel-last-child\" data-index=\"4\" ><div\n\t\t\t\n\t\t\tclass=\"so-widget-sow-image so-widget-sow-image-default-c67d20f9f743-271\"\n\t\t\t\n\t\t>\n<div class=\"sow-image-container\">\n\t\t<img \n\tsrc=\"https:\/\/conias.com\/wp-content\/uploads\/2017\/12\/BestOf_Consulting_2016_170px.png\" width=\"170\" height=\"170\" srcset=\"https:\/\/conias.com\/wp-content\/uploads\/2017\/12\/BestOf_Consulting_2016_170px.png 170w, https:\/\/conias.com\/wp-content\/uploads\/2017\/12\/BestOf_Consulting_2016_170px-150x150.png 150w, https:\/\/conias.com\/wp-content\/uploads\/2017\/12\/BestOf_Consulting_2016_170px-120x120.png 120w\" sizes=\"(max-width: 170px) 100vw, 170px\" alt=\"\" \t\tclass=\"so-widget-image\"\/>\n\t<\/div>\n\n<\/div><\/div><\/div><div id=\"pgc-271-2-1\"  class=\"panel-grid-cell\" ><div id=\"panel-271-2-1-0\" class=\"so-panel widget widget_sow-editor panel-first-child panel-last-child\" data-index=\"5\" ><div\n\t\t\t\n\t\t\tclass=\"so-widget-sow-editor so-widget-sow-editor-base\"\n\t\t\t\n\t\t>\n<div class=\"siteorigin-widget-tinymce textwidget\">\n\t<p class=\"main-content--textblock\">THINK. IN\u00adNO\u00adVA\u00adTI\u00adON. \u2013 guided by this slogan, several thousand companies had applied for the innovation award IT 2016 and faced the judgement of the expert jury.<\/p>\n<p class=\"main-content--textblock\">CONIAS Risk Intelligence placed among the best of the \u201cInitiative Mittelstand\u201d award \u201cInnovationspreis-IT 2016\u201d in the category consulting. The jury acknowledged the results and expertise of CONIAS in the field of political risk assessment and the validity and robustness of both the technology and methodology of our risk assessment models.<\/p>\n<\/div>\n<\/div><\/div><\/div><\/div><\/div><div id=\"pg-271-3\"  class=\"panel-grid panel-has-style\" ><div class=\"wow fadeInLeft panel-row-style panel-row-style-for-271-3\" ><div id=\"pgc-271-3-0\"  class=\"panel-grid-cell\" ><div id=\"panel-271-3-0-0\" class=\"so-panel widget widget_sow-image panel-first-child panel-last-child\" data-index=\"6\" ><div\n\t\t\t\n\t\t\tclass=\"so-widget-sow-image so-widget-sow-image-default-c67d20f9f743-271\"\n\t\t\t\n\t\t>\n<div class=\"sow-image-container\">\n\t\t<img \n\tsrc=\"https:\/\/conias.com\/wp-content\/uploads\/2017\/12\/Techfounders.png\" width=\"720\" height=\"171\" srcset=\"https:\/\/conias.com\/wp-content\/uploads\/2017\/12\/Techfounders.png 720w, https:\/\/conias.com\/wp-content\/uploads\/2017\/12\/Techfounders-250x59.png 250w, https:\/\/conias.com\/wp-content\/uploads\/2017\/12\/Techfounders-700x166.png 700w, https:\/\/conias.com\/wp-content\/uploads\/2017\/12\/Techfounders-120x29.png 120w\" sizes=\"(max-width: 720px) 100vw, 720px\" alt=\"\" \t\tclass=\"so-widget-image\"\/>\n\t<\/div>\n\n<\/div><\/div><\/div><div id=\"pgc-271-3-1\"  class=\"panel-grid-cell\" ><div id=\"panel-271-3-1-0\" class=\"so-panel widget widget_sow-editor panel-first-child panel-last-child\" data-index=\"7\" ><div\n\t\t\t\n\t\t\tclass=\"so-widget-sow-editor so-widget-sow-editor-base\"\n\t\t\t\n\t\t>\n<div class=\"siteorigin-widget-tinymce textwidget\">\n\t<p class=\"main-content--textblock\">TechFounders is a 20-week international accelerator program based in Munich, Germany. The accelerator brings tech startups together with industry partners and venture capitalists. During this accelerator program, we had the chance to cooperate with one of the industry partners helping us develop our business. We also had access to hardware prototypes, data, and APIs in order to test and improve our products. The program took place between mid of January till the beginning of June 2016 and was rewarded with EUR 25,000.00. We are particularly happy about the opportunity to cooperate with Munich Re beyond the accelerator.<\/p>\n<\/div>\n<\/div><\/div><\/div><\/div><\/div><div id=\"pg-271-4\"  class=\"panel-grid panel-has-style\" ><div class=\"wow fadeInLeft panel-row-style panel-row-style-for-271-4\" ><div id=\"pgc-271-4-0\"  class=\"panel-grid-cell\" ><div id=\"panel-271-4-0-0\" class=\"so-panel widget widget_sow-image panel-first-child panel-last-child\" data-index=\"8\" ><div\n\t\t\t\n\t\t\tclass=\"so-widget-sow-image so-widget-sow-image-default-c67d20f9f743-271\"\n\t\t\t\n\t\t>\n<div class=\"sow-image-container\">\n\t\t<img \n\tsrc=\"https:\/\/conias.com\/wp-content\/uploads\/2017\/12\/Mannheim_Logo.png\" width=\"326\" height=\"67\" srcset=\"https:\/\/conias.com\/wp-content\/uploads\/2017\/12\/Mannheim_Logo.png 326w, https:\/\/conias.com\/wp-content\/uploads\/2017\/12\/Mannheim_Logo-250x51.png 250w, https:\/\/conias.com\/wp-content\/uploads\/2017\/12\/Mannheim_Logo-120x25.png 120w\" sizes=\"(max-width: 326px) 100vw, 326px\" alt=\"\" \t\tclass=\"so-widget-image\"\/>\n\t<\/div>\n\n<\/div><\/div><\/div><div id=\"pgc-271-4-1\"  class=\"panel-grid-cell\" ><div id=\"panel-271-4-1-0\" class=\"so-panel widget widget_sow-editor panel-first-child panel-last-child\" data-index=\"9\" ><div\n\t\t\t\n\t\t\tclass=\"so-widget-sow-editor so-widget-sow-editor-base\"\n\t\t\t\n\t\t>\n<div class=\"siteorigin-widget-tinymce textwidget\">\n\t<p class=\"main-content--textblock\">CONIAS Risk Intelligence has been awarded with the MEXI 2016 in the category services at the 5th economic forum of the city of Mannheim on 16.11.2015. The award, which is endowed with EUR 10,000.00, was sponsored by DATIS IT-Services GmbH and was handed over by the business mayor Michael Gr\u00f6tsch in front of more than 200 guests. The Mannheim startup prize is awarded to the most promising startups of the last three years in three different categories. Besides a professional planning and strict market orientation, the winners are characterized by a successful market entry strategy and offer products or services for growth markets. The objective of the award is to honor the \u201ccalculated courage\u201d of the winners and to provide a seal of approval for their future development. The laureates are chosen by an independent jury.<\/p>\n<\/div>\n<\/div><\/div><\/div><\/div><\/div><div id=\"pg-271-5\"  class=\"panel-grid panel-has-style\" ><div class=\"wow fadeInLeft panel-row-style panel-row-style-for-271-5\" ><div id=\"pgc-271-5-0\"  class=\"panel-grid-cell\" ><div id=\"panel-271-5-0-0\" class=\"so-panel widget widget_sow-image panel-first-child panel-last-child\" data-index=\"10\" ><div\n\t\t\t\n\t\t\tclass=\"so-widget-sow-image so-widget-sow-image-default-c67d20f9f743-271\"\n\t\t\t\n\t\t>\n<div class=\"sow-image-container\">\n\t\t<img \n\tsrc=\"https:\/\/conias.com\/wp-content\/uploads\/2017\/12\/logo_invest.jpg\" width=\"200\" height=\"88\" srcset=\"https:\/\/conias.com\/wp-content\/uploads\/2017\/12\/logo_invest.jpg 200w, https:\/\/conias.com\/wp-content\/uploads\/2017\/12\/logo_invest-120x53.jpg 120w\" sizes=\"(max-width: 200px) 100vw, 200px\" title=\"140415_BMWi_Logo_Wagniskapital_rz\" alt=\"\" \t\tclass=\"so-widget-image\"\/>\n\t<\/div>\n\n<\/div><\/div><\/div><div id=\"pgc-271-5-1\"  class=\"panel-grid-cell\" ><div id=\"panel-271-5-1-0\" class=\"so-panel widget widget_sow-editor panel-first-child panel-last-child\" data-index=\"11\" ><div\n\t\t\t\n\t\t\tclass=\"so-widget-sow-editor so-widget-sow-editor-base\"\n\t\t\t\n\t\t>\n<div class=\"siteorigin-widget-tinymce textwidget\">\n\t<p class=\"main-content--textblock\">As a young and innovative enterprise, CONIAS is sponsored by the \u201cInvest\u201d program of the Federal Ministry for Economic Affairs and Energy (BMWi). The objective of the program is to create incentives for private investors to provide private venture capital for enterprises, improving the financial conditions of young and innovative startups.<\/p>\n<\/div>\n<\/div><\/div><\/div><\/div><\/div><div id=\"pg-271-6\"  class=\"panel-grid panel-has-style\" ><div class=\"wow fadeInLeft panel-row-style panel-row-style-for-271-6\" ><div id=\"pgc-271-6-0\"  class=\"panel-grid-cell\" ><div id=\"panel-271-6-0-0\" class=\"so-panel widget widget_sow-image panel-first-child panel-last-child\" data-index=\"12\" ><div\n\t\t\t\n\t\t\tclass=\"so-widget-sow-image so-widget-sow-image-default-c67d20f9f743-271\"\n\t\t\t\n\t\t>\n<div class=\"sow-image-container\">\n\t\t<img \n\tsrc=\"https:\/\/conias.com\/wp-content\/uploads\/2017\/12\/Falling_Walls.png\" width=\"396\" height=\"127\" srcset=\"https:\/\/conias.com\/wp-content\/uploads\/2017\/12\/Falling_Walls.png 396w, https:\/\/conias.com\/wp-content\/uploads\/2017\/12\/Falling_Walls-250x80.png 250w, https:\/\/conias.com\/wp-content\/uploads\/2017\/12\/Falling_Walls-120x38.png 120w\" sizes=\"(max-width: 396px) 100vw, 396px\" alt=\"\" \t\tclass=\"so-widget-image\"\/>\n\t<\/div>\n\n<\/div><\/div><\/div><div id=\"pgc-271-6-1\"  class=\"panel-grid-cell\" ><div id=\"panel-271-6-1-0\" class=\"so-panel widget widget_sow-editor panel-first-child panel-last-child\" data-index=\"13\" ><div\n\t\t\t\n\t\t\tclass=\"so-widget-sow-editor so-widget-sow-editor-base\"\n\t\t\t\n\t\t>\n<div class=\"siteorigin-widget-tinymce textwidget\">\n\t<p class=\"main-content--textblock\">For two times, CONIAS Risk Intelligence was placed among the 30 most innovative research startups worldwide by the Falling Walls Foundation and also received a scholarship in this context.<\/p>\n<p class=\"main-content--textblock\">Falling Walls is a unique international platform for leaders from the worlds of science, business, politics, the arts and society. It was initiated on the occasion of the 20th anniversary of the fall of the Berlin wall. Inspired by this world-changing event on the 9th of November 1989, the question of every Falling Walls gathering is: Which walls will fall next? Falling Walls fosters discussion on research and innovation and promotes the latest scientific findings among a broad audience from all parts of society. The Falling Walls Foundation, a charity, is generously supported by the German Ministry for Education and Research, the Robert Bosch Stiftung, the Helmholtz Association, the Berlin Senate, and numerous other acclaimed academic institutions, foundations, companies, non-governmental organisations, and prominent individuals.<\/p>\n<\/div>\n<\/div><\/div><\/div><\/div><\/div><div id=\"pg-271-7\"  class=\"panel-grid panel-has-style\" ><div class=\"wow fadeInLeft panel-row-style panel-row-style-for-271-7\" ><div id=\"pgc-271-7-0\"  class=\"panel-grid-cell\" ><div id=\"panel-271-7-0-0\" class=\"so-panel widget widget_sow-image panel-first-child panel-last-child\" data-index=\"14\" ><div\n\t\t\t\n\t\t\tclass=\"so-widget-sow-image so-widget-sow-image-default-c67d20f9f743-271\"\n\t\t\t\n\t\t>\n<div class=\"sow-image-container\">\n\t\t<img \n\tsrc=\"https:\/\/conias.com\/wp-content\/uploads\/2017\/12\/Exist.png\" width=\"275\" height=\"183\" srcset=\"https:\/\/conias.com\/wp-content\/uploads\/2017\/12\/Exist.png 275w, https:\/\/conias.com\/wp-content\/uploads\/2017\/12\/Exist-250x166.png 250w, https:\/\/conias.com\/wp-content\/uploads\/2017\/12\/Exist-120x80.png 120w, https:\/\/conias.com\/wp-content\/uploads\/2017\/12\/Exist-272x182.png 272w\" sizes=\"(max-width: 275px) 100vw, 275px\" alt=\"\" \t\tclass=\"so-widget-image\"\/>\n\t<\/div>\n\n<\/div><\/div><\/div><div id=\"pgc-271-7-1\"  class=\"panel-grid-cell\" ><div id=\"panel-271-7-1-0\" class=\"so-panel widget widget_sow-editor panel-first-child panel-last-child\" data-index=\"15\" ><div\n\t\t\t\n\t\t\tclass=\"so-widget-sow-editor so-widget-sow-editor-base\"\n\t\t\t\n\t\t>\n<div class=\"siteorigin-widget-tinymce textwidget\">\n\t<p>EXIST is a support program of the Federal Ministry of Economics and Technology (BMWi), supporting CONIAS Risk Intelligence financially since January 1, 2013.<\/p>\n<\/div>\n<\/div><\/div><\/div><\/div><\/div><\/div>","protected":false},"excerpt":{"rendered":"We are proud to have received a recognition by the prize committee of this year\u2019s \u201cDr.-Rudolf-Eberle-Preis\u201d, the Innovation Award of&#8230; <a class=\"view-article text-right\" style=\"font-weight: bold; text-align: right !important;\" href=\"https:\/\/conias.com\/en\/awards-and-grants\/\">View Article<\/a>","protected":false},"author":1,"featured_media":0,"parent":0,"menu_order":0,"comment_status":"closed","ping_status":"closed","template":"","meta":{"_acf_changed":false,"footnotes":""},"class_list":["post-271","page","type-page","status-publish","hentry"],"acf":[],"yoast_head":"<!-- This site is optimized with the Yoast SEO plugin v27.4 - https:\/\/yoast.com\/product\/yoast-seo-wordpress\/ -->\n<title>Awards and Grants - CONIAS Risk Intelligence a MBI Product<\/title>\n<meta name=\"robots\" content=\"index, follow, max-snippet:-1, max-image-preview:large, max-video-preview:-1\" \/>\n<link rel=\"canonical\" href=\"https:\/\/conias.com\/en\/awards-and-grants\/\" \/>\n<meta property=\"og:locale\" content=\"en_US\" \/>\n<meta property=\"og:type\" content=\"article\" \/>\n<meta property=\"og:title\" content=\"Awards and Grants - CONIAS Risk Intelligence a MBI Product\" \/>\n<meta property=\"og:description\" content=\"We are proud to have received a recognition by the prize committee of this year\u2019s \u201cDr.-Rudolf-Eberle-Preis\u201d, the Innovation Award of... View Article\" \/>\n<meta property=\"og:url\" content=\"https:\/\/conias.com\/en\/awards-and-grants\/\" \/>\n<meta property=\"og:site_name\" content=\"CONIAS Risk Intelligence a MBI Product\" \/>\n<meta property=\"article:modified_time\" content=\"2018-03-02T13:04:30+00:00\" \/>\n<meta name=\"twitter:card\" content=\"summary_large_image\" \/>\n<meta name=\"twitter:label1\" content=\"Est. reading time\" \/>\n\t<meta name=\"twitter:data1\" content=\"4 minutes\" \/>\n<script type=\"application\/ld+json\" class=\"yoast-schema-graph\">{\"@context\":\"https:\\\/\\\/schema.org\",\"@graph\":[{\"@type\":\"WebPage\",\"@id\":\"https:\\\/\\\/conias.com\\\/en\\\/awards-and-grants\\\/\",\"url\":\"https:\\\/\\\/conias.com\\\/en\\\/awards-and-grants\\\/\",\"name\":\"Awards and Grants - CONIAS Risk Intelligence a MBI Product\",\"isPartOf\":{\"@id\":\"https:\\\/\\\/conias.com\\\/en\\\/#website\"},\"datePublished\":\"2017-12-17T22:44:40+00:00\",\"dateModified\":\"2018-03-02T13:04:30+00:00\",\"breadcrumb\":{\"@id\":\"https:\\\/\\\/conias.com\\\/en\\\/awards-and-grants\\\/#breadcrumb\"},\"inLanguage\":\"en-US\",\"potentialAction\":[{\"@type\":\"ReadAction\",\"target\":[\"https:\\\/\\\/conias.com\\\/en\\\/awards-and-grants\\\/\"]}]},{\"@type\":\"BreadcrumbList\",\"@id\":\"https:\\\/\\\/conias.com\\\/en\\\/awards-and-grants\\\/#breadcrumb\",\"itemListElement\":[{\"@type\":\"ListItem\",\"position\":1,\"name\":\"Home\",\"item\":\"https:\\\/\\\/conias.com\\\/en\\\/\"},{\"@type\":\"ListItem\",\"position\":2,\"name\":\"Awards and Grants\"}]},{\"@type\":\"WebSite\",\"@id\":\"https:\\\/\\\/conias.com\\\/en\\\/#website\",\"url\":\"https:\\\/\\\/conias.com\\\/en\\\/\",\"name\":\"CONIAS Risk Intelligence a MBI Product\",\"description\":\"Wir unterst\u00fctzen Sie dabei, politische Risiken f\u00fcr Standort-, Logistik- &amp; Investitionssicherheit fr\u00fchzeitig zu erkennen &amp; Anpassungstrategien zu entwickeln.\",\"potentialAction\":[{\"@type\":\"SearchAction\",\"target\":{\"@type\":\"EntryPoint\",\"urlTemplate\":\"https:\\\/\\\/conias.com\\\/en\\\/?s={search_term_string}\"},\"query-input\":{\"@type\":\"PropertyValueSpecification\",\"valueRequired\":true,\"valueName\":\"search_term_string\"}}],\"inLanguage\":\"en-US\"}]}<\/script>\n<!-- \/ Yoast SEO plugin. -->","yoast_head_json":{"title":"Awards and Grants - CONIAS Risk Intelligence a MBI Product","robots":{"index":"index","follow":"follow","max-snippet":"max-snippet:-1","max-image-preview":"max-image-preview:large","max-video-preview":"max-video-preview:-1"},"canonical":"https:\/\/conias.com\/en\/awards-and-grants\/","og_locale":"en_US","og_type":"article","og_title":"Awards and Grants - CONIAS Risk Intelligence a MBI Product","og_description":"We are proud to have received a recognition by the prize committee of this year\u2019s \u201cDr.-Rudolf-Eberle-Preis\u201d, the Innovation Award of... View Article","og_url":"https:\/\/conias.com\/en\/awards-and-grants\/","og_site_name":"CONIAS Risk Intelligence a MBI Product","article_modified_time":"2018-03-02T13:04:30+00:00","twitter_card":"summary_large_image","twitter_misc":{"Est. reading time":"4 minutes"},"schema":{"@context":"https:\/\/schema.org","@graph":[{"@type":"WebPage","@id":"https:\/\/conias.com\/en\/awards-and-grants\/","url":"https:\/\/conias.com\/en\/awards-and-grants\/","name":"Awards and Grants - CONIAS Risk Intelligence a MBI Product","isPartOf":{"@id":"https:\/\/conias.com\/en\/#website"},"datePublished":"2017-12-17T22:44:40+00:00","dateModified":"2018-03-02T13:04:30+00:00","breadcrumb":{"@id":"https:\/\/conias.com\/en\/awards-and-grants\/#breadcrumb"},"inLanguage":"en-US","potentialAction":[{"@type":"ReadAction","target":["https:\/\/conias.com\/en\/awards-and-grants\/"]}]},{"@type":"BreadcrumbList","@id":"https:\/\/conias.com\/en\/awards-and-grants\/#breadcrumb","itemListElement":[{"@type":"ListItem","position":1,"name":"Home","item":"https:\/\/conias.com\/en\/"},{"@type":"ListItem","position":2,"name":"Awards and Grants"}]},{"@type":"WebSite","@id":"https:\/\/conias.com\/en\/#website","url":"https:\/\/conias.com\/en\/","name":"CONIAS Risk Intelligence a MBI Product","description":"Wir unterst\u00fctzen Sie dabei, politische Risiken f\u00fcr Standort-, Logistik- &amp; Investitionssicherheit fr\u00fchzeitig zu erkennen &amp; Anpassungstrategien zu entwickeln.","potentialAction":[{"@type":"SearchAction","target":{"@type":"EntryPoint","urlTemplate":"https:\/\/conias.com\/en\/?s={search_term_string}"},"query-input":{"@type":"PropertyValueSpecification","valueRequired":true,"valueName":"search_term_string"}}],"inLanguage":"en-US"}]}},"_links":{"self":[{"href":"https:\/\/conias.com\/en\/wp-json\/wp\/v2\/pages\/271","targetHints":{"allow":["GET"]}}],"collection":[{"href":"https:\/\/conias.com\/en\/wp-json\/wp\/v2\/pages"}],"about":[{"href":"https:\/\/conias.com\/en\/wp-json\/wp\/v2\/types\/page"}],"author":[{"embeddable":true,"href":"https:\/\/conias.com\/en\/wp-json\/wp\/v2\/users\/1"}],"replies":[{"embeddable":true,"href":"https:\/\/conias.com\/en\/wp-json\/wp\/v2\/comments?post=271"}],"version-history":[{"count":39,"href":"https:\/\/conias.com\/en\/wp-json\/wp\/v2\/pages\/271\/revisions"}],"predecessor-version":[{"id":1880,"href":"https:\/\/conias.com\/en\/wp-json\/wp\/v2\/pages\/271\/revisions\/1880"}],"wp:attachment":[{"href":"https:\/\/conias.com\/en\/wp-json\/wp\/v2\/media?parent=271"}],"curies":[{"name":"wp","href":"https:\/\/api.w.org\/{rel}","templated":true}]}}