{"id":2794,"date":"2018-07-03T09:34:07","date_gmt":"2018-07-03T09:34:07","guid":{"rendered":"https:\/\/conias.com\/?page_id=2794"},"modified":"2018-08-22T13:31:01","modified_gmt":"2018-08-22T13:31:01","slug":"risk-report-thailand","status":"publish","type":"page","link":"https:\/\/conias.com\/en\/risk-report\/risk-report-thailand\/","title":{"rendered":"Risk Report Thailand"},"content":{"rendered":"<div class=\"media col-md-3\">\n<figure class=\"pull-left\"><img decoding=\"async\" class=\"media-object img-rounded img-responsive\" style=\"border: 1px solid grey;\" src=\"https:\/\/conias.com\/wp-content\/uploads\/2018\/07\/Th_en.jpg\" alt=\"Risk Report Thailand\" title=\"Risk Report Thailand\" \/><\/figure>\n<\/div>\n<div class=\"col-md-6\">\n<p class=\"main-content--textblock\">For Thailand, 2018 could be a decisive year. Elections are due in November and domestic unrest and protests over the sluggish economic growth and military rule loom large. Yet how willing is the junta, ruling Thailand since 2006, to even consider returning to the path of democratization? While overall investment from abroad in Thailand, which is currently well below its potential growth, is declining, the involvement of German companies in Thailand- after all around 600 &#8211; has increased significantly in the recent years. Will Thailand be able to overcome the state of political instability in the short and medium term &#8211; even without a strong king? And what opportunities and risks do investors have to consider?<\/p>\n<p>\n<strong>Author:<\/strong> <a href=\"https:\/\/www.conias.com\/en\/teams\/\" target=\"_blank\" rel=\"noopener\">Nina Bergmann<\/a><br \/>\n<strong>Publication Date:<\/strong> July 2018\n<\/p>\n<p class=\"main-content--textblock\">You enjoyed reading our report yet feel that it raised much more questions? You have a specific concern in mind that hasn\u2019t been addressed yet? You would like to have a more in-depth exchange with our country experts on their scenarios and further specify recommendations for actions? <a href=\"https:\/\/conias.com\/en\/contact\/\" rel=\"noopener\" target=\"_blank\">Contact us today<\/a> and benefit from the expertise and many years of international consulting experience of our <a href=\"https:\/\/conias.com\/en\/teams\/\" rel=\"noopener\" target=\"_blank\">team<\/a> and our <a href=\"https:\/\/conias.com\/en\/partners\/\" rel=\"noopener\" target=\"_blank\">partners<\/a>.<\/p>\n<\/div>\n<div class=\"col-md-3 text-center\">\t<a class=\"paoc-popup-click paoc-popup-cust-2985 paoc-popup-button paoc-popup-btn \" href=\"javascript:void(0);\">Download<\/a>\r\n\n<\/div>\n","protected":false},"excerpt":{"rendered":"For Thailand, 2018 could be a decisive year. Elections are due in November and domestic unrest and protests over the&#8230; <a class=\"view-article text-right\" style=\"font-weight: bold; text-align: right !important;\" href=\"https:\/\/conias.com\/en\/risk-report\/risk-report-thailand\/\">View Article<\/a>","protected":false},"author":3,"featured_media":0,"parent":1095,"menu_order":0,"comment_status":"closed","ping_status":"closed","template":"","meta":{"_acf_changed":false,"footnotes":""},"class_list":["post-2794","page","type-page","status-publish","hentry"],"acf":[],"yoast_head":"<!-- This site is optimized with the Yoast SEO plugin v27.5 - https:\/\/yoast.com\/product\/yoast-seo-wordpress\/ -->\n<title>Risk Report Thailand - CONIAS Risk Intelligence a MBI Product<\/title>\n<meta name=\"robots\" content=\"index, follow, max-snippet:-1, max-image-preview:large, max-video-preview:-1\" \/>\n<link rel=\"canonical\" href=\"https:\/\/conias.com\/en\/risk-report\/risk-report-thailand\/\" \/>\n<meta property=\"og:locale\" content=\"en_US\" \/>\n<meta property=\"og:type\" content=\"article\" \/>\n<meta property=\"og:title\" content=\"Risk Report Thailand - CONIAS Risk Intelligence a MBI Product\" \/>\n<meta property=\"og:description\" content=\"For Thailand, 2018 could be a decisive year. Elections are due in November and domestic unrest and protests over the... View Article\" \/>\n<meta property=\"og:url\" content=\"https:\/\/conias.com\/en\/risk-report\/risk-report-thailand\/\" \/>\n<meta property=\"og:site_name\" content=\"CONIAS Risk Intelligence a MBI Product\" \/>\n<meta property=\"article:modified_time\" content=\"2018-08-22T13:31:01+00:00\" \/>\n<meta property=\"og:image\" content=\"https:\/\/conias.com\/wp-content\/uploads\/2018\/07\/Th_en.jpg\" \/>\n<meta name=\"twitter:card\" content=\"summary_large_image\" \/>\n<meta name=\"twitter:label1\" content=\"Est. reading time\" \/>\n\t<meta name=\"twitter:data1\" content=\"1 minute\" \/>\n<script type=\"application\/ld+json\" class=\"yoast-schema-graph\">{\"@context\":\"https:\\\/\\\/schema.org\",\"@graph\":[{\"@type\":\"WebPage\",\"@id\":\"https:\\\/\\\/conias.com\\\/en\\\/risk-report\\\/risk-report-thailand\\\/\",\"url\":\"https:\\\/\\\/conias.com\\\/en\\\/risk-report\\\/risk-report-thailand\\\/\",\"name\":\"Risk Report Thailand - CONIAS Risk Intelligence a MBI Product\",\"isPartOf\":{\"@id\":\"https:\\\/\\\/conias.com\\\/en\\\/#website\"},\"primaryImageOfPage\":{\"@id\":\"https:\\\/\\\/conias.com\\\/en\\\/risk-report\\\/risk-report-thailand\\\/#primaryimage\"},\"image\":{\"@id\":\"https:\\\/\\\/conias.com\\\/en\\\/risk-report\\\/risk-report-thailand\\\/#primaryimage\"},\"thumbnailUrl\":\"https:\\\/\\\/conias.com\\\/wp-content\\\/uploads\\\/2018\\\/07\\\/Th_en.jpg\",\"datePublished\":\"2018-07-03T09:34:07+00:00\",\"dateModified\":\"2018-08-22T13:31:01+00:00\",\"breadcrumb\":{\"@id\":\"https:\\\/\\\/conias.com\\\/en\\\/risk-report\\\/risk-report-thailand\\\/#breadcrumb\"},\"inLanguage\":\"en-US\",\"potentialAction\":[{\"@type\":\"ReadAction\",\"target\":[\"https:\\\/\\\/conias.com\\\/en\\\/risk-report\\\/risk-report-thailand\\\/\"]}]},{\"@type\":\"ImageObject\",\"inLanguage\":\"en-US\",\"@id\":\"https:\\\/\\\/conias.com\\\/en\\\/risk-report\\\/risk-report-thailand\\\/#primaryimage\",\"url\":\"https:\\\/\\\/conias.com\\\/wp-content\\\/uploads\\\/2018\\\/07\\\/Th_en.jpg\",\"contentUrl\":\"https:\\\/\\\/conias.com\\\/wp-content\\\/uploads\\\/2018\\\/07\\\/Th_en.jpg\"},{\"@type\":\"BreadcrumbList\",\"@id\":\"https:\\\/\\\/conias.com\\\/en\\\/risk-report\\\/risk-report-thailand\\\/#breadcrumb\",\"itemListElement\":[{\"@type\":\"ListItem\",\"position\":1,\"name\":\"Home\",\"item\":\"https:\\\/\\\/conias.com\\\/en\\\/\"},{\"@type\":\"ListItem\",\"position\":2,\"name\":\"Risk Reports\",\"item\":\"https:\\\/\\\/conias.com\\\/en\\\/risk-report\\\/\"},{\"@type\":\"ListItem\",\"position\":3,\"name\":\"Risk Report Thailand\"}]},{\"@type\":\"WebSite\",\"@id\":\"https:\\\/\\\/conias.com\\\/en\\\/#website\",\"url\":\"https:\\\/\\\/conias.com\\\/en\\\/\",\"name\":\"CONIAS Risk Intelligence a MBI Product\",\"description\":\"Wir unterst\u00fctzen Sie dabei, politische Risiken f\u00fcr Standort-, Logistik- &amp; Investitionssicherheit fr\u00fchzeitig zu erkennen &amp; Anpassungstrategien zu entwickeln.\",\"potentialAction\":[{\"@type\":\"SearchAction\",\"target\":{\"@type\":\"EntryPoint\",\"urlTemplate\":\"https:\\\/\\\/conias.com\\\/en\\\/?s={search_term_string}\"},\"query-input\":{\"@type\":\"PropertyValueSpecification\",\"valueRequired\":true,\"valueName\":\"search_term_string\"}}],\"inLanguage\":\"en-US\"}]}<\/script>\n<!-- \/ Yoast SEO plugin. -->","yoast_head_json":{"title":"Risk Report Thailand - CONIAS Risk Intelligence a MBI Product","robots":{"index":"index","follow":"follow","max-snippet":"max-snippet:-1","max-image-preview":"max-image-preview:large","max-video-preview":"max-video-preview:-1"},"canonical":"https:\/\/conias.com\/en\/risk-report\/risk-report-thailand\/","og_locale":"en_US","og_type":"article","og_title":"Risk Report Thailand - CONIAS Risk Intelligence a MBI Product","og_description":"For Thailand, 2018 could be a decisive year. Elections are due in November and domestic unrest and protests over the... View Article","og_url":"https:\/\/conias.com\/en\/risk-report\/risk-report-thailand\/","og_site_name":"CONIAS Risk Intelligence a MBI Product","article_modified_time":"2018-08-22T13:31:01+00:00","og_image":[{"url":"https:\/\/conias.com\/wp-content\/uploads\/2018\/07\/Th_en.jpg","type":"","width":"","height":""}],"twitter_card":"summary_large_image","twitter_misc":{"Est. reading time":"1 minute"},"schema":{"@context":"https:\/\/schema.org","@graph":[{"@type":"WebPage","@id":"https:\/\/conias.com\/en\/risk-report\/risk-report-thailand\/","url":"https:\/\/conias.com\/en\/risk-report\/risk-report-thailand\/","name":"Risk Report Thailand - CONIAS Risk Intelligence a MBI Product","isPartOf":{"@id":"https:\/\/conias.com\/en\/#website"},"primaryImageOfPage":{"@id":"https:\/\/conias.com\/en\/risk-report\/risk-report-thailand\/#primaryimage"},"image":{"@id":"https:\/\/conias.com\/en\/risk-report\/risk-report-thailand\/#primaryimage"},"thumbnailUrl":"https:\/\/conias.com\/wp-content\/uploads\/2018\/07\/Th_en.jpg","datePublished":"2018-07-03T09:34:07+00:00","dateModified":"2018-08-22T13:31:01+00:00","breadcrumb":{"@id":"https:\/\/conias.com\/en\/risk-report\/risk-report-thailand\/#breadcrumb"},"inLanguage":"en-US","potentialAction":[{"@type":"ReadAction","target":["https:\/\/conias.com\/en\/risk-report\/risk-report-thailand\/"]}]},{"@type":"ImageObject","inLanguage":"en-US","@id":"https:\/\/conias.com\/en\/risk-report\/risk-report-thailand\/#primaryimage","url":"https:\/\/conias.com\/wp-content\/uploads\/2018\/07\/Th_en.jpg","contentUrl":"https:\/\/conias.com\/wp-content\/uploads\/2018\/07\/Th_en.jpg"},{"@type":"BreadcrumbList","@id":"https:\/\/conias.com\/en\/risk-report\/risk-report-thailand\/#breadcrumb","itemListElement":[{"@type":"ListItem","position":1,"name":"Home","item":"https:\/\/conias.com\/en\/"},{"@type":"ListItem","position":2,"name":"Risk Reports","item":"https:\/\/conias.com\/en\/risk-report\/"},{"@type":"ListItem","position":3,"name":"Risk Report Thailand"}]},{"@type":"WebSite","@id":"https:\/\/conias.com\/en\/#website","url":"https:\/\/conias.com\/en\/","name":"CONIAS Risk Intelligence a MBI Product","description":"Wir unterst\u00fctzen Sie dabei, politische Risiken f\u00fcr Standort-, Logistik- &amp; Investitionssicherheit fr\u00fchzeitig zu erkennen &amp; Anpassungstrategien zu entwickeln.","potentialAction":[{"@type":"SearchAction","target":{"@type":"EntryPoint","urlTemplate":"https:\/\/conias.com\/en\/?s={search_term_string}"},"query-input":{"@type":"PropertyValueSpecification","valueRequired":true,"valueName":"search_term_string"}}],"inLanguage":"en-US"}]}},"_links":{"self":[{"href":"https:\/\/conias.com\/en\/wp-json\/wp\/v2\/pages\/2794","targetHints":{"allow":["GET"]}}],"collection":[{"href":"https:\/\/conias.com\/en\/wp-json\/wp\/v2\/pages"}],"about":[{"href":"https:\/\/conias.com\/en\/wp-json\/wp\/v2\/types\/page"}],"author":[{"embeddable":true,"href":"https:\/\/conias.com\/en\/wp-json\/wp\/v2\/users\/3"}],"replies":[{"embeddable":true,"href":"https:\/\/conias.com\/en\/wp-json\/wp\/v2\/comments?post=2794"}],"version-history":[{"count":6,"href":"https:\/\/conias.com\/en\/wp-json\/wp\/v2\/pages\/2794\/revisions"}],"predecessor-version":[{"id":4207,"href":"https:\/\/conias.com\/en\/wp-json\/wp\/v2\/pages\/2794\/revisions\/4207"}],"up":[{"embeddable":true,"href":"https:\/\/conias.com\/en\/wp-json\/wp\/v2\/pages\/1095"}],"wp:attachment":[{"href":"https:\/\/conias.com\/en\/wp-json\/wp\/v2\/media?parent=2794"}],"curies":[{"name":"wp","href":"https:\/\/api.w.org\/{rel}","templated":true}]}}