{"id":292,"date":"2017-12-18T08:24:06","date_gmt":"2017-12-18T08:24:06","guid":{"rendered":"http:\/\/testwww.conias.com\/\/?page_id=292"},"modified":"2023-03-29T10:44:02","modified_gmt":"2023-03-29T08:44:02","slug":"founding-history","status":"publish","type":"page","link":"https:\/\/conias.com\/en\/founding-history\/","title":{"rendered":"Founding History"},"content":{"rendered":"<div id=\"pl-292\"  class=\"panel-layout\" ><div id=\"pg-292-0\"  class=\"panel-grid panel-no-style\" ><div id=\"pgc-292-0-0\"  class=\"panel-grid-cell\" ><div id=\"panel-292-0-0-0\" class=\"so-panel widget widget_sow-editor panel-first-child panel-last-child\" data-index=\"0\" ><div\n\t\t\t\n\t\t\tclass=\"so-widget-sow-editor so-widget-sow-editor-base\"\n\t\t\t\n\t\t>\n<div class=\"siteorigin-widget-tinymce textwidget\">\n\t<p class=\"main-content--textblock\">CONIAS Risk Intelligence is part of Michael Bauer International GmbH since December 2019 and has its own offices in Heidelberg since the 1st of February 2020. CONIAS has its origins in the Institute of Political Science at the University of Heidelberg, specializing in conflict research.<\/p>\n<p class=\"main-content--textblock\">Conflict research in Heidelberg started with a research project led by Prof. Frank R. Pfetsch between 1989 and 1991, resulting in the first conflict database called KOSIMO (Conflict Simulation Model). Afterwards, the student assistants of the project decided to continue their work and founded the Heidelberg Institute for International Conflict Research (HIIK) for that purpose. Since 1992, it annually publishes the Conflict Barometer, containing the political conflicts of the year.<\/p>\n<p class=\"main-content--textblock\">Since 2001 KOSIMO had been revised due to technological progress and new content-related requirements, resulting in the KOSIMO-successor CONIS (Conflict Information System) under the direction of Dr. Nicolas Schwank in 2003. Within the following years, the CONIS database was constantly extended and updated in the context of research projects \u2013 since 2008 by the CONIS Research Institute. In early 2013, CONIS was renamed CONIAS (Conflict Information and Analysis System) due to trademark protection policies.<\/p>\n<p class=\"main-content--textblock\">Since January 2013, the team of CONIAS Risk Intelligence is working to make the results of academic research accessible to non-academic sectors, in order to give our clients a cutting edge in dealing with the threats of political conflicts.<\/p>\n<\/div>\n<\/div><\/div><\/div><\/div><\/div>","protected":false},"excerpt":{"rendered":"CONIAS Risk Intelligence is part of Michael Bauer International GmbH since December 2019 and has its own offices in Heidelberg&#8230; <a class=\"view-article text-right\" style=\"font-weight: bold; text-align: right !important;\" href=\"https:\/\/conias.com\/en\/founding-history\/\">View Article<\/a>","protected":false},"author":1,"featured_media":0,"parent":0,"menu_order":0,"comment_status":"closed","ping_status":"closed","template":"","meta":{"_acf_changed":false,"footnotes":""},"class_list":["post-292","page","type-page","status-publish","hentry"],"acf":[],"yoast_head":"<!-- This site is optimized with the Yoast SEO plugin v27.4 - https:\/\/yoast.com\/product\/yoast-seo-wordpress\/ -->\n<title>Founding History - CONIAS Risk Intelligence a MBI Product<\/title>\n<meta name=\"robots\" content=\"index, follow, max-snippet:-1, max-image-preview:large, max-video-preview:-1\" \/>\n<link rel=\"canonical\" href=\"https:\/\/conias.com\/en\/founding-history\/\" \/>\n<meta property=\"og:locale\" content=\"en_US\" \/>\n<meta property=\"og:type\" content=\"article\" \/>\n<meta property=\"og:title\" content=\"Founding History - CONIAS Risk Intelligence a MBI Product\" \/>\n<meta property=\"og:description\" content=\"CONIAS Risk Intelligence is part of Michael Bauer International GmbH since December 2019 and has its own offices in Heidelberg... View Article\" \/>\n<meta property=\"og:url\" content=\"https:\/\/conias.com\/en\/founding-history\/\" \/>\n<meta property=\"og:site_name\" content=\"CONIAS Risk Intelligence a MBI Product\" \/>\n<meta property=\"article:modified_time\" content=\"2023-03-29T08:44:02+00:00\" \/>\n<meta name=\"twitter:card\" content=\"summary_large_image\" \/>\n<meta name=\"twitter:label1\" content=\"Est. reading time\" \/>\n\t<meta name=\"twitter:data1\" content=\"2 minutes\" \/>\n<script type=\"application\/ld+json\" class=\"yoast-schema-graph\">{\"@context\":\"https:\\\/\\\/schema.org\",\"@graph\":[{\"@type\":\"WebPage\",\"@id\":\"https:\\\/\\\/conias.com\\\/en\\\/founding-history\\\/\",\"url\":\"https:\\\/\\\/conias.com\\\/en\\\/founding-history\\\/\",\"name\":\"Founding History - CONIAS Risk Intelligence a MBI Product\",\"isPartOf\":{\"@id\":\"https:\\\/\\\/conias.com\\\/en\\\/#website\"},\"datePublished\":\"2017-12-18T08:24:06+00:00\",\"dateModified\":\"2023-03-29T08:44:02+00:00\",\"breadcrumb\":{\"@id\":\"https:\\\/\\\/conias.com\\\/en\\\/founding-history\\\/#breadcrumb\"},\"inLanguage\":\"en-US\",\"potentialAction\":[{\"@type\":\"ReadAction\",\"target\":[\"https:\\\/\\\/conias.com\\\/en\\\/founding-history\\\/\"]}]},{\"@type\":\"BreadcrumbList\",\"@id\":\"https:\\\/\\\/conias.com\\\/en\\\/founding-history\\\/#breadcrumb\",\"itemListElement\":[{\"@type\":\"ListItem\",\"position\":1,\"name\":\"Home\",\"item\":\"https:\\\/\\\/conias.com\\\/en\\\/\"},{\"@type\":\"ListItem\",\"position\":2,\"name\":\"Founding History\"}]},{\"@type\":\"WebSite\",\"@id\":\"https:\\\/\\\/conias.com\\\/en\\\/#website\",\"url\":\"https:\\\/\\\/conias.com\\\/en\\\/\",\"name\":\"CONIAS Risk Intelligence a MBI Product\",\"description\":\"Wir unterst\u00fctzen Sie dabei, politische Risiken f\u00fcr Standort-, Logistik- &amp; Investitionssicherheit fr\u00fchzeitig zu erkennen &amp; Anpassungstrategien zu entwickeln.\",\"potentialAction\":[{\"@type\":\"SearchAction\",\"target\":{\"@type\":\"EntryPoint\",\"urlTemplate\":\"https:\\\/\\\/conias.com\\\/en\\\/?s={search_term_string}\"},\"query-input\":{\"@type\":\"PropertyValueSpecification\",\"valueRequired\":true,\"valueName\":\"search_term_string\"}}],\"inLanguage\":\"en-US\"}]}<\/script>\n<!-- \/ Yoast SEO plugin. -->","yoast_head_json":{"title":"Founding History - CONIAS Risk Intelligence a MBI Product","robots":{"index":"index","follow":"follow","max-snippet":"max-snippet:-1","max-image-preview":"max-image-preview:large","max-video-preview":"max-video-preview:-1"},"canonical":"https:\/\/conias.com\/en\/founding-history\/","og_locale":"en_US","og_type":"article","og_title":"Founding History - CONIAS Risk Intelligence a MBI Product","og_description":"CONIAS Risk Intelligence is part of Michael Bauer International GmbH since December 2019 and has its own offices in Heidelberg... View Article","og_url":"https:\/\/conias.com\/en\/founding-history\/","og_site_name":"CONIAS Risk Intelligence a MBI Product","article_modified_time":"2023-03-29T08:44:02+00:00","twitter_card":"summary_large_image","twitter_misc":{"Est. reading time":"2 minutes"},"schema":{"@context":"https:\/\/schema.org","@graph":[{"@type":"WebPage","@id":"https:\/\/conias.com\/en\/founding-history\/","url":"https:\/\/conias.com\/en\/founding-history\/","name":"Founding History - CONIAS Risk Intelligence a MBI Product","isPartOf":{"@id":"https:\/\/conias.com\/en\/#website"},"datePublished":"2017-12-18T08:24:06+00:00","dateModified":"2023-03-29T08:44:02+00:00","breadcrumb":{"@id":"https:\/\/conias.com\/en\/founding-history\/#breadcrumb"},"inLanguage":"en-US","potentialAction":[{"@type":"ReadAction","target":["https:\/\/conias.com\/en\/founding-history\/"]}]},{"@type":"BreadcrumbList","@id":"https:\/\/conias.com\/en\/founding-history\/#breadcrumb","itemListElement":[{"@type":"ListItem","position":1,"name":"Home","item":"https:\/\/conias.com\/en\/"},{"@type":"ListItem","position":2,"name":"Founding History"}]},{"@type":"WebSite","@id":"https:\/\/conias.com\/en\/#website","url":"https:\/\/conias.com\/en\/","name":"CONIAS Risk Intelligence a MBI Product","description":"Wir unterst\u00fctzen Sie dabei, politische Risiken f\u00fcr Standort-, Logistik- &amp; Investitionssicherheit fr\u00fchzeitig zu erkennen &amp; Anpassungstrategien zu entwickeln.","potentialAction":[{"@type":"SearchAction","target":{"@type":"EntryPoint","urlTemplate":"https:\/\/conias.com\/en\/?s={search_term_string}"},"query-input":{"@type":"PropertyValueSpecification","valueRequired":true,"valueName":"search_term_string"}}],"inLanguage":"en-US"}]}},"_links":{"self":[{"href":"https:\/\/conias.com\/en\/wp-json\/wp\/v2\/pages\/292","targetHints":{"allow":["GET"]}}],"collection":[{"href":"https:\/\/conias.com\/en\/wp-json\/wp\/v2\/pages"}],"about":[{"href":"https:\/\/conias.com\/en\/wp-json\/wp\/v2\/types\/page"}],"author":[{"embeddable":true,"href":"https:\/\/conias.com\/en\/wp-json\/wp\/v2\/users\/1"}],"replies":[{"embeddable":true,"href":"https:\/\/conias.com\/en\/wp-json\/wp\/v2\/comments?post=292"}],"version-history":[{"count":6,"href":"https:\/\/conias.com\/en\/wp-json\/wp\/v2\/pages\/292\/revisions"}],"predecessor-version":[{"id":13452,"href":"https:\/\/conias.com\/en\/wp-json\/wp\/v2\/pages\/292\/revisions\/13452"}],"wp:attachment":[{"href":"https:\/\/conias.com\/en\/wp-json\/wp\/v2\/media?parent=292"}],"curies":[{"name":"wp","href":"https:\/\/api.w.org\/{rel}","templated":true}]}}