{"id":336,"date":"2017-12-18T09:12:20","date_gmt":"2017-12-18T09:12:20","guid":{"rendered":"http:\/\/testwww.conias.com\/\/?page_id=336"},"modified":"2022-11-17T12:35:38","modified_gmt":"2022-11-17T11:35:38","slug":"newsletter","status":"publish","type":"page","link":"https:\/\/conias.com\/en\/newsletter\/","title":{"rendered":"Newsletter"},"content":{"rendered":"<div id=\"pl-336\" class=\"panel-layout\">\n<div id=\"pg-336-0\" class=\"panel-grid panel-no-style\" data-style=\"{&quot;background_image_attachment&quot;:false,&quot;background_display&quot;:&quot;tile&quot;,&quot;cell_alignment&quot;:&quot;flex-start&quot;}\">\n<div id=\"pgc-336-0-0\" class=\"panel-grid-cell\" data-weight=\"0.6\">\n<div id=\"panel-336-0-0-0\" class=\"so-panel widget widget_sow-editor panel-first-child panel-last-child\" data-index=\"0\" data-style=\"{&quot;background_image_attachment&quot;:false,&quot;background_display&quot;:&quot;tile&quot;}\">\n<div class=\"so-widget-sow-editor so-widget-sow-editor-base\">\n<div class=\"siteorigin-widget-tinymce textwidget\">Our CONIAS Newsletter keeps you updated about recent developments in our company and our CONIAS network &#8211; in a more comprehensive way than <a href=\"https:\/\/twitter.com\/CONIAS_Risk\">280 Characters.<\/a>\u00a0On a monthly basis, the newsletter provides background analysis about key political events and trends worldwide as well as insights into our activities and efforts to address our clients&#8217; most pressing issues.We look forward to questions, <a href=\"https:\/\/conias.com\/en\/contact\/\">feedback<\/a>, and any recommendations on how to improve our work and wish you an interesting read!\n<p>\u00a0<\/p>\n<p><b><u>Previous issues:<\/u><\/b><\/p>\n<div style=\"width: 15%; float: left; padding: 5px; text-align: left;\"><details>\n<summary><a><b>2022<\/b><\/a><\/summary>\n<ul>\n<li style=\"list-style-type: none;\"><a href=\"https:\/\/7gk9p.r.a.d.sendibm1.com\/mk\/mr\/KsYIsL_BCC6IfaPWZH-1FgeMrDsoiW8LJ_sFM4pCHM4RzxGFN_vWfj4_0dT9MeTUYixYuvUefBML7Sg04ysCfEh5UYRKMt138_LULqNI1mZ9ThGBwxLiQ2nPpS12tXhepv92UA\" target=\"_blank\" rel=\"noopener\">June<\/a><\/li>\n<li style=\"list-style-type: none;\"><a href=\"https:\/\/7gk9p.r.a.d.sendibm1.com\/mk\/mr\/ReIHVWp9yQTFJ_owpJIqYMbppDyPUMrICpSuxFqIgel1VxkHVlh9qf31Z53pVPQ_rmyid0h-en7Bm3qmEAyRdAcjIS_WZyXLK996a4LDbYn19LZXdWAAAz1q01fQP1GKrx9PYg\" target=\"_blank\" rel=\"noopener\">May<\/a><\/li>\n<li style=\"list-style-type: none;\"><a href=\"https:\/\/7gk9p.r.a.d.sendibm1.com\/mk\/mr\/sSJgV0xm0GyWV3YVjxUAE__zWZUqeChgE_3h9PvDBeNz3RBBmFwY7gtIb_B2IwF3PZnGMfC0NOIsJWEM02VTR2iA7bafz_WRwBOyOlQ3AD0ILZHHgx9-H32xoI_R2gTsu7Q8\" target=\"_blank\" rel=\"noopener\">April<\/a><\/li>\n<li style=\"list-style-type: none;\"><a href=\"https:\/\/7gk9p.r.a.d.sendibm1.com\/mk\/mr\/k1nylVytIZlTlJNA5PO4WHUiyC5NZukwS0EiqV72zXRo5agE2uX35n9a2K_ujfFhhlK6WuUu6xO7Q4DtVVzJFBB0Ur7WQlfDuloE5mHduTHD9DqxREWXKRfvQCJaMTd14M2j\" target=\"_blank\" rel=\"noopener\">March<\/a><\/li>\n<li style=\"list-style-type: none;\"><a href=\"https:\/\/7gk9p.r.ah.d.sendibm4.com\/mk\/mr\/RPts0zZG9818q8JUnr82SJ6L00uiSuy1suFobz0IjqtElW4CmTL0t9aSKIlhTPnOaO7b2Imu4s3C1CV9rVMX9eg0pcG0mDIem4v3qKjUhcntwTNA3Ps6Wk3e8kiW5pOqWZumrw\" target=\"_blank\" rel=\"noopener\">February<\/a><\/li>\n<\/ul>\n<\/details><\/div>\n<div style=\"width: 15%; float: left; padding: 5px; text-align: left;\"><details>\n<summary><a><b>2019<\/b><\/a><\/summary>\n<ul>\n<li style=\"list-style-type: none;\"><a href=\"https:\/\/mailchi.mp\/0a5d628c8177\/conias-news-can-climate-change-also-lead-to-new-security-problems\" target=\"_blank\" rel=\"noopener\">August<\/a><\/li>\n<li style=\"list-style-type: none;\"><a href=\"https:\/\/conias.com\/wp-content\/uploads\/2019\/06\/conias-newsletter-june-2019-2.pdf\" target=\"_blank\" rel=\"noopener\">June<\/a><\/li>\n<li style=\"list-style-type: none;\"><a href=\"https:\/\/conias.com\/wp-content\/uploads\/2019\/05\/CONIAS-Newsletter-May-EN-2019.pdf\" target=\"_blank\" rel=\"noopener\">May<\/a><\/li>\n<li style=\"list-style-type: none;\"><a href=\"https:\/\/conias.com\/wp-content\/uploads\/2019\/04\/CONIAS-Risk-Intelligence-Newsletter-April-2019-1.pdf\" target=\"_blank\" rel=\"noopener\">April<\/a><\/li>\n<li style=\"list-style-type: none;\"><a href=\"https:\/\/conias.com\/wp-content\/uploads\/2019\/03\/CONIAS-Newsletter-March-2019.pdf\" target=\"_blank\" rel=\"noopener\">March<\/a><\/li>\n<li style=\"list-style-type: none;\"><a href=\"https:\/\/conias.com\/wp-content\/uploads\/2019\/02\/CONIAS-Newsletter-February-2019.pdf\" target=\"_blank\" rel=\"noopener\">February<\/a><\/li>\n<li style=\"list-style-type: none;\"><a href=\"https:\/\/conias.com\/wp-content\/uploads\/2019\/01\/CONIAS-Newsletter-January-2019.pdf\" target=\"_blank\" rel=\"noopener\">January<\/a><\/li>\n<\/ul>\n<\/details><\/div>\n<div style=\"width: 15%; float: left; padding: 5px; text-align: left;\"><details>\n<summary><a><b>2018<\/b><\/a><\/summary>\n<ul>\n<li style=\"list-style-type: none;\"><a href=\"https:\/\/conias.com\/wp-content\/uploads\/2018\/12\/CONIASNewsletter12-2018-en.pdf\" target=\"_blank\" rel=\"noopener\">December<\/a><\/li>\n<li style=\"list-style-type: none;\"><a href=\"https:\/\/conias.com\/wp-content\/uploads\/2018\/11\/CONIAS-NL-Nov-18-EN.pdf\" target=\"_blank\" rel=\"noopener\">November<\/a><\/li>\n<li style=\"list-style-type: none;\"><a href=\"https:\/\/conias.com\/wp-content\/uploads\/2018\/11\/CONIAS-NL-Oct-18-EN.pdf\" target=\"_blank\" rel=\"noopener\">October<\/a><\/li>\n<li style=\"list-style-type: none;\"><a href=\"https:\/\/conias.com\/wp-content\/uploads\/2018\/11\/CONIAS-NL-Sep-18-EN.pdf\" target=\"_blank\" rel=\"noopener\">September<\/a><\/li>\n<li style=\"list-style-type: none;\"><a href=\"https:\/\/mailchi.mp\/486e677e99fc\/six-brand-new-issues-of-our-conias-riskreport-series-out-now-1506277\" target=\"_blank\" rel=\"noopener\">August<\/a><\/li>\n<li style=\"list-style-type: none;\"><a href=\"https:\/\/mailchi.mp\/4273fd58cf3c\/six-brand-new-issues-of-our-conias-riskreport-series-out-now-1476221\" target=\"_blank\" rel=\"noopener\">July<\/a><\/li>\n<li style=\"list-style-type: none;\"><a href=\"https:\/\/mailchi.mp\/952871d77e07\/six-brand-new-issues-of-our-conias-riskreport-series-out-now\" target=\"_blank\" rel=\"noopener\">May<\/a><\/li>\n<li style=\"list-style-type: none;\"><a href=\"https:\/\/mailchi.mp\/2a1d1fe8f157\/conias-newsletter-march-1358825\" target=\"_blank\" rel=\"noopener\">April<\/a><\/li>\n<li style=\"list-style-type: none;\"><a href=\"https:\/\/mailchi.mp\/b5ac64438e66\/conias-newsletter-march-2018\" target=\"_blank\" rel=\"noopener\">March<\/a><\/li>\n<li style=\"list-style-type: none;\"><a href=\"https:\/\/mailchi.mp\/e4a5d0028534\/conias-newsletter-february-2018\" target=\"_blank\" rel=\"noopener\">February<\/a><\/li>\n<li style=\"list-style-type: none;\"><a href=\"https:\/\/mailchi.mp\/416f52d6fe32\/conias-newsletter-january-2018\" target=\"_blank\" rel=\"noopener\">January<\/a><\/li>\n<\/ul>\n<\/details><\/div>\n<div style=\"width: 15%; float: left; padding: 5px; text-align: left;\"><details>\n<summary><a><b>2017<\/b><\/a><\/summary>\n<ul>\n<li style=\"list-style-type: none;\"><a href=\"https:\/\/mailchi.mp\/f767b59b6508\/conias-newsletter-december-2017\" target=\"_blank\" rel=\"noopener\">December<\/a><\/li>\n<li style=\"list-style-type: none;\"><a href=\"https:\/\/mailchi.mp\/5030ff5e17ef\/conias-newsletter-november-2017\" target=\"_blank\" rel=\"noopener\">November<\/a><\/li>\n<li style=\"list-style-type: none;\"><a href=\"https:\/\/mailchi.mp\/5ba3123f5344\/conias-risk-intelligence-newsletter-october-2017\" target=\"_blank\" rel=\"noopener\">October<\/a><\/li>\n<li style=\"list-style-type: none;\"><a href=\"https:\/\/mailchi.mp\/a83264c48f78\/conias-newsletter-september-17\" target=\"_blank\" rel=\"noopener\">September<\/a><\/li>\n<li style=\"list-style-type: none;\"><a href=\"https:\/\/mailchi.mp\/10988ff560a8\/conias-newsletter-august-2017\" target=\"_blank\" rel=\"noopener\">August<\/a><\/li>\n<li style=\"list-style-type: none;\"><a href=\"https:\/\/mailchi.mp\/5f3eb97623bb\/conias-risk-intelligence-newsletter-july-2017\" target=\"_blank\" rel=\"noopener\">July<\/a><\/li>\n<li style=\"list-style-type: none;\"><a href=\"https:\/\/mailchi.mp\/cb087a4f4d78\/conias-risk-intelligence-newsletter-june-2017\" target=\"_blank\" rel=\"noopener\">June<\/a><\/li>\n<li style=\"list-style-type: none;\"><a href=\"https:\/\/mailchi.mp\/0f188ced15d7\/conias-risk-intelligence-newsletter-may-2017\" target=\"_blank\" rel=\"noopener\">May<\/a><\/li>\n<li style=\"list-style-type: none;\"><a href=\"https:\/\/mailchi.mp\/752bfe6ea01f\/conias-risk-intelligence-newsletter-april-2017\" target=\"_blank\" rel=\"noopener\">April<\/a><\/li>\n<li style=\"list-style-type: none;\"><a href=\"https:\/\/us12.campaign-archive.com\/?u=ed09693687f04d879283b213f&amp;id=127d99a57e\" target=\"_blank\" rel=\"noopener\">March<\/a><\/li>\n<li style=\"list-style-type: none;\"><a href=\"https:\/\/us12.campaign-archive.com\/?u=ed09693687f04d879283b213f&amp;id=89de5cc9c3\" target=\"_blank\" rel=\"noopener\">Februar<\/a>y<\/li>\n<li style=\"list-style-type: none;\"><a href=\"https:\/\/us12.campaign-archive.com\/?u=ed09693687f04d879283b213f&amp;id=9e232e6e3a\" target=\"_blank\" rel=\"noopener\">Januar<\/a>y<\/li>\n<\/ul>\n<\/details><\/div>\n<div style=\"width: 15%; float: left; padding: 5px; text-align: left;\"><details>\n<summary><a><b>2016<\/b><\/a><\/summary>\n<ul>\n<li style=\"list-style-type: none;\"><a href=\"https:\/\/us12.campaign-archive.com\/?u=ed09693687f04d879283b213f&amp;id=3567174bdc\" target=\"_blank\" rel=\"noopener\">December<\/a><\/li>\n<li style=\"list-style-type: none;\"><a href=\"https:\/\/us12.campaign-archive.com\/?u=ed09693687f04d879283b213f&amp;id=29b53be947\" target=\"_blank\" rel=\"noopener\">November<\/a><\/li>\n<li style=\"list-style-type: none;\"><a href=\"https:\/\/us12.campaign-archive.com\/?u=ed09693687f04d879283b213f&amp;id=15b25fa8dc\" target=\"_blank\" rel=\"noopener\">October<\/a><\/li>\n<li style=\"list-style-type: none;\"><a href=\"https:\/\/us12.campaign-archive.com\/?u=ed09693687f04d879283b213f&amp;id=bf2710790f\" target=\"_blank\" rel=\"noopener\">September<\/a><\/li>\n<li style=\"list-style-type: none;\"><a href=\"https:\/\/us12.campaign-archive.com\/?u=ed09693687f04d879283b213f&amp;id=94b39b8ffd\" target=\"_blank\" rel=\"noopener\">August<\/a><\/li>\n<li style=\"list-style-type: none;\"><a href=\"https:\/\/us12.campaign-archive.com\/?u=ed09693687f04d879283b213f&amp;id=0505797103\" target=\"_blank\" rel=\"noopener\">July<\/a><\/li>\n<li style=\"list-style-type: none;\"><a href=\"https:\/\/us12.campaign-archive.com\/?u=ed09693687f04d879283b213f&amp;id=456b9651fe\" target=\"_blank\" rel=\"noopener\">June<\/a><\/li>\n<li style=\"list-style-type: none;\"><a href=\"https:\/\/us12.campaign-archive.com\/?u=ed09693687f04d879283b213f&amp;id=fbcf66d725\" target=\"_blank\" rel=\"noopener\">May<\/a><\/li>\n<li style=\"list-style-type: none;\"><a href=\"https:\/\/us12.campaign-archive.com\/?u=ed09693687f04d879283b213f&amp;id=5b0a808228\" target=\"_blank\" rel=\"noopener\">April<\/a><\/li>\n<li style=\"list-style-type: none;\"><a href=\"https:\/\/us12.campaign-archive.com\/?u=ed09693687f04d879283b213f&amp;id=b06b2c4f26\" target=\"_blank\" rel=\"noopener\">March<\/a><\/li>\n<li style=\"list-style-type: none;\"><a href=\"https:\/\/us12.campaign-archive.com\/?u=ed09693687f04d879283b213f&amp;id=305a570f75\" target=\"_blank\" rel=\"noopener\">February<\/a><\/li>\n<li style=\"list-style-type: none;\"><a href=\"https:\/\/us12.campaign-archive.com\/?u=ed09693687f04d879283b213f&amp;id=cfa6b62a94\" target=\"_blank\" rel=\"noopener\">January<\/a><\/li>\n<\/ul>\n<\/details><\/div>\n<\/div>\n<\/div>\n<\/div>\n<\/div>\n<div id=\"pgc-336-0-1\" class=\"panel-grid-cell\" data-weight=\"0.4\">\n<div id=\"panel-336-0-1-0\" class=\"so-panel widget widget_sow-image panel-first-child panel-last-child\" data-index=\"1\" data-style=\"{&quot;widget_css&quot;:&quot;opacity: 0.8;&quot;,&quot;background_image_attachment&quot;:false,&quot;background_display&quot;:&quot;tile&quot;}\">\n<div class=\"panel-widget-style panel-widget-style-for-336-0-1-0\"><div\n\t\t\t\n\t\t\tclass=\"so-widget-sow-image so-widget-sow-image-default-8b5b6f678277\"\n\t\t\t\n\t\t><\/div><\/div>\n<\/div>\n<\/div>\n<\/div>\n<div id=\"pg-336-1\" class=\"panel-grid panel-no-style\" data-style=\"{&quot;background_display&quot;:&quot;tile&quot;,&quot;cell_alignment&quot;:&quot;flex-start&quot;}\" data-ratio=\"1\" data-ratio-direction=\"right\">\n<div id=\"pgc-336-1-0\" class=\"panel-grid-cell\" data-weight=\"1\">\n<div id=\"panel-336-1-0-0\" class=\"so-panel widget widget_sow-editor panel-first-child panel-last-child\" data-index=\"2\" data-style=\"{&quot;background_image_attachment&quot;:false,&quot;background_display&quot;:&quot;tile&quot;}\">\n<div class=\"so-widget-sow-editor so-widget-sow-editor-base\">\n<div class=\"siteorigin-widget-tinymce textwidget\"><hr \/><\/div>\n<\/div>\n<\/div>\n<\/div>\n<\/div>\n<\/div>\n\n<div class=\"tnp tnp-subscription \">\n<form method=\"post\" action=\"https:\/\/conias.com\/wp-admin\/admin-ajax.php?action=tnp&amp;na=s\">\n<input type=\"hidden\" name=\"nlang\" value=\"en\">\n<div class=\"tnp-field tnp-field-firstname\"><label for=\"tnp-1\">First name<\/label>\n<input class=\"tnp-name\" type=\"text\" name=\"nn\" id=\"tnp-1\" value=\"\" placeholder=\"\" required><\/div>\n<div class=\"tnp-field tnp-field-surname\"><label for=\"tnp-2\">Last name<\/label>\n<input class=\"tnp-surname\" type=\"text\" name=\"ns\" id=\"tnp-2\" value=\"\" placeholder=\"\" required><\/div><div class=\"tnp-field tnp-field-email\"><label for=\"tnp-3\">Email<\/label>\n<input class=\"tnp-email\" type=\"email\" name=\"ne\" id=\"tnp-3\" value=\"\" placeholder=\"\" required><\/div>\n<div class=\"tnp-field tnp-privacy-field\"><label><input type=\"checkbox\" name=\"ny\" required class=\"tnp-privacy\"> <a target=\"_blank\" href=\"https:\/\/conias.com\/en\/privacy-policy\/\">Your personal data will be processed as stated in the Privacy Policy, which is freely available to you following this link.<\/a><\/label><\/div><div class=\"tnp-field tnp-field-button\" style=\"text-align: left\"><input class=\"tnp-submit\" type=\"submit\" value=\"Subscribe\" style=\"\">\n<\/div>\n<\/form>\n<\/div>\n\n","protected":false},"excerpt":{"rendered":"Our CONIAS Newsletter keeps you updated about recent developments in our company and our CONIAS network &#8211; in a more&#8230; <a class=\"view-article text-right\" style=\"font-weight: bold; text-align: right !important;\" href=\"https:\/\/conias.com\/en\/newsletter\/\">View Article<\/a>","protected":false},"author":1,"featured_media":0,"parent":0,"menu_order":0,"comment_status":"closed","ping_status":"closed","template":"","meta":{"_acf_changed":false,"footnotes":""},"class_list":["post-336","page","type-page","status-publish","hentry"],"acf":[],"yoast_head":"<!-- This site is optimized with the Yoast SEO plugin v27.3 - https:\/\/yoast.com\/product\/yoast-seo-wordpress\/ -->\n<title>Newsletter - CONIAS Risk Intelligence a MBI Product<\/title>\n<meta name=\"description\" content=\"Our CONIAS Newsletter keeps you updated about recent developments in our company and our CONIAS network - in a more comprehensive way than 280 Characters.\" \/>\n<meta name=\"robots\" content=\"index, follow, max-snippet:-1, max-image-preview:large, max-video-preview:-1\" \/>\n<link rel=\"canonical\" href=\"https:\/\/conias.com\/en\/newsletter\/\" \/>\n<meta property=\"og:locale\" content=\"en_US\" \/>\n<meta property=\"og:type\" content=\"article\" \/>\n<meta property=\"og:title\" content=\"Newsletter - CONIAS Risk Intelligence a MBI Product\" \/>\n<meta property=\"og:description\" content=\"Our CONIAS Newsletter keeps you updated about recent developments in our company and our CONIAS network - in a more comprehensive way than 280 Characters.\" \/>\n<meta property=\"og:url\" content=\"https:\/\/conias.com\/en\/newsletter\/\" \/>\n<meta property=\"og:site_name\" content=\"CONIAS Risk Intelligence a MBI Product\" \/>\n<meta property=\"article:modified_time\" content=\"2022-11-17T11:35:38+00:00\" \/>\n<meta name=\"twitter:card\" content=\"summary_large_image\" \/>\n<meta name=\"twitter:label1\" content=\"Est. reading time\" \/>\n\t<meta name=\"twitter:data1\" content=\"1 minute\" \/>\n<script type=\"application\/ld+json\" class=\"yoast-schema-graph\">{\"@context\":\"https:\\\/\\\/schema.org\",\"@graph\":[{\"@type\":\"WebPage\",\"@id\":\"https:\\\/\\\/conias.com\\\/en\\\/newsletter\\\/\",\"url\":\"https:\\\/\\\/conias.com\\\/en\\\/newsletter\\\/\",\"name\":\"Newsletter - CONIAS Risk Intelligence a MBI Product\",\"isPartOf\":{\"@id\":\"https:\\\/\\\/conias.com\\\/en\\\/#website\"},\"datePublished\":\"2017-12-18T09:12:20+00:00\",\"dateModified\":\"2022-11-17T11:35:38+00:00\",\"description\":\"Our CONIAS Newsletter keeps you updated about recent developments in our company and our CONIAS network - in a more comprehensive way than 280 Characters.\",\"breadcrumb\":{\"@id\":\"https:\\\/\\\/conias.com\\\/en\\\/newsletter\\\/#breadcrumb\"},\"inLanguage\":\"en-US\",\"potentialAction\":[{\"@type\":\"ReadAction\",\"target\":[\"https:\\\/\\\/conias.com\\\/en\\\/newsletter\\\/\"]}]},{\"@type\":\"BreadcrumbList\",\"@id\":\"https:\\\/\\\/conias.com\\\/en\\\/newsletter\\\/#breadcrumb\",\"itemListElement\":[{\"@type\":\"ListItem\",\"position\":1,\"name\":\"Home\",\"item\":\"https:\\\/\\\/conias.com\\\/en\\\/\"},{\"@type\":\"ListItem\",\"position\":2,\"name\":\"Newsletter\"}]},{\"@type\":\"WebSite\",\"@id\":\"https:\\\/\\\/conias.com\\\/en\\\/#website\",\"url\":\"https:\\\/\\\/conias.com\\\/en\\\/\",\"name\":\"CONIAS Risk Intelligence a MBI Product\",\"description\":\"Wir unterst\u00fctzen Sie dabei, politische Risiken f\u00fcr Standort-, Logistik- &amp; Investitionssicherheit fr\u00fchzeitig zu erkennen &amp; Anpassungstrategien zu entwickeln.\",\"potentialAction\":[{\"@type\":\"SearchAction\",\"target\":{\"@type\":\"EntryPoint\",\"urlTemplate\":\"https:\\\/\\\/conias.com\\\/en\\\/?s={search_term_string}\"},\"query-input\":{\"@type\":\"PropertyValueSpecification\",\"valueRequired\":true,\"valueName\":\"search_term_string\"}}],\"inLanguage\":\"en-US\"}]}<\/script>\n<!-- \/ Yoast SEO plugin. -->","yoast_head_json":{"title":"Newsletter - CONIAS Risk Intelligence a MBI Product","description":"Our CONIAS Newsletter keeps you updated about recent developments in our company and our CONIAS network - in a more comprehensive way than 280 Characters.","robots":{"index":"index","follow":"follow","max-snippet":"max-snippet:-1","max-image-preview":"max-image-preview:large","max-video-preview":"max-video-preview:-1"},"canonical":"https:\/\/conias.com\/en\/newsletter\/","og_locale":"en_US","og_type":"article","og_title":"Newsletter - CONIAS Risk Intelligence a MBI Product","og_description":"Our CONIAS Newsletter keeps you updated about recent developments in our company and our CONIAS network - in a more comprehensive way than 280 Characters.","og_url":"https:\/\/conias.com\/en\/newsletter\/","og_site_name":"CONIAS Risk Intelligence a MBI Product","article_modified_time":"2022-11-17T11:35:38+00:00","twitter_card":"summary_large_image","twitter_misc":{"Est. reading time":"1 minute"},"schema":{"@context":"https:\/\/schema.org","@graph":[{"@type":"WebPage","@id":"https:\/\/conias.com\/en\/newsletter\/","url":"https:\/\/conias.com\/en\/newsletter\/","name":"Newsletter - CONIAS Risk Intelligence a MBI Product","isPartOf":{"@id":"https:\/\/conias.com\/en\/#website"},"datePublished":"2017-12-18T09:12:20+00:00","dateModified":"2022-11-17T11:35:38+00:00","description":"Our CONIAS Newsletter keeps you updated about recent developments in our company and our CONIAS network - in a more comprehensive way than 280 Characters.","breadcrumb":{"@id":"https:\/\/conias.com\/en\/newsletter\/#breadcrumb"},"inLanguage":"en-US","potentialAction":[{"@type":"ReadAction","target":["https:\/\/conias.com\/en\/newsletter\/"]}]},{"@type":"BreadcrumbList","@id":"https:\/\/conias.com\/en\/newsletter\/#breadcrumb","itemListElement":[{"@type":"ListItem","position":1,"name":"Home","item":"https:\/\/conias.com\/en\/"},{"@type":"ListItem","position":2,"name":"Newsletter"}]},{"@type":"WebSite","@id":"https:\/\/conias.com\/en\/#website","url":"https:\/\/conias.com\/en\/","name":"CONIAS Risk Intelligence a MBI Product","description":"Wir unterst\u00fctzen Sie dabei, politische Risiken f\u00fcr Standort-, Logistik- &amp; Investitionssicherheit fr\u00fchzeitig zu erkennen &amp; Anpassungstrategien zu entwickeln.","potentialAction":[{"@type":"SearchAction","target":{"@type":"EntryPoint","urlTemplate":"https:\/\/conias.com\/en\/?s={search_term_string}"},"query-input":{"@type":"PropertyValueSpecification","valueRequired":true,"valueName":"search_term_string"}}],"inLanguage":"en-US"}]}},"_links":{"self":[{"href":"https:\/\/conias.com\/en\/wp-json\/wp\/v2\/pages\/336","targetHints":{"allow":["GET"]}}],"collection":[{"href":"https:\/\/conias.com\/en\/wp-json\/wp\/v2\/pages"}],"about":[{"href":"https:\/\/conias.com\/en\/wp-json\/wp\/v2\/types\/page"}],"author":[{"embeddable":true,"href":"https:\/\/conias.com\/en\/wp-json\/wp\/v2\/users\/1"}],"replies":[{"embeddable":true,"href":"https:\/\/conias.com\/en\/wp-json\/wp\/v2\/comments?post=336"}],"version-history":[{"count":76,"href":"https:\/\/conias.com\/en\/wp-json\/wp\/v2\/pages\/336\/revisions"}],"predecessor-version":[{"id":12402,"href":"https:\/\/conias.com\/en\/wp-json\/wp\/v2\/pages\/336\/revisions\/12402"}],"wp:attachment":[{"href":"https:\/\/conias.com\/en\/wp-json\/wp\/v2\/media?parent=336"}],"curies":[{"name":"wp","href":"https:\/\/api.w.org\/{rel}","templated":true}]}}