{"id":3410,"date":"2018-08-09T09:41:40","date_gmt":"2018-08-09T09:41:40","guid":{"rendered":"https:\/\/conias.com\/?page_id=3410"},"modified":"2018-08-22T13:01:50","modified_gmt":"2018-08-22T13:01:50","slug":"risk-report-indonesia","status":"publish","type":"page","link":"https:\/\/conias.com\/en\/risk-report\/risk-report-indonesia\/","title":{"rendered":"Risk Report Indonesia"},"content":{"rendered":"<div class=\"list-group-item\">\n<div class=\"media col-md-3\">\n<figure class=\"pull-left\"><img decoding=\"async\" class=\"media-object img-rounded img-responsive\" src=\"https:\/\/conias.com\/wp-content\/uploads\/2018\/08\/Indonesia.jpg\" alt=\"Risk Report Indonesia\" title=\"Risk Report Indonesia\" \/><\/figure>\n<\/div>\n<div class=\"col-md-6\">\n<h4 class=\"list-group-item-heading\">Risk Report Indonesia<\/h4>\n<p class=\"main-content--textblock\">\n\tIn 2014, former furniture salesman  Joko \u201cJokowi\u201d Widodo  &#8211; often compared to Barack Obama &#8211; was elected president of Indonesia. For the first time, an \u201coutsider\u201d has risen to the top of the world\u2019s largest island nation, raising expectations for political renewal and reforms, yet also tensions and skepticism. A member of the \u201cNext-Eleven\u201d group, G20 state Indonesia is well placed to soon catch up with the BRICS states, given its large human capital and natural resources. In order to use this potential, further investments are needed in the areas of infrastructure, education and subsidy reduction. Whether this can be achieved by Jokowi will also depend on the outcome of elections coming up in April 2019.\n<\/p>\n<p>\n<strong>Author:<\/strong> <a href=\"https:\/\/de.linkedin.com\/in\/dinah-abd-el-aziz-59425550\/de\" target=\"_blank\" rel=\"noopener\">Dinah Abd El Aziz<\/a><br \/>\n<strong>Publication Date:<\/strong> August 2018<\/p>\n<p class=\"main-content--textblock\">You enjoyed reading our report yet feel that it raised much more questions? You have a specific concern in mind that hasn\u2019t been addressed yet? You would like to have a more in-depth exchange with our country experts on their scenarios and further specify recommendations for actions? <a href=\"https:\/\/conias.com\/en\/contact\/\" rel=\"noopener\" target=\"_blank\">Contact us today<\/a> and benefit from the expertise and many years of international consulting experience of our <a href=\"https:\/\/conias.com\/en\/teams\/\" rel=\"noopener\" target=\"_blank\">team<\/a> and our <a href=\"https:\/\/conias.com\/en\/partners\/\" rel=\"noopener\" target=\"_blank\">partners<\/a>.<\/p>\n<\/div>\n<div class=\"col-md-3 text-center\">\t<a class=\"paoc-popup-click paoc-popup-cust-3340 paoc-popup-button paoc-popup-btn \" href=\"javascript:void(0);\">Download<\/a>\r\n\n<\/div>\n","protected":false},"excerpt":{"rendered":"Risk Report Indonesia In 2014, former furniture salesman Joko \u201cJokowi\u201d Widodo &#8211; often compared to Barack Obama &#8211; was elected&#8230; <a class=\"view-article text-right\" style=\"font-weight: bold; text-align: right !important;\" href=\"https:\/\/conias.com\/en\/risk-report\/risk-report-indonesia\/\">View Article<\/a>","protected":false},"author":3,"featured_media":0,"parent":1095,"menu_order":0,"comment_status":"closed","ping_status":"closed","template":"","meta":{"_acf_changed":false,"footnotes":""},"class_list":["post-3410","page","type-page","status-publish","hentry"],"acf":[],"yoast_head":"<!-- This site is optimized with the Yoast SEO plugin v27.4 - https:\/\/yoast.com\/product\/yoast-seo-wordpress\/ -->\n<title>Risk Report Indonesia - CONIAS Risk Intelligence a MBI Product<\/title>\n<meta name=\"description\" content=\"The Risk Report Indonesia shows the current &amp; future opportunities for in-depth economic cooperation, market entry, &amp; what risks must be taken into account.\" \/>\n<meta name=\"robots\" content=\"index, follow, max-snippet:-1, max-image-preview:large, max-video-preview:-1\" \/>\n<link rel=\"canonical\" href=\"https:\/\/conias.com\/en\/risk-report\/risk-report-indonesia\/\" \/>\n<meta property=\"og:locale\" content=\"en_US\" \/>\n<meta property=\"og:type\" content=\"article\" \/>\n<meta property=\"og:title\" content=\"Risk Report Indonesia - CONIAS Risk Intelligence a MBI Product\" \/>\n<meta property=\"og:description\" content=\"The Risk Report Indonesia shows the current &amp; future opportunities for in-depth economic cooperation, market entry, &amp; what risks must be taken into account.\" \/>\n<meta property=\"og:url\" content=\"https:\/\/conias.com\/en\/risk-report\/risk-report-indonesia\/\" \/>\n<meta property=\"og:site_name\" content=\"CONIAS Risk Intelligence a MBI Product\" \/>\n<meta property=\"article:modified_time\" content=\"2018-08-22T13:01:50+00:00\" \/>\n<meta property=\"og:image\" content=\"https:\/\/conias.com\/wp-content\/uploads\/2018\/08\/Indonesia.jpg\" \/>\n<meta name=\"twitter:card\" content=\"summary_large_image\" \/>\n<meta name=\"twitter:label1\" content=\"Est. reading time\" \/>\n\t<meta name=\"twitter:data1\" content=\"1 minute\" \/>\n<script type=\"application\/ld+json\" class=\"yoast-schema-graph\">{\"@context\":\"https:\\\/\\\/schema.org\",\"@graph\":[{\"@type\":\"WebPage\",\"@id\":\"https:\\\/\\\/conias.com\\\/en\\\/risk-report\\\/risk-report-indonesia\\\/\",\"url\":\"https:\\\/\\\/conias.com\\\/en\\\/risk-report\\\/risk-report-indonesia\\\/\",\"name\":\"Risk Report Indonesia - CONIAS Risk Intelligence a MBI Product\",\"isPartOf\":{\"@id\":\"https:\\\/\\\/conias.com\\\/en\\\/#website\"},\"primaryImageOfPage\":{\"@id\":\"https:\\\/\\\/conias.com\\\/en\\\/risk-report\\\/risk-report-indonesia\\\/#primaryimage\"},\"image\":{\"@id\":\"https:\\\/\\\/conias.com\\\/en\\\/risk-report\\\/risk-report-indonesia\\\/#primaryimage\"},\"thumbnailUrl\":\"https:\\\/\\\/conias.com\\\/wp-content\\\/uploads\\\/2018\\\/08\\\/Indonesia.jpg\",\"datePublished\":\"2018-08-09T09:41:40+00:00\",\"dateModified\":\"2018-08-22T13:01:50+00:00\",\"description\":\"The Risk Report Indonesia shows the current & future opportunities for in-depth economic cooperation, market entry, & what risks must be taken into account.\",\"breadcrumb\":{\"@id\":\"https:\\\/\\\/conias.com\\\/en\\\/risk-report\\\/risk-report-indonesia\\\/#breadcrumb\"},\"inLanguage\":\"en-US\",\"potentialAction\":[{\"@type\":\"ReadAction\",\"target\":[\"https:\\\/\\\/conias.com\\\/en\\\/risk-report\\\/risk-report-indonesia\\\/\"]}]},{\"@type\":\"ImageObject\",\"inLanguage\":\"en-US\",\"@id\":\"https:\\\/\\\/conias.com\\\/en\\\/risk-report\\\/risk-report-indonesia\\\/#primaryimage\",\"url\":\"https:\\\/\\\/conias.com\\\/wp-content\\\/uploads\\\/2018\\\/08\\\/Indonesia.jpg\",\"contentUrl\":\"https:\\\/\\\/conias.com\\\/wp-content\\\/uploads\\\/2018\\\/08\\\/Indonesia.jpg\"},{\"@type\":\"BreadcrumbList\",\"@id\":\"https:\\\/\\\/conias.com\\\/en\\\/risk-report\\\/risk-report-indonesia\\\/#breadcrumb\",\"itemListElement\":[{\"@type\":\"ListItem\",\"position\":1,\"name\":\"Home\",\"item\":\"https:\\\/\\\/conias.com\\\/en\\\/\"},{\"@type\":\"ListItem\",\"position\":2,\"name\":\"Risk Reports\",\"item\":\"https:\\\/\\\/conias.com\\\/en\\\/risk-report\\\/\"},{\"@type\":\"ListItem\",\"position\":3,\"name\":\"Risk Report Indonesia\"}]},{\"@type\":\"WebSite\",\"@id\":\"https:\\\/\\\/conias.com\\\/en\\\/#website\",\"url\":\"https:\\\/\\\/conias.com\\\/en\\\/\",\"name\":\"CONIAS Risk Intelligence a MBI Product\",\"description\":\"Wir unterst\u00fctzen Sie dabei, politische Risiken f\u00fcr Standort-, Logistik- &amp; Investitionssicherheit fr\u00fchzeitig zu erkennen &amp; Anpassungstrategien zu entwickeln.\",\"potentialAction\":[{\"@type\":\"SearchAction\",\"target\":{\"@type\":\"EntryPoint\",\"urlTemplate\":\"https:\\\/\\\/conias.com\\\/en\\\/?s={search_term_string}\"},\"query-input\":{\"@type\":\"PropertyValueSpecification\",\"valueRequired\":true,\"valueName\":\"search_term_string\"}}],\"inLanguage\":\"en-US\"}]}<\/script>\n<!-- \/ Yoast SEO plugin. -->","yoast_head_json":{"title":"Risk Report Indonesia - CONIAS Risk Intelligence a MBI Product","description":"The Risk Report Indonesia shows the current & future opportunities for in-depth economic cooperation, market entry, & what risks must be taken into account.","robots":{"index":"index","follow":"follow","max-snippet":"max-snippet:-1","max-image-preview":"max-image-preview:large","max-video-preview":"max-video-preview:-1"},"canonical":"https:\/\/conias.com\/en\/risk-report\/risk-report-indonesia\/","og_locale":"en_US","og_type":"article","og_title":"Risk Report Indonesia - CONIAS Risk Intelligence a MBI Product","og_description":"The Risk Report Indonesia shows the current & future opportunities for in-depth economic cooperation, market entry, & what risks must be taken into account.","og_url":"https:\/\/conias.com\/en\/risk-report\/risk-report-indonesia\/","og_site_name":"CONIAS Risk Intelligence a MBI Product","article_modified_time":"2018-08-22T13:01:50+00:00","og_image":[{"url":"https:\/\/conias.com\/wp-content\/uploads\/2018\/08\/Indonesia.jpg","type":"","width":"","height":""}],"twitter_card":"summary_large_image","twitter_misc":{"Est. reading time":"1 minute"},"schema":{"@context":"https:\/\/schema.org","@graph":[{"@type":"WebPage","@id":"https:\/\/conias.com\/en\/risk-report\/risk-report-indonesia\/","url":"https:\/\/conias.com\/en\/risk-report\/risk-report-indonesia\/","name":"Risk Report Indonesia - CONIAS Risk Intelligence a MBI Product","isPartOf":{"@id":"https:\/\/conias.com\/en\/#website"},"primaryImageOfPage":{"@id":"https:\/\/conias.com\/en\/risk-report\/risk-report-indonesia\/#primaryimage"},"image":{"@id":"https:\/\/conias.com\/en\/risk-report\/risk-report-indonesia\/#primaryimage"},"thumbnailUrl":"https:\/\/conias.com\/wp-content\/uploads\/2018\/08\/Indonesia.jpg","datePublished":"2018-08-09T09:41:40+00:00","dateModified":"2018-08-22T13:01:50+00:00","description":"The Risk Report Indonesia shows the current & future opportunities for in-depth economic cooperation, market entry, & what risks must be taken into account.","breadcrumb":{"@id":"https:\/\/conias.com\/en\/risk-report\/risk-report-indonesia\/#breadcrumb"},"inLanguage":"en-US","potentialAction":[{"@type":"ReadAction","target":["https:\/\/conias.com\/en\/risk-report\/risk-report-indonesia\/"]}]},{"@type":"ImageObject","inLanguage":"en-US","@id":"https:\/\/conias.com\/en\/risk-report\/risk-report-indonesia\/#primaryimage","url":"https:\/\/conias.com\/wp-content\/uploads\/2018\/08\/Indonesia.jpg","contentUrl":"https:\/\/conias.com\/wp-content\/uploads\/2018\/08\/Indonesia.jpg"},{"@type":"BreadcrumbList","@id":"https:\/\/conias.com\/en\/risk-report\/risk-report-indonesia\/#breadcrumb","itemListElement":[{"@type":"ListItem","position":1,"name":"Home","item":"https:\/\/conias.com\/en\/"},{"@type":"ListItem","position":2,"name":"Risk Reports","item":"https:\/\/conias.com\/en\/risk-report\/"},{"@type":"ListItem","position":3,"name":"Risk Report Indonesia"}]},{"@type":"WebSite","@id":"https:\/\/conias.com\/en\/#website","url":"https:\/\/conias.com\/en\/","name":"CONIAS Risk Intelligence a MBI Product","description":"Wir unterst\u00fctzen Sie dabei, politische Risiken f\u00fcr Standort-, Logistik- &amp; Investitionssicherheit fr\u00fchzeitig zu erkennen &amp; Anpassungstrategien zu entwickeln.","potentialAction":[{"@type":"SearchAction","target":{"@type":"EntryPoint","urlTemplate":"https:\/\/conias.com\/en\/?s={search_term_string}"},"query-input":{"@type":"PropertyValueSpecification","valueRequired":true,"valueName":"search_term_string"}}],"inLanguage":"en-US"}]}},"_links":{"self":[{"href":"https:\/\/conias.com\/en\/wp-json\/wp\/v2\/pages\/3410","targetHints":{"allow":["GET"]}}],"collection":[{"href":"https:\/\/conias.com\/en\/wp-json\/wp\/v2\/pages"}],"about":[{"href":"https:\/\/conias.com\/en\/wp-json\/wp\/v2\/types\/page"}],"author":[{"embeddable":true,"href":"https:\/\/conias.com\/en\/wp-json\/wp\/v2\/users\/3"}],"replies":[{"embeddable":true,"href":"https:\/\/conias.com\/en\/wp-json\/wp\/v2\/comments?post=3410"}],"version-history":[{"count":8,"href":"https:\/\/conias.com\/en\/wp-json\/wp\/v2\/pages\/3410\/revisions"}],"predecessor-version":[{"id":4186,"href":"https:\/\/conias.com\/en\/wp-json\/wp\/v2\/pages\/3410\/revisions\/4186"}],"up":[{"embeddable":true,"href":"https:\/\/conias.com\/en\/wp-json\/wp\/v2\/pages\/1095"}],"wp:attachment":[{"href":"https:\/\/conias.com\/en\/wp-json\/wp\/v2\/media?parent=3410"}],"curies":[{"name":"wp","href":"https:\/\/api.w.org\/{rel}","templated":true}]}}