{"id":3434,"date":"2018-08-09T09:46:41","date_gmt":"2018-08-09T09:46:41","guid":{"rendered":"https:\/\/conias.com\/?page_id=3434"},"modified":"2019-02-25T15:41:08","modified_gmt":"2019-02-25T14:41:08","slug":"risk-report-kazakhstan","status":"publish","type":"page","link":"https:\/\/conias.com\/en\/risk-report\/risk-report-kazakhstan\/","title":{"rendered":"Risk Report Kazakhstan"},"content":{"rendered":"<div class=\"media col-md-3\">\n<figure class=\"pull-left\"><img decoding=\"async\" class=\"media-object img-rounded img-responsive\" title=\"Risk Report Kazakhstan\" src=\"https:\/\/conias.com\/wp-content\/uploads\/2018\/08\/Kazakhstan.jpg\" alt=\"Risk Report Kazakhstan\" \/><\/figure>\n<\/div>\n<div class=\"col-md-6\">\n<h4 class=\"list-group-item-heading\">Risk Report Kazakhstan<\/h4>\n<p class=\"main-content--textblock\">Kazakhstan generates nearly two thirds of Central Asia\u2019s economic output. Its favorable position also as Europe\u2019s most important trading partner in the region is based on a thriving oil and gas industry \u2013 Kazakhstan ranks among the Top 20 of global oil exporters. While this leaves the country highly susceptible to external shocks, for instance, to a rapid drop in oil prices, the domestic politics of the post-Soviet state have been stable and characterized by the rule of President Nursultan Nazarbayev for nearly three decades. Hence, the question of succession is of particular importance. Despite several reform initiatives, Kazakhstan\u2019s political system remains highly autocratic and inhibits little resilience against the looming resource course also known as \u201eDutch Disease\u201c.<\/p>\n<p>\n<strong>Author:<\/strong> <a href=\"https:\/\/dgap.org\/de\/think-tank\/experten\/1102\" target=\"_blank\" rel=\"noopener\">Dr. Luba von Hauff<\/a><br \/>\n<strong>Publication Date:<\/strong> August 2018<\/p>\n<p class=\"main-content--textblock\">You enjoyed reading our report yet feel that it raised much more questions? You have a specific concern in mind that hasn\u2019t been addressed yet? You would like to have a more in-depth exchange with our country experts on their scenarios and further specify recommendations for actions? <a href=\"https:\/\/conias.com\/en\/contact\/\" rel=\"noopener\" target=\"_blank\">Contact us today<\/a> and benefit from the expertise and many years of international consulting experience of our <a href=\"https:\/\/conias.com\/en\/teams\/\" rel=\"noopener\" target=\"_blank\">team<\/a> and our <a href=\"https:\/\/conias.com\/en\/partners\/\" rel=\"noopener\" target=\"_blank\">partners<\/a>.<\/p>\n<\/div>\n<div class=\"col-md-3 text-center\">\t<a class=\"paoc-popup-click paoc-popup-cust-3351 paoc-popup-button paoc-popup-btn \" href=\"javascript:void(0);\">Download<\/a>\r\n\n<\/div>\n","protected":false},"excerpt":{"rendered":"Risk Report Kazakhstan Kazakhstan generates nearly two thirds of Central Asia\u2019s economic output. Its favorable position also as Europe\u2019s most&#8230; <a class=\"view-article text-right\" style=\"font-weight: bold; text-align: right !important;\" href=\"https:\/\/conias.com\/en\/risk-report\/risk-report-kazakhstan\/\">View Article<\/a>","protected":false},"author":3,"featured_media":0,"parent":1095,"menu_order":0,"comment_status":"closed","ping_status":"closed","template":"","meta":{"_acf_changed":false,"footnotes":""},"class_list":["post-3434","page","type-page","status-publish","hentry"],"acf":[],"yoast_head":"<!-- This site is optimized with the Yoast SEO plugin v27.5 - https:\/\/yoast.com\/product\/yoast-seo-wordpress\/ -->\n<title>Risk Report Kazakhstan - CONIAS Risk Intelligence a MBI Product<\/title>\n<meta name=\"description\" content=\"Based on in-depth analyses, the Risk Report Kazakhstan highlights opportunities &amp; risks for market entry, possible developments &amp; adjustment strategies.\" \/>\n<meta name=\"robots\" content=\"index, follow, max-snippet:-1, max-image-preview:large, max-video-preview:-1\" \/>\n<link rel=\"canonical\" href=\"https:\/\/conias.com\/en\/risk-report\/risk-report-kazakhstan\/\" \/>\n<meta property=\"og:locale\" content=\"en_US\" \/>\n<meta property=\"og:type\" content=\"article\" \/>\n<meta property=\"og:title\" content=\"Risk Report Kazakhstan - CONIAS Risk Intelligence a MBI Product\" \/>\n<meta property=\"og:description\" content=\"Based on in-depth analyses, the Risk Report Kazakhstan highlights opportunities &amp; risks for market entry, possible developments &amp; adjustment strategies.\" \/>\n<meta property=\"og:url\" content=\"https:\/\/conias.com\/en\/risk-report\/risk-report-kazakhstan\/\" \/>\n<meta property=\"og:site_name\" content=\"CONIAS Risk Intelligence a MBI Product\" \/>\n<meta property=\"article:modified_time\" content=\"2019-02-25T14:41:08+00:00\" \/>\n<meta property=\"og:image\" content=\"https:\/\/conias.com\/wp-content\/uploads\/2018\/08\/Kazakhstan.jpg\" \/>\n<meta name=\"twitter:card\" content=\"summary_large_image\" \/>\n<meta name=\"twitter:label1\" content=\"Est. reading time\" \/>\n\t<meta name=\"twitter:data1\" content=\"1 minute\" \/>\n<script type=\"application\/ld+json\" class=\"yoast-schema-graph\">{\"@context\":\"https:\\\/\\\/schema.org\",\"@graph\":[{\"@type\":\"WebPage\",\"@id\":\"https:\\\/\\\/conias.com\\\/en\\\/risk-report\\\/risk-report-kazakhstan\\\/\",\"url\":\"https:\\\/\\\/conias.com\\\/en\\\/risk-report\\\/risk-report-kazakhstan\\\/\",\"name\":\"Risk Report Kazakhstan - CONIAS Risk Intelligence a MBI Product\",\"isPartOf\":{\"@id\":\"https:\\\/\\\/conias.com\\\/en\\\/#website\"},\"primaryImageOfPage\":{\"@id\":\"https:\\\/\\\/conias.com\\\/en\\\/risk-report\\\/risk-report-kazakhstan\\\/#primaryimage\"},\"image\":{\"@id\":\"https:\\\/\\\/conias.com\\\/en\\\/risk-report\\\/risk-report-kazakhstan\\\/#primaryimage\"},\"thumbnailUrl\":\"https:\\\/\\\/conias.com\\\/wp-content\\\/uploads\\\/2018\\\/08\\\/Kazakhstan.jpg\",\"datePublished\":\"2018-08-09T09:46:41+00:00\",\"dateModified\":\"2019-02-25T14:41:08+00:00\",\"description\":\"Based on in-depth analyses, the Risk Report Kazakhstan highlights opportunities & risks for market entry, possible developments & adjustment strategies.\",\"breadcrumb\":{\"@id\":\"https:\\\/\\\/conias.com\\\/en\\\/risk-report\\\/risk-report-kazakhstan\\\/#breadcrumb\"},\"inLanguage\":\"en-US\",\"potentialAction\":[{\"@type\":\"ReadAction\",\"target\":[\"https:\\\/\\\/conias.com\\\/en\\\/risk-report\\\/risk-report-kazakhstan\\\/\"]}]},{\"@type\":\"ImageObject\",\"inLanguage\":\"en-US\",\"@id\":\"https:\\\/\\\/conias.com\\\/en\\\/risk-report\\\/risk-report-kazakhstan\\\/#primaryimage\",\"url\":\"https:\\\/\\\/conias.com\\\/wp-content\\\/uploads\\\/2018\\\/08\\\/Kazakhstan.jpg\",\"contentUrl\":\"https:\\\/\\\/conias.com\\\/wp-content\\\/uploads\\\/2018\\\/08\\\/Kazakhstan.jpg\"},{\"@type\":\"BreadcrumbList\",\"@id\":\"https:\\\/\\\/conias.com\\\/en\\\/risk-report\\\/risk-report-kazakhstan\\\/#breadcrumb\",\"itemListElement\":[{\"@type\":\"ListItem\",\"position\":1,\"name\":\"Home\",\"item\":\"https:\\\/\\\/conias.com\\\/en\\\/\"},{\"@type\":\"ListItem\",\"position\":2,\"name\":\"Risk Reports\",\"item\":\"https:\\\/\\\/conias.com\\\/en\\\/risk-report\\\/\"},{\"@type\":\"ListItem\",\"position\":3,\"name\":\"Risk Report Kazakhstan\"}]},{\"@type\":\"WebSite\",\"@id\":\"https:\\\/\\\/conias.com\\\/en\\\/#website\",\"url\":\"https:\\\/\\\/conias.com\\\/en\\\/\",\"name\":\"CONIAS Risk Intelligence a MBI Product\",\"description\":\"Wir unterst\u00fctzen Sie dabei, politische Risiken f\u00fcr Standort-, Logistik- &amp; Investitionssicherheit fr\u00fchzeitig zu erkennen &amp; Anpassungstrategien zu entwickeln.\",\"potentialAction\":[{\"@type\":\"SearchAction\",\"target\":{\"@type\":\"EntryPoint\",\"urlTemplate\":\"https:\\\/\\\/conias.com\\\/en\\\/?s={search_term_string}\"},\"query-input\":{\"@type\":\"PropertyValueSpecification\",\"valueRequired\":true,\"valueName\":\"search_term_string\"}}],\"inLanguage\":\"en-US\"}]}<\/script>\n<!-- \/ Yoast SEO plugin. -->","yoast_head_json":{"title":"Risk Report Kazakhstan - CONIAS Risk Intelligence a MBI Product","description":"Based on in-depth analyses, the Risk Report Kazakhstan highlights opportunities & risks for market entry, possible developments & adjustment strategies.","robots":{"index":"index","follow":"follow","max-snippet":"max-snippet:-1","max-image-preview":"max-image-preview:large","max-video-preview":"max-video-preview:-1"},"canonical":"https:\/\/conias.com\/en\/risk-report\/risk-report-kazakhstan\/","og_locale":"en_US","og_type":"article","og_title":"Risk Report Kazakhstan - CONIAS Risk Intelligence a MBI Product","og_description":"Based on in-depth analyses, the Risk Report Kazakhstan highlights opportunities & risks for market entry, possible developments & adjustment strategies.","og_url":"https:\/\/conias.com\/en\/risk-report\/risk-report-kazakhstan\/","og_site_name":"CONIAS Risk Intelligence a MBI Product","article_modified_time":"2019-02-25T14:41:08+00:00","og_image":[{"url":"https:\/\/conias.com\/wp-content\/uploads\/2018\/08\/Kazakhstan.jpg","type":"","width":"","height":""}],"twitter_card":"summary_large_image","twitter_misc":{"Est. reading time":"1 minute"},"schema":{"@context":"https:\/\/schema.org","@graph":[{"@type":"WebPage","@id":"https:\/\/conias.com\/en\/risk-report\/risk-report-kazakhstan\/","url":"https:\/\/conias.com\/en\/risk-report\/risk-report-kazakhstan\/","name":"Risk Report Kazakhstan - CONIAS Risk Intelligence a MBI Product","isPartOf":{"@id":"https:\/\/conias.com\/en\/#website"},"primaryImageOfPage":{"@id":"https:\/\/conias.com\/en\/risk-report\/risk-report-kazakhstan\/#primaryimage"},"image":{"@id":"https:\/\/conias.com\/en\/risk-report\/risk-report-kazakhstan\/#primaryimage"},"thumbnailUrl":"https:\/\/conias.com\/wp-content\/uploads\/2018\/08\/Kazakhstan.jpg","datePublished":"2018-08-09T09:46:41+00:00","dateModified":"2019-02-25T14:41:08+00:00","description":"Based on in-depth analyses, the Risk Report Kazakhstan highlights opportunities & risks for market entry, possible developments & adjustment strategies.","breadcrumb":{"@id":"https:\/\/conias.com\/en\/risk-report\/risk-report-kazakhstan\/#breadcrumb"},"inLanguage":"en-US","potentialAction":[{"@type":"ReadAction","target":["https:\/\/conias.com\/en\/risk-report\/risk-report-kazakhstan\/"]}]},{"@type":"ImageObject","inLanguage":"en-US","@id":"https:\/\/conias.com\/en\/risk-report\/risk-report-kazakhstan\/#primaryimage","url":"https:\/\/conias.com\/wp-content\/uploads\/2018\/08\/Kazakhstan.jpg","contentUrl":"https:\/\/conias.com\/wp-content\/uploads\/2018\/08\/Kazakhstan.jpg"},{"@type":"BreadcrumbList","@id":"https:\/\/conias.com\/en\/risk-report\/risk-report-kazakhstan\/#breadcrumb","itemListElement":[{"@type":"ListItem","position":1,"name":"Home","item":"https:\/\/conias.com\/en\/"},{"@type":"ListItem","position":2,"name":"Risk Reports","item":"https:\/\/conias.com\/en\/risk-report\/"},{"@type":"ListItem","position":3,"name":"Risk Report Kazakhstan"}]},{"@type":"WebSite","@id":"https:\/\/conias.com\/en\/#website","url":"https:\/\/conias.com\/en\/","name":"CONIAS Risk Intelligence a MBI Product","description":"Wir unterst\u00fctzen Sie dabei, politische Risiken f\u00fcr Standort-, Logistik- &amp; Investitionssicherheit fr\u00fchzeitig zu erkennen &amp; Anpassungstrategien zu entwickeln.","potentialAction":[{"@type":"SearchAction","target":{"@type":"EntryPoint","urlTemplate":"https:\/\/conias.com\/en\/?s={search_term_string}"},"query-input":{"@type":"PropertyValueSpecification","valueRequired":true,"valueName":"search_term_string"}}],"inLanguage":"en-US"}]}},"_links":{"self":[{"href":"https:\/\/conias.com\/en\/wp-json\/wp\/v2\/pages\/3434","targetHints":{"allow":["GET"]}}],"collection":[{"href":"https:\/\/conias.com\/en\/wp-json\/wp\/v2\/pages"}],"about":[{"href":"https:\/\/conias.com\/en\/wp-json\/wp\/v2\/types\/page"}],"author":[{"embeddable":true,"href":"https:\/\/conias.com\/en\/wp-json\/wp\/v2\/users\/3"}],"replies":[{"embeddable":true,"href":"https:\/\/conias.com\/en\/wp-json\/wp\/v2\/comments?post=3434"}],"version-history":[{"count":9,"href":"https:\/\/conias.com\/en\/wp-json\/wp\/v2\/pages\/3434\/revisions"}],"predecessor-version":[{"id":7133,"href":"https:\/\/conias.com\/en\/wp-json\/wp\/v2\/pages\/3434\/revisions\/7133"}],"up":[{"embeddable":true,"href":"https:\/\/conias.com\/en\/wp-json\/wp\/v2\/pages\/1095"}],"wp:attachment":[{"href":"https:\/\/conias.com\/en\/wp-json\/wp\/v2\/media?parent=3434"}],"curies":[{"name":"wp","href":"https:\/\/api.w.org\/{rel}","templated":true}]}}