{"id":3435,"date":"2018-08-09T09:53:18","date_gmt":"2018-08-09T09:53:18","guid":{"rendered":"https:\/\/conias.com\/?page_id=3435"},"modified":"2018-08-22T13:15:10","modified_gmt":"2018-08-22T13:15:10","slug":"risk-report-qatar","status":"publish","type":"page","link":"https:\/\/conias.com\/en\/risk-report\/risk-report-qatar\/","title":{"rendered":"Risk Report Qatar"},"content":{"rendered":"<div class=\"media col-md-3\">\n<figure class=\"pull-left\"><img decoding=\"async\" class=\"media-object img-rounded img-responsive\" src=\"https:\/\/conias.com\/wp-content\/uploads\/2018\/08\/Qatar.jpg\" alt=\"Risk Report Qatar\" title=\"Risk Report Qatar\" \/><\/figure>\n<\/div>\n<div class=\"col-md-6\">\n<h4 class=\"list-group-item-heading\">Risk Report Qatar<\/h4>\n<p class=\"main-content--textblock\">\n\tQatar\u2019s ambitions appear to have reached their limits at its own borders, as the sea and land blockade imposed by its neighbors more than a year ago continues. Only a few benefit from the massive wealth of the Gulf emirate, which controls 13% of the world\u2019s natural gas resources, as most residents are not citizens yet foreign workers. In 2022, Qatar, whose role as an investor also in major German companies increased recently, will host the World Cup, as the first Arab state ever. However, this prestigious project by Emir Tamim al Thani could especially due to poor working conditions on Qatari construction sites is at risk of becoming a PR fiasco with major implications for the country\u2019s further development.\n<\/p>\n<p>\n<strong>Author:<\/strong> <a href=\"https:\/\/www.giga-hamburg.de\/de\/team\/sunik\" target=\"_blank\" rel=\"noopener\">Dr. des. Anna Sunik<\/a><br \/>\n<strong>Publication Date:<\/strong> August 2018\n<\/p>\n<p class=\"main-content--textblock\">You enjoyed reading our report yet feel that it raised much more questions? You have a specific concern in mind that hasn\u2019t been addressed yet? You would like to have a more in-depth exchange with our country experts on their scenarios and further specify recommendations for actions? <a href=\"https:\/\/conias.com\/en\/contact\/\" rel=\"noopener\" target=\"_blank\">Contact us today<\/a> and benefit from the expertise and many years of international consulting experience of our <a href=\"https:\/\/conias.com\/en\/teams\/\" rel=\"noopener\" target=\"_blank\">team<\/a> and our <a href=\"https:\/\/conias.com\/en\/partners\/\" rel=\"noopener\" target=\"_blank\">partners<\/a>.<\/p>\n<\/div>\n<div class=\"col-md-3 text-center\">\t<a class=\"paoc-popup-click paoc-popup-cust-3363 paoc-popup-button paoc-popup-btn \" href=\"javascript:void(0);\">Download<\/a>\r\n\n<\/div>\n","protected":false},"excerpt":{"rendered":"Risk Report Qatar Qatar\u2019s ambitions appear to have reached their limits at its own borders, as the sea and land&#8230; <a class=\"view-article text-right\" style=\"font-weight: bold; text-align: right !important;\" href=\"https:\/\/conias.com\/en\/risk-report\/risk-report-qatar\/\">View Article<\/a>","protected":false},"author":3,"featured_media":0,"parent":1095,"menu_order":0,"comment_status":"closed","ping_status":"closed","template":"","meta":{"_acf_changed":false,"footnotes":""},"class_list":["post-3435","page","type-page","status-publish","hentry"],"acf":[],"yoast_head":"<!-- This site is optimized with the Yoast SEO plugin v27.5 - https:\/\/yoast.com\/product\/yoast-seo-wordpress\/ -->\n<title>Risk Report Qatar - CONIAS Risk Intelligence a MBI Product<\/title>\n<meta name=\"description\" content=\"Will Qatar with its ambitions continue to punch above its own weight? The risk report Qatar offers deeper insights and outlines corresponding scenarios.\" \/>\n<meta name=\"robots\" content=\"index, follow, max-snippet:-1, max-image-preview:large, max-video-preview:-1\" \/>\n<link rel=\"canonical\" href=\"https:\/\/conias.com\/en\/risk-report\/risk-report-qatar\/\" \/>\n<meta property=\"og:locale\" content=\"en_US\" \/>\n<meta property=\"og:type\" content=\"article\" \/>\n<meta property=\"og:title\" content=\"Risk Report Qatar - CONIAS Risk Intelligence a MBI Product\" \/>\n<meta property=\"og:description\" content=\"Will Qatar with its ambitions continue to punch above its own weight? The risk report Qatar offers deeper insights and outlines corresponding scenarios.\" \/>\n<meta property=\"og:url\" content=\"https:\/\/conias.com\/en\/risk-report\/risk-report-qatar\/\" \/>\n<meta property=\"og:site_name\" content=\"CONIAS Risk Intelligence a MBI Product\" \/>\n<meta property=\"article:modified_time\" content=\"2018-08-22T13:15:10+00:00\" \/>\n<meta property=\"og:image\" content=\"https:\/\/conias.com\/wp-content\/uploads\/2018\/08\/Qatar.jpg\" \/>\n<meta name=\"twitter:card\" content=\"summary_large_image\" \/>\n<meta name=\"twitter:label1\" content=\"Est. reading time\" \/>\n\t<meta name=\"twitter:data1\" content=\"1 minute\" \/>\n<script type=\"application\/ld+json\" class=\"yoast-schema-graph\">{\"@context\":\"https:\\\/\\\/schema.org\",\"@graph\":[{\"@type\":\"WebPage\",\"@id\":\"https:\\\/\\\/conias.com\\\/en\\\/risk-report\\\/risk-report-qatar\\\/\",\"url\":\"https:\\\/\\\/conias.com\\\/en\\\/risk-report\\\/risk-report-qatar\\\/\",\"name\":\"Risk Report Qatar - CONIAS Risk Intelligence a MBI Product\",\"isPartOf\":{\"@id\":\"https:\\\/\\\/conias.com\\\/en\\\/#website\"},\"primaryImageOfPage\":{\"@id\":\"https:\\\/\\\/conias.com\\\/en\\\/risk-report\\\/risk-report-qatar\\\/#primaryimage\"},\"image\":{\"@id\":\"https:\\\/\\\/conias.com\\\/en\\\/risk-report\\\/risk-report-qatar\\\/#primaryimage\"},\"thumbnailUrl\":\"https:\\\/\\\/conias.com\\\/wp-content\\\/uploads\\\/2018\\\/08\\\/Qatar.jpg\",\"datePublished\":\"2018-08-09T09:53:18+00:00\",\"dateModified\":\"2018-08-22T13:15:10+00:00\",\"description\":\"Will Qatar with its ambitions continue to punch above its own weight? The risk report Qatar offers deeper insights and outlines corresponding scenarios.\",\"breadcrumb\":{\"@id\":\"https:\\\/\\\/conias.com\\\/en\\\/risk-report\\\/risk-report-qatar\\\/#breadcrumb\"},\"inLanguage\":\"en-US\",\"potentialAction\":[{\"@type\":\"ReadAction\",\"target\":[\"https:\\\/\\\/conias.com\\\/en\\\/risk-report\\\/risk-report-qatar\\\/\"]}]},{\"@type\":\"ImageObject\",\"inLanguage\":\"en-US\",\"@id\":\"https:\\\/\\\/conias.com\\\/en\\\/risk-report\\\/risk-report-qatar\\\/#primaryimage\",\"url\":\"https:\\\/\\\/conias.com\\\/wp-content\\\/uploads\\\/2018\\\/08\\\/Qatar.jpg\",\"contentUrl\":\"https:\\\/\\\/conias.com\\\/wp-content\\\/uploads\\\/2018\\\/08\\\/Qatar.jpg\"},{\"@type\":\"BreadcrumbList\",\"@id\":\"https:\\\/\\\/conias.com\\\/en\\\/risk-report\\\/risk-report-qatar\\\/#breadcrumb\",\"itemListElement\":[{\"@type\":\"ListItem\",\"position\":1,\"name\":\"Home\",\"item\":\"https:\\\/\\\/conias.com\\\/en\\\/\"},{\"@type\":\"ListItem\",\"position\":2,\"name\":\"Risk Reports\",\"item\":\"https:\\\/\\\/conias.com\\\/en\\\/risk-report\\\/\"},{\"@type\":\"ListItem\",\"position\":3,\"name\":\"Risk Report Qatar\"}]},{\"@type\":\"WebSite\",\"@id\":\"https:\\\/\\\/conias.com\\\/en\\\/#website\",\"url\":\"https:\\\/\\\/conias.com\\\/en\\\/\",\"name\":\"CONIAS Risk Intelligence a MBI Product\",\"description\":\"Wir unterst\u00fctzen Sie dabei, politische Risiken f\u00fcr Standort-, Logistik- &amp; Investitionssicherheit fr\u00fchzeitig zu erkennen &amp; Anpassungstrategien zu entwickeln.\",\"potentialAction\":[{\"@type\":\"SearchAction\",\"target\":{\"@type\":\"EntryPoint\",\"urlTemplate\":\"https:\\\/\\\/conias.com\\\/en\\\/?s={search_term_string}\"},\"query-input\":{\"@type\":\"PropertyValueSpecification\",\"valueRequired\":true,\"valueName\":\"search_term_string\"}}],\"inLanguage\":\"en-US\"}]}<\/script>\n<!-- \/ Yoast SEO plugin. -->","yoast_head_json":{"title":"Risk Report Qatar - CONIAS Risk Intelligence a MBI Product","description":"Will Qatar with its ambitions continue to punch above its own weight? The risk report Qatar offers deeper insights and outlines corresponding scenarios.","robots":{"index":"index","follow":"follow","max-snippet":"max-snippet:-1","max-image-preview":"max-image-preview:large","max-video-preview":"max-video-preview:-1"},"canonical":"https:\/\/conias.com\/en\/risk-report\/risk-report-qatar\/","og_locale":"en_US","og_type":"article","og_title":"Risk Report Qatar - CONIAS Risk Intelligence a MBI Product","og_description":"Will Qatar with its ambitions continue to punch above its own weight? The risk report Qatar offers deeper insights and outlines corresponding scenarios.","og_url":"https:\/\/conias.com\/en\/risk-report\/risk-report-qatar\/","og_site_name":"CONIAS Risk Intelligence a MBI Product","article_modified_time":"2018-08-22T13:15:10+00:00","og_image":[{"url":"https:\/\/conias.com\/wp-content\/uploads\/2018\/08\/Qatar.jpg","type":"","width":"","height":""}],"twitter_card":"summary_large_image","twitter_misc":{"Est. reading time":"1 minute"},"schema":{"@context":"https:\/\/schema.org","@graph":[{"@type":"WebPage","@id":"https:\/\/conias.com\/en\/risk-report\/risk-report-qatar\/","url":"https:\/\/conias.com\/en\/risk-report\/risk-report-qatar\/","name":"Risk Report Qatar - CONIAS Risk Intelligence a MBI Product","isPartOf":{"@id":"https:\/\/conias.com\/en\/#website"},"primaryImageOfPage":{"@id":"https:\/\/conias.com\/en\/risk-report\/risk-report-qatar\/#primaryimage"},"image":{"@id":"https:\/\/conias.com\/en\/risk-report\/risk-report-qatar\/#primaryimage"},"thumbnailUrl":"https:\/\/conias.com\/wp-content\/uploads\/2018\/08\/Qatar.jpg","datePublished":"2018-08-09T09:53:18+00:00","dateModified":"2018-08-22T13:15:10+00:00","description":"Will Qatar with its ambitions continue to punch above its own weight? The risk report Qatar offers deeper insights and outlines corresponding scenarios.","breadcrumb":{"@id":"https:\/\/conias.com\/en\/risk-report\/risk-report-qatar\/#breadcrumb"},"inLanguage":"en-US","potentialAction":[{"@type":"ReadAction","target":["https:\/\/conias.com\/en\/risk-report\/risk-report-qatar\/"]}]},{"@type":"ImageObject","inLanguage":"en-US","@id":"https:\/\/conias.com\/en\/risk-report\/risk-report-qatar\/#primaryimage","url":"https:\/\/conias.com\/wp-content\/uploads\/2018\/08\/Qatar.jpg","contentUrl":"https:\/\/conias.com\/wp-content\/uploads\/2018\/08\/Qatar.jpg"},{"@type":"BreadcrumbList","@id":"https:\/\/conias.com\/en\/risk-report\/risk-report-qatar\/#breadcrumb","itemListElement":[{"@type":"ListItem","position":1,"name":"Home","item":"https:\/\/conias.com\/en\/"},{"@type":"ListItem","position":2,"name":"Risk Reports","item":"https:\/\/conias.com\/en\/risk-report\/"},{"@type":"ListItem","position":3,"name":"Risk Report Qatar"}]},{"@type":"WebSite","@id":"https:\/\/conias.com\/en\/#website","url":"https:\/\/conias.com\/en\/","name":"CONIAS Risk Intelligence a MBI Product","description":"Wir unterst\u00fctzen Sie dabei, politische Risiken f\u00fcr Standort-, Logistik- &amp; Investitionssicherheit fr\u00fchzeitig zu erkennen &amp; Anpassungstrategien zu entwickeln.","potentialAction":[{"@type":"SearchAction","target":{"@type":"EntryPoint","urlTemplate":"https:\/\/conias.com\/en\/?s={search_term_string}"},"query-input":{"@type":"PropertyValueSpecification","valueRequired":true,"valueName":"search_term_string"}}],"inLanguage":"en-US"}]}},"_links":{"self":[{"href":"https:\/\/conias.com\/en\/wp-json\/wp\/v2\/pages\/3435","targetHints":{"allow":["GET"]}}],"collection":[{"href":"https:\/\/conias.com\/en\/wp-json\/wp\/v2\/pages"}],"about":[{"href":"https:\/\/conias.com\/en\/wp-json\/wp\/v2\/types\/page"}],"author":[{"embeddable":true,"href":"https:\/\/conias.com\/en\/wp-json\/wp\/v2\/users\/3"}],"replies":[{"embeddable":true,"href":"https:\/\/conias.com\/en\/wp-json\/wp\/v2\/comments?post=3435"}],"version-history":[{"count":4,"href":"https:\/\/conias.com\/en\/wp-json\/wp\/v2\/pages\/3435\/revisions"}],"predecessor-version":[{"id":4199,"href":"https:\/\/conias.com\/en\/wp-json\/wp\/v2\/pages\/3435\/revisions\/4199"}],"up":[{"embeddable":true,"href":"https:\/\/conias.com\/en\/wp-json\/wp\/v2\/pages\/1095"}],"wp:attachment":[{"href":"https:\/\/conias.com\/en\/wp-json\/wp\/v2\/media?parent=3435"}],"curies":[{"name":"wp","href":"https:\/\/api.w.org\/{rel}","templated":true}]}}