{"id":3437,"date":"2018-08-09T10:17:55","date_gmt":"2018-08-09T10:17:55","guid":{"rendered":"https:\/\/conias.com\/?page_id=3437"},"modified":"2018-08-22T13:11:39","modified_gmt":"2018-08-22T13:11:39","slug":"risk-report-morocco","status":"publish","type":"page","link":"https:\/\/conias.com\/en\/risk-report\/risk-report-morocco\/","title":{"rendered":"Risk Report Morocco"},"content":{"rendered":"<div class=\"media col-md-3\">\n<figure class=\"pull-left\"><img decoding=\"async\" class=\"media-object img-rounded img-responsive\" src=\"https:\/\/conias.com\/wp-content\/uploads\/2018\/08\/Morocco.jpg\" alt=\"Risk Report Morocco\" title=\"Risk Report Morocco\" \/><\/figure>\n<\/div>\n<div class=\"col-md-6\">\n<h4 class=\"list-group-item-heading\">Risk Report Morocco<\/h4>\n<p class=\"main-content--textblock\">\nIn the at times turbulent MENA region, the Kingdom of Morocco is seen as an anchor of stability. King Mohammed VI. rules the country since 1999 and managed to outlast the Arab Spring through (superficial) reforms. Morocco, the sixth largest economy in Africa, is considered to be an important partner of the European Union in matters of economic, security, and migration policy cooperation,  especially given its thriving agricultural sector. In 2017, Morocco managed not only to accelerate economic growth, but has also been named as the first regional partner of the G20 \u201cCompact with Africa\u201d. As still too many high skilled Moroccans leave the country to seek employment in Europe, and in order to make better use of its great economic potential, Morocco needs to implement much needed reforms in a quick yet sustainable way.\n<\/p>\n<p>\n<strong>Autor:<\/strong> <a href=\"https:\/\/conias.com\/teams\/\" target=\"_blank\" rel=\"noopener\">Michael Hebeisen<\/a><br \/>\n<strong>Ver\u00f6ffentlichung:<\/strong> August 2018\n<\/p>\n<p class=\"main-content--textblock\">You enjoyed reading our report yet feel that it raised much more questions? You have a specific concern in mind that hasn\u2019t been addressed yet? You would like to have a more in-depth exchange with our country experts on their scenarios and further specify recommendations for actions? <a href=\"https:\/\/conias.com\/en\/contact\/\" rel=\"noopener\" target=\"_blank\">Contact us today<\/a> and benefit from the expertise and many years of international consulting experience of our <a href=\"https:\/\/conias.com\/en\/teams\/\" rel=\"noopener\" target=\"_blank\">team<\/a> and our <a href=\"https:\/\/conias.com\/en\/partners\/\" rel=\"noopener\" target=\"_blank\">partners<\/a>.<\/p>\n<\/div>\n<div class=\"col-md-3 text-center\">\t<a class=\"paoc-popup-click paoc-popup-cust-3353 paoc-popup-button paoc-popup-btn \" href=\"javascript:void(0);\">Download<\/a>\r\n\n<\/div>\n","protected":false},"excerpt":{"rendered":"Risk Report Morocco In the at times turbulent MENA region, the Kingdom of Morocco is seen as an anchor of&#8230; <a class=\"view-article text-right\" style=\"font-weight: bold; text-align: right !important;\" href=\"https:\/\/conias.com\/en\/risk-report\/risk-report-morocco\/\">View Article<\/a>","protected":false},"author":3,"featured_media":0,"parent":1095,"menu_order":0,"comment_status":"closed","ping_status":"closed","template":"","meta":{"_acf_changed":false,"footnotes":""},"class_list":["post-3437","page","type-page","status-publish","hentry"],"acf":[],"yoast_head":"<!-- This site is optimized with the Yoast SEO plugin v27.4 - https:\/\/yoast.com\/product\/yoast-seo-wordpress\/ -->\n<title>Risk Report Morocco - CONIAS Risk Intelligence a MBI Product<\/title>\n<meta name=\"description\" content=\"Will Morocco be able to exploit its great economic potential &amp; implement sustainable reforms? The Risk Report Morocco contains conceivable developments ...\" \/>\n<meta name=\"robots\" content=\"index, follow, max-snippet:-1, max-image-preview:large, max-video-preview:-1\" \/>\n<link rel=\"canonical\" href=\"https:\/\/conias.com\/en\/risk-report\/risk-report-morocco\/\" \/>\n<meta property=\"og:locale\" content=\"en_US\" \/>\n<meta property=\"og:type\" content=\"article\" \/>\n<meta property=\"og:title\" content=\"Risk Report Morocco - CONIAS Risk Intelligence a MBI Product\" \/>\n<meta property=\"og:description\" content=\"Will Morocco be able to exploit its great economic potential &amp; implement sustainable reforms? The Risk Report Morocco contains conceivable developments ...\" \/>\n<meta property=\"og:url\" content=\"https:\/\/conias.com\/en\/risk-report\/risk-report-morocco\/\" \/>\n<meta property=\"og:site_name\" content=\"CONIAS Risk Intelligence a MBI Product\" \/>\n<meta property=\"article:modified_time\" content=\"2018-08-22T13:11:39+00:00\" \/>\n<meta property=\"og:image\" content=\"https:\/\/conias.com\/wp-content\/uploads\/2018\/08\/Morocco.jpg\" \/>\n<meta name=\"twitter:card\" content=\"summary_large_image\" \/>\n<meta name=\"twitter:label1\" content=\"Est. reading time\" \/>\n\t<meta name=\"twitter:data1\" content=\"1 minute\" \/>\n<script type=\"application\/ld+json\" class=\"yoast-schema-graph\">{\"@context\":\"https:\\\/\\\/schema.org\",\"@graph\":[{\"@type\":\"WebPage\",\"@id\":\"https:\\\/\\\/conias.com\\\/en\\\/risk-report\\\/risk-report-morocco\\\/\",\"url\":\"https:\\\/\\\/conias.com\\\/en\\\/risk-report\\\/risk-report-morocco\\\/\",\"name\":\"Risk Report Morocco - CONIAS Risk Intelligence a MBI Product\",\"isPartOf\":{\"@id\":\"https:\\\/\\\/conias.com\\\/en\\\/#website\"},\"primaryImageOfPage\":{\"@id\":\"https:\\\/\\\/conias.com\\\/en\\\/risk-report\\\/risk-report-morocco\\\/#primaryimage\"},\"image\":{\"@id\":\"https:\\\/\\\/conias.com\\\/en\\\/risk-report\\\/risk-report-morocco\\\/#primaryimage\"},\"thumbnailUrl\":\"https:\\\/\\\/conias.com\\\/wp-content\\\/uploads\\\/2018\\\/08\\\/Morocco.jpg\",\"datePublished\":\"2018-08-09T10:17:55+00:00\",\"dateModified\":\"2018-08-22T13:11:39+00:00\",\"description\":\"Will Morocco be able to exploit its great economic potential & implement sustainable reforms? The Risk Report Morocco contains conceivable developments ...\",\"breadcrumb\":{\"@id\":\"https:\\\/\\\/conias.com\\\/en\\\/risk-report\\\/risk-report-morocco\\\/#breadcrumb\"},\"inLanguage\":\"en-US\",\"potentialAction\":[{\"@type\":\"ReadAction\",\"target\":[\"https:\\\/\\\/conias.com\\\/en\\\/risk-report\\\/risk-report-morocco\\\/\"]}]},{\"@type\":\"ImageObject\",\"inLanguage\":\"en-US\",\"@id\":\"https:\\\/\\\/conias.com\\\/en\\\/risk-report\\\/risk-report-morocco\\\/#primaryimage\",\"url\":\"https:\\\/\\\/conias.com\\\/wp-content\\\/uploads\\\/2018\\\/08\\\/Morocco.jpg\",\"contentUrl\":\"https:\\\/\\\/conias.com\\\/wp-content\\\/uploads\\\/2018\\\/08\\\/Morocco.jpg\"},{\"@type\":\"BreadcrumbList\",\"@id\":\"https:\\\/\\\/conias.com\\\/en\\\/risk-report\\\/risk-report-morocco\\\/#breadcrumb\",\"itemListElement\":[{\"@type\":\"ListItem\",\"position\":1,\"name\":\"Home\",\"item\":\"https:\\\/\\\/conias.com\\\/en\\\/\"},{\"@type\":\"ListItem\",\"position\":2,\"name\":\"Risk Reports\",\"item\":\"https:\\\/\\\/conias.com\\\/en\\\/risk-report\\\/\"},{\"@type\":\"ListItem\",\"position\":3,\"name\":\"Risk Report Morocco\"}]},{\"@type\":\"WebSite\",\"@id\":\"https:\\\/\\\/conias.com\\\/en\\\/#website\",\"url\":\"https:\\\/\\\/conias.com\\\/en\\\/\",\"name\":\"CONIAS Risk Intelligence a MBI Product\",\"description\":\"Wir unterst\u00fctzen Sie dabei, politische Risiken f\u00fcr Standort-, Logistik- &amp; Investitionssicherheit fr\u00fchzeitig zu erkennen &amp; Anpassungstrategien zu entwickeln.\",\"potentialAction\":[{\"@type\":\"SearchAction\",\"target\":{\"@type\":\"EntryPoint\",\"urlTemplate\":\"https:\\\/\\\/conias.com\\\/en\\\/?s={search_term_string}\"},\"query-input\":{\"@type\":\"PropertyValueSpecification\",\"valueRequired\":true,\"valueName\":\"search_term_string\"}}],\"inLanguage\":\"en-US\"}]}<\/script>\n<!-- \/ Yoast SEO plugin. -->","yoast_head_json":{"title":"Risk Report Morocco - CONIAS Risk Intelligence a MBI Product","description":"Will Morocco be able to exploit its great economic potential & implement sustainable reforms? The Risk Report Morocco contains conceivable developments ...","robots":{"index":"index","follow":"follow","max-snippet":"max-snippet:-1","max-image-preview":"max-image-preview:large","max-video-preview":"max-video-preview:-1"},"canonical":"https:\/\/conias.com\/en\/risk-report\/risk-report-morocco\/","og_locale":"en_US","og_type":"article","og_title":"Risk Report Morocco - CONIAS Risk Intelligence a MBI Product","og_description":"Will Morocco be able to exploit its great economic potential & implement sustainable reforms? The Risk Report Morocco contains conceivable developments ...","og_url":"https:\/\/conias.com\/en\/risk-report\/risk-report-morocco\/","og_site_name":"CONIAS Risk Intelligence a MBI Product","article_modified_time":"2018-08-22T13:11:39+00:00","og_image":[{"url":"https:\/\/conias.com\/wp-content\/uploads\/2018\/08\/Morocco.jpg","type":"","width":"","height":""}],"twitter_card":"summary_large_image","twitter_misc":{"Est. reading time":"1 minute"},"schema":{"@context":"https:\/\/schema.org","@graph":[{"@type":"WebPage","@id":"https:\/\/conias.com\/en\/risk-report\/risk-report-morocco\/","url":"https:\/\/conias.com\/en\/risk-report\/risk-report-morocco\/","name":"Risk Report Morocco - CONIAS Risk Intelligence a MBI Product","isPartOf":{"@id":"https:\/\/conias.com\/en\/#website"},"primaryImageOfPage":{"@id":"https:\/\/conias.com\/en\/risk-report\/risk-report-morocco\/#primaryimage"},"image":{"@id":"https:\/\/conias.com\/en\/risk-report\/risk-report-morocco\/#primaryimage"},"thumbnailUrl":"https:\/\/conias.com\/wp-content\/uploads\/2018\/08\/Morocco.jpg","datePublished":"2018-08-09T10:17:55+00:00","dateModified":"2018-08-22T13:11:39+00:00","description":"Will Morocco be able to exploit its great economic potential & implement sustainable reforms? The Risk Report Morocco contains conceivable developments ...","breadcrumb":{"@id":"https:\/\/conias.com\/en\/risk-report\/risk-report-morocco\/#breadcrumb"},"inLanguage":"en-US","potentialAction":[{"@type":"ReadAction","target":["https:\/\/conias.com\/en\/risk-report\/risk-report-morocco\/"]}]},{"@type":"ImageObject","inLanguage":"en-US","@id":"https:\/\/conias.com\/en\/risk-report\/risk-report-morocco\/#primaryimage","url":"https:\/\/conias.com\/wp-content\/uploads\/2018\/08\/Morocco.jpg","contentUrl":"https:\/\/conias.com\/wp-content\/uploads\/2018\/08\/Morocco.jpg"},{"@type":"BreadcrumbList","@id":"https:\/\/conias.com\/en\/risk-report\/risk-report-morocco\/#breadcrumb","itemListElement":[{"@type":"ListItem","position":1,"name":"Home","item":"https:\/\/conias.com\/en\/"},{"@type":"ListItem","position":2,"name":"Risk Reports","item":"https:\/\/conias.com\/en\/risk-report\/"},{"@type":"ListItem","position":3,"name":"Risk Report Morocco"}]},{"@type":"WebSite","@id":"https:\/\/conias.com\/en\/#website","url":"https:\/\/conias.com\/en\/","name":"CONIAS Risk Intelligence a MBI Product","description":"Wir unterst\u00fctzen Sie dabei, politische Risiken f\u00fcr Standort-, Logistik- &amp; Investitionssicherheit fr\u00fchzeitig zu erkennen &amp; Anpassungstrategien zu entwickeln.","potentialAction":[{"@type":"SearchAction","target":{"@type":"EntryPoint","urlTemplate":"https:\/\/conias.com\/en\/?s={search_term_string}"},"query-input":{"@type":"PropertyValueSpecification","valueRequired":true,"valueName":"search_term_string"}}],"inLanguage":"en-US"}]}},"_links":{"self":[{"href":"https:\/\/conias.com\/en\/wp-json\/wp\/v2\/pages\/3437","targetHints":{"allow":["GET"]}}],"collection":[{"href":"https:\/\/conias.com\/en\/wp-json\/wp\/v2\/pages"}],"about":[{"href":"https:\/\/conias.com\/en\/wp-json\/wp\/v2\/types\/page"}],"author":[{"embeddable":true,"href":"https:\/\/conias.com\/en\/wp-json\/wp\/v2\/users\/3"}],"replies":[{"embeddable":true,"href":"https:\/\/conias.com\/en\/wp-json\/wp\/v2\/comments?post=3437"}],"version-history":[{"count":4,"href":"https:\/\/conias.com\/en\/wp-json\/wp\/v2\/pages\/3437\/revisions"}],"predecessor-version":[{"id":4195,"href":"https:\/\/conias.com\/en\/wp-json\/wp\/v2\/pages\/3437\/revisions\/4195"}],"up":[{"embeddable":true,"href":"https:\/\/conias.com\/en\/wp-json\/wp\/v2\/pages\/1095"}],"wp:attachment":[{"href":"https:\/\/conias.com\/en\/wp-json\/wp\/v2\/media?parent=3437"}],"curies":[{"name":"wp","href":"https:\/\/api.w.org\/{rel}","templated":true}]}}