{"id":3441,"date":"2018-08-09T10:40:47","date_gmt":"2018-08-09T10:40:47","guid":{"rendered":"https:\/\/conias.com\/?page_id=3441"},"modified":"2019-02-25T15:38:57","modified_gmt":"2019-02-25T14:38:57","slug":"risk-report-united-kingdom","status":"publish","type":"page","link":"https:\/\/conias.com\/en\/risk-report\/risk-report-united-kingdom\/","title":{"rendered":"Risk Report United Kingdom"},"content":{"rendered":"<div class=\"media col-md-3\">\n<figure class=\"pull-left\"><img decoding=\"async\" class=\"media-object img-rounded img-responsive\" style=\"border: 1px solid grey;\" src=\"https:\/\/conias.com\/wp-content\/uploads\/2018\/08\/United-Kingdom.jpg\" alt=\"Risk Report United Kingdom\" title=\"Risk Report United Kingdom\" \/><\/figure>\n<\/div>\n<div class=\"col-md-6\">\n<h4 class=\"list-group-item-heading\">Risk Report United Kingdom<\/h4>\n<p class=\"main-content--textblock\">\n\t Even more than two years after the \u201cBrexit\u201d referendum of June 21, 2016, uncertainty overshadows the relations between Europe\u2019 second largest economy, the United Kingdom of Great Britain and Northern Ireland, and the rest of the EU. After decades of integration, central questions of global trade reoccur and the quest for answers is anything but free of tensions. In June 2017, Prime Minister Theresa May aimed at strengthening her position in snap elections, yet ended up severely weakened. For many companies, the yet undecided temper of Brexit will entail new challenges, also of particular interest to European companies. How can the UK manage to keep its position as prime recipient among global FDI and center of global banking?\n<\/p>\n<\/p>\n<p>\n<strong>Author:<\/strong> <a href=\"https:\/\/twitter.com\/sfeyock?lang=de\" target=\"_blank\" rel=\"noopener\">Sebastian Feyock<\/a><br \/>\n<strong>Publication Date:<\/strong> August 2018\n<\/p>\n<p class=\"main-content--textblock\">You enjoyed reading our report yet feel that it raised much more questions? You have a specific concern in mind that hasn\u2019t been addressed yet? You would like to have a more in-depth exchange with our country experts on their scenarios and further specify recommendations for actions? <a href=\"https:\/\/conias.com\/en\/contact\/\" rel=\"noopener\" target=\"_blank\">Contact us today<\/a> and benefit from the expertise and many years of international consulting experience of our <a href=\"https:\/\/conias.com\/en\/teams\/\" rel=\"noopener\" target=\"_blank\">team<\/a> and our <a href=\"https:\/\/conias.com\/en\/partners\/\" rel=\"noopener\" target=\"_blank\">partners<\/a>.<\/p>\n<\/div>\n<div class=\"col-md-3 text-center\">\t<a class=\"paoc-popup-click paoc-popup-cust-3383 paoc-popup-button paoc-popup-btn \" href=\"javascript:void(0);\">Download<\/a>\r\n\n<\/div>\n","protected":false},"excerpt":{"rendered":"Risk Report United Kingdom Even more than two years after the \u201cBrexit\u201d referendum of June 21, 2016, uncertainty overshadows the&#8230; <a class=\"view-article text-right\" style=\"font-weight: bold; text-align: right !important;\" href=\"https:\/\/conias.com\/en\/risk-report\/risk-report-united-kingdom\/\">View Article<\/a>","protected":false},"author":3,"featured_media":0,"parent":1095,"menu_order":0,"comment_status":"closed","ping_status":"closed","template":"","meta":{"_acf_changed":false,"footnotes":""},"class_list":["post-3441","page","type-page","status-publish","hentry"],"acf":[],"yoast_head":"<!-- This site is optimized with the Yoast SEO plugin v27.4 - https:\/\/yoast.com\/product\/yoast-seo-wordpress\/ -->\n<title>Risk Report United Kingdom - CONIAS Risk Intelligence a MBI Product<\/title>\n<meta name=\"description\" content=\"The Risk Report United Kingdom offers a thorough analysis of key political &amp; economic indicators, but also further scenarios &amp; recommendations for action.\" \/>\n<meta name=\"robots\" content=\"index, follow, max-snippet:-1, max-image-preview:large, max-video-preview:-1\" \/>\n<link rel=\"canonical\" href=\"https:\/\/conias.com\/en\/risk-report\/risk-report-united-kingdom\/\" \/>\n<meta property=\"og:locale\" content=\"en_US\" \/>\n<meta property=\"og:type\" content=\"article\" \/>\n<meta property=\"og:title\" content=\"Risk Report United Kingdom - CONIAS Risk Intelligence a MBI Product\" \/>\n<meta property=\"og:description\" content=\"The Risk Report United Kingdom offers a thorough analysis of key political &amp; economic indicators, but also further scenarios &amp; recommendations for action.\" \/>\n<meta property=\"og:url\" content=\"https:\/\/conias.com\/en\/risk-report\/risk-report-united-kingdom\/\" \/>\n<meta property=\"og:site_name\" content=\"CONIAS Risk Intelligence a MBI Product\" \/>\n<meta property=\"article:modified_time\" content=\"2019-02-25T14:38:57+00:00\" \/>\n<meta property=\"og:image\" content=\"https:\/\/conias.com\/wp-content\/uploads\/2018\/08\/United-Kingdom.jpg\" \/>\n<meta name=\"twitter:card\" content=\"summary_large_image\" \/>\n<meta name=\"twitter:label1\" content=\"Est. reading time\" \/>\n\t<meta name=\"twitter:data1\" content=\"1 minute\" \/>\n<script type=\"application\/ld+json\" class=\"yoast-schema-graph\">{\"@context\":\"https:\\\/\\\/schema.org\",\"@graph\":[{\"@type\":\"WebPage\",\"@id\":\"https:\\\/\\\/conias.com\\\/en\\\/risk-report\\\/risk-report-united-kingdom\\\/\",\"url\":\"https:\\\/\\\/conias.com\\\/en\\\/risk-report\\\/risk-report-united-kingdom\\\/\",\"name\":\"Risk Report United Kingdom - CONIAS Risk Intelligence a MBI Product\",\"isPartOf\":{\"@id\":\"https:\\\/\\\/conias.com\\\/en\\\/#website\"},\"primaryImageOfPage\":{\"@id\":\"https:\\\/\\\/conias.com\\\/en\\\/risk-report\\\/risk-report-united-kingdom\\\/#primaryimage\"},\"image\":{\"@id\":\"https:\\\/\\\/conias.com\\\/en\\\/risk-report\\\/risk-report-united-kingdom\\\/#primaryimage\"},\"thumbnailUrl\":\"https:\\\/\\\/conias.com\\\/wp-content\\\/uploads\\\/2018\\\/08\\\/United-Kingdom.jpg\",\"datePublished\":\"2018-08-09T10:40:47+00:00\",\"dateModified\":\"2019-02-25T14:38:57+00:00\",\"description\":\"The Risk Report United Kingdom offers a thorough analysis of key political & economic indicators, but also further scenarios & recommendations for action.\",\"breadcrumb\":{\"@id\":\"https:\\\/\\\/conias.com\\\/en\\\/risk-report\\\/risk-report-united-kingdom\\\/#breadcrumb\"},\"inLanguage\":\"en-US\",\"potentialAction\":[{\"@type\":\"ReadAction\",\"target\":[\"https:\\\/\\\/conias.com\\\/en\\\/risk-report\\\/risk-report-united-kingdom\\\/\"]}]},{\"@type\":\"ImageObject\",\"inLanguage\":\"en-US\",\"@id\":\"https:\\\/\\\/conias.com\\\/en\\\/risk-report\\\/risk-report-united-kingdom\\\/#primaryimage\",\"url\":\"https:\\\/\\\/conias.com\\\/wp-content\\\/uploads\\\/2018\\\/08\\\/United-Kingdom.jpg\",\"contentUrl\":\"https:\\\/\\\/conias.com\\\/wp-content\\\/uploads\\\/2018\\\/08\\\/United-Kingdom.jpg\"},{\"@type\":\"BreadcrumbList\",\"@id\":\"https:\\\/\\\/conias.com\\\/en\\\/risk-report\\\/risk-report-united-kingdom\\\/#breadcrumb\",\"itemListElement\":[{\"@type\":\"ListItem\",\"position\":1,\"name\":\"Home\",\"item\":\"https:\\\/\\\/conias.com\\\/en\\\/\"},{\"@type\":\"ListItem\",\"position\":2,\"name\":\"Risk Reports\",\"item\":\"https:\\\/\\\/conias.com\\\/en\\\/risk-report\\\/\"},{\"@type\":\"ListItem\",\"position\":3,\"name\":\"Risk Report United Kingdom\"}]},{\"@type\":\"WebSite\",\"@id\":\"https:\\\/\\\/conias.com\\\/en\\\/#website\",\"url\":\"https:\\\/\\\/conias.com\\\/en\\\/\",\"name\":\"CONIAS Risk Intelligence a MBI Product\",\"description\":\"Wir unterst\u00fctzen Sie dabei, politische Risiken f\u00fcr Standort-, Logistik- &amp; Investitionssicherheit fr\u00fchzeitig zu erkennen &amp; Anpassungstrategien zu entwickeln.\",\"potentialAction\":[{\"@type\":\"SearchAction\",\"target\":{\"@type\":\"EntryPoint\",\"urlTemplate\":\"https:\\\/\\\/conias.com\\\/en\\\/?s={search_term_string}\"},\"query-input\":{\"@type\":\"PropertyValueSpecification\",\"valueRequired\":true,\"valueName\":\"search_term_string\"}}],\"inLanguage\":\"en-US\"}]}<\/script>\n<!-- \/ Yoast SEO plugin. -->","yoast_head_json":{"title":"Risk Report United Kingdom - CONIAS Risk Intelligence a MBI Product","description":"The Risk Report United Kingdom offers a thorough analysis of key political & economic indicators, but also further scenarios & recommendations for action.","robots":{"index":"index","follow":"follow","max-snippet":"max-snippet:-1","max-image-preview":"max-image-preview:large","max-video-preview":"max-video-preview:-1"},"canonical":"https:\/\/conias.com\/en\/risk-report\/risk-report-united-kingdom\/","og_locale":"en_US","og_type":"article","og_title":"Risk Report United Kingdom - CONIAS Risk Intelligence a MBI Product","og_description":"The Risk Report United Kingdom offers a thorough analysis of key political & economic indicators, but also further scenarios & recommendations for action.","og_url":"https:\/\/conias.com\/en\/risk-report\/risk-report-united-kingdom\/","og_site_name":"CONIAS Risk Intelligence a MBI Product","article_modified_time":"2019-02-25T14:38:57+00:00","og_image":[{"url":"https:\/\/conias.com\/wp-content\/uploads\/2018\/08\/United-Kingdom.jpg","type":"","width":"","height":""}],"twitter_card":"summary_large_image","twitter_misc":{"Est. reading time":"1 minute"},"schema":{"@context":"https:\/\/schema.org","@graph":[{"@type":"WebPage","@id":"https:\/\/conias.com\/en\/risk-report\/risk-report-united-kingdom\/","url":"https:\/\/conias.com\/en\/risk-report\/risk-report-united-kingdom\/","name":"Risk Report United Kingdom - CONIAS Risk Intelligence a MBI Product","isPartOf":{"@id":"https:\/\/conias.com\/en\/#website"},"primaryImageOfPage":{"@id":"https:\/\/conias.com\/en\/risk-report\/risk-report-united-kingdom\/#primaryimage"},"image":{"@id":"https:\/\/conias.com\/en\/risk-report\/risk-report-united-kingdom\/#primaryimage"},"thumbnailUrl":"https:\/\/conias.com\/wp-content\/uploads\/2018\/08\/United-Kingdom.jpg","datePublished":"2018-08-09T10:40:47+00:00","dateModified":"2019-02-25T14:38:57+00:00","description":"The Risk Report United Kingdom offers a thorough analysis of key political & economic indicators, but also further scenarios & recommendations for action.","breadcrumb":{"@id":"https:\/\/conias.com\/en\/risk-report\/risk-report-united-kingdom\/#breadcrumb"},"inLanguage":"en-US","potentialAction":[{"@type":"ReadAction","target":["https:\/\/conias.com\/en\/risk-report\/risk-report-united-kingdom\/"]}]},{"@type":"ImageObject","inLanguage":"en-US","@id":"https:\/\/conias.com\/en\/risk-report\/risk-report-united-kingdom\/#primaryimage","url":"https:\/\/conias.com\/wp-content\/uploads\/2018\/08\/United-Kingdom.jpg","contentUrl":"https:\/\/conias.com\/wp-content\/uploads\/2018\/08\/United-Kingdom.jpg"},{"@type":"BreadcrumbList","@id":"https:\/\/conias.com\/en\/risk-report\/risk-report-united-kingdom\/#breadcrumb","itemListElement":[{"@type":"ListItem","position":1,"name":"Home","item":"https:\/\/conias.com\/en\/"},{"@type":"ListItem","position":2,"name":"Risk Reports","item":"https:\/\/conias.com\/en\/risk-report\/"},{"@type":"ListItem","position":3,"name":"Risk Report United Kingdom"}]},{"@type":"WebSite","@id":"https:\/\/conias.com\/en\/#website","url":"https:\/\/conias.com\/en\/","name":"CONIAS Risk Intelligence a MBI Product","description":"Wir unterst\u00fctzen Sie dabei, politische Risiken f\u00fcr Standort-, Logistik- &amp; Investitionssicherheit fr\u00fchzeitig zu erkennen &amp; Anpassungstrategien zu entwickeln.","potentialAction":[{"@type":"SearchAction","target":{"@type":"EntryPoint","urlTemplate":"https:\/\/conias.com\/en\/?s={search_term_string}"},"query-input":{"@type":"PropertyValueSpecification","valueRequired":true,"valueName":"search_term_string"}}],"inLanguage":"en-US"}]}},"_links":{"self":[{"href":"https:\/\/conias.com\/en\/wp-json\/wp\/v2\/pages\/3441","targetHints":{"allow":["GET"]}}],"collection":[{"href":"https:\/\/conias.com\/en\/wp-json\/wp\/v2\/pages"}],"about":[{"href":"https:\/\/conias.com\/en\/wp-json\/wp\/v2\/types\/page"}],"author":[{"embeddable":true,"href":"https:\/\/conias.com\/en\/wp-json\/wp\/v2\/users\/3"}],"replies":[{"embeddable":true,"href":"https:\/\/conias.com\/en\/wp-json\/wp\/v2\/comments?post=3441"}],"version-history":[{"count":5,"href":"https:\/\/conias.com\/en\/wp-json\/wp\/v2\/pages\/3441\/revisions"}],"predecessor-version":[{"id":7130,"href":"https:\/\/conias.com\/en\/wp-json\/wp\/v2\/pages\/3441\/revisions\/7130"}],"up":[{"embeddable":true,"href":"https:\/\/conias.com\/en\/wp-json\/wp\/v2\/pages\/1095"}],"wp:attachment":[{"href":"https:\/\/conias.com\/en\/wp-json\/wp\/v2\/media?parent=3441"}],"curies":[{"name":"wp","href":"https:\/\/api.w.org\/{rel}","templated":true}]}}