{"id":39,"date":"2017-12-13T15:07:55","date_gmt":"2017-12-13T15:07:55","guid":{"rendered":"http:\/\/testwww.conias.com\/\/?page_id=39"},"modified":"2023-02-07T12:13:27","modified_gmt":"2023-02-07T11:13:27","slug":"consulting","status":"publish","type":"page","link":"https:\/\/conias.com\/en\/consulting\/","title":{"rendered":"<b style=\"color: #4ba3cc; font-size: 90%;\">Political instability can disrupt and damage international business &#8211; are your investments at risk too?<\/b>"},"content":{"rendered":"<div id=\"pl-39\"  class=\"panel-layout\" ><div id=\"pg-39-0\"  class=\"panel-grid panel-no-style\" ><div id=\"pgc-39-0-0\"  class=\"panel-grid-cell\" ><div id=\"panel-39-0-0-0\" class=\"so-panel widget widget_sow-editor panel-first-child panel-last-child\" data-index=\"0\" ><div\n\t\t\t\n\t\t\tclass=\"so-widget-sow-editor so-widget-sow-editor-base\"\n\t\t\t\n\t\t>\n<div class=\"siteorigin-widget-tinymce textwidget\">\n\t<p>Political risks and uncertainties are among the biggest and most complex challenges for assets and investments abroad. Ranging from protectionist trade regulations, strikes, and violent protests, to hostilities endangering the well-being of your employees, political tensions are a key threat to the success of your business. In the worst case, they can turn out to be a real \"game changer\" for your business abroad.<a href=\"https:\/\/conias.com\/wp-content\/uploads\/2019\/01\/conias-risk-consulting-e1548158781297.jpeg\" target=\"_blank\" rel=\"noopener\"><img decoding=\"async\" class=\"alignright\" style=\"float: right; margin: 2% 0% 2% 2%;\" title=\"Global Risk Values\" src=\"https:\/\/conias.com\/wp-content\/uploads\/2019\/01\/conias-risk-consulting-e1548158781297.jpeg\" alt=\"\" width=\"40%\" height=\"40%\" \/><\/a><\/p>\n<p>Does your business, directly or through your supply chain network, interact regularly with countries that are considered \"difficult\"? Are you planning a new investment abroad and also consider entering the so-called emerging markets? If so, being informed about political risks in these countries should be on top of your agenda - especially to safeguard existing investments.<\/p>\n<h3>No Blind Spots - We Keep Track of Stability Risks Worldwide<\/h3>\n<p>History has taught us that political risks and tensions do not stop at state borders. Why should their analysis do so? Every month, we monitor nearly 4,000 individual regions, provinces, and islands, and assess political developments thoroughly and systematically. Where have strikes been announced? Where are protesters paralyzing traffic and delivery routes? In which cities do riots occur, which areas remain calm? Where can we expect attacks and ambushes, in which areas are militias active and kidnappings their preferred way of extortion? Which provinces should travelers currently avoid, which former crisis areas have recovered from political strife?<\/p>\n<p><img decoding=\"async\" class=\"alignright\" style=\"float: left; margin: 0.8% 2% 0.6% 0%;\" title=\"Global Risk Values\" src=\"https:\/\/conias.com\/wp-content\/uploads\/2019\/01\/conias-experts.jpg\" alt=\"Individuelle und direkte Risiko Beratung\" width=\"30%\" height=\"30%\" \/><\/p>\n<h3><\/h3>\n<h3>Qualified Analysis by Experienced Researchers<\/h3>\n<p>As an example of our <a href=\"https:\/\/conias.com\/en\/risk-report\/\" target=\"_blank\" rel=\"noopener\">Risk Reports<\/a>, you can view the reports from 2018 in our archive. The reports are based on in-depth analyses of 25 major economies, from <a href=\"https:\/\/conias.com\/en\/risk-report\/risk-report-russia\/\" target=\"_blank\" rel=\"noopener\">Russia<\/a> and <a href=\"https:\/\/conias.com\/en\/risk-report\/risk-report-china\/\" target=\"_blank\" rel=\"noopener\">China<\/a> to <a href=\"https:\/\/conias.com\/en\/risk-report\/risk-report-turkey\/\" target=\"_blank\" rel=\"noopener\">Turkey<\/a> and <a href=\"https:\/\/conias.com\/en\/risk-report\/risk-report-indonesia\/\" target=\"_blank\" rel=\"noopener\">Indonesia<\/a>. The reports cover both issues of political stability and local safety, as well as assessments of the rule of law, the market structure, and cybersecurity. In the development of the reports, we aimed at combining expertise with a comprehensible and clear format. Hence, comparisons between states are easy and every report provides multiple scenarios for the future and recommendations for companies invested and for those seeking to enter the respective markets. We are looking forward to developing more reports and updates with you, this time tailored to your specific challenges and questions. For some regions, we also offer shorter formats like the RiskBrief.<\/p>\n<p><a href=\"http:\/\/conias.com\/risiko-reports\/\" target=\"_blank\" rel=\"noopener\"><img decoding=\"async\" class=\"alignright\" style=\"float: right; margin: 0.8% 0% 0% 2%;\" title=\"Risiko Reports\" src=\"https:\/\/conias.com\/wp-content\/uploads\/2019\/01\/conias-risiko-reports.png\" alt=\"Risiko Reports\" width=\"40%\" height=\"40%\" \/><\/a><\/p>\n<h3><\/h3>\n<h3>In-depth and Personal Exchange with Issue and Area Experts<\/h3>\n<p>Do you prefer a face to face conversation about the political challenges to your business and the opportunity to follow up with our experts? You are facing a complex challenge that should best be explored from multiple perspectives? You are planning a delegation trip and want to make sure that you and your team are up to date regarding the latest developments on the ground? In addition to our reports and data-based products, we also offer roundtables and seminars with experienced area specialists and issue experts. You find our well-trained and experienced <a href=\"https:\/\/conias.com\/en\/teams\/\" target=\"_blank\" rel=\"noopener\">moderation team<\/a> at your disposal regarding all questions of organization and facilitation.<\/p>\n<p>You want to be better informed about political risks as a challenge to your international business and how to mitigate them? We are happy to explore your path to a tailor-made CONIAS solution with you in a noncommittal phone conversation (<a href=\"tel:+4962118068930\" target=\"_blank\" rel=\"noopener\">0049 621 180 68 930<\/a>) and look forward to the <a href=\"https:\/\/conias.com\/en\/contact\/\" target=\"_blank\" rel=\"noopener\">exchange<\/a>!<\/p>\n<\/div>\n<\/div><\/div><\/div><\/div><\/div>","protected":false},"excerpt":{"rendered":"Political risks and uncertainties are among the biggest and most complex challenges for assets and investments abroad. Ranging from protectionist&#8230; <a class=\"view-article text-right\" style=\"font-weight: bold; text-align: right !important;\" href=\"https:\/\/conias.com\/en\/consulting\/\">View Article<\/a>","protected":false},"author":1,"featured_media":0,"parent":0,"menu_order":0,"comment_status":"closed","ping_status":"closed","template":"","meta":{"_acf_changed":false,"footnotes":""},"class_list":["post-39","page","type-page","status-publish","hentry"],"acf":[],"yoast_head":"<!-- This site is optimized with the Yoast SEO plugin v27.4 - https:\/\/yoast.com\/product\/yoast-seo-wordpress\/ -->\n<title>Consulting Services - Risk Management<\/title>\n<meta name=\"description\" content=\"You want to be better informed about political risks as a challenge to your international business and how to mitigate them? We are happy to explore your path to a tailor-made CONIAS solution with you\" \/>\n<meta name=\"robots\" content=\"index, follow, max-snippet:-1, max-image-preview:large, max-video-preview:-1\" \/>\n<link rel=\"canonical\" href=\"https:\/\/conias.com\/en\/consulting\/\" \/>\n<meta property=\"og:locale\" content=\"en_US\" \/>\n<meta property=\"og:type\" content=\"article\" \/>\n<meta property=\"og:title\" content=\"Consulting Services - Risk Management\" \/>\n<meta property=\"og:description\" content=\"You want to be better informed about political risks as a challenge to your international business and how to mitigate them? We are happy to explore your path to a tailor-made CONIAS solution with you\" \/>\n<meta property=\"og:url\" content=\"https:\/\/conias.com\/en\/consulting\/\" \/>\n<meta property=\"og:site_name\" content=\"CONIAS Risk Intelligence a MBI Product\" \/>\n<meta property=\"article:modified_time\" content=\"2023-02-07T11:13:27+00:00\" \/>\n<meta property=\"og:image\" content=\"https:\/\/conias.com\/wp-content\/uploads\/2019\/01\/conias-risk-consulting-e1548158781297.jpeg\" \/>\n<meta name=\"twitter:card\" content=\"summary_large_image\" \/>\n<meta name=\"twitter:label1\" content=\"Est. reading time\" \/>\n\t<meta name=\"twitter:data1\" content=\"4 minutes\" \/>\n<script type=\"application\/ld+json\" class=\"yoast-schema-graph\">{\"@context\":\"https:\\\/\\\/schema.org\",\"@graph\":[{\"@type\":\"WebPage\",\"@id\":\"https:\\\/\\\/conias.com\\\/en\\\/consulting\\\/\",\"url\":\"https:\\\/\\\/conias.com\\\/en\\\/consulting\\\/\",\"name\":\"Consulting Services - Risk Management\",\"isPartOf\":{\"@id\":\"https:\\\/\\\/conias.com\\\/en\\\/#website\"},\"primaryImageOfPage\":{\"@id\":\"https:\\\/\\\/conias.com\\\/en\\\/consulting\\\/#primaryimage\"},\"image\":{\"@id\":\"https:\\\/\\\/conias.com\\\/en\\\/consulting\\\/#primaryimage\"},\"thumbnailUrl\":\"https:\\\/\\\/conias.com\\\/wp-content\\\/uploads\\\/2019\\\/01\\\/conias-risk-consulting-e1548158781297.jpeg\",\"datePublished\":\"2017-12-13T15:07:55+00:00\",\"dateModified\":\"2023-02-07T11:13:27+00:00\",\"description\":\"You want to be better informed about political risks as a challenge to your international business and how to mitigate them? We are happy to explore your path to a tailor-made CONIAS solution with you\",\"breadcrumb\":{\"@id\":\"https:\\\/\\\/conias.com\\\/en\\\/consulting\\\/#breadcrumb\"},\"inLanguage\":\"en-US\",\"potentialAction\":[{\"@type\":\"ReadAction\",\"target\":[\"https:\\\/\\\/conias.com\\\/en\\\/consulting\\\/\"]}]},{\"@type\":\"ImageObject\",\"inLanguage\":\"en-US\",\"@id\":\"https:\\\/\\\/conias.com\\\/en\\\/consulting\\\/#primaryimage\",\"url\":\"https:\\\/\\\/conias.com\\\/wp-content\\\/uploads\\\/2019\\\/01\\\/conias-risk-consulting-e1548158781297.jpeg\",\"contentUrl\":\"https:\\\/\\\/conias.com\\\/wp-content\\\/uploads\\\/2019\\\/01\\\/conias-risk-consulting-e1548158781297.jpeg\"},{\"@type\":\"BreadcrumbList\",\"@id\":\"https:\\\/\\\/conias.com\\\/en\\\/consulting\\\/#breadcrumb\",\"itemListElement\":[{\"@type\":\"ListItem\",\"position\":1,\"name\":\"Home\",\"item\":\"https:\\\/\\\/conias.com\\\/en\\\/\"},{\"@type\":\"ListItem\",\"position\":2,\"name\":\"Political instability can disrupt and damage international business &#8211; are your investments at risk too?\"}]},{\"@type\":\"WebSite\",\"@id\":\"https:\\\/\\\/conias.com\\\/en\\\/#website\",\"url\":\"https:\\\/\\\/conias.com\\\/en\\\/\",\"name\":\"CONIAS Risk Intelligence a MBI Product\",\"description\":\"Wir unterst\u00fctzen Sie dabei, politische Risiken f\u00fcr Standort-, Logistik- &amp; Investitionssicherheit fr\u00fchzeitig zu erkennen &amp; Anpassungstrategien zu entwickeln.\",\"potentialAction\":[{\"@type\":\"SearchAction\",\"target\":{\"@type\":\"EntryPoint\",\"urlTemplate\":\"https:\\\/\\\/conias.com\\\/en\\\/?s={search_term_string}\"},\"query-input\":{\"@type\":\"PropertyValueSpecification\",\"valueRequired\":true,\"valueName\":\"search_term_string\"}}],\"inLanguage\":\"en-US\"}]}<\/script>\n<!-- \/ Yoast SEO plugin. -->","yoast_head_json":{"title":"Consulting Services - Risk Management","description":"You want to be better informed about political risks as a challenge to your international business and how to mitigate them? We are happy to explore your path to a tailor-made CONIAS solution with you","robots":{"index":"index","follow":"follow","max-snippet":"max-snippet:-1","max-image-preview":"max-image-preview:large","max-video-preview":"max-video-preview:-1"},"canonical":"https:\/\/conias.com\/en\/consulting\/","og_locale":"en_US","og_type":"article","og_title":"Consulting Services - Risk Management","og_description":"You want to be better informed about political risks as a challenge to your international business and how to mitigate them? We are happy to explore your path to a tailor-made CONIAS solution with you","og_url":"https:\/\/conias.com\/en\/consulting\/","og_site_name":"CONIAS Risk Intelligence a MBI Product","article_modified_time":"2023-02-07T11:13:27+00:00","og_image":[{"url":"https:\/\/conias.com\/wp-content\/uploads\/2019\/01\/conias-risk-consulting-e1548158781297.jpeg","type":"","width":"","height":""}],"twitter_card":"summary_large_image","twitter_misc":{"Est. reading time":"4 minutes"},"schema":{"@context":"https:\/\/schema.org","@graph":[{"@type":"WebPage","@id":"https:\/\/conias.com\/en\/consulting\/","url":"https:\/\/conias.com\/en\/consulting\/","name":"Consulting Services - Risk Management","isPartOf":{"@id":"https:\/\/conias.com\/en\/#website"},"primaryImageOfPage":{"@id":"https:\/\/conias.com\/en\/consulting\/#primaryimage"},"image":{"@id":"https:\/\/conias.com\/en\/consulting\/#primaryimage"},"thumbnailUrl":"https:\/\/conias.com\/wp-content\/uploads\/2019\/01\/conias-risk-consulting-e1548158781297.jpeg","datePublished":"2017-12-13T15:07:55+00:00","dateModified":"2023-02-07T11:13:27+00:00","description":"You want to be better informed about political risks as a challenge to your international business and how to mitigate them? We are happy to explore your path to a tailor-made CONIAS solution with you","breadcrumb":{"@id":"https:\/\/conias.com\/en\/consulting\/#breadcrumb"},"inLanguage":"en-US","potentialAction":[{"@type":"ReadAction","target":["https:\/\/conias.com\/en\/consulting\/"]}]},{"@type":"ImageObject","inLanguage":"en-US","@id":"https:\/\/conias.com\/en\/consulting\/#primaryimage","url":"https:\/\/conias.com\/wp-content\/uploads\/2019\/01\/conias-risk-consulting-e1548158781297.jpeg","contentUrl":"https:\/\/conias.com\/wp-content\/uploads\/2019\/01\/conias-risk-consulting-e1548158781297.jpeg"},{"@type":"BreadcrumbList","@id":"https:\/\/conias.com\/en\/consulting\/#breadcrumb","itemListElement":[{"@type":"ListItem","position":1,"name":"Home","item":"https:\/\/conias.com\/en\/"},{"@type":"ListItem","position":2,"name":"Political instability can disrupt and damage international business &#8211; are your investments at risk too?"}]},{"@type":"WebSite","@id":"https:\/\/conias.com\/en\/#website","url":"https:\/\/conias.com\/en\/","name":"CONIAS Risk Intelligence a MBI Product","description":"Wir unterst\u00fctzen Sie dabei, politische Risiken f\u00fcr Standort-, Logistik- &amp; Investitionssicherheit fr\u00fchzeitig zu erkennen &amp; Anpassungstrategien zu entwickeln.","potentialAction":[{"@type":"SearchAction","target":{"@type":"EntryPoint","urlTemplate":"https:\/\/conias.com\/en\/?s={search_term_string}"},"query-input":{"@type":"PropertyValueSpecification","valueRequired":true,"valueName":"search_term_string"}}],"inLanguage":"en-US"}]}},"_links":{"self":[{"href":"https:\/\/conias.com\/en\/wp-json\/wp\/v2\/pages\/39","targetHints":{"allow":["GET"]}}],"collection":[{"href":"https:\/\/conias.com\/en\/wp-json\/wp\/v2\/pages"}],"about":[{"href":"https:\/\/conias.com\/en\/wp-json\/wp\/v2\/types\/page"}],"author":[{"embeddable":true,"href":"https:\/\/conias.com\/en\/wp-json\/wp\/v2\/users\/1"}],"replies":[{"embeddable":true,"href":"https:\/\/conias.com\/en\/wp-json\/wp\/v2\/comments?post=39"}],"version-history":[{"count":46,"href":"https:\/\/conias.com\/en\/wp-json\/wp\/v2\/pages\/39\/revisions"}],"predecessor-version":[{"id":12934,"href":"https:\/\/conias.com\/en\/wp-json\/wp\/v2\/pages\/39\/revisions\/12934"}],"wp:attachment":[{"href":"https:\/\/conias.com\/en\/wp-json\/wp\/v2\/media?parent=39"}],"curies":[{"name":"wp","href":"https:\/\/api.w.org\/{rel}","templated":true}]}}