{"id":446,"date":"2017-12-18T14:52:24","date_gmt":"2017-12-18T14:52:24","guid":{"rendered":"http:\/\/testwww.conias.com\/?page_id=446"},"modified":"2025-09-11T14:09:15","modified_gmt":"2025-09-11T12:09:15","slug":"site-notice","status":"publish","type":"page","link":"https:\/\/conias.com\/en\/site-notice\/","title":{"rendered":"Site Notice"},"content":{"rendered":"\n<p><strong>Michael Bauer International GmbH<br><\/strong>Greschbachstr. 12<br>76229 Karlsruhe<\/p>\n\n\n\n<p>Commercial Register: HRB 706526<br>Registration court: Amtsgericht Mannheim<\/p>\n\n\n\n<p><strong>Represented by:<\/strong><br>Michael Bauer<br>Ray Roberts-York<\/p>\n\n\n\n<h2 class=\"wp-block-heading\">Contact<\/h2>\n\n\n\n<p>Phone: +49 721 1618566<br>Telefax: +49 721 94540496<br>E-mail: info@mbi-geodata.com<\/p>\n\n\n\n<h2 class=\"wp-block-heading\">VAT ID<\/h2>\n\n\n\n<p>Sales tax identification number according to Sect. 27 a of the Sales Tax Law:<br>DE264668920<\/p>\n\n\n\n<h2 class=\"wp-block-heading\">Information regarding professional liability insurance<\/h2>\n\n\n\n<p><strong>Name and registered office of the insurer:<\/strong><br>Allianz Versicherungs-AG<br>10900 Berlin<\/p>\n\n\n\n<p><strong>Scope of insurance:<\/strong><br>Europ\u00e4ische Union<\/p>\n\n\n\n<h2 class=\"wp-block-heading\">Person responsible for editorial<\/h2>\n\n\n\n<p>Jessica Dammert<br>Greschbachstr. 12<br>76229 Karlsruhe<\/p>\n\n\n\n<h2 class=\"wp-block-heading\">Dispute resolution proceedings in front of a consumer arbitration board<\/h2>\n\n\n\n<p>We are not willing or obliged to participate in dispute resolution proceedings in front of a consumer arbitration board.<\/p>\n\n\n\n<p>Date: 11.09.2025<\/p>\n","protected":false},"excerpt":{"rendered":"Michael Bauer International GmbHGreschbachstr. 1276229 Karlsruhe Commercial Register: HRB 706526Registration court: Amtsgericht Mannheim Represented by:Michael BauerRay Roberts-York Contact Phone: +49&#8230; <a class=\"view-article text-right\" style=\"font-weight: bold; text-align: right !important;\" href=\"https:\/\/conias.com\/en\/site-notice\/\">View Article<\/a>","protected":false},"author":1,"featured_media":0,"parent":0,"menu_order":0,"comment_status":"closed","ping_status":"closed","template":"","meta":{"_acf_changed":false,"footnotes":""},"class_list":["post-446","page","type-page","status-publish","hentry"],"acf":[],"yoast_head":"<!-- This site is optimized with the Yoast SEO plugin v27.4 - https:\/\/yoast.com\/product\/yoast-seo-wordpress\/ -->\n<title>Site Notice - CONIAS Risk Intelligence a MBI Product<\/title>\n<meta name=\"robots\" content=\"index, follow, max-snippet:-1, max-image-preview:large, max-video-preview:-1\" \/>\n<link rel=\"canonical\" href=\"https:\/\/conias.com\/en\/site-notice\/\" \/>\n<meta property=\"og:locale\" content=\"en_US\" \/>\n<meta property=\"og:type\" content=\"article\" \/>\n<meta property=\"og:title\" content=\"Site Notice - CONIAS Risk Intelligence a MBI Product\" \/>\n<meta property=\"og:description\" content=\"Michael Bauer International GmbHGreschbachstr. 1276229 Karlsruhe Commercial Register: HRB 706526Registration court: Amtsgericht Mannheim Represented by:Michael BauerRay Roberts-York Contact Phone: +49... View Article\" \/>\n<meta property=\"og:url\" content=\"https:\/\/conias.com\/en\/site-notice\/\" \/>\n<meta property=\"og:site_name\" content=\"CONIAS Risk Intelligence a MBI Product\" \/>\n<meta property=\"article:modified_time\" content=\"2025-09-11T12:09:15+00:00\" \/>\n<meta name=\"twitter:card\" content=\"summary_large_image\" \/>\n<meta name=\"twitter:label1\" content=\"Est. reading time\" \/>\n\t<meta name=\"twitter:data1\" content=\"1 minute\" \/>\n<script type=\"application\/ld+json\" class=\"yoast-schema-graph\">{\"@context\":\"https:\\\/\\\/schema.org\",\"@graph\":[{\"@type\":\"WebPage\",\"@id\":\"https:\\\/\\\/conias.com\\\/en\\\/site-notice\\\/\",\"url\":\"https:\\\/\\\/conias.com\\\/en\\\/site-notice\\\/\",\"name\":\"Site Notice - CONIAS Risk Intelligence a MBI Product\",\"isPartOf\":{\"@id\":\"https:\\\/\\\/conias.com\\\/en\\\/#website\"},\"datePublished\":\"2017-12-18T14:52:24+00:00\",\"dateModified\":\"2025-09-11T12:09:15+00:00\",\"breadcrumb\":{\"@id\":\"https:\\\/\\\/conias.com\\\/en\\\/site-notice\\\/#breadcrumb\"},\"inLanguage\":\"en-US\",\"potentialAction\":[{\"@type\":\"ReadAction\",\"target\":[\"https:\\\/\\\/conias.com\\\/en\\\/site-notice\\\/\"]}]},{\"@type\":\"BreadcrumbList\",\"@id\":\"https:\\\/\\\/conias.com\\\/en\\\/site-notice\\\/#breadcrumb\",\"itemListElement\":[{\"@type\":\"ListItem\",\"position\":1,\"name\":\"Home\",\"item\":\"https:\\\/\\\/conias.com\\\/en\\\/\"},{\"@type\":\"ListItem\",\"position\":2,\"name\":\"Site Notice\"}]},{\"@type\":\"WebSite\",\"@id\":\"https:\\\/\\\/conias.com\\\/en\\\/#website\",\"url\":\"https:\\\/\\\/conias.com\\\/en\\\/\",\"name\":\"CONIAS Risk Intelligence a MBI Product\",\"description\":\"Wir unterst\u00fctzen Sie dabei, politische Risiken f\u00fcr Standort-, Logistik- &amp; Investitionssicherheit fr\u00fchzeitig zu erkennen &amp; Anpassungstrategien zu entwickeln.\",\"potentialAction\":[{\"@type\":\"SearchAction\",\"target\":{\"@type\":\"EntryPoint\",\"urlTemplate\":\"https:\\\/\\\/conias.com\\\/en\\\/?s={search_term_string}\"},\"query-input\":{\"@type\":\"PropertyValueSpecification\",\"valueRequired\":true,\"valueName\":\"search_term_string\"}}],\"inLanguage\":\"en-US\"}]}<\/script>\n<!-- \/ Yoast SEO plugin. -->","yoast_head_json":{"title":"Site Notice - CONIAS Risk Intelligence a MBI Product","robots":{"index":"index","follow":"follow","max-snippet":"max-snippet:-1","max-image-preview":"max-image-preview:large","max-video-preview":"max-video-preview:-1"},"canonical":"https:\/\/conias.com\/en\/site-notice\/","og_locale":"en_US","og_type":"article","og_title":"Site Notice - CONIAS Risk Intelligence a MBI Product","og_description":"Michael Bauer International GmbHGreschbachstr. 1276229 Karlsruhe Commercial Register: HRB 706526Registration court: Amtsgericht Mannheim Represented by:Michael BauerRay Roberts-York Contact Phone: +49... View Article","og_url":"https:\/\/conias.com\/en\/site-notice\/","og_site_name":"CONIAS Risk Intelligence a MBI Product","article_modified_time":"2025-09-11T12:09:15+00:00","twitter_card":"summary_large_image","twitter_misc":{"Est. reading time":"1 minute"},"schema":{"@context":"https:\/\/schema.org","@graph":[{"@type":"WebPage","@id":"https:\/\/conias.com\/en\/site-notice\/","url":"https:\/\/conias.com\/en\/site-notice\/","name":"Site Notice - CONIAS Risk Intelligence a MBI Product","isPartOf":{"@id":"https:\/\/conias.com\/en\/#website"},"datePublished":"2017-12-18T14:52:24+00:00","dateModified":"2025-09-11T12:09:15+00:00","breadcrumb":{"@id":"https:\/\/conias.com\/en\/site-notice\/#breadcrumb"},"inLanguage":"en-US","potentialAction":[{"@type":"ReadAction","target":["https:\/\/conias.com\/en\/site-notice\/"]}]},{"@type":"BreadcrumbList","@id":"https:\/\/conias.com\/en\/site-notice\/#breadcrumb","itemListElement":[{"@type":"ListItem","position":1,"name":"Home","item":"https:\/\/conias.com\/en\/"},{"@type":"ListItem","position":2,"name":"Site Notice"}]},{"@type":"WebSite","@id":"https:\/\/conias.com\/en\/#website","url":"https:\/\/conias.com\/en\/","name":"CONIAS Risk Intelligence a MBI Product","description":"Wir unterst\u00fctzen Sie dabei, politische Risiken f\u00fcr Standort-, Logistik- &amp; Investitionssicherheit fr\u00fchzeitig zu erkennen &amp; Anpassungstrategien zu entwickeln.","potentialAction":[{"@type":"SearchAction","target":{"@type":"EntryPoint","urlTemplate":"https:\/\/conias.com\/en\/?s={search_term_string}"},"query-input":{"@type":"PropertyValueSpecification","valueRequired":true,"valueName":"search_term_string"}}],"inLanguage":"en-US"}]}},"_links":{"self":[{"href":"https:\/\/conias.com\/en\/wp-json\/wp\/v2\/pages\/446","targetHints":{"allow":["GET"]}}],"collection":[{"href":"https:\/\/conias.com\/en\/wp-json\/wp\/v2\/pages"}],"about":[{"href":"https:\/\/conias.com\/en\/wp-json\/wp\/v2\/types\/page"}],"author":[{"embeddable":true,"href":"https:\/\/conias.com\/en\/wp-json\/wp\/v2\/users\/1"}],"replies":[{"embeddable":true,"href":"https:\/\/conias.com\/en\/wp-json\/wp\/v2\/comments?post=446"}],"version-history":[{"count":27,"href":"https:\/\/conias.com\/en\/wp-json\/wp\/v2\/pages\/446\/revisions"}],"predecessor-version":[{"id":14190,"href":"https:\/\/conias.com\/en\/wp-json\/wp\/v2\/pages\/446\/revisions\/14190"}],"wp:attachment":[{"href":"https:\/\/conias.com\/en\/wp-json\/wp\/v2\/media?parent=446"}],"curies":[{"name":"wp","href":"https:\/\/api.w.org\/{rel}","templated":true}]}}