{"id":5103,"date":"2018-11-05T13:40:54","date_gmt":"2018-11-05T13:40:54","guid":{"rendered":"https:\/\/conias.com\/?page_id=5103"},"modified":"2018-11-06T10:30:28","modified_gmt":"2018-11-06T10:30:28","slug":"company-news","status":"publish","type":"page","link":"https:\/\/conias.com\/en\/company-news\/","title":{"rendered":"Company News"},"content":{"rendered":"<div id=\"pl-5103\"  class=\"panel-layout\" ><div id=\"pg-5103-0\"  class=\"panel-grid panel-no-style\" ><div id=\"pgc-5103-0-0\"  class=\"panel-grid-cell\" ><div id=\"panel-5103-0-0-0\" class=\"so-panel widget widget_sow-post-carousel panel-first-child panel-last-child\" data-index=\"0\" ><div\n\t\t\t\n\t\t\tclass=\"so-widget-sow-post-carousel so-widget-sow-post-carousel-base-ad93eedad001-5103\"\n\t\t\t\n\t\t>\t<div\n\t\tclass=\"sow-post-carousel-wrapper sow-post-carousel-theme-base\"\n\t\tstyle=\"overflow: hidden; max-width: 100%; min-height: 182px\"\n\t>\n\t\t<div class=\"sow-carousel-title\">\n\t\t\t<div class=\"sow-carousel-navigation \">\n\t\t\t\t\t\t<a href=\"#\" class=\"sow-carousel-next\" title=\"Next\" aria-label=\"Next Posts\" role=\"button\"><\/a>\n\t\t\t\t\t\t<a href=\"#\" class=\"sow-carousel-previous\" title=\"Previous\" aria-label=\"Previous Posts\" role=\"button\"><\/a>\n\t\t\t\t\t<\/div>\n\t<\/div>\n\n<div class=\"sow-carousel-container \">\n\t\t<div class=\"sow-carousel-wrapper\"\n\t\tdata-dir=\"ltr\"\n\t\tstyle=\"opacity: 0;\"\n\t\tdata-widget=\"post\" data-fetching=\"false\" data-page=\"1\" data-ajax-url=\"https:\/\/conias.com\/wp-admin\/admin-ajax.php?_widgets_nonce=c57f6f48d4\" data-item_count=\"24\" data-carousel_settings=\"{&quot;loop&quot;:true,&quot;animation&quot;:&quot;Ease&quot;,&quot;animation_speed&quot;:400,&quot;autoplay&quot;:&quot;&quot;,&quot;pauseOnHover&quot;:&quot;&quot;,&quot;autoplaySpeed&quot;:8000,&quot;item_overflow&quot;:true,&quot;autoplay_continuous_scroll&quot;:false}\" data-responsive=\"{&quot;desktop_slides_to_scroll&quot;:1,&quot;tablet_landscape_breakpoint&quot;:1366,&quot;tablet_landscape_slides_to_scroll&quot;:2,&quot;tablet_portrait_breakpoint&quot;:1025,&quot;tablet_portrait_slides_to_scroll&quot;:2,&quot;mobile_breakpoint&quot;:480,&quot;mobile_slides_to_scroll&quot;:1}\" data-variable_width=\"true\" \t>\n\t\t<div\n\t\t\tclass=\"sow-carousel-items\"\n\t\t\t\t\t>\n\t\t\t\t<div class=\"sow-carousel-item\" tabindex=\"-1\" style=\"float: left;\">\n\t\t<div class=\"sow-carousel-thumbnail\">\n\t\t\t\t\t\t\t<a\n\t\t\t\t\thref=\"https:\/\/conias.com\/en\/risk-development-report-africa-q2-2022\/\"\n\t\t\t\t\t\t\t\t\t\tstyle=\"background-image: url( https:\/\/conias.com\/wp-content\/uploads\/2022\/07\/CONIAS-Developments-Africa-June-2022-272x182.png )\"\n\t\t\t\t\taria-labelledby=\"sow-carousel-id-12176\"\n\t\t\t\t\ttabindex=\"-1\"\n\t\t\t\t>\n\t\t\t\t\t<span class=\"overlay\"><\/span>\n\t\t\t\t<\/a>\n\t\t\t\t\t<\/div>\n\t\t<h3 class=\"sow-carousel-item-title\">\n\t\t\t<a\n\t\t\t\thref=\"https:\/\/conias.com\/en\/risk-development-report-africa-q2-2022\/\"\n\t\t\t\tid=\"sow-carousel-id-12176\"\n\t\t\t\t\t\t\t\ttabindex=\"-1\"\n\t\t\t>\n\n\t\t\t\tCONIAS Risk Development Report for Africa &#8211; June 2022\t\t\t<\/a>\n\t\t<\/h3>\n\t<\/div>\n\t\t<div class=\"sow-carousel-item\" tabindex=\"-1\" style=\"float: left;\">\n\t\t<div class=\"sow-carousel-thumbnail\">\n\t\t\t\t\t\t\t<a\n\t\t\t\t\thref=\"https:\/\/conias.com\/en\/conias-conflict-insights-afghanistan-africa-april-2022\/\"\n\t\t\t\t\t\t\t\t\t\tstyle=\"background-image: url( https:\/\/conias.com\/wp-content\/uploads\/2022\/06\/CONIAS-Conflict-Insights-April-2022-272x182.jpg )\"\n\t\t\t\t\taria-labelledby=\"sow-carousel-id-11949\"\n\t\t\t\t\ttabindex=\"-1\"\n\t\t\t\t>\n\t\t\t\t\t<span class=\"overlay\"><\/span>\n\t\t\t\t<\/a>\n\t\t\t\t\t<\/div>\n\t\t<h3 class=\"sow-carousel-item-title\">\n\t\t\t<a\n\t\t\t\thref=\"https:\/\/conias.com\/en\/conias-conflict-insights-afghanistan-africa-april-2022\/\"\n\t\t\t\tid=\"sow-carousel-id-11949\"\n\t\t\t\t\t\t\t\ttabindex=\"-1\"\n\t\t\t>\n\n\t\t\t\tCONIAS Conflict Insights for Afghanistan, Central and Eastern Africa \u2013 April 2022\t\t\t<\/a>\n\t\t<\/h3>\n\t<\/div>\n\t\t<div class=\"sow-carousel-item\" tabindex=\"-1\" style=\"float: left;\">\n\t\t<div class=\"sow-carousel-thumbnail\">\n\t\t\t\t\t\t\t<a\n\t\t\t\t\thref=\"https:\/\/conias.com\/en\/webinar-chinas-rise-challenges\/\"\n\t\t\t\t\t\t\t\t\t\tstyle=\"background-image: url( https:\/\/conias.com\/wp-content\/uploads\/2022\/03\/Webinar-CONIAS-Funk-China-272x182.jpg )\"\n\t\t\t\t\taria-labelledby=\"sow-carousel-id-11339\"\n\t\t\t\t\ttabindex=\"-1\"\n\t\t\t\t>\n\t\t\t\t\t<span class=\"overlay\"><\/span>\n\t\t\t\t<\/a>\n\t\t\t\t\t<\/div>\n\t\t<h3 class=\"sow-carousel-item-title\">\n\t\t\t<a\n\t\t\t\thref=\"https:\/\/conias.com\/en\/webinar-chinas-rise-challenges\/\"\n\t\t\t\tid=\"sow-carousel-id-11339\"\n\t\t\t\t\t\t\t\ttabindex=\"-1\"\n\t\t\t>\n\n\t\t\t\tWebinar in German: China&#8217;s rise and the strategic challenges for the West\t\t\t<\/a>\n\t\t<\/h3>\n\t<\/div>\n\t\t<div class=\"sow-carousel-item\" tabindex=\"-1\" style=\"float: left;\">\n\t\t<div class=\"sow-carousel-thumbnail\">\n\t\t\t\t\t\t\t<a\n\t\t\t\t\thref=\"https:\/\/conias.com\/en\/ukraine-impact-businesses\/\"\n\t\t\t\t\t\t\t\t\t\tstyle=\"background-image: url( https:\/\/conias.com\/wp-content\/uploads\/2022\/02\/Guest-post-Ukraine-Funk-272x182.jpg )\"\n\t\t\t\t\taria-labelledby=\"sow-carousel-id-11314\"\n\t\t\t\t\ttabindex=\"-1\"\n\t\t\t\t>\n\t\t\t\t\t<span class=\"overlay\"><\/span>\n\t\t\t\t<\/a>\n\t\t\t\t\t<\/div>\n\t\t<h3 class=\"sow-carousel-item-title\">\n\t\t\t<a\n\t\t\t\thref=\"https:\/\/conias.com\/en\/ukraine-impact-businesses\/\"\n\t\t\t\tid=\"sow-carousel-id-11314\"\n\t\t\t\t\t\t\t\ttabindex=\"-1\"\n\t\t\t>\n\n\t\t\t\tAssessment of the current situation in Ukraine and its potential impact on businesses\t\t\t<\/a>\n\t\t<\/h3>\n\t<\/div>\n\t\t<div class=\"sow-carousel-item\" tabindex=\"-1\" style=\"float: left;\">\n\t\t<div class=\"sow-carousel-thumbnail\">\n\t\t\t\t\t\t\t<a\n\t\t\t\t\thref=\"https:\/\/conias.com\/en\/update-ukraine-conflict\/\"\n\t\t\t\t\t\t\t\t\t\tstyle=\"background-image: url( https:\/\/conias.com\/wp-content\/uploads\/2022\/02\/MBI-CONIAS-Scenarios-Ukraine-Russland-Conflict-272x182.png )\"\n\t\t\t\t\taria-labelledby=\"sow-carousel-id-11274\"\n\t\t\t\t\ttabindex=\"-1\"\n\t\t\t\t>\n\t\t\t\t\t<span class=\"overlay\"><\/span>\n\t\t\t\t<\/a>\n\t\t\t\t\t<\/div>\n\t\t<h3 class=\"sow-carousel-item-title\">\n\t\t\t<a\n\t\t\t\thref=\"https:\/\/conias.com\/en\/update-ukraine-conflict\/\"\n\t\t\t\tid=\"sow-carousel-id-11274\"\n\t\t\t\t\t\t\t\ttabindex=\"-1\"\n\t\t\t>\n\n\t\t\t\tAd hoc update on the international armed conflict in Ukraine\t\t\t<\/a>\n\t\t<\/h3>\n\t<\/div>\n\t\t<div class=\"sow-carousel-item\" tabindex=\"-1\" style=\"float: left;\">\n\t\t<div class=\"sow-carousel-thumbnail\">\n\t\t\t\t\t\t\t<a\n\t\t\t\t\thref=\"https:\/\/conias.com\/en\/webinar-ukraine-crisis\/\"\n\t\t\t\t\t\t\t\t\t\tstyle=\"background-image: url( https:\/\/conias.com\/wp-content\/uploads\/2022\/02\/Ukraine-Webinar_V4-272x182.png )\"\n\t\t\t\t\taria-labelledby=\"sow-carousel-id-11202\"\n\t\t\t\t\ttabindex=\"-1\"\n\t\t\t\t>\n\t\t\t\t\t<span class=\"overlay\"><\/span>\n\t\t\t\t<\/a>\n\t\t\t\t\t<\/div>\n\t\t<h3 class=\"sow-carousel-item-title\">\n\t\t\t<a\n\t\t\t\thref=\"https:\/\/conias.com\/en\/webinar-ukraine-crisis\/\"\n\t\t\t\tid=\"sow-carousel-id-11202\"\n\t\t\t\t\t\t\t\ttabindex=\"-1\"\n\t\t\t>\n\n\t\t\t\tWebinar in German: The Ukraine crisis and its potential impact on companies\t\t\t<\/a>\n\t\t<\/h3>\n\t<\/div>\n\t\t<div class=\"sow-carousel-item\" tabindex=\"-1\" style=\"float: left;\">\n\t\t<div class=\"sow-carousel-thumbnail\">\n\t\t\t\t\t\t\t<a\n\t\t\t\t\thref=\"https:\/\/conias.com\/en\/security-statement-2021\/\"\n\t\t\t\t\t\t\t\t\t\tstyle=\"background-image: url( https:\/\/conias.com\/wp-content\/uploads\/2021\/12\/MBI-CONIAS-Sicherheitsbilanz-2021-272x182.jpg )\"\n\t\t\t\t\taria-labelledby=\"sow-carousel-id-11042\"\n\t\t\t\t\ttabindex=\"-1\"\n\t\t\t\t>\n\t\t\t\t\t<span class=\"overlay\"><\/span>\n\t\t\t\t<\/a>\n\t\t\t\t\t<\/div>\n\t\t<h3 class=\"sow-carousel-item-title\">\n\t\t\t<a\n\t\t\t\thref=\"https:\/\/conias.com\/en\/security-statement-2021\/\"\n\t\t\t\tid=\"sow-carousel-id-11042\"\n\t\t\t\t\t\t\t\ttabindex=\"-1\"\n\t\t\t>\n\n\t\t\t\tCONIAS Security Statement 2021\t\t\t<\/a>\n\t\t<\/h3>\n\t<\/div>\n\t\t<div class=\"sow-carousel-item\" tabindex=\"-1\" style=\"float: left;\">\n\t\t<div class=\"sow-carousel-thumbnail\">\n\t\t\t\t\t\t\t<a\n\t\t\t\t\thref=\"https:\/\/conias.com\/en\/german-supply-chain-act\/\"\n\t\t\t\t\t\t\t\t\t\tstyle=\"background-image: url( https:\/\/conias.com\/wp-content\/uploads\/2021\/07\/MBI-CONIAS-in-der-VertiGIS-RMBC-Loesung-272x182.png )\"\n\t\t\t\t\taria-labelledby=\"sow-carousel-id-10212\"\n\t\t\t\t\ttabindex=\"-1\"\n\t\t\t\t>\n\t\t\t\t\t<span class=\"overlay\"><\/span>\n\t\t\t\t<\/a>\n\t\t\t\t\t<\/div>\n\t\t<h3 class=\"sow-carousel-item-title\">\n\t\t\t<a\n\t\t\t\thref=\"https:\/\/conias.com\/en\/german-supply-chain-act\/\"\n\t\t\t\tid=\"sow-carousel-id-10212\"\n\t\t\t\t\t\t\t\ttabindex=\"-1\"\n\t\t\t>\n\n\t\t\t\tEffectively implement requirements of the new German law on corporate due diligence in supply chains\t\t\t<\/a>\n\t\t<\/h3>\n\t<\/div>\n\t\t<div class=\"sow-carousel-item\" tabindex=\"-1\" style=\"float: left;\">\n\t\t<div class=\"sow-carousel-thumbnail\">\n\t\t\t\t\t\t\t<a\n\t\t\t\t\thref=\"https:\/\/conias.com\/en\/subnational-resilience-blog\/\"\n\t\t\t\t\t\t\t\t\t\tstyle=\"background-image: url( https:\/\/conias.com\/wp-content\/uploads\/2019\/04\/Subnational-Resilience-2019-272x182.png )\"\n\t\t\t\t\taria-labelledby=\"sow-carousel-id-8023\"\n\t\t\t\t\ttabindex=\"-1\"\n\t\t\t\t>\n\t\t\t\t\t<span class=\"overlay\"><\/span>\n\t\t\t\t<\/a>\n\t\t\t\t\t<\/div>\n\t\t<h3 class=\"sow-carousel-item-title\">\n\t\t\t<a\n\t\t\t\thref=\"https:\/\/conias.com\/en\/subnational-resilience-blog\/\"\n\t\t\t\tid=\"sow-carousel-id-8023\"\n\t\t\t\t\t\t\t\ttabindex=\"-1\"\n\t\t\t>\n\n\t\t\t\tMake your supply chain resilient and adaptable with CONIAS SURE\t\t\t<\/a>\n\t\t<\/h3>\n\t<\/div>\n\t\t<div class=\"sow-carousel-item\" tabindex=\"-1\" style=\"float: left;\">\n\t\t<div class=\"sow-carousel-thumbnail\">\n\t\t\t\t\t\t\t<a\n\t\t\t\t\thref=\"https:\/\/conias.com\/en\/deterioration-of-political-risk-index-sure\/\"\n\t\t\t\t\t\t\t\t\t\tstyle=\"background-image: url( https:\/\/conias.com\/wp-content\/uploads\/2019\/03\/sure-272x182.png )\"\n\t\t\t\t\taria-labelledby=\"sow-carousel-id-7732\"\n\t\t\t\t\ttabindex=\"-1\"\n\t\t\t\t>\n\t\t\t\t\t<span class=\"overlay\"><\/span>\n\t\t\t\t<\/a>\n\t\t\t\t\t<\/div>\n\t\t<h3 class=\"sow-carousel-item-title\">\n\t\t\t<a\n\t\t\t\thref=\"https:\/\/conias.com\/en\/deterioration-of-political-risk-index-sure\/\"\n\t\t\t\tid=\"sow-carousel-id-7732\"\n\t\t\t\t\t\t\t\ttabindex=\"-1\"\n\t\t\t>\n\n\t\t\t\t#Update: Deterioration of Political Risk Index &lt;b&gt;SuRE&lt;\/b&gt;\t\t\t<\/a>\n\t\t<\/h3>\n\t<\/div>\n\t\t\t<\/div>\n\t\t\t<\/div>\n\n\t<\/div>\n\t\t<input type=\"hidden\" name=\"instance_hash\" value=\"0c6cc1f4\"\/>\n\t<\/div>\n<\/div><\/div><\/div><\/div><\/div>","protected":false},"excerpt":{"rendered":"CONIAS Risk Development Report for Africa &#8211; June 2022 CONIAS Conflict Insights for Afghanistan, Central and Eastern Africa \u2013 April&#8230; <a class=\"view-article text-right\" style=\"font-weight: bold; text-align: right !important;\" href=\"https:\/\/conias.com\/en\/company-news\/\">View Article<\/a>","protected":false},"author":3,"featured_media":0,"parent":0,"menu_order":0,"comment_status":"closed","ping_status":"closed","template":"","meta":{"_acf_changed":false,"footnotes":""},"class_list":["post-5103","page","type-page","status-publish","hentry"],"acf":[],"yoast_head":"<!-- This site is optimized with the Yoast SEO plugin v27.3 - https:\/\/yoast.com\/product\/yoast-seo-wordpress\/ -->\n<title>Company News - CONIAS Risk Intelligence a MBI Product<\/title>\n<meta name=\"robots\" content=\"index, follow, max-snippet:-1, max-image-preview:large, max-video-preview:-1\" \/>\n<link rel=\"canonical\" href=\"https:\/\/conias.com\/en\/company-news\/\" \/>\n<meta property=\"og:locale\" content=\"en_US\" \/>\n<meta property=\"og:type\" content=\"article\" \/>\n<meta property=\"og:title\" content=\"Company News - CONIAS Risk Intelligence a MBI Product\" \/>\n<meta property=\"og:description\" content=\"CONIAS Risk Development Report for Africa &#8211; June 2022 CONIAS Conflict Insights for Afghanistan, Central and Eastern Africa \u2013 April... View Article\" \/>\n<meta property=\"og:url\" content=\"https:\/\/conias.com\/en\/company-news\/\" \/>\n<meta property=\"og:site_name\" content=\"CONIAS Risk Intelligence a MBI Product\" \/>\n<meta property=\"article:modified_time\" content=\"2018-11-06T10:30:28+00:00\" \/>\n<meta name=\"twitter:card\" content=\"summary_large_image\" \/>\n<script type=\"application\/ld+json\" class=\"yoast-schema-graph\">{\"@context\":\"https:\\\/\\\/schema.org\",\"@graph\":[{\"@type\":\"WebPage\",\"@id\":\"https:\\\/\\\/conias.com\\\/en\\\/company-news\\\/\",\"url\":\"https:\\\/\\\/conias.com\\\/en\\\/company-news\\\/\",\"name\":\"Company News - CONIAS Risk Intelligence a MBI Product\",\"isPartOf\":{\"@id\":\"https:\\\/\\\/conias.com\\\/en\\\/#website\"},\"datePublished\":\"2018-11-05T13:40:54+00:00\",\"dateModified\":\"2018-11-06T10:30:28+00:00\",\"breadcrumb\":{\"@id\":\"https:\\\/\\\/conias.com\\\/en\\\/company-news\\\/#breadcrumb\"},\"inLanguage\":\"en-US\",\"potentialAction\":[{\"@type\":\"ReadAction\",\"target\":[\"https:\\\/\\\/conias.com\\\/en\\\/company-news\\\/\"]}]},{\"@type\":\"BreadcrumbList\",\"@id\":\"https:\\\/\\\/conias.com\\\/en\\\/company-news\\\/#breadcrumb\",\"itemListElement\":[{\"@type\":\"ListItem\",\"position\":1,\"name\":\"Home\",\"item\":\"https:\\\/\\\/conias.com\\\/en\\\/\"},{\"@type\":\"ListItem\",\"position\":2,\"name\":\"Company News\"}]},{\"@type\":\"WebSite\",\"@id\":\"https:\\\/\\\/conias.com\\\/en\\\/#website\",\"url\":\"https:\\\/\\\/conias.com\\\/en\\\/\",\"name\":\"CONIAS Risk Intelligence a MBI Product\",\"description\":\"Wir unterst\u00fctzen Sie dabei, politische Risiken f\u00fcr Standort-, Logistik- &amp; Investitionssicherheit fr\u00fchzeitig zu erkennen &amp; Anpassungstrategien zu entwickeln.\",\"potentialAction\":[{\"@type\":\"SearchAction\",\"target\":{\"@type\":\"EntryPoint\",\"urlTemplate\":\"https:\\\/\\\/conias.com\\\/en\\\/?s={search_term_string}\"},\"query-input\":{\"@type\":\"PropertyValueSpecification\",\"valueRequired\":true,\"valueName\":\"search_term_string\"}}],\"inLanguage\":\"en-US\"}]}<\/script>\n<!-- \/ Yoast SEO plugin. -->","yoast_head_json":{"title":"Company News - CONIAS Risk Intelligence a MBI Product","robots":{"index":"index","follow":"follow","max-snippet":"max-snippet:-1","max-image-preview":"max-image-preview:large","max-video-preview":"max-video-preview:-1"},"canonical":"https:\/\/conias.com\/en\/company-news\/","og_locale":"en_US","og_type":"article","og_title":"Company News - CONIAS Risk Intelligence a MBI Product","og_description":"CONIAS Risk Development Report for Africa &#8211; June 2022 CONIAS Conflict Insights for Afghanistan, Central and Eastern Africa \u2013 April... View Article","og_url":"https:\/\/conias.com\/en\/company-news\/","og_site_name":"CONIAS Risk Intelligence a MBI Product","article_modified_time":"2018-11-06T10:30:28+00:00","twitter_card":"summary_large_image","schema":{"@context":"https:\/\/schema.org","@graph":[{"@type":"WebPage","@id":"https:\/\/conias.com\/en\/company-news\/","url":"https:\/\/conias.com\/en\/company-news\/","name":"Company News - CONIAS Risk Intelligence a MBI Product","isPartOf":{"@id":"https:\/\/conias.com\/en\/#website"},"datePublished":"2018-11-05T13:40:54+00:00","dateModified":"2018-11-06T10:30:28+00:00","breadcrumb":{"@id":"https:\/\/conias.com\/en\/company-news\/#breadcrumb"},"inLanguage":"en-US","potentialAction":[{"@type":"ReadAction","target":["https:\/\/conias.com\/en\/company-news\/"]}]},{"@type":"BreadcrumbList","@id":"https:\/\/conias.com\/en\/company-news\/#breadcrumb","itemListElement":[{"@type":"ListItem","position":1,"name":"Home","item":"https:\/\/conias.com\/en\/"},{"@type":"ListItem","position":2,"name":"Company News"}]},{"@type":"WebSite","@id":"https:\/\/conias.com\/en\/#website","url":"https:\/\/conias.com\/en\/","name":"CONIAS Risk Intelligence a MBI Product","description":"Wir unterst\u00fctzen Sie dabei, politische Risiken f\u00fcr Standort-, Logistik- &amp; Investitionssicherheit fr\u00fchzeitig zu erkennen &amp; Anpassungstrategien zu entwickeln.","potentialAction":[{"@type":"SearchAction","target":{"@type":"EntryPoint","urlTemplate":"https:\/\/conias.com\/en\/?s={search_term_string}"},"query-input":{"@type":"PropertyValueSpecification","valueRequired":true,"valueName":"search_term_string"}}],"inLanguage":"en-US"}]}},"_links":{"self":[{"href":"https:\/\/conias.com\/en\/wp-json\/wp\/v2\/pages\/5103","targetHints":{"allow":["GET"]}}],"collection":[{"href":"https:\/\/conias.com\/en\/wp-json\/wp\/v2\/pages"}],"about":[{"href":"https:\/\/conias.com\/en\/wp-json\/wp\/v2\/types\/page"}],"author":[{"embeddable":true,"href":"https:\/\/conias.com\/en\/wp-json\/wp\/v2\/users\/3"}],"replies":[{"embeddable":true,"href":"https:\/\/conias.com\/en\/wp-json\/wp\/v2\/comments?post=5103"}],"version-history":[{"count":5,"href":"https:\/\/conias.com\/en\/wp-json\/wp\/v2\/pages\/5103\/revisions"}],"predecessor-version":[{"id":5119,"href":"https:\/\/conias.com\/en\/wp-json\/wp\/v2\/pages\/5103\/revisions\/5119"}],"wp:attachment":[{"href":"https:\/\/conias.com\/en\/wp-json\/wp\/v2\/media?parent=5103"}],"curies":[{"name":"wp","href":"https:\/\/api.w.org\/{rel}","templated":true}]}}