{"id":6339,"date":"2019-01-30T14:07:50","date_gmt":"2019-01-30T13:07:50","guid":{"rendered":"https:\/\/conias.com\/?page_id=6339"},"modified":"2023-03-29T10:43:24","modified_gmt":"2023-03-29T08:43:24","slug":"political-stability-a-location-advantage","status":"publish","type":"page","link":"https:\/\/conias.com\/en\/political-stability-a-location-advantage\/","title":{"rendered":"<b style=\"color: #4ba3cc;\">Political Stability: A Location Advantage<\/b>"},"content":{"rendered":"<div id=\"pl-6339\"  class=\"panel-layout\" ><div id=\"pg-6339-0\"  class=\"panel-grid panel-no-style\" ><div id=\"pgc-6339-0-0\"  class=\"panel-grid-cell\" ><div id=\"panel-6339-0-0-0\" class=\"so-panel widget widget_sow-editor panel-first-child panel-last-child\" data-index=\"0\" ><div\n\t\t\t\n\t\t\tclass=\"so-widget-sow-editor so-widget-sow-editor-base\"\n\t\t\t\n\t\t>\n<div class=\"siteorigin-widget-tinymce textwidget\">\n\t<p><img decoding=\"async\" style=\"float: right; margin: 0% 0% 0% 2%;\" src=\"https:\/\/conias.com\/wp-content\/uploads\/2019\/01\/politische-stabilitaet-700x468.png\" alt=\"Politische Stabilit\u00e4t als Standortvorteil\" width=\"30%\" height=\"0%\" \/>Scientific research and surveys keep emphasizing: Political instability poses an immediate and highly complex set of risks to business interests and well-being. Terrorism, major unrest, military operations and acts of sabotage unsettle investors, reduce the availability of qualified local workers and may cause significant damage to companies in all sectors. Even in non-violent forms, political risks need to be taken seriously. Protectionism, corruption and inhumane labor standards increase the risk of strikes and protests, undermine the efficiency of administration at the local and national level and hence complicate or even impede market entry for international companies. Moreover, they can cause inter- or even disruption of production cycles and lines of communication and transport. Securing the physical well-being of employees abroad and local staff and partners, usually tops the list of companies\u2018 concerns with regard to political risks. In times of crisis and instability, the risk of extortion and kidnappings, yet also the danger of being injured or even fall victim to political violence increases tremendously.<\/p>\n<h2>With CONIAS, you'll stay on the safe side...<\/h2>\n<p><img decoding=\"async\" style=\"float: left; margin: 0% 2% 3% 0%;\" src=\"https:\/\/conias.com\/wp-content\/uploads\/2019\/01\/risiko-lieferkette.jpg\" alt=\"Risikomanagement\" width=\"40%\" height=\"40%\" \/>For companies that understand international operations overwhelmingly through the lense of chances and opportunities, yet still want to be on the safe side, there are good news: Political violence does not appear from nowhere \u2013 research has shown that their occurrence and escalation can be predicted quite well. Conflicts are much more dynamic than we think, both in terms of escalation and de-escalation cycles as well as geographical spread and spillover. For more than 20 years, researchers at the University of Heidelberg have analyzed local dynamics of hundreds of conflicts worldwide. Since 2015, CONIAS Risk Intelligence transforms this data into knowledge and data-driven solutions for globally active companies and their partners. Since December 2019, CONIAS is part of Michael Bauer International GmbH and has its own offices in Heidelberg since 2020.<\/p>\n<h2 style=\"text-align: right;\">\u2026when taking care of travel and expat security<\/h2>\n<p><i>For the Subnational Safety dataset (SUSAFE), CONIAS researchers systematically gather and assess data on conflict intensities in more than 3,800 distinct first level administrative entities every month. They also take into account key characteristics of the conflicts, such as their history, geographical extent, societal significance, and the occurrence of violence. In this manner, they generate a specific safety value for each administrative division, province or governorate, which is of great use for all applications and solutions for site monitoring and expat safety as well as travel security.<\/i><\/p>\n<h2 style=\"text-align: right;\">\u2026when entering new market and evaluating suppliers<\/h2>\n<p><i>For the Subnational Resilience dataset (SURE), CONIAS researchers combine information of socio-economic well-being and development with insights on a region\u2019s conflict history to develop a specific resilience value for more than 3,800 distinct first level administrative division of any state. Hence, SURE data is especially well suited for applications for strategic market entry planning as well as for the evaluation of production sites, suppliers and supply chain networks.<\/i><\/p>\n<\/div>\n<\/div><\/div><\/div><\/div><div id=\"pg-6339-1\"  class=\"panel-grid panel-has-style\" ><div class=\"wow fadeInUpBig panel-row-style panel-row-style-for-6339-1\" ><div id=\"pgc-6339-1-0\"  class=\"panel-grid-cell\" ><div id=\"panel-6339-1-0-0\" class=\"so-panel widget widget_sow-editor panel-first-child panel-last-child\" data-index=\"1\" ><div class=\"panel-widget-style panel-widget-style-for-6339-1-0-0\" ><div\n\t\t\t\n\t\t\tclass=\"so-widget-sow-editor so-widget-sow-editor-base\"\n\t\t\t\n\t\t>\n<div class=\"siteorigin-widget-tinymce textwidget\">\n\t<p style=\"text-align: center;\"><i class=\"fa fa-info\" style=\"font-size: 300%;\" aria-hidden=\"true\"><\/i><\/p>\n<p style=\"text-align: center;\"><b>CONIAS provides context and informs<\/b> not only about significant events yet integrates hundreds of ongoing conflicts and socio-economic factors to create tailor-made metrics of local stability.<\/p>\n<\/div>\n<\/div><\/div><\/div><\/div><div id=\"pgc-6339-1-1\"  class=\"panel-grid-cell\" ><div id=\"panel-6339-1-1-0\" class=\"so-panel widget widget_sow-editor panel-first-child panel-last-child\" data-index=\"2\" ><div class=\"panel-widget-style panel-widget-style-for-6339-1-1-0\" ><div\n\t\t\t\n\t\t\tclass=\"so-widget-sow-editor so-widget-sow-editor-base\"\n\t\t\t\n\t\t>\n<div class=\"siteorigin-widget-tinymce textwidget\">\n\t<p style=\"text-align: center;\"><i class=\"fa fa-eye\" style=\"font-size: 300%;\" aria-hidden=\"true\"><\/i><\/p>\n<p style=\"text-align: center;\"><b>CONIAS takes a closer look<\/b> and evaluates more than 3,800 subnational entities worldwide.<\/p>\n<\/div>\n<\/div><\/div><\/div><\/div><div id=\"pgc-6339-1-2\"  class=\"panel-grid-cell\" ><div id=\"panel-6339-1-2-0\" class=\"so-panel widget widget_sow-editor panel-first-child panel-last-child\" data-index=\"3\" ><div class=\"panel-widget-style panel-widget-style-for-6339-1-2-0\" ><div\n\t\t\t\n\t\t\tclass=\"so-widget-sow-editor so-widget-sow-editor-base\"\n\t\t\t\n\t\t>\n<div class=\"siteorigin-widget-tinymce textwidget\">\n\t<p style=\"text-align: center;\"><i class=\"fa fa-search-plus\" style=\"font-size: 300%;\" aria-hidden=\"true\"><\/i><\/p>\n<p style=\"text-align: center;\"><b>CONIAS takes a more frequent look<\/b> and generates individual and current values of immediate and long-term security \u2013 month by month.<\/p>\n<\/div>\n<\/div><\/div><\/div><\/div><div id=\"pgc-6339-1-3\"  class=\"panel-grid-cell\" ><div id=\"panel-6339-1-3-0\" class=\"so-panel widget widget_sow-editor panel-first-child panel-last-child\" data-index=\"4\" ><div class=\"panel-widget-style panel-widget-style-for-6339-1-3-0\" ><div\n\t\t\t\n\t\t\tclass=\"so-widget-sow-editor so-widget-sow-editor-base\"\n\t\t\t\n\t\t>\n<div class=\"siteorigin-widget-tinymce textwidget\">\n\t<p style=\"text-align: center;\"><i class=\"ion-ios-stopwatch\" style=\"font-size: 300%;\" aria-hidden=\"true\"><\/i><\/p>\n<p style=\"text-align: center;\"><b>CONIAS makes security scalable<\/b> and quickly identifies production sites that are politically stable and can be successfully integrated into sustainable supply-chain networks.<\/p>\n<\/div>\n<\/div><\/div><\/div><\/div><\/div><\/div><\/div>","protected":false},"excerpt":{"rendered":"Scientific research and surveys keep emphasizing: Political instability poses an immediate and highly complex set of risks to business interests&#8230; <a class=\"view-article text-right\" style=\"font-weight: bold; text-align: right !important;\" href=\"https:\/\/conias.com\/en\/political-stability-a-location-advantage\/\">View Article<\/a>","protected":false},"author":3,"featured_media":0,"parent":0,"menu_order":0,"comment_status":"closed","ping_status":"closed","template":"","meta":{"_acf_changed":false,"footnotes":""},"class_list":["post-6339","page","type-page","status-publish","hentry"],"acf":[],"yoast_head":"<!-- This site is optimized with the Yoast SEO plugin v27.4 - https:\/\/yoast.com\/product\/yoast-seo-wordpress\/ -->\n<title>Political Stability: A Location Advantage - CONIAS Risk Intelligence a MBI Product<\/title>\n<meta name=\"robots\" content=\"index, follow, max-snippet:-1, max-image-preview:large, max-video-preview:-1\" \/>\n<link rel=\"canonical\" href=\"https:\/\/conias.com\/en\/political-stability-a-location-advantage\/\" \/>\n<meta property=\"og:locale\" content=\"en_US\" \/>\n<meta property=\"og:type\" content=\"article\" \/>\n<meta property=\"og:title\" content=\"Political Stability: A Location Advantage - CONIAS Risk Intelligence a MBI Product\" \/>\n<meta property=\"og:description\" content=\"Scientific research and surveys keep emphasizing: Political instability poses an immediate and highly complex set of risks to business interests... View Article\" \/>\n<meta property=\"og:url\" content=\"https:\/\/conias.com\/en\/political-stability-a-location-advantage\/\" \/>\n<meta property=\"og:site_name\" content=\"CONIAS Risk Intelligence a MBI Product\" \/>\n<meta property=\"article:modified_time\" content=\"2023-03-29T08:43:24+00:00\" \/>\n<meta property=\"og:image\" content=\"https:\/\/conias.com\/wp-content\/uploads\/2019\/01\/politische-stabilitaet-700x468.png\" \/>\n<meta name=\"twitter:card\" content=\"summary_large_image\" \/>\n<meta name=\"twitter:label1\" content=\"Est. reading time\" \/>\n\t<meta name=\"twitter:data1\" content=\"4 minutes\" \/>\n<script type=\"application\/ld+json\" class=\"yoast-schema-graph\">{\"@context\":\"https:\\\/\\\/schema.org\",\"@graph\":[{\"@type\":\"WebPage\",\"@id\":\"https:\\\/\\\/conias.com\\\/en\\\/political-stability-a-location-advantage\\\/\",\"url\":\"https:\\\/\\\/conias.com\\\/en\\\/political-stability-a-location-advantage\\\/\",\"name\":\"Political Stability: A Location Advantage - CONIAS Risk Intelligence a MBI Product\",\"isPartOf\":{\"@id\":\"https:\\\/\\\/conias.com\\\/en\\\/#website\"},\"primaryImageOfPage\":{\"@id\":\"https:\\\/\\\/conias.com\\\/en\\\/political-stability-a-location-advantage\\\/#primaryimage\"},\"image\":{\"@id\":\"https:\\\/\\\/conias.com\\\/en\\\/political-stability-a-location-advantage\\\/#primaryimage\"},\"thumbnailUrl\":\"https:\\\/\\\/conias.com\\\/wp-content\\\/uploads\\\/2019\\\/01\\\/politische-stabilitaet-700x468.png\",\"datePublished\":\"2019-01-30T13:07:50+00:00\",\"dateModified\":\"2023-03-29T08:43:24+00:00\",\"breadcrumb\":{\"@id\":\"https:\\\/\\\/conias.com\\\/en\\\/political-stability-a-location-advantage\\\/#breadcrumb\"},\"inLanguage\":\"en-US\",\"potentialAction\":[{\"@type\":\"ReadAction\",\"target\":[\"https:\\\/\\\/conias.com\\\/en\\\/political-stability-a-location-advantage\\\/\"]}]},{\"@type\":\"ImageObject\",\"inLanguage\":\"en-US\",\"@id\":\"https:\\\/\\\/conias.com\\\/en\\\/political-stability-a-location-advantage\\\/#primaryimage\",\"url\":\"https:\\\/\\\/conias.com\\\/wp-content\\\/uploads\\\/2019\\\/01\\\/politische-stabilitaet-700x468.png\",\"contentUrl\":\"https:\\\/\\\/conias.com\\\/wp-content\\\/uploads\\\/2019\\\/01\\\/politische-stabilitaet-700x468.png\"},{\"@type\":\"BreadcrumbList\",\"@id\":\"https:\\\/\\\/conias.com\\\/en\\\/political-stability-a-location-advantage\\\/#breadcrumb\",\"itemListElement\":[{\"@type\":\"ListItem\",\"position\":1,\"name\":\"Home\",\"item\":\"https:\\\/\\\/conias.com\\\/en\\\/\"},{\"@type\":\"ListItem\",\"position\":2,\"name\":\"Political Stability: A Location Advantage\"}]},{\"@type\":\"WebSite\",\"@id\":\"https:\\\/\\\/conias.com\\\/en\\\/#website\",\"url\":\"https:\\\/\\\/conias.com\\\/en\\\/\",\"name\":\"CONIAS Risk Intelligence a MBI Product\",\"description\":\"Wir unterst\u00fctzen Sie dabei, politische Risiken f\u00fcr Standort-, Logistik- &amp; Investitionssicherheit fr\u00fchzeitig zu erkennen &amp; Anpassungstrategien zu entwickeln.\",\"potentialAction\":[{\"@type\":\"SearchAction\",\"target\":{\"@type\":\"EntryPoint\",\"urlTemplate\":\"https:\\\/\\\/conias.com\\\/en\\\/?s={search_term_string}\"},\"query-input\":{\"@type\":\"PropertyValueSpecification\",\"valueRequired\":true,\"valueName\":\"search_term_string\"}}],\"inLanguage\":\"en-US\"}]}<\/script>\n<!-- \/ Yoast SEO plugin. -->","yoast_head_json":{"title":"Political Stability: A Location Advantage - CONIAS Risk Intelligence a MBI Product","robots":{"index":"index","follow":"follow","max-snippet":"max-snippet:-1","max-image-preview":"max-image-preview:large","max-video-preview":"max-video-preview:-1"},"canonical":"https:\/\/conias.com\/en\/political-stability-a-location-advantage\/","og_locale":"en_US","og_type":"article","og_title":"Political Stability: A Location Advantage - CONIAS Risk Intelligence a MBI Product","og_description":"Scientific research and surveys keep emphasizing: Political instability poses an immediate and highly complex set of risks to business interests... View Article","og_url":"https:\/\/conias.com\/en\/political-stability-a-location-advantage\/","og_site_name":"CONIAS Risk Intelligence a MBI Product","article_modified_time":"2023-03-29T08:43:24+00:00","og_image":[{"url":"https:\/\/conias.com\/wp-content\/uploads\/2019\/01\/politische-stabilitaet-700x468.png","type":"","width":"","height":""}],"twitter_card":"summary_large_image","twitter_misc":{"Est. reading time":"4 minutes"},"schema":{"@context":"https:\/\/schema.org","@graph":[{"@type":"WebPage","@id":"https:\/\/conias.com\/en\/political-stability-a-location-advantage\/","url":"https:\/\/conias.com\/en\/political-stability-a-location-advantage\/","name":"Political Stability: A Location Advantage - CONIAS Risk Intelligence a MBI Product","isPartOf":{"@id":"https:\/\/conias.com\/en\/#website"},"primaryImageOfPage":{"@id":"https:\/\/conias.com\/en\/political-stability-a-location-advantage\/#primaryimage"},"image":{"@id":"https:\/\/conias.com\/en\/political-stability-a-location-advantage\/#primaryimage"},"thumbnailUrl":"https:\/\/conias.com\/wp-content\/uploads\/2019\/01\/politische-stabilitaet-700x468.png","datePublished":"2019-01-30T13:07:50+00:00","dateModified":"2023-03-29T08:43:24+00:00","breadcrumb":{"@id":"https:\/\/conias.com\/en\/political-stability-a-location-advantage\/#breadcrumb"},"inLanguage":"en-US","potentialAction":[{"@type":"ReadAction","target":["https:\/\/conias.com\/en\/political-stability-a-location-advantage\/"]}]},{"@type":"ImageObject","inLanguage":"en-US","@id":"https:\/\/conias.com\/en\/political-stability-a-location-advantage\/#primaryimage","url":"https:\/\/conias.com\/wp-content\/uploads\/2019\/01\/politische-stabilitaet-700x468.png","contentUrl":"https:\/\/conias.com\/wp-content\/uploads\/2019\/01\/politische-stabilitaet-700x468.png"},{"@type":"BreadcrumbList","@id":"https:\/\/conias.com\/en\/political-stability-a-location-advantage\/#breadcrumb","itemListElement":[{"@type":"ListItem","position":1,"name":"Home","item":"https:\/\/conias.com\/en\/"},{"@type":"ListItem","position":2,"name":"Political Stability: A Location Advantage"}]},{"@type":"WebSite","@id":"https:\/\/conias.com\/en\/#website","url":"https:\/\/conias.com\/en\/","name":"CONIAS Risk Intelligence a MBI Product","description":"Wir unterst\u00fctzen Sie dabei, politische Risiken f\u00fcr Standort-, Logistik- &amp; Investitionssicherheit fr\u00fchzeitig zu erkennen &amp; Anpassungstrategien zu entwickeln.","potentialAction":[{"@type":"SearchAction","target":{"@type":"EntryPoint","urlTemplate":"https:\/\/conias.com\/en\/?s={search_term_string}"},"query-input":{"@type":"PropertyValueSpecification","valueRequired":true,"valueName":"search_term_string"}}],"inLanguage":"en-US"}]}},"_links":{"self":[{"href":"https:\/\/conias.com\/en\/wp-json\/wp\/v2\/pages\/6339","targetHints":{"allow":["GET"]}}],"collection":[{"href":"https:\/\/conias.com\/en\/wp-json\/wp\/v2\/pages"}],"about":[{"href":"https:\/\/conias.com\/en\/wp-json\/wp\/v2\/types\/page"}],"author":[{"embeddable":true,"href":"https:\/\/conias.com\/en\/wp-json\/wp\/v2\/users\/3"}],"replies":[{"embeddable":true,"href":"https:\/\/conias.com\/en\/wp-json\/wp\/v2\/comments?post=6339"}],"version-history":[{"count":5,"href":"https:\/\/conias.com\/en\/wp-json\/wp\/v2\/pages\/6339\/revisions"}],"predecessor-version":[{"id":13451,"href":"https:\/\/conias.com\/en\/wp-json\/wp\/v2\/pages\/6339\/revisions\/13451"}],"wp:attachment":[{"href":"https:\/\/conias.com\/en\/wp-json\/wp\/v2\/media?parent=6339"}],"curies":[{"name":"wp","href":"https:\/\/api.w.org\/{rel}","templated":true}]}}