{"id":6649,"date":"2019-02-01T16:09:04","date_gmt":"2019-02-01T15:09:04","guid":{"rendered":"https:\/\/conias.com\/?page_id=6649"},"modified":"2023-03-14T10:10:49","modified_gmt":"2023-03-14T09:10:49","slug":"travel-and-expat-security","status":"publish","type":"page","link":"https:\/\/conias.com\/en\/travel-and-expat-security\/","title":{"rendered":"<span style=\"color:#4ba3cc;\"><b>Make sure that your Employees are <\/b><em>su<b>safe<\/em> &#8211; on Site and on Travels<\/b><\/span>"},"content":{"rendered":"<div id=\"pl-6649\"  class=\"panel-layout\" ><div id=\"pg-6649-0\"  class=\"panel-grid panel-no-style\" ><div id=\"pgc-6649-0-0\"  class=\"panel-grid-cell\" ><div id=\"panel-6649-0-0-0\" class=\"so-panel widget widget_sow-editor panel-first-child panel-last-child\" data-index=\"0\" ><div\n\t\t\t\n\t\t\tclass=\"so-widget-sow-editor so-widget-sow-editor-base\"\n\t\t\t\n\t\t>\n<div class=\"siteorigin-widget-tinymce textwidget\">\n\t<p><img decoding=\"async\" style=\"float: right; width: 42%; margin-left: 2%;\" src=\"https:\/\/conias.com\/wp-content\/uploads\/2019\/01\/travel-safety-conias-e1548860327425.png\" alt=\"\" \/><\/p>\n<p lang=\"de-DE\" align=\"justify\">Employers attach more and more importance to safety and security during business travel for their employees and take their Duty of Care seriously. However, while most travelers would welcome a proactive and well-informed safety management, they rarely see their company up for the task. Hence, those who care, advise and look after their own employees in business and even private travel, benefit in return from reputational gains and can make safety a clear advantage in the competition for the brightest minds and talent.<\/p>\n<\/div>\n<\/div><\/div><\/div><\/div><div id=\"pg-6649-1\"  class=\"panel-grid panel-no-style\" ><div id=\"pgc-6649-1-0\"  class=\"panel-grid-cell\" ><div id=\"panel-6649-1-0-0\" class=\"so-panel widget widget_sow-editor panel-first-child panel-last-child\" data-index=\"1\" ><div class=\"panel-widget-style panel-widget-style-for-6649-1-0-0\" ><div\n\t\t\t\n\t\t\tclass=\"so-widget-sow-editor so-widget-sow-editor-base\"\n\t\t\t\n\t\t>\n<div class=\"siteorigin-widget-tinymce textwidget\">\n\t<h2><b>Our DATA-Driven Solutions<\/b><br \/>\n- always up to date, worldwide, easy to understand<\/h2>\n<p>Our clients benefit from our data-driven, interdisciplinary, and comprehensive research approach on travel and site\u00a0security assessments.\u00a0We combine regional and academic top-level expertise with easy-to-use and easy-to-understand data tools and analyzes, evaluations and workshops tailored to your own needs and processes.\u00a0<b><a href=\"https:\/\/conias.com\/en\/contact\/\" target=\"_blank\" rel=\"noopener\">Get in touch with us<\/a> today\u00a0and benefit from many years of experience in\u00a0research,\u00a0analysis\u00a0and\u00a0<a href=\"https:\/\/conias.com\/en\/consulting\/\" target=\"_blank\" rel=\"noopener\">consulting<\/a>!<\/b><\/p>\n<\/div>\n<\/div><\/div><\/div><\/div><div id=\"pgc-6649-1-1\"  class=\"panel-grid-cell\" ><div id=\"panel-6649-1-1-0\" class=\"so-panel widget widget_sow-editor panel-first-child panel-last-child\" data-index=\"2\" ><div class=\"panel-widget-style panel-widget-style-for-6649-1-1-0\" ><div\n\t\t\t\n\t\t\tclass=\"so-widget-sow-editor so-widget-sow-editor-base\"\n\t\t\t\n\t\t>\n<div class=\"siteorigin-widget-tinymce textwidget\">\n\t<p>Using our solutions, you can find out <b>with one click<\/b>,<\/p>\n<div style=\"margin-bottom: 3%;\">\n<ul>\n<li>Whether, to what extent and where\u00a0<b>employees<\/b> of\u00a0your company\u00a0<b>can travel safely<\/b>\u00a0within any country of interest - especially when it comes to first visits and delegation trips<\/li>\n<\/ul>\n<\/div>\n<div style=\"margin-bottom: 3%;\">\n<ul>\n<li>How\u00a0to\u00a0assess\u00a0the <b>current\u00a0security situation at production and supplier locations<\/b>\u00a0as well as important\u00a0<b>traffic junctions<\/b><\/li>\n<\/ul>\n<\/div>\n<div>\n<ul>\n<li>Which could be <b>safe zones<\/b> for employees in case of a crisis\u00a0and\u00a0alternative routes that have remained uninterrupted so far.<\/li>\n<\/ul>\n<\/div>\n<\/div>\n<\/div><\/div><\/div><\/div><\/div><div id=\"pg-6649-2\"  class=\"panel-grid panel-no-style\" ><div id=\"pgc-6649-2-0\"  class=\"panel-grid-cell\" ><div id=\"panel-6649-2-0-0\" class=\"so-panel widget widget_sow-editor panel-first-child panel-last-child\" data-index=\"3\" ><div\n\t\t\t\n\t\t\tclass=\"so-widget-sow-editor so-widget-sow-editor-base\"\n\t\t\t\n\t\t>\n<div class=\"siteorigin-widget-tinymce textwidget\">\n\t<div style=\"border: 2px solid #badef6; text-align: justify; padding: 1% 1% 1% 1%;\"><i><strong>The <b>sub-national safety dataset (SUSAFE)<\/b> combines monthly and systematically collected conflict data with context data from the recent history of the conflict in the specific area.\u00a0These include, among other things, the geographical spread, the societal relevance and the dynamics of the issue of violence.\u00a0In this way, an individual specific security value is generated at local, provincial, or federal state level, optimized for all site monitoring and travel security applications.<br \/>\n<\/strong><\/i><\/div>\n<div class=\"divide20\"><\/div>\n<div class=\"divide20\"><\/div>\n<h2 style=\"text-align: center;\"><strong>What you WON\u2019T find in our Toolbox? A Glass Bowl<\/strong><\/h2>\n<\/div>\n<\/div><\/div><\/div><\/div><div id=\"pg-6649-3\"  class=\"panel-grid panel-no-style\" ><div id=\"pgc-6649-3-0\"  class=\"panel-grid-cell\" ><div id=\"panel-6649-3-0-0\" class=\"so-panel widget widget_sow-editor panel-first-child panel-last-child\" data-index=\"4\" ><div class=\"panel-widget-style panel-widget-style-for-6649-3-0-0\" ><div\n\t\t\t\n\t\t\tclass=\"so-widget-sow-editor so-widget-sow-editor-base\"\n\t\t\t\n\t\t>\n<div class=\"siteorigin-widget-tinymce textwidget\">\n\t<p>We work with a wide range of forecasting and scenario building methods. Still, we cannot predict exactly when an attack or the escalation of peaceful protests will happen exactly at a particular place.\u00a0However, our unique, award-winning and constantly evolved analytical approach\u00a0combines<\/p>\n<div style=\"margin-bottom: 3%;\">\n<ul>\n<li> An in-depth assessment all of a country's active and historical conflicts \u2013 worldwide. Our database includes more than 1,800 political disputes between and within states as well as those that are no longer (or not yet) violent.<\/li>\n<\/ul>\n<\/div>\n<div>\n<ul>\n<li> A specific calculation of the actual security risk at the sub-national level - because\u00a0stability is seldom evenly distributed in the country - as well as valid expectation values for the future.<\/li>\n<\/ul>\n<\/div>\n<\/div>\n<\/div><\/div><\/div><\/div><div id=\"pgc-6649-3-1\"  class=\"panel-grid-cell\" ><div id=\"panel-6649-3-1-0\" class=\"so-panel widget widget_sow-image panel-first-child panel-last-child\" data-index=\"5\" ><div class=\"zoom float-right panel-widget-style panel-widget-style-for-6649-3-1-0\" ><div\n\t\t\t\n\t\t\tclass=\"so-widget-sow-image so-widget-sow-image-default-8b5b6f678277-6649\"\n\t\t\t\n\t\t>\n<div class=\"sow-image-container\">\n\t\t\t<a href=\"https:\/\/conias.com\/wp-content\/uploads\/2019\/01\/conias-susafe-india-re.png\"\n\t\t\ttarget=\"_blank\" rel=\"noopener noreferrer\" \t\t>\n\t\t\t<img \n\tsrc=\"https:\/\/conias.com\/wp-content\/uploads\/2023\/03\/Tabelle_SUSAFE_Indien-2.jpg\" width=\"600\" height=\"355\" srcset=\"https:\/\/conias.com\/wp-content\/uploads\/2023\/03\/Tabelle_SUSAFE_Indien-2.jpg 600w, https:\/\/conias.com\/wp-content\/uploads\/2023\/03\/Tabelle_SUSAFE_Indien-2-250x148.jpg 250w, https:\/\/conias.com\/wp-content\/uploads\/2023\/03\/Tabelle_SUSAFE_Indien-2-120x71.jpg 120w\" sizes=\"(max-width: 600px) 100vw, 600px\" title=\"Sample: CONIAS suSAFE for India\" alt=\"Sample: CONIAS suSAFE for India\" \t\tclass=\"so-widget-image\"\/>\n\t\t\t<\/a><\/div>\n\n<\/div><\/div><\/div><\/div><\/div><div id=\"pg-6649-4\"  class=\"panel-grid panel-no-style\" ><div id=\"pgc-6649-4-0\"  class=\"panel-grid-cell\" ><div id=\"panel-6649-4-0-0\" class=\"so-panel widget widget_sow-button panel-first-child panel-last-child\" data-index=\"6\" ><div\n\t\t\t\n\t\t\tclass=\"so-widget-sow-button so-widget-sow-button-flat-f54c0409268f-6649\"\n\t\t\t\n\t\t><div class=\"ow-button-base ow-button-align-center\"\n>\n\t\t\t<a\n\t\t\t\t\thref=\"https:\/\/conias.com\/en\/self-explaining-political-risk-data\/\"\n\t\t\t\t\tclass=\"sowb-button ow-icon-placement-bottom ow-button-hover\" \t>\n\t\t<span>\n\t\t\t\n\t\t\tTo the SUSAFE Product Page\t\t<\/span>\n\t\t\t<\/a>\n\t<\/div>\n<\/div><\/div><\/div><\/div><div id=\"pg-6649-5\"  class=\"panel-grid panel-no-style\" ><div id=\"pgc-6649-5-0\"  class=\"panel-grid-cell\" ><div id=\"panel-6649-5-0-0\" class=\"so-panel widget widget_sow-editor panel-first-child\" data-index=\"7\" ><div\n\t\t\t\n\t\t\tclass=\"so-widget-sow-editor so-widget-sow-editor-base\"\n\t\t\t\n\t\t>\n<div class=\"siteorigin-widget-tinymce textwidget\">\n\t<\/div>\n<\/div><\/div><div id=\"panel-6649-5-0-1\" class=\"so-panel widget widget_sow-editor panel-last-child\" data-index=\"8\" ><div\n\t\t\t\n\t\t\tclass=\"so-widget-sow-editor so-widget-sow-editor-base\"\n\t\t\t\n\t\t>\n<div class=\"siteorigin-widget-tinymce textwidget\">\n\t<h2 class=\"bg-frontsite\"><em>Use Case:<\/em> Safe Travels - Making the Most out of a Stopover<\/h2>\n<\/div>\n<\/div><\/div><\/div><\/div><div id=\"pg-6649-6\"  class=\"panel-grid panel-no-style\" ><div id=\"pgc-6649-6-0\"  class=\"panel-grid-cell\" ><div id=\"panel-6649-6-0-0\" class=\"so-panel widget widget_sow-editor panel-first-child panel-last-child\" data-index=\"9\" ><div class=\"panel-widget-style panel-widget-style-for-6649-6-0-0\" ><div\n\t\t\t\n\t\t\tclass=\"so-widget-sow-editor so-widget-sow-editor-base\"\n\t\t\t\n\t\t>\n<div class=\"siteorigin-widget-tinymce textwidget\">\n\t<p>When traveling for business or pleasure, you can often find cheaper fares if you choose a connecting or even stopover flight. In many cases especially for longer distances, there is no non-stop option in the first place. Travelers can make the most out of this now and benefit from steadily growing dining, shopping opportunities as well as the chance to pay a short visit to the city center. This is especially the case as also political conditions are improving \u2013 several states have started to offer stopover visa \u2013 and many airlines advertise stopovers with free accommodation and sightseeing tours.<\/p>\n<p>In order to benefit from this trend, being it as a traveler or service provider, you need to be aware of the security situation on the ground as well \u2013 before you go aboard! This is especially the case as the ten fastest growing airports of the past decade are to be found in countries outside of the Western Hemisphere, where political conditions are not always stable and can be unpredictable.<\/p>\n<p>We have assessed political stability and risk at the 30 busiest airports worldwide \u2013 and it becomes clear that physical safety and passenger volume go along quite well. You want to know, how the other 18,000 commercial airports pass our test? Then <a href=\"https:\/\/conias.com\/en\/contakt\/\">get in touch with us<\/a> today an find out more about our layover safety solutions.<\/p>\n<\/div>\n<\/div><\/div><\/div><\/div><div id=\"pgc-6649-6-1\"  class=\"panel-grid-cell\" ><div id=\"panel-6649-6-1-0\" class=\"so-panel widget widget_sow-image panel-first-child panel-last-child\" data-index=\"10\" ><div\n\t\t\t\n\t\t\tclass=\"so-widget-sow-image so-widget-sow-image-default-8b5b6f678277-6649\"\n\t\t\t\n\t\t>\n<div class=\"sow-image-container\">\n\t\t<img \n\tsrc=\"https:\/\/conias.com\/wp-content\/uploads\/2019\/01\/layover-safety-e1548861109806.png\" width=\"600\" height=\"400\" sizes=\"(max-width: 600px) 100vw, 600px\" title=\"layover-safety\" alt=\"\" \t\tclass=\"so-widget-image\"\/>\n\t<\/div>\n\n<\/div><\/div><\/div><\/div><div id=\"pg-6649-7\"  class=\"panel-grid panel-no-style\" ><div id=\"pgc-6649-7-0\"  class=\"panel-grid-cell panel-grid-cell-empty\" ><\/div><div id=\"pgc-6649-7-1\"  class=\"panel-grid-cell panel-grid-cell-mobile-last\" ><div id=\"panel-6649-7-1-0\" class=\"so-panel widget widget_sow-image panel-first-child panel-last-child\" data-index=\"11\" ><div class=\"aligncenter panel-widget-style panel-widget-style-for-6649-7-1-0\" ><div\n\t\t\t\n\t\t\tclass=\"so-widget-sow-image so-widget-sow-image-default-c67d20f9f743-6649\"\n\t\t\t\n\t\t>\n<div class=\"sow-image-container\">\n\t\t\t<a href=\"https:\/\/conias.com\/wp-content\/uploads\/2019\/01\/conias-subnational-safety-index.png\"\n\t\t\ttarget=\"_blank\" rel=\"noopener noreferrer\" \t\t>\n\t\t\t<img \n\tsrc=\"https:\/\/conias.com\/wp-content\/uploads\/2019\/01\/conias-subnational-safety-index-1-e1548861461438.png\" width=\"1500\" height=\"869\" sizes=\"(max-width: 1500px) 100vw, 1500px\" title=\"conias-subnational-safety-index\" alt=\"\" \t\tclass=\"so-widget-image\"\/>\n\t\t\t<\/a><\/div>\n\n<\/div><\/div><\/div><\/div><div id=\"pgc-6649-7-2\"  class=\"panel-grid-cell panel-grid-cell-empty\" ><\/div><\/div><div id=\"pg-6649-8\"  class=\"panel-grid panel-no-style\" ><div id=\"pgc-6649-8-0\"  class=\"panel-grid-cell\" ><div id=\"panel-6649-8-0-0\" class=\"so-panel widget widget_sow-editor panel-first-child\" data-index=\"12\" ><div\n\t\t\t\n\t\t\tclass=\"so-widget-sow-editor so-widget-sow-editor-base\"\n\t\t\t\n\t\t>\n<div class=\"siteorigin-widget-tinymce textwidget\">\n\t<p>&nbsp;<\/p>\n<table cellspacing=\"0\" cellpadding=\"7\">\n<colgroup>\n<col \/> <\/colgroup>\n<tbody>\n<tr style=\"min-height: 100px;\">\n<td style=\"min-height: 100px;\" valign=\"top\">\n<div style=\"min-height: 60px; text-align: center;\"><b>For Travelers:\u00a0Play it safe at the stopover<\/b><\/div>\n<\/td>\n<\/tr>\n<tr>\n<td valign=\"top\">\n<p align=\"justify\"><span lang=\"de-DE\">Your employees tend to travel frequently and over wide distances - and not just for business?\u00a0Your understanding of a Duty of Care goes beyond knowing the mere destination of your team members?\u00a0You would like to make use of cheaper air fare due to stopovers and combine them with a sightseeing or shopping tour? You would like to receive a preliminary assessment of the security situation on the ground?<\/span><\/p>\n<p><a href=\"http:\/\/conias.com\/en\/contact\" target=\"_blank\" rel=\"noopener\">Get in touch with us today<\/a> and optimize your travel management system!\u00a0We evaluate locations worldwide\u00a0without blind spots and gaps - systematically, independent and on the\u00a0basis of up-to-date\u00a0and specially collected\u00a0data.<\/p>\n<\/td>\n<\/tr>\n<\/tbody>\n<\/table>\n<p>&nbsp;<\/p>\n<\/div>\n<\/div><\/div><div id=\"panel-6649-8-0-1\" class=\"so-panel widget widget_sow-editor panel-last-child\" data-index=\"13\" ><div\n\t\t\t\n\t\t\tclass=\"so-widget-sow-editor so-widget-sow-editor-base\"\n\t\t\t\n\t\t>\n<div class=\"siteorigin-widget-tinymce textwidget\">\n\t<\/div>\n<\/div><\/div><\/div><div id=\"pgc-6649-8-1\"  class=\"panel-grid-cell\" ><div id=\"panel-6649-8-1-0\" class=\"so-panel widget widget_sow-editor panel-first-child panel-last-child\" data-index=\"14\" ><div\n\t\t\t\n\t\t\tclass=\"so-widget-sow-editor so-widget-sow-editor-base\"\n\t\t\t\n\t\t>\n<div class=\"siteorigin-widget-tinymce textwidget\">\n\t<p>&nbsp;<\/p>\n<table cellspacing=\"0\" cellpadding=\"7\">\n<colgroup><\/colgroup>\n<tbody>\n<tr style=\"min-height: 100px;\">\n<td style=\"min-height: 100px;\" valign=\"top\">\n<div style=\"min-height: 60px; text-align: center;\"><b>For companies:\u00a0Make sure your location advantage!<\/b><\/div>\n<\/td>\n<\/tr>\n<tr>\n<td valign=\"top\">\n<p align=\"justify\"><span lang=\"de-DE\">You are looking for investors\u00a0and business partners\u00a0for your\u00a0airport and non-aviation business?\u00a0You want to attract new customers and increase the volume of passengers at your site?\u00a0You want to provide your customers with a wider range of affordable options and expand your network by adding new, yet secure destinations to your network?\u00a0<\/span><\/p>\n<p><a href=\"https:\/\/conias.com\/en\/contact\/\" target=\"_blank\" rel=\"noopener\">Get in touch with us today<\/a> and receive from us a free and exclusive location safety assessment!\u00a0We evaluate sites worldwide without blind spots and gaps - systematically, independent and on the basis of up-to-date and specially collected\u00a0data.<\/p>\n<\/td>\n<\/tr>\n<\/tbody>\n<\/table>\n<\/div>\n<\/div><\/div><\/div><\/div><\/div>","protected":false},"excerpt":{"rendered":"Employers attach more and more importance to safety and security during business travel for their employees and take their Duty&#8230; <a class=\"view-article text-right\" style=\"font-weight: bold; text-align: right !important;\" href=\"https:\/\/conias.com\/en\/travel-and-expat-security\/\">View Article<\/a>","protected":false},"author":3,"featured_media":0,"parent":0,"menu_order":0,"comment_status":"closed","ping_status":"closed","template":"","meta":{"_acf_changed":false,"footnotes":""},"class_list":["post-6649","page","type-page","status-publish","hentry"],"acf":[],"yoast_head":"<!-- This site is optimized with the Yoast SEO plugin v27.3 - https:\/\/yoast.com\/product\/yoast-seo-wordpress\/ -->\n<title>Make sure that your Employees are susafe - on Site and on Travels - CONIAS Risk Intelligence a MBI Product<\/title>\n<meta name=\"robots\" content=\"index, follow, max-snippet:-1, max-image-preview:large, max-video-preview:-1\" \/>\n<link rel=\"canonical\" href=\"https:\/\/conias.com\/en\/travel-and-expat-security\/\" \/>\n<meta property=\"og:locale\" content=\"en_US\" \/>\n<meta property=\"og:type\" content=\"article\" \/>\n<meta property=\"og:title\" content=\"Make sure that your Employees are susafe - on Site and on Travels - CONIAS Risk Intelligence a MBI Product\" \/>\n<meta property=\"og:description\" content=\"Employers attach more and more importance to safety and security during business travel for their employees and take their Duty... View Article\" \/>\n<meta property=\"og:url\" content=\"https:\/\/conias.com\/en\/travel-and-expat-security\/\" \/>\n<meta property=\"og:site_name\" content=\"CONIAS Risk Intelligence a MBI Product\" \/>\n<meta property=\"article:modified_time\" content=\"2023-03-14T09:10:49+00:00\" \/>\n<meta property=\"og:image\" content=\"https:\/\/conias.com\/wp-content\/uploads\/2019\/01\/travel-safety-conias-e1548860327425.png\" \/>\n<meta name=\"twitter:card\" content=\"summary_large_image\" \/>\n<meta name=\"twitter:label1\" content=\"Est. reading time\" \/>\n\t<meta name=\"twitter:data1\" content=\"6 minutes\" \/>\n<script type=\"application\/ld+json\" class=\"yoast-schema-graph\">{\"@context\":\"https:\\\/\\\/schema.org\",\"@graph\":[{\"@type\":\"WebPage\",\"@id\":\"https:\\\/\\\/conias.com\\\/en\\\/travel-and-expat-security\\\/\",\"url\":\"https:\\\/\\\/conias.com\\\/en\\\/travel-and-expat-security\\\/\",\"name\":\"Make sure that your Employees are susafe - on Site and on Travels - CONIAS Risk Intelligence a MBI Product\",\"isPartOf\":{\"@id\":\"https:\\\/\\\/conias.com\\\/en\\\/#website\"},\"primaryImageOfPage\":{\"@id\":\"https:\\\/\\\/conias.com\\\/en\\\/travel-and-expat-security\\\/#primaryimage\"},\"image\":{\"@id\":\"https:\\\/\\\/conias.com\\\/en\\\/travel-and-expat-security\\\/#primaryimage\"},\"thumbnailUrl\":\"https:\\\/\\\/conias.com\\\/wp-content\\\/uploads\\\/2019\\\/01\\\/travel-safety-conias-e1548860327425.png\",\"datePublished\":\"2019-02-01T15:09:04+00:00\",\"dateModified\":\"2023-03-14T09:10:49+00:00\",\"breadcrumb\":{\"@id\":\"https:\\\/\\\/conias.com\\\/en\\\/travel-and-expat-security\\\/#breadcrumb\"},\"inLanguage\":\"en-US\",\"potentialAction\":[{\"@type\":\"ReadAction\",\"target\":[\"https:\\\/\\\/conias.com\\\/en\\\/travel-and-expat-security\\\/\"]}]},{\"@type\":\"ImageObject\",\"inLanguage\":\"en-US\",\"@id\":\"https:\\\/\\\/conias.com\\\/en\\\/travel-and-expat-security\\\/#primaryimage\",\"url\":\"https:\\\/\\\/conias.com\\\/wp-content\\\/uploads\\\/2019\\\/01\\\/travel-safety-conias-e1548860327425.png\",\"contentUrl\":\"https:\\\/\\\/conias.com\\\/wp-content\\\/uploads\\\/2019\\\/01\\\/travel-safety-conias-e1548860327425.png\"},{\"@type\":\"BreadcrumbList\",\"@id\":\"https:\\\/\\\/conias.com\\\/en\\\/travel-and-expat-security\\\/#breadcrumb\",\"itemListElement\":[{\"@type\":\"ListItem\",\"position\":1,\"name\":\"Home\",\"item\":\"https:\\\/\\\/conias.com\\\/en\\\/\"},{\"@type\":\"ListItem\",\"position\":2,\"name\":\"Make sure that your Employees are susafe &#8211; on Site and on Travels\"}]},{\"@type\":\"WebSite\",\"@id\":\"https:\\\/\\\/conias.com\\\/en\\\/#website\",\"url\":\"https:\\\/\\\/conias.com\\\/en\\\/\",\"name\":\"CONIAS Risk Intelligence a MBI Product\",\"description\":\"Wir unterst\u00fctzen Sie dabei, politische Risiken f\u00fcr Standort-, Logistik- &amp; Investitionssicherheit fr\u00fchzeitig zu erkennen &amp; Anpassungstrategien zu entwickeln.\",\"potentialAction\":[{\"@type\":\"SearchAction\",\"target\":{\"@type\":\"EntryPoint\",\"urlTemplate\":\"https:\\\/\\\/conias.com\\\/en\\\/?s={search_term_string}\"},\"query-input\":{\"@type\":\"PropertyValueSpecification\",\"valueRequired\":true,\"valueName\":\"search_term_string\"}}],\"inLanguage\":\"en-US\"}]}<\/script>\n<!-- \/ Yoast SEO plugin. -->","yoast_head_json":{"title":"Make sure that your Employees are susafe - on Site and on Travels - CONIAS Risk Intelligence a MBI Product","robots":{"index":"index","follow":"follow","max-snippet":"max-snippet:-1","max-image-preview":"max-image-preview:large","max-video-preview":"max-video-preview:-1"},"canonical":"https:\/\/conias.com\/en\/travel-and-expat-security\/","og_locale":"en_US","og_type":"article","og_title":"Make sure that your Employees are susafe - on Site and on Travels - CONIAS Risk Intelligence a MBI Product","og_description":"Employers attach more and more importance to safety and security during business travel for their employees and take their Duty... View Article","og_url":"https:\/\/conias.com\/en\/travel-and-expat-security\/","og_site_name":"CONIAS Risk Intelligence a MBI Product","article_modified_time":"2023-03-14T09:10:49+00:00","og_image":[{"url":"https:\/\/conias.com\/wp-content\/uploads\/2019\/01\/travel-safety-conias-e1548860327425.png","type":"","width":"","height":""}],"twitter_card":"summary_large_image","twitter_misc":{"Est. reading time":"6 minutes"},"schema":{"@context":"https:\/\/schema.org","@graph":[{"@type":"WebPage","@id":"https:\/\/conias.com\/en\/travel-and-expat-security\/","url":"https:\/\/conias.com\/en\/travel-and-expat-security\/","name":"Make sure that your Employees are susafe - on Site and on Travels - CONIAS Risk Intelligence a MBI Product","isPartOf":{"@id":"https:\/\/conias.com\/en\/#website"},"primaryImageOfPage":{"@id":"https:\/\/conias.com\/en\/travel-and-expat-security\/#primaryimage"},"image":{"@id":"https:\/\/conias.com\/en\/travel-and-expat-security\/#primaryimage"},"thumbnailUrl":"https:\/\/conias.com\/wp-content\/uploads\/2019\/01\/travel-safety-conias-e1548860327425.png","datePublished":"2019-02-01T15:09:04+00:00","dateModified":"2023-03-14T09:10:49+00:00","breadcrumb":{"@id":"https:\/\/conias.com\/en\/travel-and-expat-security\/#breadcrumb"},"inLanguage":"en-US","potentialAction":[{"@type":"ReadAction","target":["https:\/\/conias.com\/en\/travel-and-expat-security\/"]}]},{"@type":"ImageObject","inLanguage":"en-US","@id":"https:\/\/conias.com\/en\/travel-and-expat-security\/#primaryimage","url":"https:\/\/conias.com\/wp-content\/uploads\/2019\/01\/travel-safety-conias-e1548860327425.png","contentUrl":"https:\/\/conias.com\/wp-content\/uploads\/2019\/01\/travel-safety-conias-e1548860327425.png"},{"@type":"BreadcrumbList","@id":"https:\/\/conias.com\/en\/travel-and-expat-security\/#breadcrumb","itemListElement":[{"@type":"ListItem","position":1,"name":"Home","item":"https:\/\/conias.com\/en\/"},{"@type":"ListItem","position":2,"name":"Make sure that your Employees are susafe &#8211; on Site and on Travels"}]},{"@type":"WebSite","@id":"https:\/\/conias.com\/en\/#website","url":"https:\/\/conias.com\/en\/","name":"CONIAS Risk Intelligence a MBI Product","description":"Wir unterst\u00fctzen Sie dabei, politische Risiken f\u00fcr Standort-, Logistik- &amp; Investitionssicherheit fr\u00fchzeitig zu erkennen &amp; Anpassungstrategien zu entwickeln.","potentialAction":[{"@type":"SearchAction","target":{"@type":"EntryPoint","urlTemplate":"https:\/\/conias.com\/en\/?s={search_term_string}"},"query-input":{"@type":"PropertyValueSpecification","valueRequired":true,"valueName":"search_term_string"}}],"inLanguage":"en-US"}]}},"_links":{"self":[{"href":"https:\/\/conias.com\/en\/wp-json\/wp\/v2\/pages\/6649","targetHints":{"allow":["GET"]}}],"collection":[{"href":"https:\/\/conias.com\/en\/wp-json\/wp\/v2\/pages"}],"about":[{"href":"https:\/\/conias.com\/en\/wp-json\/wp\/v2\/types\/page"}],"author":[{"embeddable":true,"href":"https:\/\/conias.com\/en\/wp-json\/wp\/v2\/users\/3"}],"replies":[{"embeddable":true,"href":"https:\/\/conias.com\/en\/wp-json\/wp\/v2\/comments?post=6649"}],"version-history":[{"count":34,"href":"https:\/\/conias.com\/en\/wp-json\/wp\/v2\/pages\/6649\/revisions"}],"predecessor-version":[{"id":13300,"href":"https:\/\/conias.com\/en\/wp-json\/wp\/v2\/pages\/6649\/revisions\/13300"}],"wp:attachment":[{"href":"https:\/\/conias.com\/en\/wp-json\/wp\/v2\/media?parent=6649"}],"curies":[{"name":"wp","href":"https:\/\/api.w.org\/{rel}","templated":true}]}}