{"id":6695,"date":"2019-02-04T16:54:05","date_gmt":"2019-02-04T15:54:05","guid":{"rendered":"https:\/\/conias.com\/?page_id=6695"},"modified":"2020-02-06T09:43:40","modified_gmt":"2020-02-06T08:43:40","slug":"staff","status":"publish","type":"page","link":"https:\/\/conias.com\/en\/staff\/","title":{"rendered":"Staff @CONIAS"},"content":{"rendered":"<div id=\"pl-6695\"  class=\"panel-layout\" ><div id=\"pg-6695-0\"  class=\"panel-grid panel-no-style\" ><div id=\"pgc-6695-0-0\"  class=\"panel-grid-cell\" ><div id=\"panel-6695-0-0-0\" class=\"so-panel widget widget_sow-editor panel-first-child panel-last-child\" data-index=\"0\" ><div\n\t\t\t\n\t\t\tclass=\"so-widget-sow-editor so-widget-sow-editor-base\"\n\t\t\t\n\t\t>\n<div class=\"siteorigin-widget-tinymce textwidget\">\n\t<p><img decoding=\"async\" class=\"colorize\" src=\"https:\/\/conias.com\/wp-content\/uploads\/2018\/11\/n_schwank_sm-e1542285645511.jpg\" alt=\"\" \/><\/p>\n<\/div>\n<\/div><\/div><\/div><div id=\"pgc-6695-0-1\"  class=\"panel-grid-cell\" ><div id=\"panel-6695-0-1-0\" class=\"so-panel widget widget_sow-editor panel-first-child panel-last-child\" data-index=\"1\" ><div\n\t\t\t\n\t\t\tclass=\"so-widget-sow-editor so-widget-sow-editor-base\"\n\t\t\t\n\t\t>\n<div class=\"siteorigin-widget-tinymce textwidget\">\n\t<p>&nbsp;<\/p>\n<h4><strong style=\"letter-spacing: 2px;\"><b>Nicolas Schwank, PhD<\/b><\/strong><br \/>\nChief\u00a0 Data Scientist | Political Risk<\/h4>\n<h4><i class=\"fa fa-envelope\"><\/i>\u00a0 \u00a0<i class=\"fa fa-twitter\"><\/i><\/h4>\n<p>Nicolas is the founder of CONIAS. He is an internationally renowned conflict researcher and expert for analyzing and assessing political risks, development dynamics of political conflicts and shifts in internal and external security threats. He has briefed and supported institutions like the Bertelsmann Foundation, the Federal Ministry of Economic Cooperation and Development, the European Commission on early warning and crisis management and his analysis and commentary have inter alia appeared in DER SPIEGEL, ZEIT online and the Frankfurter Allgemeine Zeitung.<\/p>\n<\/div>\n<\/div><\/div><\/div><div id=\"pgc-6695-0-2\"  class=\"panel-grid-cell panel-grid-cell-empty panel-grid-cell-mobile-last\" ><\/div><div id=\"pgc-6695-0-3\"  class=\"panel-grid-cell panel-grid-cell-empty\" ><\/div><\/div><div id=\"pg-6695-1\"  class=\"panel-grid panel-no-style\" ><div id=\"pgc-6695-1-0\"  class=\"panel-grid-cell panel-grid-cell-empty\" ><\/div><div id=\"pgc-6695-1-1\"  class=\"panel-grid-cell panel-grid-cell-empty\" ><\/div><div id=\"pgc-6695-1-2\"  class=\"panel-grid-cell panel-grid-cell-empty panel-grid-cell-mobile-last\" ><\/div><div id=\"pgc-6695-1-3\"  class=\"panel-grid-cell panel-grid-cell-empty\" ><\/div><\/div><\/div>","protected":false},"excerpt":{"rendered":"&nbsp; Nicolas Schwank, PhD Chief\u00a0 Data Scientist | Political Risk \u00a0 \u00a0 Nicolas is the founder of CONIAS. He is&#8230; <a class=\"view-article text-right\" style=\"font-weight: bold; text-align: right !important;\" href=\"https:\/\/conias.com\/en\/staff\/\">View Article<\/a>","protected":false},"author":3,"featured_media":0,"parent":0,"menu_order":0,"comment_status":"closed","ping_status":"closed","template":"","meta":{"_acf_changed":false,"footnotes":""},"class_list":["post-6695","page","type-page","status-publish","hentry"],"acf":[],"yoast_head":"<!-- This site is optimized with the Yoast SEO plugin v27.3 - https:\/\/yoast.com\/product\/yoast-seo-wordpress\/ -->\n<title>Our Team - CONIAS Staff<\/title>\n<meta name=\"description\" content=\"Meet our team with distinct professional background, allowing CONIAS Risk Intelligence to provide unique services to private companies based on our academic research.\" \/>\n<meta name=\"robots\" content=\"index, follow, max-snippet:-1, max-image-preview:large, max-video-preview:-1\" \/>\n<link rel=\"canonical\" href=\"https:\/\/conias.com\/en\/staff\/\" \/>\n<meta property=\"og:locale\" content=\"en_US\" \/>\n<meta property=\"og:type\" content=\"article\" \/>\n<meta property=\"og:title\" content=\"Our Team - CONIAS Staff\" \/>\n<meta property=\"og:description\" content=\"Meet our team with distinct professional background, allowing CONIAS Risk Intelligence to provide unique services to private companies based on our academic research.\" \/>\n<meta property=\"og:url\" content=\"https:\/\/conias.com\/en\/staff\/\" \/>\n<meta property=\"og:site_name\" content=\"CONIAS Risk Intelligence a MBI Product\" \/>\n<meta property=\"article:modified_time\" content=\"2020-02-06T08:43:40+00:00\" \/>\n<meta property=\"og:image\" content=\"https:\/\/conias.com\/wp-content\/uploads\/2018\/11\/n_schwank_sm-e1542285645511.jpg\" \/>\n<meta name=\"twitter:card\" content=\"summary_large_image\" \/>\n<script type=\"application\/ld+json\" class=\"yoast-schema-graph\">{\"@context\":\"https:\\\/\\\/schema.org\",\"@graph\":[{\"@type\":\"WebPage\",\"@id\":\"https:\\\/\\\/conias.com\\\/en\\\/staff\\\/\",\"url\":\"https:\\\/\\\/conias.com\\\/en\\\/staff\\\/\",\"name\":\"Our Team - CONIAS Staff\",\"isPartOf\":{\"@id\":\"https:\\\/\\\/conias.com\\\/en\\\/#website\"},\"primaryImageOfPage\":{\"@id\":\"https:\\\/\\\/conias.com\\\/en\\\/staff\\\/#primaryimage\"},\"image\":{\"@id\":\"https:\\\/\\\/conias.com\\\/en\\\/staff\\\/#primaryimage\"},\"thumbnailUrl\":\"https:\\\/\\\/conias.com\\\/wp-content\\\/uploads\\\/2018\\\/11\\\/n_schwank_sm-e1542285645511.jpg\",\"datePublished\":\"2019-02-04T15:54:05+00:00\",\"dateModified\":\"2020-02-06T08:43:40+00:00\",\"description\":\"Meet our team with distinct professional background, allowing CONIAS Risk Intelligence to provide unique services to private companies based on our academic research.\",\"breadcrumb\":{\"@id\":\"https:\\\/\\\/conias.com\\\/en\\\/staff\\\/#breadcrumb\"},\"inLanguage\":\"en-US\",\"potentialAction\":[{\"@type\":\"ReadAction\",\"target\":[\"https:\\\/\\\/conias.com\\\/en\\\/staff\\\/\"]}]},{\"@type\":\"ImageObject\",\"inLanguage\":\"en-US\",\"@id\":\"https:\\\/\\\/conias.com\\\/en\\\/staff\\\/#primaryimage\",\"url\":\"https:\\\/\\\/conias.com\\\/wp-content\\\/uploads\\\/2018\\\/11\\\/n_schwank_sm-e1542285645511.jpg\",\"contentUrl\":\"https:\\\/\\\/conias.com\\\/wp-content\\\/uploads\\\/2018\\\/11\\\/n_schwank_sm-e1542285645511.jpg\"},{\"@type\":\"BreadcrumbList\",\"@id\":\"https:\\\/\\\/conias.com\\\/en\\\/staff\\\/#breadcrumb\",\"itemListElement\":[{\"@type\":\"ListItem\",\"position\":1,\"name\":\"Home\",\"item\":\"https:\\\/\\\/conias.com\\\/en\\\/\"},{\"@type\":\"ListItem\",\"position\":2,\"name\":\"Staff @CONIAS\"}]},{\"@type\":\"WebSite\",\"@id\":\"https:\\\/\\\/conias.com\\\/en\\\/#website\",\"url\":\"https:\\\/\\\/conias.com\\\/en\\\/\",\"name\":\"CONIAS Risk Intelligence a MBI Product\",\"description\":\"Wir unterst\u00fctzen Sie dabei, politische Risiken f\u00fcr Standort-, Logistik- &amp; Investitionssicherheit fr\u00fchzeitig zu erkennen &amp; Anpassungstrategien zu entwickeln.\",\"potentialAction\":[{\"@type\":\"SearchAction\",\"target\":{\"@type\":\"EntryPoint\",\"urlTemplate\":\"https:\\\/\\\/conias.com\\\/en\\\/?s={search_term_string}\"},\"query-input\":{\"@type\":\"PropertyValueSpecification\",\"valueRequired\":true,\"valueName\":\"search_term_string\"}}],\"inLanguage\":\"en-US\"}]}<\/script>\n<!-- \/ Yoast SEO plugin. -->","yoast_head_json":{"title":"Our Team - CONIAS Staff","description":"Meet our team with distinct professional background, allowing CONIAS Risk Intelligence to provide unique services to private companies based on our academic research.","robots":{"index":"index","follow":"follow","max-snippet":"max-snippet:-1","max-image-preview":"max-image-preview:large","max-video-preview":"max-video-preview:-1"},"canonical":"https:\/\/conias.com\/en\/staff\/","og_locale":"en_US","og_type":"article","og_title":"Our Team - CONIAS Staff","og_description":"Meet our team with distinct professional background, allowing CONIAS Risk Intelligence to provide unique services to private companies based on our academic research.","og_url":"https:\/\/conias.com\/en\/staff\/","og_site_name":"CONIAS Risk Intelligence a MBI Product","article_modified_time":"2020-02-06T08:43:40+00:00","og_image":[{"url":"https:\/\/conias.com\/wp-content\/uploads\/2018\/11\/n_schwank_sm-e1542285645511.jpg","type":"","width":"","height":""}],"twitter_card":"summary_large_image","schema":{"@context":"https:\/\/schema.org","@graph":[{"@type":"WebPage","@id":"https:\/\/conias.com\/en\/staff\/","url":"https:\/\/conias.com\/en\/staff\/","name":"Our Team - CONIAS Staff","isPartOf":{"@id":"https:\/\/conias.com\/en\/#website"},"primaryImageOfPage":{"@id":"https:\/\/conias.com\/en\/staff\/#primaryimage"},"image":{"@id":"https:\/\/conias.com\/en\/staff\/#primaryimage"},"thumbnailUrl":"https:\/\/conias.com\/wp-content\/uploads\/2018\/11\/n_schwank_sm-e1542285645511.jpg","datePublished":"2019-02-04T15:54:05+00:00","dateModified":"2020-02-06T08:43:40+00:00","description":"Meet our team with distinct professional background, allowing CONIAS Risk Intelligence to provide unique services to private companies based on our academic research.","breadcrumb":{"@id":"https:\/\/conias.com\/en\/staff\/#breadcrumb"},"inLanguage":"en-US","potentialAction":[{"@type":"ReadAction","target":["https:\/\/conias.com\/en\/staff\/"]}]},{"@type":"ImageObject","inLanguage":"en-US","@id":"https:\/\/conias.com\/en\/staff\/#primaryimage","url":"https:\/\/conias.com\/wp-content\/uploads\/2018\/11\/n_schwank_sm-e1542285645511.jpg","contentUrl":"https:\/\/conias.com\/wp-content\/uploads\/2018\/11\/n_schwank_sm-e1542285645511.jpg"},{"@type":"BreadcrumbList","@id":"https:\/\/conias.com\/en\/staff\/#breadcrumb","itemListElement":[{"@type":"ListItem","position":1,"name":"Home","item":"https:\/\/conias.com\/en\/"},{"@type":"ListItem","position":2,"name":"Staff @CONIAS"}]},{"@type":"WebSite","@id":"https:\/\/conias.com\/en\/#website","url":"https:\/\/conias.com\/en\/","name":"CONIAS Risk Intelligence a MBI Product","description":"Wir unterst\u00fctzen Sie dabei, politische Risiken f\u00fcr Standort-, Logistik- &amp; Investitionssicherheit fr\u00fchzeitig zu erkennen &amp; Anpassungstrategien zu entwickeln.","potentialAction":[{"@type":"SearchAction","target":{"@type":"EntryPoint","urlTemplate":"https:\/\/conias.com\/en\/?s={search_term_string}"},"query-input":{"@type":"PropertyValueSpecification","valueRequired":true,"valueName":"search_term_string"}}],"inLanguage":"en-US"}]}},"_links":{"self":[{"href":"https:\/\/conias.com\/en\/wp-json\/wp\/v2\/pages\/6695","targetHints":{"allow":["GET"]}}],"collection":[{"href":"https:\/\/conias.com\/en\/wp-json\/wp\/v2\/pages"}],"about":[{"href":"https:\/\/conias.com\/en\/wp-json\/wp\/v2\/types\/page"}],"author":[{"embeddable":true,"href":"https:\/\/conias.com\/en\/wp-json\/wp\/v2\/users\/3"}],"replies":[{"embeddable":true,"href":"https:\/\/conias.com\/en\/wp-json\/wp\/v2\/comments?post=6695"}],"version-history":[{"count":49,"href":"https:\/\/conias.com\/en\/wp-json\/wp\/v2\/pages\/6695\/revisions"}],"predecessor-version":[{"id":9708,"href":"https:\/\/conias.com\/en\/wp-json\/wp\/v2\/pages\/6695\/revisions\/9708"}],"wp:attachment":[{"href":"https:\/\/conias.com\/en\/wp-json\/wp\/v2\/media?parent=6695"}],"curies":[{"name":"wp","href":"https:\/\/api.w.org\/{rel}","templated":true}]}}